{"id":15,"date":"2018-08-03T13:54:08","date_gmt":"2018-08-03T13:54:08","guid":{"rendered":"https:\/\/www.ishir.com\/de\/?page_id=15"},"modified":"2018-11-16T07:08:54","modified_gmt":"2018-11-16T07:08:54","slug":"webdesign-und-entwicklungindien","status":"publish","type":"page","link":"https:\/\/www.ishir.com\/de\/webdesign-und-entwicklungindien.htm","title":{"rendered":"WEBDESIGN-ENTWICKLUNG"},"content":{"rendered":"<section id=\"softwareDevelopmentContent\">\n<div class=\"container\">\n<div class=\"row\">\n<div class=\"col-lg-12 col-sm-12 col-xs-12\">\n<div class=\"row\">\n<div class=\"col-lg-10 col-sm-12 col-xs-12 col-lg-offset-1 col-sm-offset-0 col-xs-offset-0\">\n<h3>Erstklassige Web-Design- und Entwicklungsdienste f\u00fcr interaktive Agenturen<\/h3>\n<\/div>\n<\/div>\n<p>ISHIR, ein in Dallas ans\u00e4ssiges, f\u00fchrendes Software-Outsourcing-Unternehmen, bieten kundenspezifische Softwareentwicklungsdienste, wenn deren Gesch\u00e4ftsstrategien und \u2013anforderungen nicht ausreichend durch die schon vorhandenen Softwarepakete erf\u00fcllt werden. Wir arbeiten eng mit Kunden zusammen, um ihre Gesch\u00e4ftsziele zu verstehen, ihre Softwareanforderungen zu definieren, Spezifikationen zu schreiben, indem wir unser erfahrenes ISHIR-Team miteinbeziehen.  Unsere Web-Entwicklungsl\u00f6sungen kombinieren modernste Technologie und Kreativit\u00e4t. Die Websites, die wir entwerfen und erstellen, m\u00fcssen nicht nur gut aussehen, sondern auch perfekt funktionieren und unseren Kunden aussagekr\u00e4ftige, messbare und wertvolle Ergebnisse liefern. Bleiben Sie dran. <\/p>\n<p>Um das m\u00f6glich zu machen, haben wir in den letzten zehn Jahren ein digitales, interaktives Team aufgebaut, das nicht nur aus Designern besteht, sondern sie haben auch gelernt mit Technik umzugehen. Unser digitales Team ist aufgebaut und handverlesen, um wirklich wertvolle Marketing-L\u00f6sungen abzuliefern. Die Websites, die wir erstellen, sind sowohl technisch innovativ als auch kreativ. So stellen wir sicher, dass unsere Kunden genau das bekommen, was sie brauchen und dass ihre Kunden auch weiterhin bestehen bleiben.<\/p>\n<div class=\"clr\"><\/div>\n<div class=\"text-center\">\n<p><img decoding=\"async\" style=\"max-width: 100%;\" src=\"http:\/\/www.ishir.com\/wp-content\/uploads\/2017\/07\/web-development-img.jpg\" alt=\"\" \/><\/p>\n<div class=\"points\">\n<h4>Sie wollen Ihre Website auch verbessern?<\/h4>\n<ul>\n<li>Verbessern Sie Ihre Gesch\u00e4ft<\/li>\n<li>Potenzial dank unserem PB + HP Web<\/li>\n<li>Entwicklungskompetenz<\/li>\n<\/ul>\n<\/div>\n<p>Es ist immer unser Ziel, eine messbare Kapitalrendite (ROI) zu erzielen. Unabh\u00e4ngig von den vom Kunden festgelegten Verkaufsma\u00dfnahmen stellen wir bei dem Design und der Einrichtung der Website sicher, dass sie einen echten Unterschied f\u00fcr die Performance f\u00fcr unsere Kunden bedeutet. Wir achten auf die Gesch\u00e4ftsziele, verstehen deren Anforderungen und liefern dann erstklassige digitale L\u00f6sungen, die exakt auf ihre Anforderungen zugeschnitten sind. Gesch\u00e4ftsanalytik, Expertise, Design, Architektur, Entwicklung, Tests und Integration der kundenspezifischen Software\u00fcber mehrere Systeme und Plattformen hinweg, einschlie\u00dflich Internet, Cloud und anderer verschiedener Dinge, die es dem System erm\u00f6glichen, reibungslos und optimal f\u00fcr unsere Kunden zu funktionieren.  <\/p>\n<p>Unsere Softwareentwicklungsdienste unterst\u00fctzen Kunden beim Erstellen und Integrieren anspruchsvoller Gesch\u00e4ftsanwendungen und \/ oder Websites mit Clientservern und Legacy-Systemen. Wir erstellen und implementieren robuste, skalierbare und erweiterbare Architekturen f\u00fcr den Einsatz in einer Vielzahl von Branchen.\n<\/p><\/div>\n<\/div>\n<\/div>\n<\/div>\n<\/section>\n","protected":false},"excerpt":{"rendered":"<p>Erstklassige Web-Design- und Entwicklungsdienste f\u00fcr interaktive Agenturen ISHIR, ein in Dallas ans\u00e4ssiges, f\u00fchrendes Software-Outsourcing-Unternehmen, bieten kundenspezifische Softwareentwicklungsdienste, wenn deren Gesch\u00e4ftsstrategien und \u2013anforderungen nicht ausreichend durch die schon vorhandenen Softwarepakete erf\u00fcllt werden. Wir arbeiten eng mit Kunden zusammen, um ihre Gesch\u00e4ftsziele zu verstehen, ihre Softwareanforderungen zu definieren, Spezifikationen zu schreiben, indem wir unser erfahrenes ISHIR-Team miteinbeziehen. &hellip; <a href=\"https:\/\/www.ishir.com\/de\/webdesign-und-entwicklungindien.htm\" class=\"more-link\">Continue reading<span class=\"screen-reader-text\"> &#8220;WEBDESIGN-ENTWICKLUNG&#8221;<\/span><\/a><\/p>\n","protected":false},"author":1,"featured_media":0,"parent":0,"menu_order":0,"comment_status":"closed","ping_status":"closed","template":"layouts\/web-development.php","meta":{"_acf_changed":false,"footnotes":""},"class_list":["post-15","page","type-page","status-publish","hentry"],"acf":[],"yoast_head":"<!-- This site is optimized with the Yoast SEO plugin v26.2 - https:\/\/yoast.com\/wordpress\/plugins\/seo\/ -->\n<title>Offshore Web Design Services und Web Development Company<\/title>\n<meta name=\"description\" content=\"ISHIR ist ein zuverl\u00e4ssiges, zertifiziertes Offshore-Webentwicklungsunternehmen, das seinen Kunden ma\u00dfgeschneiderte Softwareentwicklungsdienste anbietet. Unsere Webentwicklungsl\u00f6sungen kombinieren neueste Technologie mit Kreativit\u00e4t. Kontaktieren Sie uns heute per Telefon oder E-Mail.\" \/>\n<meta name=\"robots\" content=\"index, follow, max-snippet:-1, max-image-preview:large, max-video-preview:-1\" \/>\n<link rel=\"canonical\" href=\"https:\/\/www.ishir.com\/de\/webdesign-und-entwicklungindien.htm\" \/>\n<meta property=\"og:locale\" content=\"en_US\" \/>\n<meta property=\"og:type\" content=\"article\" \/>\n<meta property=\"og:title\" content=\"Offshore Web Design Services und Web Development Company\" \/>\n<meta property=\"og:description\" content=\"ISHIR ist ein zuverl\u00e4ssiges, zertifiziertes Offshore-Webentwicklungsunternehmen, das seinen Kunden ma\u00dfgeschneiderte Softwareentwicklungsdienste anbietet. Unsere Webentwicklungsl\u00f6sungen kombinieren neueste Technologie mit Kreativit\u00e4t. Kontaktieren Sie uns heute per Telefon oder E-Mail.\" \/>\n<meta property=\"og:url\" content=\"https:\/\/www.ishir.com\/de\/webdesign-und-entwicklungindien.htm\" \/>\n<meta property=\"og:site_name\" content=\"Offshore Custom Software Product Development Outsourcing Company India Mobile Application Development Services Dallas Texas Alexa AI IoT Developers - ISHIR\" \/>\n<meta property=\"article:modified_time\" content=\"2018-11-16T07:08:54+00:00\" \/>\n<meta property=\"og:image\" content=\"http:\/\/www.ishir.com\/wp-content\/uploads\/2017\/07\/web-development-img.jpg\" \/>\n<meta name=\"twitter:card\" content=\"summary_large_image\" \/>\n<meta name=\"twitter:label1\" content=\"Est. reading time\" \/>\n\t<meta name=\"twitter:data1\" content=\"2 minutes\" \/>\n<script type=\"application\/ld+json\" class=\"yoast-schema-graph\">{\"@context\":\"https:\/\/schema.org\",\"@graph\":[{\"@type\":\"WebPage\",\"@id\":\"https:\/\/www.ishir.com\/de\/webdesign-und-entwicklungindien.htm\",\"url\":\"https:\/\/www.ishir.com\/de\/webdesign-und-entwicklungindien.htm\",\"name\":\"Offshore Web Design Services und Web Development Company\",\"isPartOf\":{\"@id\":\"https:\/\/www.ishir.com\/de\/#website\"},\"primaryImageOfPage\":{\"@id\":\"https:\/\/www.ishir.com\/de\/webdesign-und-entwicklungindien.htm#primaryimage\"},\"image\":{\"@id\":\"https:\/\/www.ishir.com\/de\/webdesign-und-entwicklungindien.htm#primaryimage\"},\"thumbnailUrl\":\"http:\/\/www.ishir.com\/wp-content\/uploads\/2017\/07\/web-development-img.jpg\",\"datePublished\":\"2018-08-03T13:54:08+00:00\",\"dateModified\":\"2018-11-16T07:08:54+00:00\",\"description\":\"ISHIR ist ein zuverl\u00e4ssiges, zertifiziertes Offshore-Webentwicklungsunternehmen, das seinen Kunden ma\u00dfgeschneiderte Softwareentwicklungsdienste anbietet. Unsere Webentwicklungsl\u00f6sungen kombinieren neueste Technologie mit Kreativit\u00e4t. Kontaktieren Sie uns heute per Telefon oder E-Mail.\",\"breadcrumb\":{\"@id\":\"https:\/\/www.ishir.com\/de\/webdesign-und-entwicklungindien.htm#breadcrumb\"},\"inLanguage\":\"en-US\",\"potentialAction\":[{\"@type\":\"ReadAction\",\"target\":[\"https:\/\/www.ishir.com\/de\/webdesign-und-entwicklungindien.htm\"]}]},{\"@type\":\"ImageObject\",\"inLanguage\":\"en-US\",\"@id\":\"https:\/\/www.ishir.com\/de\/webdesign-und-entwicklungindien.htm#primaryimage\",\"url\":\"http:\/\/www.ishir.com\/wp-content\/uploads\/2017\/07\/web-development-img.jpg\",\"contentUrl\":\"http:\/\/www.ishir.com\/wp-content\/uploads\/2017\/07\/web-development-img.jpg\"},{\"@type\":\"BreadcrumbList\",\"@id\":\"https:\/\/www.ishir.com\/de\/webdesign-und-entwicklungindien.htm#breadcrumb\",\"itemListElement\":[{\"@type\":\"ListItem\",\"position\":1,\"name\":\"Home\",\"item\":\"https:\/\/www.ishir.com\/de\/\"},{\"@type\":\"ListItem\",\"position\":2,\"name\":\"WEBDESIGN-ENTWICKLUNG\"}]},{\"@type\":\"WebSite\",\"@id\":\"https:\/\/www.ishir.com\/de\/#website\",\"url\":\"https:\/\/www.ishir.com\/de\/\",\"name\":\"Offshore Custom Software Product Development Outsourcing Company India Mobile Application Development Services Dallas Texas Alexa AI IoT Developers - ISHIR\",\"description\":\"Just another WordPress site\",\"potentialAction\":[{\"@type\":\"SearchAction\",\"target\":{\"@type\":\"EntryPoint\",\"urlTemplate\":\"https:\/\/www.ishir.com\/de\/?s={search_term_string}\"},\"query-input\":{\"@type\":\"PropertyValueSpecification\",\"valueRequired\":true,\"valueName\":\"search_term_string\"}}],\"inLanguage\":\"en-US\"}]}<\/script>\n<!-- \/ Yoast SEO plugin. -->","yoast_head_json":{"title":"Offshore Web Design Services und Web Development Company","description":"ISHIR ist ein zuverl\u00e4ssiges, zertifiziertes Offshore-Webentwicklungsunternehmen, das seinen Kunden ma\u00dfgeschneiderte Softwareentwicklungsdienste anbietet. Unsere Webentwicklungsl\u00f6sungen kombinieren neueste Technologie mit Kreativit\u00e4t. Kontaktieren Sie uns heute per Telefon oder E-Mail.","robots":{"index":"index","follow":"follow","max-snippet":"max-snippet:-1","max-image-preview":"max-image-preview:large","max-video-preview":"max-video-preview:-1"},"canonical":"https:\/\/www.ishir.com\/de\/webdesign-und-entwicklungindien.htm","og_locale":"en_US","og_type":"article","og_title":"Offshore Web Design Services und Web Development Company","og_description":"ISHIR ist ein zuverl\u00e4ssiges, zertifiziertes Offshore-Webentwicklungsunternehmen, das seinen Kunden ma\u00dfgeschneiderte Softwareentwicklungsdienste anbietet. Unsere Webentwicklungsl\u00f6sungen kombinieren neueste Technologie mit Kreativit\u00e4t. Kontaktieren Sie uns heute per Telefon oder E-Mail.","og_url":"https:\/\/www.ishir.com\/de\/webdesign-und-entwicklungindien.htm","og_site_name":"Offshore Custom Software Product Development Outsourcing Company India Mobile Application Development Services Dallas Texas Alexa AI IoT Developers - ISHIR","article_modified_time":"2018-11-16T07:08:54+00:00","og_image":[{"url":"http:\/\/www.ishir.com\/wp-content\/uploads\/2017\/07\/web-development-img.jpg","type":"","width":"","height":""}],"twitter_card":"summary_large_image","twitter_misc":{"Est. reading time":"2 minutes"},"schema":{"@context":"https:\/\/schema.org","@graph":[{"@type":"WebPage","@id":"https:\/\/www.ishir.com\/de\/webdesign-und-entwicklungindien.htm","url":"https:\/\/www.ishir.com\/de\/webdesign-und-entwicklungindien.htm","name":"Offshore Web Design Services und Web Development Company","isPartOf":{"@id":"https:\/\/www.ishir.com\/de\/#website"},"primaryImageOfPage":{"@id":"https:\/\/www.ishir.com\/de\/webdesign-und-entwicklungindien.htm#primaryimage"},"image":{"@id":"https:\/\/www.ishir.com\/de\/webdesign-und-entwicklungindien.htm#primaryimage"},"thumbnailUrl":"http:\/\/www.ishir.com\/wp-content\/uploads\/2017\/07\/web-development-img.jpg","datePublished":"2018-08-03T13:54:08+00:00","dateModified":"2018-11-16T07:08:54+00:00","description":"ISHIR ist ein zuverl\u00e4ssiges, zertifiziertes Offshore-Webentwicklungsunternehmen, das seinen Kunden ma\u00dfgeschneiderte Softwareentwicklungsdienste anbietet. Unsere Webentwicklungsl\u00f6sungen kombinieren neueste Technologie mit Kreativit\u00e4t. Kontaktieren Sie uns heute per Telefon oder E-Mail.","breadcrumb":{"@id":"https:\/\/www.ishir.com\/de\/webdesign-und-entwicklungindien.htm#breadcrumb"},"inLanguage":"en-US","potentialAction":[{"@type":"ReadAction","target":["https:\/\/www.ishir.com\/de\/webdesign-und-entwicklungindien.htm"]}]},{"@type":"ImageObject","inLanguage":"en-US","@id":"https:\/\/www.ishir.com\/de\/webdesign-und-entwicklungindien.htm#primaryimage","url":"http:\/\/www.ishir.com\/wp-content\/uploads\/2017\/07\/web-development-img.jpg","contentUrl":"http:\/\/www.ishir.com\/wp-content\/uploads\/2017\/07\/web-development-img.jpg"},{"@type":"BreadcrumbList","@id":"https:\/\/www.ishir.com\/de\/webdesign-und-entwicklungindien.htm#breadcrumb","itemListElement":[{"@type":"ListItem","position":1,"name":"Home","item":"https:\/\/www.ishir.com\/de\/"},{"@type":"ListItem","position":2,"name":"WEBDESIGN-ENTWICKLUNG"}]},{"@type":"WebSite","@id":"https:\/\/www.ishir.com\/de\/#website","url":"https:\/\/www.ishir.com\/de\/","name":"Offshore Custom Software Product Development Outsourcing Company India Mobile Application Development Services Dallas Texas Alexa AI IoT Developers - ISHIR","description":"Just another WordPress site","potentialAction":[{"@type":"SearchAction","target":{"@type":"EntryPoint","urlTemplate":"https:\/\/www.ishir.com\/de\/?s={search_term_string}"},"query-input":{"@type":"PropertyValueSpecification","valueRequired":true,"valueName":"search_term_string"}}],"inLanguage":"en-US"}]}},"_links":{"self":[{"href":"https:\/\/www.ishir.com\/de\/wp-json\/wp\/v2\/pages\/15","targetHints":{"allow":["GET"]}}],"collection":[{"href":"https:\/\/www.ishir.com\/de\/wp-json\/wp\/v2\/pages"}],"about":[{"href":"https:\/\/www.ishir.com\/de\/wp-json\/wp\/v2\/types\/page"}],"author":[{"embeddable":true,"href":"https:\/\/www.ishir.com\/de\/wp-json\/wp\/v2\/users\/1"}],"replies":[{"embeddable":true,"href":"https:\/\/www.ishir.com\/de\/wp-json\/wp\/v2\/comments?post=15"}],"version-history":[{"count":7,"href":"https:\/\/www.ishir.com\/de\/wp-json\/wp\/v2\/pages\/15\/revisions"}],"predecessor-version":[{"id":6206,"href":"https:\/\/www.ishir.com\/de\/wp-json\/wp\/v2\/pages\/15\/revisions\/6206"}],"wp:attachment":[{"href":"https:\/\/www.ishir.com\/de\/wp-json\/wp\/v2\/media?parent=15"}],"curies":[{"name":"wp","href":"https:\/\/api.w.org\/{rel}","templated":true}]}}