{"id":18,"date":"2018-08-03T14:00:54","date_gmt":"2018-08-03T14:00:54","guid":{"rendered":"https:\/\/www.ishir.com\/de\/?page_id=18"},"modified":"2018-11-16T06:50:31","modified_gmt":"2018-11-16T06:50:31","slug":"entwicklung-kundenspezifischer-softwareanwendungen","status":"publish","type":"page","link":"https:\/\/www.ishir.com\/de\/entwicklung-kundenspezifischer-softwareanwendungen.htm","title":{"rendered":"SOFTWARE-ENTWICKLUNG"},"content":{"rendered":"<p><!-- softwareDevelopmentContent --><\/p>\n<section id=\"softwareDevelopmentContent\">\n<div class=\"container\">\n<div class=\"row\">\n<div class=\"col-lg-12 col-sm-12 col-xs-12\">\n<h3>Maximieren Sie Ihre Rendite bei IT-Investitionen mit den Anwendungsentwicklungs-, Wartungs- und Supportdiensten von ISHIR<\/h3>\n<p>ISHIR, ein in Dallas, Texas, USA ans\u00e4ssiges, im Bereich Software-Outsourcing f\u00fchrendes Unternehmen, bietet seinen Kunden individuelle Softwareentwicklungsdienste, wenn deren Gesch\u00e4ftsstrategien und -anforderungen nicht ausreichend durch Softwarepakete erf\u00fcllt werden. Wir arbeiten eng mit den Kunden zusammen, um deren Gesch\u00e4ftsziele zu verstehen, deren Softwareanforderungen zu definieren und Spezifikationen zu schreiben, indem wir unsere erfahrenen Gesch\u00e4ftsanalysten und Fachexperten einbeziehen. ISHIR entwirft, entwickelt, testet und integriert die kundenspezifische Software \u00fcber mehrere andere Systeme und Plattformen, einschlie\u00dflich Internet, Cloud und diverse Systeme, um sicherzustellen, dass das System reibungslos funktioniert und optimal f\u00fcr unsere Kunden arbeitet. <\/p>\n<p>Unsere kundenspezifischen Softwareentwicklungsdienste unterst\u00fctzen Kunden beim Erstellen und Integrieren von anspruchsvollen Gesch\u00e4ftsanwendungen und\/oder Websites mit Client\/Server und Legacy-Systemen. Wir erstellen und implementieren robuste, skalierbare und erweiterbare Architekturen, die in einer Vielzahl von Branchen zur Anwendung kommen k\u00f6nnen.<\/p>\n<\/div>\n<\/div>\n<\/div>\n<\/section>\n<p><!-- \/softwareDevelopmentContent --><\/p>\n","protected":false},"excerpt":{"rendered":"<p>Maximieren Sie Ihre Rendite bei IT-Investitionen mit den Anwendungsentwicklungs-, Wartungs- und Supportdiensten von ISHIR ISHIR, ein in Dallas, Texas, USA ans\u00e4ssiges, im Bereich Software-Outsourcing f\u00fchrendes Unternehmen, bietet seinen Kunden individuelle Softwareentwicklungsdienste, wenn deren Gesch\u00e4ftsstrategien und -anforderungen nicht ausreichend durch Softwarepakete erf\u00fcllt werden. Wir arbeiten eng mit den Kunden zusammen, um deren Gesch\u00e4ftsziele zu verstehen, deren &hellip; <a href=\"https:\/\/www.ishir.com\/de\/entwicklung-kundenspezifischer-softwareanwendungen.htm\" class=\"more-link\">Continue reading<span class=\"screen-reader-text\"> &#8220;SOFTWARE-ENTWICKLUNG&#8221;<\/span><\/a><\/p>\n","protected":false},"author":1,"featured_media":0,"parent":0,"menu_order":0,"comment_status":"closed","ping_status":"closed","template":"layouts\/software-development.php","meta":{"_acf_changed":false,"footnotes":""},"class_list":["post-18","page","type-page","status-publish","hentry"],"acf":[],"yoast_head":"<!-- This site is optimized with the Yoast SEO plugin v26.2 - https:\/\/yoast.com\/wordpress\/plugins\/seo\/ -->\n<title>Softwareentwicklungsunternehmen f\u00fcr Offshore-Outsourcing | IT-Outsourcing-Unternehmen Dallas<\/title>\n<meta name=\"description\" content=\"ISHIR, ein f\u00fchrendes Software-Outsourcing-Unternehmen mit Sitz in Dallas, bietet kundenspezifische Software-Entwicklungsl\u00f6sungen und Anwendungsentwicklung. Wir arbeiten eng mit den Kunden zusammen, um deren Bed\u00fcrfnisse bei der Softwareentwicklung zu verstehen. Sprechen Sie noch heute mit unseren Software-Entwicklern.\" \/>\n<meta name=\"robots\" content=\"index, follow, max-snippet:-1, max-image-preview:large, max-video-preview:-1\" \/>\n<link rel=\"canonical\" href=\"https:\/\/www.ishir.com\/de\/entwicklung-kundenspezifischer-softwareanwendungen.htm\" \/>\n<meta property=\"og:locale\" content=\"en_US\" \/>\n<meta property=\"og:type\" content=\"article\" \/>\n<meta property=\"og:title\" content=\"Softwareentwicklungsunternehmen f\u00fcr Offshore-Outsourcing | IT-Outsourcing-Unternehmen Dallas\" \/>\n<meta property=\"og:description\" content=\"ISHIR, ein f\u00fchrendes Software-Outsourcing-Unternehmen mit Sitz in Dallas, bietet kundenspezifische Software-Entwicklungsl\u00f6sungen und Anwendungsentwicklung. Wir arbeiten eng mit den Kunden zusammen, um deren Bed\u00fcrfnisse bei der Softwareentwicklung zu verstehen. Sprechen Sie noch heute mit unseren Software-Entwicklern.\" \/>\n<meta property=\"og:url\" content=\"https:\/\/www.ishir.com\/de\/entwicklung-kundenspezifischer-softwareanwendungen.htm\" \/>\n<meta property=\"og:site_name\" content=\"Offshore Custom Software Product Development Outsourcing Company India Mobile Application Development Services Dallas Texas Alexa AI IoT Developers - ISHIR\" \/>\n<meta property=\"article:modified_time\" content=\"2018-11-16T06:50:31+00:00\" \/>\n<meta name=\"twitter:card\" content=\"summary_large_image\" \/>\n<meta name=\"twitter:label1\" content=\"Est. reading time\" \/>\n\t<meta name=\"twitter:data1\" content=\"1 minute\" \/>\n<script type=\"application\/ld+json\" class=\"yoast-schema-graph\">{\"@context\":\"https:\/\/schema.org\",\"@graph\":[{\"@type\":\"WebPage\",\"@id\":\"https:\/\/www.ishir.com\/de\/entwicklung-kundenspezifischer-softwareanwendungen.htm\",\"url\":\"https:\/\/www.ishir.com\/de\/entwicklung-kundenspezifischer-softwareanwendungen.htm\",\"name\":\"Softwareentwicklungsunternehmen f\u00fcr Offshore-Outsourcing | IT-Outsourcing-Unternehmen Dallas\",\"isPartOf\":{\"@id\":\"https:\/\/www.ishir.com\/de\/#website\"},\"datePublished\":\"2018-08-03T14:00:54+00:00\",\"dateModified\":\"2018-11-16T06:50:31+00:00\",\"description\":\"ISHIR, ein f\u00fchrendes Software-Outsourcing-Unternehmen mit Sitz in Dallas, bietet kundenspezifische Software-Entwicklungsl\u00f6sungen und Anwendungsentwicklung. Wir arbeiten eng mit den Kunden zusammen, um deren Bed\u00fcrfnisse bei der Softwareentwicklung zu verstehen. Sprechen Sie noch heute mit unseren Software-Entwicklern.\",\"breadcrumb\":{\"@id\":\"https:\/\/www.ishir.com\/de\/entwicklung-kundenspezifischer-softwareanwendungen.htm#breadcrumb\"},\"inLanguage\":\"en-US\",\"potentialAction\":[{\"@type\":\"ReadAction\",\"target\":[\"https:\/\/www.ishir.com\/de\/entwicklung-kundenspezifischer-softwareanwendungen.htm\"]}]},{\"@type\":\"BreadcrumbList\",\"@id\":\"https:\/\/www.ishir.com\/de\/entwicklung-kundenspezifischer-softwareanwendungen.htm#breadcrumb\",\"itemListElement\":[{\"@type\":\"ListItem\",\"position\":1,\"name\":\"Home\",\"item\":\"https:\/\/www.ishir.com\/de\/\"},{\"@type\":\"ListItem\",\"position\":2,\"name\":\"SOFTWARE-ENTWICKLUNG\"}]},{\"@type\":\"WebSite\",\"@id\":\"https:\/\/www.ishir.com\/de\/#website\",\"url\":\"https:\/\/www.ishir.com\/de\/\",\"name\":\"Offshore Custom Software Product Development Outsourcing Company India Mobile Application Development Services Dallas Texas Alexa AI IoT Developers - ISHIR\",\"description\":\"Just another WordPress site\",\"potentialAction\":[{\"@type\":\"SearchAction\",\"target\":{\"@type\":\"EntryPoint\",\"urlTemplate\":\"https:\/\/www.ishir.com\/de\/?s={search_term_string}\"},\"query-input\":{\"@type\":\"PropertyValueSpecification\",\"valueRequired\":true,\"valueName\":\"search_term_string\"}}],\"inLanguage\":\"en-US\"}]}<\/script>\n<!-- \/ Yoast SEO plugin. -->","yoast_head_json":{"title":"Softwareentwicklungsunternehmen f\u00fcr Offshore-Outsourcing | IT-Outsourcing-Unternehmen Dallas","description":"ISHIR, ein f\u00fchrendes Software-Outsourcing-Unternehmen mit Sitz in Dallas, bietet kundenspezifische Software-Entwicklungsl\u00f6sungen und Anwendungsentwicklung. Wir arbeiten eng mit den Kunden zusammen, um deren Bed\u00fcrfnisse bei der Softwareentwicklung zu verstehen. Sprechen Sie noch heute mit unseren Software-Entwicklern.","robots":{"index":"index","follow":"follow","max-snippet":"max-snippet:-1","max-image-preview":"max-image-preview:large","max-video-preview":"max-video-preview:-1"},"canonical":"https:\/\/www.ishir.com\/de\/entwicklung-kundenspezifischer-softwareanwendungen.htm","og_locale":"en_US","og_type":"article","og_title":"Softwareentwicklungsunternehmen f\u00fcr Offshore-Outsourcing | IT-Outsourcing-Unternehmen Dallas","og_description":"ISHIR, ein f\u00fchrendes Software-Outsourcing-Unternehmen mit Sitz in Dallas, bietet kundenspezifische Software-Entwicklungsl\u00f6sungen und Anwendungsentwicklung. Wir arbeiten eng mit den Kunden zusammen, um deren Bed\u00fcrfnisse bei der Softwareentwicklung zu verstehen. Sprechen Sie noch heute mit unseren Software-Entwicklern.","og_url":"https:\/\/www.ishir.com\/de\/entwicklung-kundenspezifischer-softwareanwendungen.htm","og_site_name":"Offshore Custom Software Product Development Outsourcing Company India Mobile Application Development Services Dallas Texas Alexa AI IoT Developers - ISHIR","article_modified_time":"2018-11-16T06:50:31+00:00","twitter_card":"summary_large_image","twitter_misc":{"Est. reading time":"1 minute"},"schema":{"@context":"https:\/\/schema.org","@graph":[{"@type":"WebPage","@id":"https:\/\/www.ishir.com\/de\/entwicklung-kundenspezifischer-softwareanwendungen.htm","url":"https:\/\/www.ishir.com\/de\/entwicklung-kundenspezifischer-softwareanwendungen.htm","name":"Softwareentwicklungsunternehmen f\u00fcr Offshore-Outsourcing | IT-Outsourcing-Unternehmen Dallas","isPartOf":{"@id":"https:\/\/www.ishir.com\/de\/#website"},"datePublished":"2018-08-03T14:00:54+00:00","dateModified":"2018-11-16T06:50:31+00:00","description":"ISHIR, ein f\u00fchrendes Software-Outsourcing-Unternehmen mit Sitz in Dallas, bietet kundenspezifische Software-Entwicklungsl\u00f6sungen und Anwendungsentwicklung. Wir arbeiten eng mit den Kunden zusammen, um deren Bed\u00fcrfnisse bei der Softwareentwicklung zu verstehen. Sprechen Sie noch heute mit unseren Software-Entwicklern.","breadcrumb":{"@id":"https:\/\/www.ishir.com\/de\/entwicklung-kundenspezifischer-softwareanwendungen.htm#breadcrumb"},"inLanguage":"en-US","potentialAction":[{"@type":"ReadAction","target":["https:\/\/www.ishir.com\/de\/entwicklung-kundenspezifischer-softwareanwendungen.htm"]}]},{"@type":"BreadcrumbList","@id":"https:\/\/www.ishir.com\/de\/entwicklung-kundenspezifischer-softwareanwendungen.htm#breadcrumb","itemListElement":[{"@type":"ListItem","position":1,"name":"Home","item":"https:\/\/www.ishir.com\/de\/"},{"@type":"ListItem","position":2,"name":"SOFTWARE-ENTWICKLUNG"}]},{"@type":"WebSite","@id":"https:\/\/www.ishir.com\/de\/#website","url":"https:\/\/www.ishir.com\/de\/","name":"Offshore Custom Software Product Development Outsourcing Company India Mobile Application Development Services Dallas Texas Alexa AI IoT Developers - ISHIR","description":"Just another WordPress site","potentialAction":[{"@type":"SearchAction","target":{"@type":"EntryPoint","urlTemplate":"https:\/\/www.ishir.com\/de\/?s={search_term_string}"},"query-input":{"@type":"PropertyValueSpecification","valueRequired":true,"valueName":"search_term_string"}}],"inLanguage":"en-US"}]}},"_links":{"self":[{"href":"https:\/\/www.ishir.com\/de\/wp-json\/wp\/v2\/pages\/18","targetHints":{"allow":["GET"]}}],"collection":[{"href":"https:\/\/www.ishir.com\/de\/wp-json\/wp\/v2\/pages"}],"about":[{"href":"https:\/\/www.ishir.com\/de\/wp-json\/wp\/v2\/types\/page"}],"author":[{"embeddable":true,"href":"https:\/\/www.ishir.com\/de\/wp-json\/wp\/v2\/users\/1"}],"replies":[{"embeddable":true,"href":"https:\/\/www.ishir.com\/de\/wp-json\/wp\/v2\/comments?post=18"}],"version-history":[{"count":12,"href":"https:\/\/www.ishir.com\/de\/wp-json\/wp\/v2\/pages\/18\/revisions"}],"predecessor-version":[{"id":6221,"href":"https:\/\/www.ishir.com\/de\/wp-json\/wp\/v2\/pages\/18\/revisions\/6221"}],"wp:attachment":[{"href":"https:\/\/www.ishir.com\/de\/wp-json\/wp\/v2\/media?parent=18"}],"curies":[{"name":"wp","href":"https:\/\/api.w.org\/{rel}","templated":true}]}}