{"id":20,"date":"2018-08-03T14:13:02","date_gmt":"2018-08-03T14:13:02","guid":{"rendered":"https:\/\/www.ishir.com\/de\/?page_id=20"},"modified":"2018-11-16T07:14:37","modified_gmt":"2018-11-16T07:14:37","slug":"engagement-modelle","status":"publish","type":"page","link":"https:\/\/www.ishir.com\/de\/engagement-modelle.htm","title":{"rendered":"ENGAGEMENT-MODELL"},"content":{"rendered":"<div class=\"\">\n<h3>Basierend auf Ihren unmittelbaren oder langfristigen Zielen k\u00f6nnen wir das Engagement-Modell anpassen.<\/h3>\n<p>Was sind Ihre Ziele? Was ist Ihre Strategie? ISHIR bietet mehrere Engagement-Modelle an, um die unterschiedlichen Bed\u00fcrfnisse globaler Kunden zu erf\u00fcllen. Sie k\u00f6nnen aus einem der allgemein akzeptierten Outsourcing-Engagement-Modelle oder einer Kombination aus diesen f\u00fcr verschiedene Phasen Ihres Projekts w\u00e4hlen. Wir k\u00f6nnen auch mit Ihnen zusammenarbeiten, um ein Modell gem\u00e4\u00df Ihren spezifischen Anforderungen anzupassen.\n<\/p><\/div>\n","protected":false},"excerpt":{"rendered":"<p>Basierend auf Ihren unmittelbaren oder langfristigen Zielen k\u00f6nnen wir das Engagement-Modell anpassen. Was sind Ihre Ziele? Was ist Ihre Strategie? ISHIR bietet mehrere Engagement-Modelle an, um die unterschiedlichen Bed\u00fcrfnisse globaler Kunden zu erf\u00fcllen. Sie k\u00f6nnen aus einem der allgemein akzeptierten Outsourcing-Engagement-Modelle oder einer Kombination aus diesen f\u00fcr verschiedene Phasen Ihres Projekts w\u00e4hlen. Wir k\u00f6nnen auch &hellip; <a href=\"https:\/\/www.ishir.com\/de\/engagement-modelle.htm\" class=\"more-link\">Continue reading<span class=\"screen-reader-text\"> &#8220;ENGAGEMENT-MODELL&#8221;<\/span><\/a><\/p>\n","protected":false},"author":1,"featured_media":0,"parent":0,"menu_order":0,"comment_status":"closed","ping_status":"closed","template":"layouts\/engagement-models.php","meta":{"_acf_changed":false,"footnotes":""},"class_list":["post-20","page","type-page","status-publish","hentry"],"acf":[],"yoast_head":"<!-- This site is optimized with the Yoast SEO plugin v26.2 - https:\/\/yoast.com\/wordpress\/plugins\/seo\/ -->\n<title>Outsourcing von Engagement-Modellen | Dallas TX Indien, Unternehmen f\u00fcr die Entwicklung kundenspezifischer Offshore-Softwareanwendungen<\/title>\n<meta name=\"description\" content=\"ISHIR bietet als Offshore-Softwareentwicklungsunternehmen mehrere Engagement-Modelle f\u00fcr das Outsourcing der Entwicklungsarbeit an, um den unterschiedlichen Anforderungen globaler Kunden gerecht zu werden.\" \/>\n<meta name=\"robots\" content=\"index, follow, max-snippet:-1, max-image-preview:large, max-video-preview:-1\" \/>\n<link rel=\"canonical\" href=\"https:\/\/www.ishir.com\/de\/engagement-modelle.htm\" \/>\n<meta property=\"og:locale\" content=\"en_US\" \/>\n<meta property=\"og:type\" content=\"article\" \/>\n<meta property=\"og:title\" content=\"Outsourcing von Engagement-Modellen | Dallas TX Indien, Unternehmen f\u00fcr die Entwicklung kundenspezifischer Offshore-Softwareanwendungen\" \/>\n<meta property=\"og:description\" content=\"ISHIR bietet als Offshore-Softwareentwicklungsunternehmen mehrere Engagement-Modelle f\u00fcr das Outsourcing der Entwicklungsarbeit an, um den unterschiedlichen Anforderungen globaler Kunden gerecht zu werden.\" \/>\n<meta property=\"og:url\" content=\"https:\/\/www.ishir.com\/de\/engagement-modelle.htm\" \/>\n<meta property=\"og:site_name\" content=\"Offshore Custom Software Product Development Outsourcing Company India Mobile Application Development Services Dallas Texas Alexa AI IoT Developers - ISHIR\" \/>\n<meta property=\"article:modified_time\" content=\"2018-11-16T07:14:37+00:00\" \/>\n<meta name=\"twitter:card\" content=\"summary_large_image\" \/>\n<script type=\"application\/ld+json\" class=\"yoast-schema-graph\">{\"@context\":\"https:\/\/schema.org\",\"@graph\":[{\"@type\":\"WebPage\",\"@id\":\"https:\/\/www.ishir.com\/de\/engagement-modelle.htm\",\"url\":\"https:\/\/www.ishir.com\/de\/engagement-modelle.htm\",\"name\":\"Outsourcing von Engagement-Modellen | Dallas TX Indien, Unternehmen f\u00fcr die Entwicklung kundenspezifischer Offshore-Softwareanwendungen\",\"isPartOf\":{\"@id\":\"https:\/\/www.ishir.com\/de\/#website\"},\"datePublished\":\"2018-08-03T14:13:02+00:00\",\"dateModified\":\"2018-11-16T07:14:37+00:00\",\"description\":\"ISHIR bietet als Offshore-Softwareentwicklungsunternehmen mehrere Engagement-Modelle f\u00fcr das Outsourcing der Entwicklungsarbeit an, um den unterschiedlichen Anforderungen globaler Kunden gerecht zu werden.\",\"breadcrumb\":{\"@id\":\"https:\/\/www.ishir.com\/de\/engagement-modelle.htm#breadcrumb\"},\"inLanguage\":\"en-US\",\"potentialAction\":[{\"@type\":\"ReadAction\",\"target\":[\"https:\/\/www.ishir.com\/de\/engagement-modelle.htm\"]}]},{\"@type\":\"BreadcrumbList\",\"@id\":\"https:\/\/www.ishir.com\/de\/engagement-modelle.htm#breadcrumb\",\"itemListElement\":[{\"@type\":\"ListItem\",\"position\":1,\"name\":\"Home\",\"item\":\"https:\/\/www.ishir.com\/de\/\"},{\"@type\":\"ListItem\",\"position\":2,\"name\":\"ENGAGEMENT-MODELL\"}]},{\"@type\":\"WebSite\",\"@id\":\"https:\/\/www.ishir.com\/de\/#website\",\"url\":\"https:\/\/www.ishir.com\/de\/\",\"name\":\"Offshore Custom Software Product Development Outsourcing Company India Mobile Application Development Services Dallas Texas Alexa AI IoT Developers - ISHIR\",\"description\":\"Just another WordPress site\",\"potentialAction\":[{\"@type\":\"SearchAction\",\"target\":{\"@type\":\"EntryPoint\",\"urlTemplate\":\"https:\/\/www.ishir.com\/de\/?s={search_term_string}\"},\"query-input\":{\"@type\":\"PropertyValueSpecification\",\"valueRequired\":true,\"valueName\":\"search_term_string\"}}],\"inLanguage\":\"en-US\"}]}<\/script>\n<!-- \/ Yoast SEO plugin. -->","yoast_head_json":{"title":"Outsourcing von Engagement-Modellen | Dallas TX Indien, Unternehmen f\u00fcr die Entwicklung kundenspezifischer Offshore-Softwareanwendungen","description":"ISHIR bietet als Offshore-Softwareentwicklungsunternehmen mehrere Engagement-Modelle f\u00fcr das Outsourcing der Entwicklungsarbeit an, um den unterschiedlichen Anforderungen globaler Kunden gerecht zu werden.","robots":{"index":"index","follow":"follow","max-snippet":"max-snippet:-1","max-image-preview":"max-image-preview:large","max-video-preview":"max-video-preview:-1"},"canonical":"https:\/\/www.ishir.com\/de\/engagement-modelle.htm","og_locale":"en_US","og_type":"article","og_title":"Outsourcing von Engagement-Modellen | Dallas TX Indien, Unternehmen f\u00fcr die Entwicklung kundenspezifischer Offshore-Softwareanwendungen","og_description":"ISHIR bietet als Offshore-Softwareentwicklungsunternehmen mehrere Engagement-Modelle f\u00fcr das Outsourcing der Entwicklungsarbeit an, um den unterschiedlichen Anforderungen globaler Kunden gerecht zu werden.","og_url":"https:\/\/www.ishir.com\/de\/engagement-modelle.htm","og_site_name":"Offshore Custom Software Product Development Outsourcing Company India Mobile Application Development Services Dallas Texas Alexa AI IoT Developers - ISHIR","article_modified_time":"2018-11-16T07:14:37+00:00","twitter_card":"summary_large_image","schema":{"@context":"https:\/\/schema.org","@graph":[{"@type":"WebPage","@id":"https:\/\/www.ishir.com\/de\/engagement-modelle.htm","url":"https:\/\/www.ishir.com\/de\/engagement-modelle.htm","name":"Outsourcing von Engagement-Modellen | Dallas TX Indien, Unternehmen f\u00fcr die Entwicklung kundenspezifischer Offshore-Softwareanwendungen","isPartOf":{"@id":"https:\/\/www.ishir.com\/de\/#website"},"datePublished":"2018-08-03T14:13:02+00:00","dateModified":"2018-11-16T07:14:37+00:00","description":"ISHIR bietet als Offshore-Softwareentwicklungsunternehmen mehrere Engagement-Modelle f\u00fcr das Outsourcing der Entwicklungsarbeit an, um den unterschiedlichen Anforderungen globaler Kunden gerecht zu werden.","breadcrumb":{"@id":"https:\/\/www.ishir.com\/de\/engagement-modelle.htm#breadcrumb"},"inLanguage":"en-US","potentialAction":[{"@type":"ReadAction","target":["https:\/\/www.ishir.com\/de\/engagement-modelle.htm"]}]},{"@type":"BreadcrumbList","@id":"https:\/\/www.ishir.com\/de\/engagement-modelle.htm#breadcrumb","itemListElement":[{"@type":"ListItem","position":1,"name":"Home","item":"https:\/\/www.ishir.com\/de\/"},{"@type":"ListItem","position":2,"name":"ENGAGEMENT-MODELL"}]},{"@type":"WebSite","@id":"https:\/\/www.ishir.com\/de\/#website","url":"https:\/\/www.ishir.com\/de\/","name":"Offshore Custom Software Product Development Outsourcing Company India Mobile Application Development Services Dallas Texas Alexa AI IoT Developers - ISHIR","description":"Just another WordPress site","potentialAction":[{"@type":"SearchAction","target":{"@type":"EntryPoint","urlTemplate":"https:\/\/www.ishir.com\/de\/?s={search_term_string}"},"query-input":{"@type":"PropertyValueSpecification","valueRequired":true,"valueName":"search_term_string"}}],"inLanguage":"en-US"}]}},"_links":{"self":[{"href":"https:\/\/www.ishir.com\/de\/wp-json\/wp\/v2\/pages\/20","targetHints":{"allow":["GET"]}}],"collection":[{"href":"https:\/\/www.ishir.com\/de\/wp-json\/wp\/v2\/pages"}],"about":[{"href":"https:\/\/www.ishir.com\/de\/wp-json\/wp\/v2\/types\/page"}],"author":[{"embeddable":true,"href":"https:\/\/www.ishir.com\/de\/wp-json\/wp\/v2\/users\/1"}],"replies":[{"embeddable":true,"href":"https:\/\/www.ishir.com\/de\/wp-json\/wp\/v2\/comments?post=20"}],"version-history":[{"count":6,"href":"https:\/\/www.ishir.com\/de\/wp-json\/wp\/v2\/pages\/20\/revisions"}],"predecessor-version":[{"id":6215,"href":"https:\/\/www.ishir.com\/de\/wp-json\/wp\/v2\/pages\/20\/revisions\/6215"}],"wp:attachment":[{"href":"https:\/\/www.ishir.com\/de\/wp-json\/wp\/v2\/media?parent=20"}],"curies":[{"name":"wp","href":"https:\/\/api.w.org\/{rel}","templated":true}]}}