{"id":23,"date":"2018-08-03T14:21:44","date_gmt":"2018-08-03T14:21:44","guid":{"rendered":"https:\/\/www.ishir.com\/de\/?page_id=23"},"modified":"2018-11-16T07:13:36","modified_gmt":"2018-11-16T07:13:36","slug":"maschinelles-lernen-als-dienstleistung-mlaas","status":"publish","type":"page","link":"https:\/\/www.ishir.com\/de\/maschinelles-lernen-als-dienstleistung-mlaas.htm","title":{"rendered":"MASCHINEN LERNEN"},"content":{"rendered":"<h3>Steigern Sie Ihr Gesch\u00e4ftswachstum, mit kritischen Daten, die von unsch\u00e4tzbarem Wert sind<\/h3>\n<p>Wir erkennen bereits einen zunehmenden Trend zum Verschieben und Verwalten von Daten in der Cloud. Geht man etwas weiter, stellt sich die Frage, ob es eine M\u00f6glichkeit gibt, alle wichtigen Daten zu erfassen. Maschinelles Lernen als Service oder MLaaS kann es erm\u00f6glichen, Muster und Modelle in Daten zu finden und umsetzbare und intelligente Daten zu generieren.<\/p>\n<p>ISHIR kann Ihnen das Maschinelle Lernen als Teil der Cloud Computing Services zur Verf\u00fcgung stellen. Wir bieten Deep Learning, Predictive Analytics und Natural Language Processing (Verarbeitung nat\u00fcrlicher Sprache) an. Der gr\u00f6\u00dfte Vorteil von MLaaS ist, dass Sie nicht in die Infrastruktur investieren m\u00fcssen, um ein maschinelles Lernmodell wieder auferstehen zu lassen, sondern arbeiten Sie einfach mit uns, um den f\u00fcr Sie besten Service zu finden.<\/p>\n","protected":false},"excerpt":{"rendered":"<p>Steigern Sie Ihr Gesch\u00e4ftswachstum, mit kritischen Daten, die von unsch\u00e4tzbarem Wert sind Wir erkennen bereits einen zunehmenden Trend zum Verschieben und Verwalten von Daten in der Cloud. Geht man etwas weiter, stellt sich die Frage, ob es eine M\u00f6glichkeit gibt, alle wichtigen Daten zu erfassen. Maschinelles Lernen als Service oder MLaaS kann es erm\u00f6glichen, Muster &hellip; <a href=\"https:\/\/www.ishir.com\/de\/maschinelles-lernen-als-dienstleistung-mlaas.htm\" class=\"more-link\">Continue reading<span class=\"screen-reader-text\"> &#8220;MASCHINEN LERNEN&#8221;<\/span><\/a><\/p>\n","protected":false},"author":1,"featured_media":0,"parent":0,"menu_order":0,"comment_status":"closed","ping_status":"closed","template":"layouts\/machine-learning.php","meta":{"_acf_changed":false,"footnotes":""},"class_list":["post-23","page","type-page","status-publish","hentry"],"acf":[],"yoast_head":"<!-- This site is optimized with the Yoast SEO plugin v26.2 - https:\/\/yoast.com\/wordpress\/plugins\/seo\/ -->\n<title>Maschinelles Lernen als Dienstleistung | MLaaS-L\u00f6sungsanbieter Dallas Texas<\/title>\n<meta name=\"description\" content=\"Maschinelles Lernen ist die n\u00e4chste gro\u00dfe Sache in der Datenverarbeitung. Bist du daf\u00fcr bereit? ISHIR, ein Unternehmen f\u00fcr k\u00fcnstliche Intelligenz in Dallas, Texas, ist darauf spezialisiert, Machine Learning als Dienstleistung f\u00fcr verschiedene Gesch\u00e4ftsbereiche und Branchen anzubieten.\" \/>\n<meta name=\"robots\" content=\"index, follow, max-snippet:-1, max-image-preview:large, max-video-preview:-1\" \/>\n<link rel=\"canonical\" href=\"https:\/\/www.ishir.com\/de\/maschinelles-lernen-als-dienstleistung-mlaas.htm\" \/>\n<meta property=\"og:locale\" content=\"en_US\" \/>\n<meta property=\"og:type\" content=\"article\" \/>\n<meta property=\"og:title\" content=\"Maschinelles Lernen als Dienstleistung | MLaaS-L\u00f6sungsanbieter Dallas Texas\" \/>\n<meta property=\"og:description\" content=\"Maschinelles Lernen ist die n\u00e4chste gro\u00dfe Sache in der Datenverarbeitung. Bist du daf\u00fcr bereit? ISHIR, ein Unternehmen f\u00fcr k\u00fcnstliche Intelligenz in Dallas, Texas, ist darauf spezialisiert, Machine Learning als Dienstleistung f\u00fcr verschiedene Gesch\u00e4ftsbereiche und Branchen anzubieten.\" \/>\n<meta property=\"og:url\" content=\"https:\/\/www.ishir.com\/de\/maschinelles-lernen-als-dienstleistung-mlaas.htm\" \/>\n<meta property=\"og:site_name\" content=\"Offshore Custom Software Product Development Outsourcing Company India Mobile Application Development Services Dallas Texas Alexa AI IoT Developers - ISHIR\" \/>\n<meta property=\"article:modified_time\" content=\"2018-11-16T07:13:36+00:00\" \/>\n<meta name=\"twitter:card\" content=\"summary_large_image\" \/>\n<meta name=\"twitter:label1\" content=\"Est. reading time\" \/>\n\t<meta name=\"twitter:data1\" content=\"1 minute\" \/>\n<script type=\"application\/ld+json\" class=\"yoast-schema-graph\">{\"@context\":\"https:\/\/schema.org\",\"@graph\":[{\"@type\":\"WebPage\",\"@id\":\"https:\/\/www.ishir.com\/de\/maschinelles-lernen-als-dienstleistung-mlaas.htm\",\"url\":\"https:\/\/www.ishir.com\/de\/maschinelles-lernen-als-dienstleistung-mlaas.htm\",\"name\":\"Maschinelles Lernen als Dienstleistung | MLaaS-L\u00f6sungsanbieter Dallas Texas\",\"isPartOf\":{\"@id\":\"https:\/\/www.ishir.com\/de\/#website\"},\"datePublished\":\"2018-08-03T14:21:44+00:00\",\"dateModified\":\"2018-11-16T07:13:36+00:00\",\"description\":\"Maschinelles Lernen ist die n\u00e4chste gro\u00dfe Sache in der Datenverarbeitung. Bist du daf\u00fcr bereit? ISHIR, ein Unternehmen f\u00fcr k\u00fcnstliche Intelligenz in Dallas, Texas, ist darauf spezialisiert, Machine Learning als Dienstleistung f\u00fcr verschiedene Gesch\u00e4ftsbereiche und Branchen anzubieten.\",\"breadcrumb\":{\"@id\":\"https:\/\/www.ishir.com\/de\/maschinelles-lernen-als-dienstleistung-mlaas.htm#breadcrumb\"},\"inLanguage\":\"en-US\",\"potentialAction\":[{\"@type\":\"ReadAction\",\"target\":[\"https:\/\/www.ishir.com\/de\/maschinelles-lernen-als-dienstleistung-mlaas.htm\"]}]},{\"@type\":\"BreadcrumbList\",\"@id\":\"https:\/\/www.ishir.com\/de\/maschinelles-lernen-als-dienstleistung-mlaas.htm#breadcrumb\",\"itemListElement\":[{\"@type\":\"ListItem\",\"position\":1,\"name\":\"Home\",\"item\":\"https:\/\/www.ishir.com\/de\/\"},{\"@type\":\"ListItem\",\"position\":2,\"name\":\"MASCHINEN LERNEN\"}]},{\"@type\":\"WebSite\",\"@id\":\"https:\/\/www.ishir.com\/de\/#website\",\"url\":\"https:\/\/www.ishir.com\/de\/\",\"name\":\"Offshore Custom Software Product Development Outsourcing Company India Mobile Application Development Services Dallas Texas Alexa AI IoT Developers - ISHIR\",\"description\":\"Just another WordPress site\",\"potentialAction\":[{\"@type\":\"SearchAction\",\"target\":{\"@type\":\"EntryPoint\",\"urlTemplate\":\"https:\/\/www.ishir.com\/de\/?s={search_term_string}\"},\"query-input\":{\"@type\":\"PropertyValueSpecification\",\"valueRequired\":true,\"valueName\":\"search_term_string\"}}],\"inLanguage\":\"en-US\"}]}<\/script>\n<!-- \/ Yoast SEO plugin. -->","yoast_head_json":{"title":"Maschinelles Lernen als Dienstleistung | MLaaS-L\u00f6sungsanbieter Dallas Texas","description":"Maschinelles Lernen ist die n\u00e4chste gro\u00dfe Sache in der Datenverarbeitung. Bist du daf\u00fcr bereit? ISHIR, ein Unternehmen f\u00fcr k\u00fcnstliche Intelligenz in Dallas, Texas, ist darauf spezialisiert, Machine Learning als Dienstleistung f\u00fcr verschiedene Gesch\u00e4ftsbereiche und Branchen anzubieten.","robots":{"index":"index","follow":"follow","max-snippet":"max-snippet:-1","max-image-preview":"max-image-preview:large","max-video-preview":"max-video-preview:-1"},"canonical":"https:\/\/www.ishir.com\/de\/maschinelles-lernen-als-dienstleistung-mlaas.htm","og_locale":"en_US","og_type":"article","og_title":"Maschinelles Lernen als Dienstleistung | MLaaS-L\u00f6sungsanbieter Dallas Texas","og_description":"Maschinelles Lernen ist die n\u00e4chste gro\u00dfe Sache in der Datenverarbeitung. Bist du daf\u00fcr bereit? ISHIR, ein Unternehmen f\u00fcr k\u00fcnstliche Intelligenz in Dallas, Texas, ist darauf spezialisiert, Machine Learning als Dienstleistung f\u00fcr verschiedene Gesch\u00e4ftsbereiche und Branchen anzubieten.","og_url":"https:\/\/www.ishir.com\/de\/maschinelles-lernen-als-dienstleistung-mlaas.htm","og_site_name":"Offshore Custom Software Product Development Outsourcing Company India Mobile Application Development Services Dallas Texas Alexa AI IoT Developers - ISHIR","article_modified_time":"2018-11-16T07:13:36+00:00","twitter_card":"summary_large_image","twitter_misc":{"Est. reading time":"1 minute"},"schema":{"@context":"https:\/\/schema.org","@graph":[{"@type":"WebPage","@id":"https:\/\/www.ishir.com\/de\/maschinelles-lernen-als-dienstleistung-mlaas.htm","url":"https:\/\/www.ishir.com\/de\/maschinelles-lernen-als-dienstleistung-mlaas.htm","name":"Maschinelles Lernen als Dienstleistung | MLaaS-L\u00f6sungsanbieter Dallas Texas","isPartOf":{"@id":"https:\/\/www.ishir.com\/de\/#website"},"datePublished":"2018-08-03T14:21:44+00:00","dateModified":"2018-11-16T07:13:36+00:00","description":"Maschinelles Lernen ist die n\u00e4chste gro\u00dfe Sache in der Datenverarbeitung. Bist du daf\u00fcr bereit? ISHIR, ein Unternehmen f\u00fcr k\u00fcnstliche Intelligenz in Dallas, Texas, ist darauf spezialisiert, Machine Learning als Dienstleistung f\u00fcr verschiedene Gesch\u00e4ftsbereiche und Branchen anzubieten.","breadcrumb":{"@id":"https:\/\/www.ishir.com\/de\/maschinelles-lernen-als-dienstleistung-mlaas.htm#breadcrumb"},"inLanguage":"en-US","potentialAction":[{"@type":"ReadAction","target":["https:\/\/www.ishir.com\/de\/maschinelles-lernen-als-dienstleistung-mlaas.htm"]}]},{"@type":"BreadcrumbList","@id":"https:\/\/www.ishir.com\/de\/maschinelles-lernen-als-dienstleistung-mlaas.htm#breadcrumb","itemListElement":[{"@type":"ListItem","position":1,"name":"Home","item":"https:\/\/www.ishir.com\/de\/"},{"@type":"ListItem","position":2,"name":"MASCHINEN LERNEN"}]},{"@type":"WebSite","@id":"https:\/\/www.ishir.com\/de\/#website","url":"https:\/\/www.ishir.com\/de\/","name":"Offshore Custom Software Product Development Outsourcing Company India Mobile Application Development Services Dallas Texas Alexa AI IoT Developers - ISHIR","description":"Just another WordPress site","potentialAction":[{"@type":"SearchAction","target":{"@type":"EntryPoint","urlTemplate":"https:\/\/www.ishir.com\/de\/?s={search_term_string}"},"query-input":{"@type":"PropertyValueSpecification","valueRequired":true,"valueName":"search_term_string"}}],"inLanguage":"en-US"}]}},"_links":{"self":[{"href":"https:\/\/www.ishir.com\/de\/wp-json\/wp\/v2\/pages\/23","targetHints":{"allow":["GET"]}}],"collection":[{"href":"https:\/\/www.ishir.com\/de\/wp-json\/wp\/v2\/pages"}],"about":[{"href":"https:\/\/www.ishir.com\/de\/wp-json\/wp\/v2\/types\/page"}],"author":[{"embeddable":true,"href":"https:\/\/www.ishir.com\/de\/wp-json\/wp\/v2\/users\/1"}],"replies":[{"embeddable":true,"href":"https:\/\/www.ishir.com\/de\/wp-json\/wp\/v2\/comments?post=23"}],"version-history":[{"count":7,"href":"https:\/\/www.ishir.com\/de\/wp-json\/wp\/v2\/pages\/23\/revisions"}],"predecessor-version":[{"id":6213,"href":"https:\/\/www.ishir.com\/de\/wp-json\/wp\/v2\/pages\/23\/revisions\/6213"}],"wp:attachment":[{"href":"https:\/\/www.ishir.com\/de\/wp-json\/wp\/v2\/media?parent=23"}],"curies":[{"name":"wp","href":"https:\/\/api.w.org\/{rel}","templated":true}]}}