{"id":25,"date":"2018-08-03T14:30:49","date_gmt":"2018-08-03T14:30:49","guid":{"rendered":"https:\/\/www.ishir.com\/de\/?page_id=25"},"modified":"2018-11-16T07:10:58","modified_gmt":"2018-11-16T07:10:58","slug":"internet-der-dinge-iot","status":"publish","type":"page","link":"https:\/\/www.ishir.com\/de\/internet-der-dinge-iot.htm","title":{"rendered":"IOT"},"content":{"rendered":"<h3>Von Sensoren zu umsetzbaren Erkenntnissen \u2013 \u00c4ndern Sie Ihr Unternehmen mit ISHIR f\u00fcr eine IoT-f\u00e4hige Zukunft<\/h3>\n<p>Das Internet der Dinge (IoT) ist mittlerweile Teil unseres Lebens. Es verbindet Ger\u00e4te und Sensoren mit Menschen und treibt alle Branchen in Richtung der digitalen Transformation. IoT kann Ihnen dabei helfen, in einer hyper-vernetzten Welt erfolgreich zu sein, die betriebliche Effizienz zu steigern und Ihr Unternehmen in ein zukunftsf\u00e4higes Gesch\u00e4ft zu verwandeln. Die riesigen Datenmengen, die von IoT-Anwendungen wie Smart Appliances und Wearables generiert werden, k\u00f6nnen Ihnen dabei helfen, aussagekr\u00e4ftige Kundeninformationen zu bekommen.<\/p>\n<p>ISHIR kann Ihnen noch dabei helfen, eine IoT-Anleitung zu bewerten und zu definieren. Wir werden Ihnen dabei helfen, Ihre Daten in intelligente Aktionen umzuwandeln, welche Sie dabei unterst\u00fctzen, Ihre allt\u00e4glichen Abl\u00e4ufe besser zu bew\u00e4ltigen.<\/p>\n<p>Wir haben Kunden bei der Integration von intelligenten Ger\u00e4ten geholfen, welche aus der Ferne gesteuert werden k\u00f6nnen. Unser Team hat Kunden bei der Durchf\u00fchrung von Echtzeitanalysen dieser Daten geholfen, um Unregelm\u00e4\u00dfigkeiten zu erkennen und fr\u00fchzeitig Warnmeldungen oder Benachrichtigungen zu erstellen. Wir haben auch Erfahrung in der Erstellung von Rich-Dashboards mit Power BI, basierend auf den Ergebnissen der Analyse-Engine, die den Kunden als Input dienen k\u00f6nnen, um Strategien f\u00fcr ein optimales Ressourcennutzungs- und Managementsystem zu erstellen.<\/p>\n<p>Wir werden Sie dabei unterst\u00fctzen, IoT-L\u00f6sungen mit Ger\u00e4ten im Netzwerk zu nutzen, welche Daten generieren. Au\u00dferdem werden wir Ihnen helfen Regeln und Modelle zu verstehen und diese auch anzuwenden, um Ihr Unternehmen zukunftsf\u00e4hig zu machen.<\/p>\n","protected":false},"excerpt":{"rendered":"<p>Von Sensoren zu umsetzbaren Erkenntnissen \u2013 \u00c4ndern Sie Ihr Unternehmen mit ISHIR f\u00fcr eine IoT-f\u00e4hige Zukunft Das Internet der Dinge (IoT) ist mittlerweile Teil unseres Lebens. Es verbindet Ger\u00e4te und Sensoren mit Menschen und treibt alle Branchen in Richtung der digitalen Transformation. IoT kann Ihnen dabei helfen, in einer hyper-vernetzten Welt erfolgreich zu sein, die &hellip; <a href=\"https:\/\/www.ishir.com\/de\/internet-der-dinge-iot.htm\" class=\"more-link\">Continue reading<span class=\"screen-reader-text\"> &#8220;IOT&#8221;<\/span><\/a><\/p>\n","protected":false},"author":1,"featured_media":0,"parent":0,"menu_order":0,"comment_status":"closed","ping_status":"closed","template":"layouts\/iot.php","meta":{"_acf_changed":false,"footnotes":""},"class_list":["post-25","page","type-page","status-publish","hentry"],"acf":[],"yoast_head":"<!-- This site is optimized with the Yoast SEO plugin v26.2 - https:\/\/yoast.com\/wordpress\/plugins\/seo\/ -->\n<title>Internet der Dinge | Echtzeitanalysen | IOT-L\u00f6sungen | IOT-Entwicklungsdienste<\/title>\n<meta name=\"description\" content=\"Verwandeln Sie sich mit ISHIR in eine IoT-f\u00e4hige Zukunft. Wir haben Kunden dabei unterst\u00fctzt, intelligente Ger\u00e4te zu integrieren, die per Fernzugriff verbunden \/ gesteuert werden k\u00f6nnen. Wir k\u00f6nnen Ihnen dabei helfen, IoT-L\u00f6sungen und Echtzeit-Analysel\u00f6sungen zu nutzen. Kontaktiere uns heute..\" \/>\n<meta name=\"robots\" content=\"index, follow, max-snippet:-1, max-image-preview:large, max-video-preview:-1\" \/>\n<link rel=\"canonical\" href=\"https:\/\/www.ishir.com\/de\/internet-der-dinge-iot.htm\" \/>\n<meta property=\"og:locale\" content=\"en_US\" \/>\n<meta property=\"og:type\" content=\"article\" \/>\n<meta property=\"og:title\" content=\"Internet der Dinge | Echtzeitanalysen | IOT-L\u00f6sungen | IOT-Entwicklungsdienste\" \/>\n<meta property=\"og:description\" content=\"Verwandeln Sie sich mit ISHIR in eine IoT-f\u00e4hige Zukunft. Wir haben Kunden dabei unterst\u00fctzt, intelligente Ger\u00e4te zu integrieren, die per Fernzugriff verbunden \/ gesteuert werden k\u00f6nnen. Wir k\u00f6nnen Ihnen dabei helfen, IoT-L\u00f6sungen und Echtzeit-Analysel\u00f6sungen zu nutzen. Kontaktiere uns heute..\" \/>\n<meta property=\"og:url\" content=\"https:\/\/www.ishir.com\/de\/internet-der-dinge-iot.htm\" \/>\n<meta property=\"og:site_name\" content=\"Offshore Custom Software Product Development Outsourcing Company India Mobile Application Development Services Dallas Texas Alexa AI IoT Developers - ISHIR\" \/>\n<meta property=\"article:modified_time\" content=\"2018-11-16T07:10:58+00:00\" \/>\n<meta name=\"twitter:card\" content=\"summary_large_image\" \/>\n<meta name=\"twitter:label1\" content=\"Est. reading time\" \/>\n\t<meta name=\"twitter:data1\" content=\"1 minute\" \/>\n<script type=\"application\/ld+json\" class=\"yoast-schema-graph\">{\"@context\":\"https:\/\/schema.org\",\"@graph\":[{\"@type\":\"WebPage\",\"@id\":\"https:\/\/www.ishir.com\/de\/internet-der-dinge-iot.htm\",\"url\":\"https:\/\/www.ishir.com\/de\/internet-der-dinge-iot.htm\",\"name\":\"Internet der Dinge | Echtzeitanalysen | IOT-L\u00f6sungen | IOT-Entwicklungsdienste\",\"isPartOf\":{\"@id\":\"https:\/\/www.ishir.com\/de\/#website\"},\"datePublished\":\"2018-08-03T14:30:49+00:00\",\"dateModified\":\"2018-11-16T07:10:58+00:00\",\"description\":\"Verwandeln Sie sich mit ISHIR in eine IoT-f\u00e4hige Zukunft. Wir haben Kunden dabei unterst\u00fctzt, intelligente Ger\u00e4te zu integrieren, die per Fernzugriff verbunden \/ gesteuert werden k\u00f6nnen. Wir k\u00f6nnen Ihnen dabei helfen, IoT-L\u00f6sungen und Echtzeit-Analysel\u00f6sungen zu nutzen. Kontaktiere uns heute..\",\"breadcrumb\":{\"@id\":\"https:\/\/www.ishir.com\/de\/internet-der-dinge-iot.htm#breadcrumb\"},\"inLanguage\":\"en-US\",\"potentialAction\":[{\"@type\":\"ReadAction\",\"target\":[\"https:\/\/www.ishir.com\/de\/internet-der-dinge-iot.htm\"]}]},{\"@type\":\"BreadcrumbList\",\"@id\":\"https:\/\/www.ishir.com\/de\/internet-der-dinge-iot.htm#breadcrumb\",\"itemListElement\":[{\"@type\":\"ListItem\",\"position\":1,\"name\":\"Home\",\"item\":\"https:\/\/www.ishir.com\/de\/\"},{\"@type\":\"ListItem\",\"position\":2,\"name\":\"IOT\"}]},{\"@type\":\"WebSite\",\"@id\":\"https:\/\/www.ishir.com\/de\/#website\",\"url\":\"https:\/\/www.ishir.com\/de\/\",\"name\":\"Offshore Custom Software Product Development Outsourcing Company India Mobile Application Development Services Dallas Texas Alexa AI IoT Developers - ISHIR\",\"description\":\"Just another WordPress site\",\"potentialAction\":[{\"@type\":\"SearchAction\",\"target\":{\"@type\":\"EntryPoint\",\"urlTemplate\":\"https:\/\/www.ishir.com\/de\/?s={search_term_string}\"},\"query-input\":{\"@type\":\"PropertyValueSpecification\",\"valueRequired\":true,\"valueName\":\"search_term_string\"}}],\"inLanguage\":\"en-US\"}]}<\/script>\n<!-- \/ Yoast SEO plugin. -->","yoast_head_json":{"title":"Internet der Dinge | Echtzeitanalysen | IOT-L\u00f6sungen | IOT-Entwicklungsdienste","description":"Verwandeln Sie sich mit ISHIR in eine IoT-f\u00e4hige Zukunft. Wir haben Kunden dabei unterst\u00fctzt, intelligente Ger\u00e4te zu integrieren, die per Fernzugriff verbunden \/ gesteuert werden k\u00f6nnen. Wir k\u00f6nnen Ihnen dabei helfen, IoT-L\u00f6sungen und Echtzeit-Analysel\u00f6sungen zu nutzen. Kontaktiere uns heute..","robots":{"index":"index","follow":"follow","max-snippet":"max-snippet:-1","max-image-preview":"max-image-preview:large","max-video-preview":"max-video-preview:-1"},"canonical":"https:\/\/www.ishir.com\/de\/internet-der-dinge-iot.htm","og_locale":"en_US","og_type":"article","og_title":"Internet der Dinge | Echtzeitanalysen | IOT-L\u00f6sungen | IOT-Entwicklungsdienste","og_description":"Verwandeln Sie sich mit ISHIR in eine IoT-f\u00e4hige Zukunft. Wir haben Kunden dabei unterst\u00fctzt, intelligente Ger\u00e4te zu integrieren, die per Fernzugriff verbunden \/ gesteuert werden k\u00f6nnen. Wir k\u00f6nnen Ihnen dabei helfen, IoT-L\u00f6sungen und Echtzeit-Analysel\u00f6sungen zu nutzen. Kontaktiere uns heute..","og_url":"https:\/\/www.ishir.com\/de\/internet-der-dinge-iot.htm","og_site_name":"Offshore Custom Software Product Development Outsourcing Company India Mobile Application Development Services Dallas Texas Alexa AI IoT Developers - ISHIR","article_modified_time":"2018-11-16T07:10:58+00:00","twitter_card":"summary_large_image","twitter_misc":{"Est. reading time":"1 minute"},"schema":{"@context":"https:\/\/schema.org","@graph":[{"@type":"WebPage","@id":"https:\/\/www.ishir.com\/de\/internet-der-dinge-iot.htm","url":"https:\/\/www.ishir.com\/de\/internet-der-dinge-iot.htm","name":"Internet der Dinge | Echtzeitanalysen | IOT-L\u00f6sungen | IOT-Entwicklungsdienste","isPartOf":{"@id":"https:\/\/www.ishir.com\/de\/#website"},"datePublished":"2018-08-03T14:30:49+00:00","dateModified":"2018-11-16T07:10:58+00:00","description":"Verwandeln Sie sich mit ISHIR in eine IoT-f\u00e4hige Zukunft. Wir haben Kunden dabei unterst\u00fctzt, intelligente Ger\u00e4te zu integrieren, die per Fernzugriff verbunden \/ gesteuert werden k\u00f6nnen. Wir k\u00f6nnen Ihnen dabei helfen, IoT-L\u00f6sungen und Echtzeit-Analysel\u00f6sungen zu nutzen. Kontaktiere uns heute..","breadcrumb":{"@id":"https:\/\/www.ishir.com\/de\/internet-der-dinge-iot.htm#breadcrumb"},"inLanguage":"en-US","potentialAction":[{"@type":"ReadAction","target":["https:\/\/www.ishir.com\/de\/internet-der-dinge-iot.htm"]}]},{"@type":"BreadcrumbList","@id":"https:\/\/www.ishir.com\/de\/internet-der-dinge-iot.htm#breadcrumb","itemListElement":[{"@type":"ListItem","position":1,"name":"Home","item":"https:\/\/www.ishir.com\/de\/"},{"@type":"ListItem","position":2,"name":"IOT"}]},{"@type":"WebSite","@id":"https:\/\/www.ishir.com\/de\/#website","url":"https:\/\/www.ishir.com\/de\/","name":"Offshore Custom Software Product Development Outsourcing Company India Mobile Application Development Services Dallas Texas Alexa AI IoT Developers - ISHIR","description":"Just another WordPress site","potentialAction":[{"@type":"SearchAction","target":{"@type":"EntryPoint","urlTemplate":"https:\/\/www.ishir.com\/de\/?s={search_term_string}"},"query-input":{"@type":"PropertyValueSpecification","valueRequired":true,"valueName":"search_term_string"}}],"inLanguage":"en-US"}]}},"_links":{"self":[{"href":"https:\/\/www.ishir.com\/de\/wp-json\/wp\/v2\/pages\/25","targetHints":{"allow":["GET"]}}],"collection":[{"href":"https:\/\/www.ishir.com\/de\/wp-json\/wp\/v2\/pages"}],"about":[{"href":"https:\/\/www.ishir.com\/de\/wp-json\/wp\/v2\/types\/page"}],"author":[{"embeddable":true,"href":"https:\/\/www.ishir.com\/de\/wp-json\/wp\/v2\/users\/1"}],"replies":[{"embeddable":true,"href":"https:\/\/www.ishir.com\/de\/wp-json\/wp\/v2\/comments?post=25"}],"version-history":[{"count":7,"href":"https:\/\/www.ishir.com\/de\/wp-json\/wp\/v2\/pages\/25\/revisions"}],"predecessor-version":[{"id":6209,"href":"https:\/\/www.ishir.com\/de\/wp-json\/wp\/v2\/pages\/25\/revisions\/6209"}],"wp:attachment":[{"href":"https:\/\/www.ishir.com\/de\/wp-json\/wp\/v2\/media?parent=25"}],"curies":[{"name":"wp","href":"https:\/\/api.w.org\/{rel}","templated":true}]}}