{"id":28,"date":"2018-08-03T14:38:58","date_gmt":"2018-08-03T14:38:58","guid":{"rendered":"https:\/\/www.ishir.com\/de\/?page_id=28"},"modified":"2018-11-16T06:53:30","modified_gmt":"2018-11-16T06:53:30","slug":"digitale-transformationsdienste","status":"publish","type":"page","link":"https:\/\/www.ishir.com\/de\/digitale-transformationsdienste.htm","title":{"rendered":"DIGITALE TRANSFORMATION"},"content":{"rendered":"<h3>F\u00fchren Sie das digitale Zeitalter an, anstatt darin unterzugehen. Bew\u00e4ltigen Sie die Digitalisierung mit ISHIR!<\/h3>\n<p>Menschen, Dinge, Unternehmen und Technologien vernetzen sich immer mehr. Wir leben in einer Zeit, in der jeder Mensch von allem, was digital ist, beeinflusst wird. Auch die Unternehmen werden zunehmend durch die Digitalisierung beeinflusst. Es gibt kein Unternehmen, das sagen kann, dass Dinge wie K\u00fcnstliche Intelligenz (KI), Internet of Things (IoT), Mobiles Internet, Maschinelles Lernen, Big Data und Cloud-Computing nicht f\u00fcr ihre Gesch\u00e4ftsanforderungen gedacht sind. Die digitale Transformation ist unvermeidbar.<\/p>\n<p>Wir von ISHIR k\u00f6nnen Sie bei Ihrer Digitalisierungsstrategie unterst\u00fctzen und sicherstellen, dass Ihr Unternehmen alle technologiegest\u00fctzten \u00c4nderungen durchf\u00fchrt, Produktivit\u00e4tsgewinne erzielt und an der Spitze des digitalen Umbruchs steht, um sich so einen Wettbewerbsvorteil zu verschaffen. Wir sind in der Lage, unseren Kunden dabei zu helfen, zukunftsf\u00e4hige Dienstleistungen und Produkte anzubieten, die in einer digitalisierten Wirtschaft von mehr Relevanz sind.<\/p>\n","protected":false},"excerpt":{"rendered":"<p>F\u00fchren Sie das digitale Zeitalter an, anstatt darin unterzugehen. Bew\u00e4ltigen Sie die Digitalisierung mit ISHIR! Menschen, Dinge, Unternehmen und Technologien vernetzen sich immer mehr. Wir leben in einer Zeit, in der jeder Mensch von allem, was digital ist, beeinflusst wird. Auch die Unternehmen werden zunehmend durch die Digitalisierung beeinflusst. Es gibt kein Unternehmen, das sagen &hellip; <a href=\"https:\/\/www.ishir.com\/de\/digitale-transformationsdienste.htm\" class=\"more-link\">Continue reading<span class=\"screen-reader-text\"> &#8220;DIGITALE TRANSFORMATION&#8221;<\/span><\/a><\/p>\n","protected":false},"author":1,"featured_media":0,"parent":0,"menu_order":0,"comment_status":"closed","ping_status":"closed","template":"layouts\/digital-transformation.php","meta":{"_acf_changed":false,"footnotes":""},"class_list":["post-28","page","type-page","status-publish","hentry"],"acf":[],"yoast_head":"<!-- This site is optimized with the Yoast SEO plugin v26.2 - https:\/\/yoast.com\/wordpress\/plugins\/seo\/ -->\n<title>L\u00f6sungen f\u00fcr digitale Transformation | IT Digital Consulting Dienstleister<\/title>\n<meta name=\"description\" content=\"Suchen Sie nach L\u00f6sungen f\u00fcr die digitale Transformation? ISHIR hilft Ihnen auf Ihrem Weg zur digitalen Transformation und stellt sicher, dass Ihr Unternehmen alle technologischen Ver\u00e4nderungen mit einbezieht, Produktivit\u00e4tssteigerungen freisetzt und Ihr Unternehmen an die Spitze der digitalen Unterbrechung setzt, um einen Wettbewerbsvorteil zu erzielen.\" \/>\n<meta name=\"robots\" content=\"index, follow, max-snippet:-1, max-image-preview:large, max-video-preview:-1\" \/>\n<link rel=\"canonical\" href=\"https:\/\/www.ishir.com\/de\/digitale-transformationsdienste.htm\" \/>\n<meta property=\"og:locale\" content=\"en_US\" \/>\n<meta property=\"og:type\" content=\"article\" \/>\n<meta property=\"og:title\" content=\"L\u00f6sungen f\u00fcr digitale Transformation | IT Digital Consulting Dienstleister\" \/>\n<meta property=\"og:description\" content=\"Suchen Sie nach L\u00f6sungen f\u00fcr die digitale Transformation? ISHIR hilft Ihnen auf Ihrem Weg zur digitalen Transformation und stellt sicher, dass Ihr Unternehmen alle technologischen Ver\u00e4nderungen mit einbezieht, Produktivit\u00e4tssteigerungen freisetzt und Ihr Unternehmen an die Spitze der digitalen Unterbrechung setzt, um einen Wettbewerbsvorteil zu erzielen.\" \/>\n<meta property=\"og:url\" content=\"https:\/\/www.ishir.com\/de\/digitale-transformationsdienste.htm\" \/>\n<meta property=\"og:site_name\" content=\"Offshore Custom Software Product Development Outsourcing Company India Mobile Application Development Services Dallas Texas Alexa AI IoT Developers - ISHIR\" \/>\n<meta property=\"article:modified_time\" content=\"2018-11-16T06:53:30+00:00\" \/>\n<meta name=\"twitter:card\" content=\"summary_large_image\" \/>\n<meta name=\"twitter:label1\" content=\"Est. reading time\" \/>\n\t<meta name=\"twitter:data1\" content=\"1 minute\" \/>\n<script type=\"application\/ld+json\" class=\"yoast-schema-graph\">{\"@context\":\"https:\/\/schema.org\",\"@graph\":[{\"@type\":\"WebPage\",\"@id\":\"https:\/\/www.ishir.com\/de\/digitale-transformationsdienste.htm\",\"url\":\"https:\/\/www.ishir.com\/de\/digitale-transformationsdienste.htm\",\"name\":\"L\u00f6sungen f\u00fcr digitale Transformation | IT Digital Consulting Dienstleister\",\"isPartOf\":{\"@id\":\"https:\/\/www.ishir.com\/de\/#website\"},\"datePublished\":\"2018-08-03T14:38:58+00:00\",\"dateModified\":\"2018-11-16T06:53:30+00:00\",\"description\":\"Suchen Sie nach L\u00f6sungen f\u00fcr die digitale Transformation? ISHIR hilft Ihnen auf Ihrem Weg zur digitalen Transformation und stellt sicher, dass Ihr Unternehmen alle technologischen Ver\u00e4nderungen mit einbezieht, Produktivit\u00e4tssteigerungen freisetzt und Ihr Unternehmen an die Spitze der digitalen Unterbrechung setzt, um einen Wettbewerbsvorteil zu erzielen.\",\"breadcrumb\":{\"@id\":\"https:\/\/www.ishir.com\/de\/digitale-transformationsdienste.htm#breadcrumb\"},\"inLanguage\":\"en-US\",\"potentialAction\":[{\"@type\":\"ReadAction\",\"target\":[\"https:\/\/www.ishir.com\/de\/digitale-transformationsdienste.htm\"]}]},{\"@type\":\"BreadcrumbList\",\"@id\":\"https:\/\/www.ishir.com\/de\/digitale-transformationsdienste.htm#breadcrumb\",\"itemListElement\":[{\"@type\":\"ListItem\",\"position\":1,\"name\":\"Home\",\"item\":\"https:\/\/www.ishir.com\/de\/\"},{\"@type\":\"ListItem\",\"position\":2,\"name\":\"DIGITALE TRANSFORMATION\"}]},{\"@type\":\"WebSite\",\"@id\":\"https:\/\/www.ishir.com\/de\/#website\",\"url\":\"https:\/\/www.ishir.com\/de\/\",\"name\":\"Offshore Custom Software Product Development Outsourcing Company India Mobile Application Development Services Dallas Texas Alexa AI IoT Developers - ISHIR\",\"description\":\"Just another WordPress site\",\"potentialAction\":[{\"@type\":\"SearchAction\",\"target\":{\"@type\":\"EntryPoint\",\"urlTemplate\":\"https:\/\/www.ishir.com\/de\/?s={search_term_string}\"},\"query-input\":{\"@type\":\"PropertyValueSpecification\",\"valueRequired\":true,\"valueName\":\"search_term_string\"}}],\"inLanguage\":\"en-US\"}]}<\/script>\n<!-- \/ Yoast SEO plugin. -->","yoast_head_json":{"title":"L\u00f6sungen f\u00fcr digitale Transformation | IT Digital Consulting Dienstleister","description":"Suchen Sie nach L\u00f6sungen f\u00fcr die digitale Transformation? ISHIR hilft Ihnen auf Ihrem Weg zur digitalen Transformation und stellt sicher, dass Ihr Unternehmen alle technologischen Ver\u00e4nderungen mit einbezieht, Produktivit\u00e4tssteigerungen freisetzt und Ihr Unternehmen an die Spitze der digitalen Unterbrechung setzt, um einen Wettbewerbsvorteil zu erzielen.","robots":{"index":"index","follow":"follow","max-snippet":"max-snippet:-1","max-image-preview":"max-image-preview:large","max-video-preview":"max-video-preview:-1"},"canonical":"https:\/\/www.ishir.com\/de\/digitale-transformationsdienste.htm","og_locale":"en_US","og_type":"article","og_title":"L\u00f6sungen f\u00fcr digitale Transformation | IT Digital Consulting Dienstleister","og_description":"Suchen Sie nach L\u00f6sungen f\u00fcr die digitale Transformation? ISHIR hilft Ihnen auf Ihrem Weg zur digitalen Transformation und stellt sicher, dass Ihr Unternehmen alle technologischen Ver\u00e4nderungen mit einbezieht, Produktivit\u00e4tssteigerungen freisetzt und Ihr Unternehmen an die Spitze der digitalen Unterbrechung setzt, um einen Wettbewerbsvorteil zu erzielen.","og_url":"https:\/\/www.ishir.com\/de\/digitale-transformationsdienste.htm","og_site_name":"Offshore Custom Software Product Development Outsourcing Company India Mobile Application Development Services Dallas Texas Alexa AI IoT Developers - ISHIR","article_modified_time":"2018-11-16T06:53:30+00:00","twitter_card":"summary_large_image","twitter_misc":{"Est. reading time":"1 minute"},"schema":{"@context":"https:\/\/schema.org","@graph":[{"@type":"WebPage","@id":"https:\/\/www.ishir.com\/de\/digitale-transformationsdienste.htm","url":"https:\/\/www.ishir.com\/de\/digitale-transformationsdienste.htm","name":"L\u00f6sungen f\u00fcr digitale Transformation | IT Digital Consulting Dienstleister","isPartOf":{"@id":"https:\/\/www.ishir.com\/de\/#website"},"datePublished":"2018-08-03T14:38:58+00:00","dateModified":"2018-11-16T06:53:30+00:00","description":"Suchen Sie nach L\u00f6sungen f\u00fcr die digitale Transformation? ISHIR hilft Ihnen auf Ihrem Weg zur digitalen Transformation und stellt sicher, dass Ihr Unternehmen alle technologischen Ver\u00e4nderungen mit einbezieht, Produktivit\u00e4tssteigerungen freisetzt und Ihr Unternehmen an die Spitze der digitalen Unterbrechung setzt, um einen Wettbewerbsvorteil zu erzielen.","breadcrumb":{"@id":"https:\/\/www.ishir.com\/de\/digitale-transformationsdienste.htm#breadcrumb"},"inLanguage":"en-US","potentialAction":[{"@type":"ReadAction","target":["https:\/\/www.ishir.com\/de\/digitale-transformationsdienste.htm"]}]},{"@type":"BreadcrumbList","@id":"https:\/\/www.ishir.com\/de\/digitale-transformationsdienste.htm#breadcrumb","itemListElement":[{"@type":"ListItem","position":1,"name":"Home","item":"https:\/\/www.ishir.com\/de\/"},{"@type":"ListItem","position":2,"name":"DIGITALE TRANSFORMATION"}]},{"@type":"WebSite","@id":"https:\/\/www.ishir.com\/de\/#website","url":"https:\/\/www.ishir.com\/de\/","name":"Offshore Custom Software Product Development Outsourcing Company India Mobile Application Development Services Dallas Texas Alexa AI IoT Developers - ISHIR","description":"Just another WordPress site","potentialAction":[{"@type":"SearchAction","target":{"@type":"EntryPoint","urlTemplate":"https:\/\/www.ishir.com\/de\/?s={search_term_string}"},"query-input":{"@type":"PropertyValueSpecification","valueRequired":true,"valueName":"search_term_string"}}],"inLanguage":"en-US"}]}},"_links":{"self":[{"href":"https:\/\/www.ishir.com\/de\/wp-json\/wp\/v2\/pages\/28","targetHints":{"allow":["GET"]}}],"collection":[{"href":"https:\/\/www.ishir.com\/de\/wp-json\/wp\/v2\/pages"}],"about":[{"href":"https:\/\/www.ishir.com\/de\/wp-json\/wp\/v2\/types\/page"}],"author":[{"embeddable":true,"href":"https:\/\/www.ishir.com\/de\/wp-json\/wp\/v2\/users\/1"}],"replies":[{"embeddable":true,"href":"https:\/\/www.ishir.com\/de\/wp-json\/wp\/v2\/comments?post=28"}],"version-history":[{"count":9,"href":"https:\/\/www.ishir.com\/de\/wp-json\/wp\/v2\/pages\/28\/revisions"}],"predecessor-version":[{"id":6222,"href":"https:\/\/www.ishir.com\/de\/wp-json\/wp\/v2\/pages\/28\/revisions\/6222"}],"wp:attachment":[{"href":"https:\/\/www.ishir.com\/de\/wp-json\/wp\/v2\/media?parent=28"}],"curies":[{"name":"wp","href":"https:\/\/api.w.org\/{rel}","templated":true}]}}