{"id":31,"date":"2018-08-03T14:45:32","date_gmt":"2018-08-03T14:45:32","guid":{"rendered":"https:\/\/www.ishir.com\/de\/?page_id=31"},"modified":"2018-11-16T06:59:55","modified_gmt":"2018-11-16T06:59:55","slug":"devops-beratungs-und-outsourcing-dienstleistungen","status":"publish","type":"page","link":"https:\/\/www.ishir.com\/de\/devops-beratungs-und-outsourcing-dienstleistungen.htm","title":{"rendered":"ENTWICKLUNGEN"},"content":{"rendered":"<h3>Richten Sie Entwicklung und Betrieb besser f\u00fcr eine h\u00f6here Effizienz und den Markt ein<\/h3>\n<p>Es ist zwar bekannt, dass Zusammenarbeit, Automatisierung und Integration die wichtigsten Bestandteile einer erfolgreichen DevOps-Implementierung sind, aber viele sind nicht in der Lage, Engp\u00e4sse zu beseitigen, die mit einer solchen Implementierung einhergehen. ISHIR kann Ihnen helfen, die besten M\u00f6glichkeiten auszunutzen, um die L\u00fccken zu einer nahtlosen Lieferung zu schlie\u00dfen. Unser DevOps als ein Service wird eine Kultur der Zusammenarbeit, Innovation und verbesserten Betriebseffizienz erm\u00f6glichen.<br \/>\nMit dem DevOps Angebot von ISHIR kann das Team eine Automatisierung einrichten, die besten Hilfsmittel zu Prozesstransformation empfehlen und due aktuelle Lieferpipeline auf die effizienteste Weise verwalten. Um eine bessere Qualit\u00e4t der Software-Builds zu gew\u00e4hrleisten, bietet ISHIR DevOps Assessment, Automatisierung und Management Leistungen mit einer Reihe von Tools zur Automatisierung und Messung der Performance der DevOps-Implementierung an.<\/p>\n","protected":false},"excerpt":{"rendered":"<p>Richten Sie Entwicklung und Betrieb besser f\u00fcr eine h\u00f6here Effizienz und den Markt ein Es ist zwar bekannt, dass Zusammenarbeit, Automatisierung und Integration die wichtigsten Bestandteile einer erfolgreichen DevOps-Implementierung sind, aber viele sind nicht in der Lage, Engp\u00e4sse zu beseitigen, die mit einer solchen Implementierung einhergehen. ISHIR kann Ihnen helfen, die besten M\u00f6glichkeiten auszunutzen, um &hellip; <a href=\"https:\/\/www.ishir.com\/de\/devops-beratungs-und-outsourcing-dienstleistungen.htm\" class=\"more-link\">Continue reading<span class=\"screen-reader-text\"> &#8220;ENTWICKLUNGEN&#8221;<\/span><\/a><\/p>\n","protected":false},"author":1,"featured_media":0,"parent":0,"menu_order":0,"comment_status":"closed","ping_status":"closed","template":"layouts\/devops-outsourcing.php","meta":{"_acf_changed":false,"footnotes":""},"class_list":["post-31","page","type-page","status-publish","hentry"],"acf":[],"yoast_head":"<!-- This site is optimized with the Yoast SEO plugin v26.2 - https:\/\/yoast.com\/wordpress\/plugins\/seo\/ -->\n<title>DevOps-Beratungsleistungen | Anbieter f\u00fcr agile Entwicklung und Betrieb Dallas<\/title>\n<meta name=\"description\" content=\"ISHIR ist eine DevOps-Beratungsfirma mit Sitz in Dallas, die Offshore-Dienstleistungen f\u00fcr die Bewertung, Automatisierung, Entwicklung und Verwaltung von DevOps mit einer Reihe von Tools zur Automatisierung und Messung der Leistung der DevOps-Implementierungen bietet.\" \/>\n<meta name=\"robots\" content=\"index, follow, max-snippet:-1, max-image-preview:large, max-video-preview:-1\" \/>\n<link rel=\"canonical\" href=\"https:\/\/www.ishir.com\/de\/devops-beratungs-und-outsourcing-dienstleistungen.htm\" \/>\n<meta property=\"og:locale\" content=\"en_US\" \/>\n<meta property=\"og:type\" content=\"article\" \/>\n<meta property=\"og:title\" content=\"DevOps-Beratungsleistungen | Anbieter f\u00fcr agile Entwicklung und Betrieb Dallas\" \/>\n<meta property=\"og:description\" content=\"ISHIR ist eine DevOps-Beratungsfirma mit Sitz in Dallas, die Offshore-Dienstleistungen f\u00fcr die Bewertung, Automatisierung, Entwicklung und Verwaltung von DevOps mit einer Reihe von Tools zur Automatisierung und Messung der Leistung der DevOps-Implementierungen bietet.\" \/>\n<meta property=\"og:url\" content=\"https:\/\/www.ishir.com\/de\/devops-beratungs-und-outsourcing-dienstleistungen.htm\" \/>\n<meta property=\"og:site_name\" content=\"Offshore Custom Software Product Development Outsourcing Company India Mobile Application Development Services Dallas Texas Alexa AI IoT Developers - ISHIR\" \/>\n<meta property=\"article:modified_time\" content=\"2018-11-16T06:59:55+00:00\" \/>\n<meta name=\"twitter:card\" content=\"summary_large_image\" \/>\n<meta name=\"twitter:label1\" content=\"Est. reading time\" \/>\n\t<meta name=\"twitter:data1\" content=\"1 minute\" \/>\n<script type=\"application\/ld+json\" class=\"yoast-schema-graph\">{\"@context\":\"https:\/\/schema.org\",\"@graph\":[{\"@type\":\"WebPage\",\"@id\":\"https:\/\/www.ishir.com\/de\/devops-beratungs-und-outsourcing-dienstleistungen.htm\",\"url\":\"https:\/\/www.ishir.com\/de\/devops-beratungs-und-outsourcing-dienstleistungen.htm\",\"name\":\"DevOps-Beratungsleistungen | Anbieter f\u00fcr agile Entwicklung und Betrieb Dallas\",\"isPartOf\":{\"@id\":\"https:\/\/www.ishir.com\/de\/#website\"},\"datePublished\":\"2018-08-03T14:45:32+00:00\",\"dateModified\":\"2018-11-16T06:59:55+00:00\",\"description\":\"ISHIR ist eine DevOps-Beratungsfirma mit Sitz in Dallas, die Offshore-Dienstleistungen f\u00fcr die Bewertung, Automatisierung, Entwicklung und Verwaltung von DevOps mit einer Reihe von Tools zur Automatisierung und Messung der Leistung der DevOps-Implementierungen bietet.\",\"breadcrumb\":{\"@id\":\"https:\/\/www.ishir.com\/de\/devops-beratungs-und-outsourcing-dienstleistungen.htm#breadcrumb\"},\"inLanguage\":\"en-US\",\"potentialAction\":[{\"@type\":\"ReadAction\",\"target\":[\"https:\/\/www.ishir.com\/de\/devops-beratungs-und-outsourcing-dienstleistungen.htm\"]}]},{\"@type\":\"BreadcrumbList\",\"@id\":\"https:\/\/www.ishir.com\/de\/devops-beratungs-und-outsourcing-dienstleistungen.htm#breadcrumb\",\"itemListElement\":[{\"@type\":\"ListItem\",\"position\":1,\"name\":\"Home\",\"item\":\"https:\/\/www.ishir.com\/de\/\"},{\"@type\":\"ListItem\",\"position\":2,\"name\":\"ENTWICKLUNGEN\"}]},{\"@type\":\"WebSite\",\"@id\":\"https:\/\/www.ishir.com\/de\/#website\",\"url\":\"https:\/\/www.ishir.com\/de\/\",\"name\":\"Offshore Custom Software Product Development Outsourcing Company India Mobile Application Development Services Dallas Texas Alexa AI IoT Developers - ISHIR\",\"description\":\"Just another WordPress site\",\"potentialAction\":[{\"@type\":\"SearchAction\",\"target\":{\"@type\":\"EntryPoint\",\"urlTemplate\":\"https:\/\/www.ishir.com\/de\/?s={search_term_string}\"},\"query-input\":{\"@type\":\"PropertyValueSpecification\",\"valueRequired\":true,\"valueName\":\"search_term_string\"}}],\"inLanguage\":\"en-US\"}]}<\/script>\n<!-- \/ Yoast SEO plugin. -->","yoast_head_json":{"title":"DevOps-Beratungsleistungen | Anbieter f\u00fcr agile Entwicklung und Betrieb Dallas","description":"ISHIR ist eine DevOps-Beratungsfirma mit Sitz in Dallas, die Offshore-Dienstleistungen f\u00fcr die Bewertung, Automatisierung, Entwicklung und Verwaltung von DevOps mit einer Reihe von Tools zur Automatisierung und Messung der Leistung der DevOps-Implementierungen bietet.","robots":{"index":"index","follow":"follow","max-snippet":"max-snippet:-1","max-image-preview":"max-image-preview:large","max-video-preview":"max-video-preview:-1"},"canonical":"https:\/\/www.ishir.com\/de\/devops-beratungs-und-outsourcing-dienstleistungen.htm","og_locale":"en_US","og_type":"article","og_title":"DevOps-Beratungsleistungen | Anbieter f\u00fcr agile Entwicklung und Betrieb Dallas","og_description":"ISHIR ist eine DevOps-Beratungsfirma mit Sitz in Dallas, die Offshore-Dienstleistungen f\u00fcr die Bewertung, Automatisierung, Entwicklung und Verwaltung von DevOps mit einer Reihe von Tools zur Automatisierung und Messung der Leistung der DevOps-Implementierungen bietet.","og_url":"https:\/\/www.ishir.com\/de\/devops-beratungs-und-outsourcing-dienstleistungen.htm","og_site_name":"Offshore Custom Software Product Development Outsourcing Company India Mobile Application Development Services Dallas Texas Alexa AI IoT Developers - ISHIR","article_modified_time":"2018-11-16T06:59:55+00:00","twitter_card":"summary_large_image","twitter_misc":{"Est. reading time":"1 minute"},"schema":{"@context":"https:\/\/schema.org","@graph":[{"@type":"WebPage","@id":"https:\/\/www.ishir.com\/de\/devops-beratungs-und-outsourcing-dienstleistungen.htm","url":"https:\/\/www.ishir.com\/de\/devops-beratungs-und-outsourcing-dienstleistungen.htm","name":"DevOps-Beratungsleistungen | Anbieter f\u00fcr agile Entwicklung und Betrieb Dallas","isPartOf":{"@id":"https:\/\/www.ishir.com\/de\/#website"},"datePublished":"2018-08-03T14:45:32+00:00","dateModified":"2018-11-16T06:59:55+00:00","description":"ISHIR ist eine DevOps-Beratungsfirma mit Sitz in Dallas, die Offshore-Dienstleistungen f\u00fcr die Bewertung, Automatisierung, Entwicklung und Verwaltung von DevOps mit einer Reihe von Tools zur Automatisierung und Messung der Leistung der DevOps-Implementierungen bietet.","breadcrumb":{"@id":"https:\/\/www.ishir.com\/de\/devops-beratungs-und-outsourcing-dienstleistungen.htm#breadcrumb"},"inLanguage":"en-US","potentialAction":[{"@type":"ReadAction","target":["https:\/\/www.ishir.com\/de\/devops-beratungs-und-outsourcing-dienstleistungen.htm"]}]},{"@type":"BreadcrumbList","@id":"https:\/\/www.ishir.com\/de\/devops-beratungs-und-outsourcing-dienstleistungen.htm#breadcrumb","itemListElement":[{"@type":"ListItem","position":1,"name":"Home","item":"https:\/\/www.ishir.com\/de\/"},{"@type":"ListItem","position":2,"name":"ENTWICKLUNGEN"}]},{"@type":"WebSite","@id":"https:\/\/www.ishir.com\/de\/#website","url":"https:\/\/www.ishir.com\/de\/","name":"Offshore Custom Software Product Development Outsourcing Company India Mobile Application Development Services Dallas Texas Alexa AI IoT Developers - ISHIR","description":"Just another WordPress site","potentialAction":[{"@type":"SearchAction","target":{"@type":"EntryPoint","urlTemplate":"https:\/\/www.ishir.com\/de\/?s={search_term_string}"},"query-input":{"@type":"PropertyValueSpecification","valueRequired":true,"valueName":"search_term_string"}}],"inLanguage":"en-US"}]}},"_links":{"self":[{"href":"https:\/\/www.ishir.com\/de\/wp-json\/wp\/v2\/pages\/31","targetHints":{"allow":["GET"]}}],"collection":[{"href":"https:\/\/www.ishir.com\/de\/wp-json\/wp\/v2\/pages"}],"about":[{"href":"https:\/\/www.ishir.com\/de\/wp-json\/wp\/v2\/types\/page"}],"author":[{"embeddable":true,"href":"https:\/\/www.ishir.com\/de\/wp-json\/wp\/v2\/users\/1"}],"replies":[{"embeddable":true,"href":"https:\/\/www.ishir.com\/de\/wp-json\/wp\/v2\/comments?post=31"}],"version-history":[{"count":9,"href":"https:\/\/www.ishir.com\/de\/wp-json\/wp\/v2\/pages\/31\/revisions"}],"predecessor-version":[{"id":6224,"href":"https:\/\/www.ishir.com\/de\/wp-json\/wp\/v2\/pages\/31\/revisions\/6224"}],"wp:attachment":[{"href":"https:\/\/www.ishir.com\/de\/wp-json\/wp\/v2\/media?parent=31"}],"curies":[{"name":"wp","href":"https:\/\/api.w.org\/{rel}","templated":true}]}}