{"id":37,"date":"2018-08-03T15:14:46","date_gmt":"2018-08-03T15:14:46","guid":{"rendered":"https:\/\/www.ishir.com\/de\/?page_id=37"},"modified":"2018-11-16T07:00:26","modified_gmt":"2018-11-16T07:00:26","slug":"geschaftsprozess-outsourcing-indien","status":"publish","type":"page","link":"https:\/\/www.ishir.com\/de\/geschaftsprozess-outsourcing-indien.htm","title":{"rendered":"BPO\/DATENEINGABE"},"content":{"rendered":"<div class=\"row\">\n<div class=\"col-lg-12 col-sm-12 col-xs-12\">\n<div class=\"row\">\n<div class=\"col-lg-12 col-sm-12 col-xs-12\">\n<h3>Erreichen Sie den besten Business-Vorteil, indem Sie mit ISHIR zusammenarbeiten, um Ihre wichtigsten Gesch\u00e4ftsprozesse umzuwandeln<\/h3>\n<\/div>\n<\/div>\n<p>CxO wird unter Druck gesetzt, Kosten zu senken, Kontrollen zu versch\u00e4rfen und die Gesch\u00e4ftsleistung zu verbessern, ohne interne Abl\u00e4ufe zu st\u00f6ren. Mit ISHIR k\u00f6nnen Sie sofort an Kosten sparen, w\u00e4hrend Sie gleichzeitig Ihr ganzes Unternehmen aufbessern. Mit ISHIR als Ihr BPO-Partner k\u00f6nnen Sie Ihre wertvollen Ressourcen effizienter uns strategischer einsetzen. Wenden Sie sich an ISHIR, um Ihre internen Ressourcen besser f\u00fcr Ihre Kernkompetenzen zu nutzen, um die Wettbewerbsf\u00e4higkeit Ihres Unternehmens zu verbessern und auszubauen. <\/p>\n<p>Unsere Expertise liegt in der Bereitstellung von Offshore-Back Office-Support \u2013Leistungen. Wir verfolgen sehr gut strukturierte Methodik bei der Durchf\u00fchrung der Prozesse, um eine qualitativ hochwertige und dennoch kurze Bearbeitungszeit zu gew\u00e4hrleisten.<\/p>\n<\/div>\n<\/div>\n","protected":false},"excerpt":{"rendered":"<p>Erreichen Sie den besten Business-Vorteil, indem Sie mit ISHIR zusammenarbeiten, um Ihre wichtigsten Gesch\u00e4ftsprozesse umzuwandeln CxO wird unter Druck gesetzt, Kosten zu senken, Kontrollen zu versch\u00e4rfen und die Gesch\u00e4ftsleistung zu verbessern, ohne interne Abl\u00e4ufe zu st\u00f6ren. Mit ISHIR k\u00f6nnen Sie sofort an Kosten sparen, w\u00e4hrend Sie gleichzeitig Ihr ganzes Unternehmen aufbessern. Mit ISHIR als Ihr &hellip; <a href=\"https:\/\/www.ishir.com\/de\/geschaftsprozess-outsourcing-indien.htm\" class=\"more-link\">Continue reading<span class=\"screen-reader-text\"> &#8220;BPO\/DATENEINGABE&#8221;<\/span><\/a><\/p>\n","protected":false},"author":1,"featured_media":0,"parent":0,"menu_order":0,"comment_status":"closed","ping_status":"closed","template":"layouts\/business-process-outsourcing.php","meta":{"_acf_changed":false,"footnotes":""},"class_list":["post-37","page","type-page","status-publish","hentry"],"acf":[],"yoast_head":"<!-- This site is optimized with the Yoast SEO plugin v26.2 - https:\/\/yoast.com\/wordpress\/plugins\/seo\/ -->\n<title>Business Process Outsourcing (BPO) Dienstleistungen Unternehmen | Anbieter von Dateneingabediensten<\/title>\n<meta name=\"description\" content=\"Mit ISHIR sparen Sie sofort Kosten und k\u00f6nnen Ihre wertvollen Ressourcen effizienter und strategischer umleiten. Holen Sie sich die besten Angebote f\u00fcr Dateneingabe- und Datenverarbeitungsdienst von ISHIR.\" \/>\n<meta name=\"robots\" content=\"index, follow, max-snippet:-1, max-image-preview:large, max-video-preview:-1\" \/>\n<link rel=\"canonical\" href=\"https:\/\/www.ishir.com\/de\/geschaftsprozess-outsourcing-indien.htm\" \/>\n<meta property=\"og:locale\" content=\"en_US\" \/>\n<meta property=\"og:type\" content=\"article\" \/>\n<meta property=\"og:title\" content=\"Business Process Outsourcing (BPO) Dienstleistungen Unternehmen | Anbieter von Dateneingabediensten\" \/>\n<meta property=\"og:description\" content=\"Mit ISHIR sparen Sie sofort Kosten und k\u00f6nnen Ihre wertvollen Ressourcen effizienter und strategischer umleiten. Holen Sie sich die besten Angebote f\u00fcr Dateneingabe- und Datenverarbeitungsdienst von ISHIR.\" \/>\n<meta property=\"og:url\" content=\"https:\/\/www.ishir.com\/de\/geschaftsprozess-outsourcing-indien.htm\" \/>\n<meta property=\"og:site_name\" content=\"Offshore Custom Software Product Development Outsourcing Company India Mobile Application Development Services Dallas Texas Alexa AI IoT Developers - ISHIR\" \/>\n<meta property=\"article:modified_time\" content=\"2018-11-16T07:00:26+00:00\" \/>\n<meta name=\"twitter:card\" content=\"summary_large_image\" \/>\n<meta name=\"twitter:label1\" content=\"Est. reading time\" \/>\n\t<meta name=\"twitter:data1\" content=\"1 minute\" \/>\n<script type=\"application\/ld+json\" class=\"yoast-schema-graph\">{\"@context\":\"https:\/\/schema.org\",\"@graph\":[{\"@type\":\"WebPage\",\"@id\":\"https:\/\/www.ishir.com\/de\/geschaftsprozess-outsourcing-indien.htm\",\"url\":\"https:\/\/www.ishir.com\/de\/geschaftsprozess-outsourcing-indien.htm\",\"name\":\"Business Process Outsourcing (BPO) Dienstleistungen Unternehmen | Anbieter von Dateneingabediensten\",\"isPartOf\":{\"@id\":\"https:\/\/www.ishir.com\/de\/#website\"},\"datePublished\":\"2018-08-03T15:14:46+00:00\",\"dateModified\":\"2018-11-16T07:00:26+00:00\",\"description\":\"Mit ISHIR sparen Sie sofort Kosten und k\u00f6nnen Ihre wertvollen Ressourcen effizienter und strategischer umleiten. Holen Sie sich die besten Angebote f\u00fcr Dateneingabe- und Datenverarbeitungsdienst von ISHIR.\",\"breadcrumb\":{\"@id\":\"https:\/\/www.ishir.com\/de\/geschaftsprozess-outsourcing-indien.htm#breadcrumb\"},\"inLanguage\":\"en-US\",\"potentialAction\":[{\"@type\":\"ReadAction\",\"target\":[\"https:\/\/www.ishir.com\/de\/geschaftsprozess-outsourcing-indien.htm\"]}]},{\"@type\":\"BreadcrumbList\",\"@id\":\"https:\/\/www.ishir.com\/de\/geschaftsprozess-outsourcing-indien.htm#breadcrumb\",\"itemListElement\":[{\"@type\":\"ListItem\",\"position\":1,\"name\":\"Home\",\"item\":\"https:\/\/www.ishir.com\/de\/\"},{\"@type\":\"ListItem\",\"position\":2,\"name\":\"BPO\/DATENEINGABE\"}]},{\"@type\":\"WebSite\",\"@id\":\"https:\/\/www.ishir.com\/de\/#website\",\"url\":\"https:\/\/www.ishir.com\/de\/\",\"name\":\"Offshore Custom Software Product Development Outsourcing Company India Mobile Application Development Services Dallas Texas Alexa AI IoT Developers - ISHIR\",\"description\":\"Just another WordPress site\",\"potentialAction\":[{\"@type\":\"SearchAction\",\"target\":{\"@type\":\"EntryPoint\",\"urlTemplate\":\"https:\/\/www.ishir.com\/de\/?s={search_term_string}\"},\"query-input\":{\"@type\":\"PropertyValueSpecification\",\"valueRequired\":true,\"valueName\":\"search_term_string\"}}],\"inLanguage\":\"en-US\"}]}<\/script>\n<!-- \/ Yoast SEO plugin. -->","yoast_head_json":{"title":"Business Process Outsourcing (BPO) Dienstleistungen Unternehmen | Anbieter von Dateneingabediensten","description":"Mit ISHIR sparen Sie sofort Kosten und k\u00f6nnen Ihre wertvollen Ressourcen effizienter und strategischer umleiten. Holen Sie sich die besten Angebote f\u00fcr Dateneingabe- und Datenverarbeitungsdienst von ISHIR.","robots":{"index":"index","follow":"follow","max-snippet":"max-snippet:-1","max-image-preview":"max-image-preview:large","max-video-preview":"max-video-preview:-1"},"canonical":"https:\/\/www.ishir.com\/de\/geschaftsprozess-outsourcing-indien.htm","og_locale":"en_US","og_type":"article","og_title":"Business Process Outsourcing (BPO) Dienstleistungen Unternehmen | Anbieter von Dateneingabediensten","og_description":"Mit ISHIR sparen Sie sofort Kosten und k\u00f6nnen Ihre wertvollen Ressourcen effizienter und strategischer umleiten. Holen Sie sich die besten Angebote f\u00fcr Dateneingabe- und Datenverarbeitungsdienst von ISHIR.","og_url":"https:\/\/www.ishir.com\/de\/geschaftsprozess-outsourcing-indien.htm","og_site_name":"Offshore Custom Software Product Development Outsourcing Company India Mobile Application Development Services Dallas Texas Alexa AI IoT Developers - ISHIR","article_modified_time":"2018-11-16T07:00:26+00:00","twitter_card":"summary_large_image","twitter_misc":{"Est. reading time":"1 minute"},"schema":{"@context":"https:\/\/schema.org","@graph":[{"@type":"WebPage","@id":"https:\/\/www.ishir.com\/de\/geschaftsprozess-outsourcing-indien.htm","url":"https:\/\/www.ishir.com\/de\/geschaftsprozess-outsourcing-indien.htm","name":"Business Process Outsourcing (BPO) Dienstleistungen Unternehmen | Anbieter von Dateneingabediensten","isPartOf":{"@id":"https:\/\/www.ishir.com\/de\/#website"},"datePublished":"2018-08-03T15:14:46+00:00","dateModified":"2018-11-16T07:00:26+00:00","description":"Mit ISHIR sparen Sie sofort Kosten und k\u00f6nnen Ihre wertvollen Ressourcen effizienter und strategischer umleiten. Holen Sie sich die besten Angebote f\u00fcr Dateneingabe- und Datenverarbeitungsdienst von ISHIR.","breadcrumb":{"@id":"https:\/\/www.ishir.com\/de\/geschaftsprozess-outsourcing-indien.htm#breadcrumb"},"inLanguage":"en-US","potentialAction":[{"@type":"ReadAction","target":["https:\/\/www.ishir.com\/de\/geschaftsprozess-outsourcing-indien.htm"]}]},{"@type":"BreadcrumbList","@id":"https:\/\/www.ishir.com\/de\/geschaftsprozess-outsourcing-indien.htm#breadcrumb","itemListElement":[{"@type":"ListItem","position":1,"name":"Home","item":"https:\/\/www.ishir.com\/de\/"},{"@type":"ListItem","position":2,"name":"BPO\/DATENEINGABE"}]},{"@type":"WebSite","@id":"https:\/\/www.ishir.com\/de\/#website","url":"https:\/\/www.ishir.com\/de\/","name":"Offshore Custom Software Product Development Outsourcing Company India Mobile Application Development Services Dallas Texas Alexa AI IoT Developers - ISHIR","description":"Just another WordPress site","potentialAction":[{"@type":"SearchAction","target":{"@type":"EntryPoint","urlTemplate":"https:\/\/www.ishir.com\/de\/?s={search_term_string}"},"query-input":{"@type":"PropertyValueSpecification","valueRequired":true,"valueName":"search_term_string"}}],"inLanguage":"en-US"}]}},"_links":{"self":[{"href":"https:\/\/www.ishir.com\/de\/wp-json\/wp\/v2\/pages\/37","targetHints":{"allow":["GET"]}}],"collection":[{"href":"https:\/\/www.ishir.com\/de\/wp-json\/wp\/v2\/pages"}],"about":[{"href":"https:\/\/www.ishir.com\/de\/wp-json\/wp\/v2\/types\/page"}],"author":[{"embeddable":true,"href":"https:\/\/www.ishir.com\/de\/wp-json\/wp\/v2\/users\/1"}],"replies":[{"embeddable":true,"href":"https:\/\/www.ishir.com\/de\/wp-json\/wp\/v2\/comments?post=37"}],"version-history":[{"count":8,"href":"https:\/\/www.ishir.com\/de\/wp-json\/wp\/v2\/pages\/37\/revisions"}],"predecessor-version":[{"id":6205,"href":"https:\/\/www.ishir.com\/de\/wp-json\/wp\/v2\/pages\/37\/revisions\/6205"}],"wp:attachment":[{"href":"https:\/\/www.ishir.com\/de\/wp-json\/wp\/v2\/media?parent=37"}],"curies":[{"name":"wp","href":"https:\/\/api.w.org\/{rel}","templated":true}]}}