{"id":39,"date":"2018-08-06T07:27:44","date_gmt":"2018-08-06T07:27:44","guid":{"rendered":"https:\/\/www.ishir.com\/de\/?page_id=39"},"modified":"2018-11-16T06:54:02","modified_gmt":"2018-11-16T06:54:02","slug":"cloud-computing-dienste","status":"publish","type":"page","link":"https:\/\/www.ishir.com\/de\/cloud-computing-dienste.htm","title":{"rendered":"CLOUD"},"content":{"rendered":"<div class=\"container\">\n<div class=\"row\">\n<div class=\"col-lg-12 col-sm-12 col-xs-12\">\n<div class=\"row\">\n<div class=\"col-lg-10 col-sm-12 col-xs-12 col-lg-offset-1 col-sm-offset-0 col-xs-offset-0\">\n<h3>Steigern Sie Ihre gesch\u00e4ftliche Flexibilit\u00e4t und vereinfachen Sie Ihre Cloud-Transformation mit ISHIR<\/h3>\n<\/div>\n<\/div>\n<p>In der heutigen, sehr herausfordernden Unternehmensumgebung ist es unerl\u00e4sslich, dass IT-F\u00fchrungskr\u00e4fte L\u00f6sungen finden, um Kapitelkosten zu senken, generell Kosten zu verringern und die Effektivit\u00e4t zu verbessern. Cloud Computing bietet eine unglaubliche Chance. Jedoch bedeutet dies auch eine wesentliche Neugestaltung Ihrer derzeitigen IT-Abteilung, Ihres gesamten Betriebs, Ihrer Ressourcen und Ihrer IT-Infrastruktur, etc. Durch eine gesch\u00e4ftliche Expansion, Kontraktion, Fusionen oder \u00dcbernahmen, wird Ihre ganze IT-Umgebung zunehmend komplexer. Diese Komplexit\u00e4t erh\u00f6ht Kosten und senkt somit die Produktivit\u00e4t, was wiederrum die Wettbewerbsf\u00e4higkeit Ihres Unternehmens erheblich einschr\u00e4nkt. <\/p>\n<p>Cloud Computing ist die L\u00f6sung f\u00fcr solche IT-Komplexit\u00e4ten.  <\/p>\n<p>ISHIR hat schon mehreren gro\u00dfen und mittelgro\u00dfen Unternehmen weltweit geholfen, IT-Abteilungseffizienz, -konsolidierung und \/ oder -strategien bei der Cloud-Migration zu planen oder zu initiieren. Unsere Kunden k\u00f6nnen neue Erkenntnisse gewinnen und k\u00f6nnen bessere Kundenerlebnisse mit verbesserter Gesch\u00e4ftsagilit\u00e4t in der Cloud bieten.\n<\/p><\/div>\n<\/div>\n<\/div>\n","protected":false},"excerpt":{"rendered":"<p>Steigern Sie Ihre gesch\u00e4ftliche Flexibilit\u00e4t und vereinfachen Sie Ihre Cloud-Transformation mit ISHIR In der heutigen, sehr herausfordernden Unternehmensumgebung ist es unerl\u00e4sslich, dass IT-F\u00fchrungskr\u00e4fte L\u00f6sungen finden, um Kapitelkosten zu senken, generell Kosten zu verringern und die Effektivit\u00e4t zu verbessern. Cloud Computing bietet eine unglaubliche Chance. Jedoch bedeutet dies auch eine wesentliche Neugestaltung Ihrer derzeitigen IT-Abteilung, Ihres &hellip; <a href=\"https:\/\/www.ishir.com\/de\/cloud-computing-dienste.htm\" class=\"more-link\">Continue reading<span class=\"screen-reader-text\"> &#8220;CLOUD&#8221;<\/span><\/a><\/p>\n","protected":false},"author":1,"featured_media":0,"parent":0,"menu_order":0,"comment_status":"closed","ping_status":"closed","template":"layouts\/cloud-page.php","meta":{"_acf_changed":false,"footnotes":""},"class_list":["post-39","page","type-page","status-publish","hentry"],"acf":[],"yoast_head":"<!-- This site is optimized with the Yoast SEO plugin v26.2 - https:\/\/yoast.com\/wordpress\/plugins\/seo\/ -->\n<title>L\u00f6sung f\u00fcr Cloud Transformation Services | Cloud Computing Services Indien<\/title>\n<meta name=\"description\" content=\"Nutzen Sie die Cloud Computing-Services von ISHIR, um Ihr Unternehmen bei der Vereinfachung der Cloud-Transformation zu unterst\u00fctzen. Wir haben vielen L\u00e4ndern auf der ganzen Welt dabei geholfen, die Effizienz, Konsolidierung und alle Cloud-Computing-Aktivit\u00e4ten der IT-Abteilung zu planen.\" \/>\n<meta name=\"robots\" content=\"index, follow, max-snippet:-1, max-image-preview:large, max-video-preview:-1\" \/>\n<link rel=\"canonical\" href=\"https:\/\/www.ishir.com\/de\/cloud-computing-dienste.htm\" \/>\n<meta property=\"og:locale\" content=\"en_US\" \/>\n<meta property=\"og:type\" content=\"article\" \/>\n<meta property=\"og:title\" content=\"L\u00f6sung f\u00fcr Cloud Transformation Services | Cloud Computing Services Indien\" \/>\n<meta property=\"og:description\" content=\"Nutzen Sie die Cloud Computing-Services von ISHIR, um Ihr Unternehmen bei der Vereinfachung der Cloud-Transformation zu unterst\u00fctzen. Wir haben vielen L\u00e4ndern auf der ganzen Welt dabei geholfen, die Effizienz, Konsolidierung und alle Cloud-Computing-Aktivit\u00e4ten der IT-Abteilung zu planen.\" \/>\n<meta property=\"og:url\" content=\"https:\/\/www.ishir.com\/de\/cloud-computing-dienste.htm\" \/>\n<meta property=\"og:site_name\" content=\"Offshore Custom Software Product Development Outsourcing Company India Mobile Application Development Services Dallas Texas Alexa AI IoT Developers - ISHIR\" \/>\n<meta property=\"article:modified_time\" content=\"2018-11-16T06:54:02+00:00\" \/>\n<meta name=\"twitter:card\" content=\"summary_large_image\" \/>\n<meta name=\"twitter:label1\" content=\"Est. reading time\" \/>\n\t<meta name=\"twitter:data1\" content=\"1 minute\" \/>\n<script type=\"application\/ld+json\" class=\"yoast-schema-graph\">{\"@context\":\"https:\/\/schema.org\",\"@graph\":[{\"@type\":\"WebPage\",\"@id\":\"https:\/\/www.ishir.com\/de\/cloud-computing-dienste.htm\",\"url\":\"https:\/\/www.ishir.com\/de\/cloud-computing-dienste.htm\",\"name\":\"L\u00f6sung f\u00fcr Cloud Transformation Services | Cloud Computing Services Indien\",\"isPartOf\":{\"@id\":\"https:\/\/www.ishir.com\/de\/#website\"},\"datePublished\":\"2018-08-06T07:27:44+00:00\",\"dateModified\":\"2018-11-16T06:54:02+00:00\",\"description\":\"Nutzen Sie die Cloud Computing-Services von ISHIR, um Ihr Unternehmen bei der Vereinfachung der Cloud-Transformation zu unterst\u00fctzen. Wir haben vielen L\u00e4ndern auf der ganzen Welt dabei geholfen, die Effizienz, Konsolidierung und alle Cloud-Computing-Aktivit\u00e4ten der IT-Abteilung zu planen.\",\"breadcrumb\":{\"@id\":\"https:\/\/www.ishir.com\/de\/cloud-computing-dienste.htm#breadcrumb\"},\"inLanguage\":\"en-US\",\"potentialAction\":[{\"@type\":\"ReadAction\",\"target\":[\"https:\/\/www.ishir.com\/de\/cloud-computing-dienste.htm\"]}]},{\"@type\":\"BreadcrumbList\",\"@id\":\"https:\/\/www.ishir.com\/de\/cloud-computing-dienste.htm#breadcrumb\",\"itemListElement\":[{\"@type\":\"ListItem\",\"position\":1,\"name\":\"Home\",\"item\":\"https:\/\/www.ishir.com\/de\/\"},{\"@type\":\"ListItem\",\"position\":2,\"name\":\"CLOUD\"}]},{\"@type\":\"WebSite\",\"@id\":\"https:\/\/www.ishir.com\/de\/#website\",\"url\":\"https:\/\/www.ishir.com\/de\/\",\"name\":\"Offshore Custom Software Product Development Outsourcing Company India Mobile Application Development Services Dallas Texas Alexa AI IoT Developers - ISHIR\",\"description\":\"Just another WordPress site\",\"potentialAction\":[{\"@type\":\"SearchAction\",\"target\":{\"@type\":\"EntryPoint\",\"urlTemplate\":\"https:\/\/www.ishir.com\/de\/?s={search_term_string}\"},\"query-input\":{\"@type\":\"PropertyValueSpecification\",\"valueRequired\":true,\"valueName\":\"search_term_string\"}}],\"inLanguage\":\"en-US\"}]}<\/script>\n<!-- \/ Yoast SEO plugin. -->","yoast_head_json":{"title":"L\u00f6sung f\u00fcr Cloud Transformation Services | Cloud Computing Services Indien","description":"Nutzen Sie die Cloud Computing-Services von ISHIR, um Ihr Unternehmen bei der Vereinfachung der Cloud-Transformation zu unterst\u00fctzen. Wir haben vielen L\u00e4ndern auf der ganzen Welt dabei geholfen, die Effizienz, Konsolidierung und alle Cloud-Computing-Aktivit\u00e4ten der IT-Abteilung zu planen.","robots":{"index":"index","follow":"follow","max-snippet":"max-snippet:-1","max-image-preview":"max-image-preview:large","max-video-preview":"max-video-preview:-1"},"canonical":"https:\/\/www.ishir.com\/de\/cloud-computing-dienste.htm","og_locale":"en_US","og_type":"article","og_title":"L\u00f6sung f\u00fcr Cloud Transformation Services | Cloud Computing Services Indien","og_description":"Nutzen Sie die Cloud Computing-Services von ISHIR, um Ihr Unternehmen bei der Vereinfachung der Cloud-Transformation zu unterst\u00fctzen. Wir haben vielen L\u00e4ndern auf der ganzen Welt dabei geholfen, die Effizienz, Konsolidierung und alle Cloud-Computing-Aktivit\u00e4ten der IT-Abteilung zu planen.","og_url":"https:\/\/www.ishir.com\/de\/cloud-computing-dienste.htm","og_site_name":"Offshore Custom Software Product Development Outsourcing Company India Mobile Application Development Services Dallas Texas Alexa AI IoT Developers - ISHIR","article_modified_time":"2018-11-16T06:54:02+00:00","twitter_card":"summary_large_image","twitter_misc":{"Est. reading time":"1 minute"},"schema":{"@context":"https:\/\/schema.org","@graph":[{"@type":"WebPage","@id":"https:\/\/www.ishir.com\/de\/cloud-computing-dienste.htm","url":"https:\/\/www.ishir.com\/de\/cloud-computing-dienste.htm","name":"L\u00f6sung f\u00fcr Cloud Transformation Services | Cloud Computing Services Indien","isPartOf":{"@id":"https:\/\/www.ishir.com\/de\/#website"},"datePublished":"2018-08-06T07:27:44+00:00","dateModified":"2018-11-16T06:54:02+00:00","description":"Nutzen Sie die Cloud Computing-Services von ISHIR, um Ihr Unternehmen bei der Vereinfachung der Cloud-Transformation zu unterst\u00fctzen. Wir haben vielen L\u00e4ndern auf der ganzen Welt dabei geholfen, die Effizienz, Konsolidierung und alle Cloud-Computing-Aktivit\u00e4ten der IT-Abteilung zu planen.","breadcrumb":{"@id":"https:\/\/www.ishir.com\/de\/cloud-computing-dienste.htm#breadcrumb"},"inLanguage":"en-US","potentialAction":[{"@type":"ReadAction","target":["https:\/\/www.ishir.com\/de\/cloud-computing-dienste.htm"]}]},{"@type":"BreadcrumbList","@id":"https:\/\/www.ishir.com\/de\/cloud-computing-dienste.htm#breadcrumb","itemListElement":[{"@type":"ListItem","position":1,"name":"Home","item":"https:\/\/www.ishir.com\/de\/"},{"@type":"ListItem","position":2,"name":"CLOUD"}]},{"@type":"WebSite","@id":"https:\/\/www.ishir.com\/de\/#website","url":"https:\/\/www.ishir.com\/de\/","name":"Offshore Custom Software Product Development Outsourcing Company India Mobile Application Development Services Dallas Texas Alexa AI IoT Developers - ISHIR","description":"Just another WordPress site","potentialAction":[{"@type":"SearchAction","target":{"@type":"EntryPoint","urlTemplate":"https:\/\/www.ishir.com\/de\/?s={search_term_string}"},"query-input":{"@type":"PropertyValueSpecification","valueRequired":true,"valueName":"search_term_string"}}],"inLanguage":"en-US"}]}},"_links":{"self":[{"href":"https:\/\/www.ishir.com\/de\/wp-json\/wp\/v2\/pages\/39","targetHints":{"allow":["GET"]}}],"collection":[{"href":"https:\/\/www.ishir.com\/de\/wp-json\/wp\/v2\/pages"}],"about":[{"href":"https:\/\/www.ishir.com\/de\/wp-json\/wp\/v2\/types\/page"}],"author":[{"embeddable":true,"href":"https:\/\/www.ishir.com\/de\/wp-json\/wp\/v2\/users\/1"}],"replies":[{"embeddable":true,"href":"https:\/\/www.ishir.com\/de\/wp-json\/wp\/v2\/comments?post=39"}],"version-history":[{"count":8,"href":"https:\/\/www.ishir.com\/de\/wp-json\/wp\/v2\/pages\/39\/revisions"}],"predecessor-version":[{"id":6223,"href":"https:\/\/www.ishir.com\/de\/wp-json\/wp\/v2\/pages\/39\/revisions\/6223"}],"wp:attachment":[{"href":"https:\/\/www.ishir.com\/de\/wp-json\/wp\/v2\/media?parent=39"}],"curies":[{"name":"wp","href":"https:\/\/api.w.org\/{rel}","templated":true}]}}