{"id":42,"date":"2018-08-06T07:38:48","date_gmt":"2018-08-06T07:38:48","guid":{"rendered":"https:\/\/www.ishir.com\/de\/?page_id=42"},"modified":"2018-11-16T07:13:06","modified_gmt":"2018-11-16T07:13:06","slug":"kunstliche-intelligenz","status":"publish","type":"page","link":"https:\/\/www.ishir.com\/de\/kunstliche-intelligenz.htm","title":{"rendered":"K\u00dcNSTLICHE INTELLIGENZ"},"content":{"rendered":"<h3>KI wird Ihr Gesch\u00e4ft ver\u00e4ndern. Lassen Sie uns das KI-Rennen gemeinsam starten.<\/h3>\n<p>In den letzten Jahren hat K\u00fcnstliche Intelligenz jede Branche durchdrungen und die t\u00e4gliche Arbeit durch eine revolution\u00e4re Arbeitsweise beeinflusst. Theoretisch h\u00f6rt sich all das aufregend an, aber Sie fragen sich, wie KI Ihrem Unternehmen n\u00fctzlich sein kann und wie KI Ihr Gesch\u00e4ft zukunftstauglich machen kann.<\/p>\n<p>ISHIR wird mit Ihnen zusammenarbeiten, um herauszufinden, welche KI-Technologien Ihr Unternehmen auf die n\u00e4chsth\u00f6here Stufe bringen. Dank unserer Kompetenzen in Machine Learning, Virtual Assistants, Entscheidungsmanagement, Internet of Things (IoT) und Big Data haben wir leistungsstarke KI-L\u00f6sungen f\u00fcr zahlreiche Kunden auf der ganzen Welt.<\/p>\n","protected":false},"excerpt":{"rendered":"<p>KI wird Ihr Gesch\u00e4ft ver\u00e4ndern. Lassen Sie uns das KI-Rennen gemeinsam starten. In den letzten Jahren hat K\u00fcnstliche Intelligenz jede Branche durchdrungen und die t\u00e4gliche Arbeit durch eine revolution\u00e4re Arbeitsweise beeinflusst. Theoretisch h\u00f6rt sich all das aufregend an, aber Sie fragen sich, wie KI Ihrem Unternehmen n\u00fctzlich sein kann und wie KI Ihr Gesch\u00e4ft zukunftstauglich &hellip; <a href=\"https:\/\/www.ishir.com\/de\/kunstliche-intelligenz.htm\" class=\"more-link\">Continue reading<span class=\"screen-reader-text\"> &#8220;K\u00dcNSTLICHE INTELLIGENZ&#8221;<\/span><\/a><\/p>\n","protected":false},"author":1,"featured_media":0,"parent":0,"menu_order":0,"comment_status":"closed","ping_status":"closed","template":"layouts\/artificial-intelligence.php","meta":{"_acf_changed":false,"footnotes":""},"class_list":["post-42","page","type-page","status-publish","hentry"],"acf":[],"yoast_head":"<!-- This site is optimized with the Yoast SEO plugin v26.2 - https:\/\/yoast.com\/wordpress\/plugins\/seo\/ -->\n<title>AI-Entwicklungsl\u00f6sungen | K\u00fcnstliche Intelligenzdienste -ISHIR<\/title>\n<meta name=\"description\" content=\"Gestalten Sie Ihr Gesch\u00e4ft mit k\u00fcnstlichen Intelligenzl\u00f6sungen mit ISHIR neu und probieren Sie uns eine Woche lang. Wir k\u00f6nnen digitale virtuelle Assistenten mit KI-Unterst\u00fctzung erm\u00f6glichen, die das menschliche Verhalten verstehen und intelligente Gespr\u00e4che mit Kunden f\u00fchren k\u00f6nnen.\" \/>\n<meta name=\"robots\" content=\"index, follow, max-snippet:-1, max-image-preview:large, max-video-preview:-1\" \/>\n<link rel=\"canonical\" href=\"https:\/\/www.ishir.com\/de\/kunstliche-intelligenz.htm\" \/>\n<meta property=\"og:locale\" content=\"en_US\" \/>\n<meta property=\"og:type\" content=\"article\" \/>\n<meta property=\"og:title\" content=\"AI-Entwicklungsl\u00f6sungen | K\u00fcnstliche Intelligenzdienste -ISHIR\" \/>\n<meta property=\"og:description\" content=\"Gestalten Sie Ihr Gesch\u00e4ft mit k\u00fcnstlichen Intelligenzl\u00f6sungen mit ISHIR neu und probieren Sie uns eine Woche lang. Wir k\u00f6nnen digitale virtuelle Assistenten mit KI-Unterst\u00fctzung erm\u00f6glichen, die das menschliche Verhalten verstehen und intelligente Gespr\u00e4che mit Kunden f\u00fchren k\u00f6nnen.\" \/>\n<meta property=\"og:url\" content=\"https:\/\/www.ishir.com\/de\/kunstliche-intelligenz.htm\" \/>\n<meta property=\"og:site_name\" content=\"Offshore Custom Software Product Development Outsourcing Company India Mobile Application Development Services Dallas Texas Alexa AI IoT Developers - ISHIR\" \/>\n<meta property=\"article:modified_time\" content=\"2018-11-16T07:13:06+00:00\" \/>\n<meta name=\"twitter:card\" content=\"summary_large_image\" \/>\n<meta name=\"twitter:label1\" content=\"Est. reading time\" \/>\n\t<meta name=\"twitter:data1\" content=\"1 minute\" \/>\n<script type=\"application\/ld+json\" class=\"yoast-schema-graph\">{\"@context\":\"https:\/\/schema.org\",\"@graph\":[{\"@type\":\"WebPage\",\"@id\":\"https:\/\/www.ishir.com\/de\/kunstliche-intelligenz.htm\",\"url\":\"https:\/\/www.ishir.com\/de\/kunstliche-intelligenz.htm\",\"name\":\"AI-Entwicklungsl\u00f6sungen | K\u00fcnstliche Intelligenzdienste -ISHIR\",\"isPartOf\":{\"@id\":\"https:\/\/www.ishir.com\/de\/#website\"},\"datePublished\":\"2018-08-06T07:38:48+00:00\",\"dateModified\":\"2018-11-16T07:13:06+00:00\",\"description\":\"Gestalten Sie Ihr Gesch\u00e4ft mit k\u00fcnstlichen Intelligenzl\u00f6sungen mit ISHIR neu und probieren Sie uns eine Woche lang. Wir k\u00f6nnen digitale virtuelle Assistenten mit KI-Unterst\u00fctzung erm\u00f6glichen, die das menschliche Verhalten verstehen und intelligente Gespr\u00e4che mit Kunden f\u00fchren k\u00f6nnen.\",\"breadcrumb\":{\"@id\":\"https:\/\/www.ishir.com\/de\/kunstliche-intelligenz.htm#breadcrumb\"},\"inLanguage\":\"en-US\",\"potentialAction\":[{\"@type\":\"ReadAction\",\"target\":[\"https:\/\/www.ishir.com\/de\/kunstliche-intelligenz.htm\"]}]},{\"@type\":\"BreadcrumbList\",\"@id\":\"https:\/\/www.ishir.com\/de\/kunstliche-intelligenz.htm#breadcrumb\",\"itemListElement\":[{\"@type\":\"ListItem\",\"position\":1,\"name\":\"Home\",\"item\":\"https:\/\/www.ishir.com\/de\/\"},{\"@type\":\"ListItem\",\"position\":2,\"name\":\"K\u00dcNSTLICHE INTELLIGENZ\"}]},{\"@type\":\"WebSite\",\"@id\":\"https:\/\/www.ishir.com\/de\/#website\",\"url\":\"https:\/\/www.ishir.com\/de\/\",\"name\":\"Offshore Custom Software Product Development Outsourcing Company India Mobile Application Development Services Dallas Texas Alexa AI IoT Developers - ISHIR\",\"description\":\"Just another WordPress site\",\"potentialAction\":[{\"@type\":\"SearchAction\",\"target\":{\"@type\":\"EntryPoint\",\"urlTemplate\":\"https:\/\/www.ishir.com\/de\/?s={search_term_string}\"},\"query-input\":{\"@type\":\"PropertyValueSpecification\",\"valueRequired\":true,\"valueName\":\"search_term_string\"}}],\"inLanguage\":\"en-US\"}]}<\/script>\n<!-- \/ Yoast SEO plugin. -->","yoast_head_json":{"title":"AI-Entwicklungsl\u00f6sungen | K\u00fcnstliche Intelligenzdienste -ISHIR","description":"Gestalten Sie Ihr Gesch\u00e4ft mit k\u00fcnstlichen Intelligenzl\u00f6sungen mit ISHIR neu und probieren Sie uns eine Woche lang. Wir k\u00f6nnen digitale virtuelle Assistenten mit KI-Unterst\u00fctzung erm\u00f6glichen, die das menschliche Verhalten verstehen und intelligente Gespr\u00e4che mit Kunden f\u00fchren k\u00f6nnen.","robots":{"index":"index","follow":"follow","max-snippet":"max-snippet:-1","max-image-preview":"max-image-preview:large","max-video-preview":"max-video-preview:-1"},"canonical":"https:\/\/www.ishir.com\/de\/kunstliche-intelligenz.htm","og_locale":"en_US","og_type":"article","og_title":"AI-Entwicklungsl\u00f6sungen | K\u00fcnstliche Intelligenzdienste -ISHIR","og_description":"Gestalten Sie Ihr Gesch\u00e4ft mit k\u00fcnstlichen Intelligenzl\u00f6sungen mit ISHIR neu und probieren Sie uns eine Woche lang. Wir k\u00f6nnen digitale virtuelle Assistenten mit KI-Unterst\u00fctzung erm\u00f6glichen, die das menschliche Verhalten verstehen und intelligente Gespr\u00e4che mit Kunden f\u00fchren k\u00f6nnen.","og_url":"https:\/\/www.ishir.com\/de\/kunstliche-intelligenz.htm","og_site_name":"Offshore Custom Software Product Development Outsourcing Company India Mobile Application Development Services Dallas Texas Alexa AI IoT Developers - ISHIR","article_modified_time":"2018-11-16T07:13:06+00:00","twitter_card":"summary_large_image","twitter_misc":{"Est. reading time":"1 minute"},"schema":{"@context":"https:\/\/schema.org","@graph":[{"@type":"WebPage","@id":"https:\/\/www.ishir.com\/de\/kunstliche-intelligenz.htm","url":"https:\/\/www.ishir.com\/de\/kunstliche-intelligenz.htm","name":"AI-Entwicklungsl\u00f6sungen | K\u00fcnstliche Intelligenzdienste -ISHIR","isPartOf":{"@id":"https:\/\/www.ishir.com\/de\/#website"},"datePublished":"2018-08-06T07:38:48+00:00","dateModified":"2018-11-16T07:13:06+00:00","description":"Gestalten Sie Ihr Gesch\u00e4ft mit k\u00fcnstlichen Intelligenzl\u00f6sungen mit ISHIR neu und probieren Sie uns eine Woche lang. Wir k\u00f6nnen digitale virtuelle Assistenten mit KI-Unterst\u00fctzung erm\u00f6glichen, die das menschliche Verhalten verstehen und intelligente Gespr\u00e4che mit Kunden f\u00fchren k\u00f6nnen.","breadcrumb":{"@id":"https:\/\/www.ishir.com\/de\/kunstliche-intelligenz.htm#breadcrumb"},"inLanguage":"en-US","potentialAction":[{"@type":"ReadAction","target":["https:\/\/www.ishir.com\/de\/kunstliche-intelligenz.htm"]}]},{"@type":"BreadcrumbList","@id":"https:\/\/www.ishir.com\/de\/kunstliche-intelligenz.htm#breadcrumb","itemListElement":[{"@type":"ListItem","position":1,"name":"Home","item":"https:\/\/www.ishir.com\/de\/"},{"@type":"ListItem","position":2,"name":"K\u00dcNSTLICHE INTELLIGENZ"}]},{"@type":"WebSite","@id":"https:\/\/www.ishir.com\/de\/#website","url":"https:\/\/www.ishir.com\/de\/","name":"Offshore Custom Software Product Development Outsourcing Company India Mobile Application Development Services Dallas Texas Alexa AI IoT Developers - ISHIR","description":"Just another WordPress site","potentialAction":[{"@type":"SearchAction","target":{"@type":"EntryPoint","urlTemplate":"https:\/\/www.ishir.com\/de\/?s={search_term_string}"},"query-input":{"@type":"PropertyValueSpecification","valueRequired":true,"valueName":"search_term_string"}}],"inLanguage":"en-US"}]}},"_links":{"self":[{"href":"https:\/\/www.ishir.com\/de\/wp-json\/wp\/v2\/pages\/42","targetHints":{"allow":["GET"]}}],"collection":[{"href":"https:\/\/www.ishir.com\/de\/wp-json\/wp\/v2\/pages"}],"about":[{"href":"https:\/\/www.ishir.com\/de\/wp-json\/wp\/v2\/types\/page"}],"author":[{"embeddable":true,"href":"https:\/\/www.ishir.com\/de\/wp-json\/wp\/v2\/users\/1"}],"replies":[{"embeddable":true,"href":"https:\/\/www.ishir.com\/de\/wp-json\/wp\/v2\/comments?post=42"}],"version-history":[{"count":9,"href":"https:\/\/www.ishir.com\/de\/wp-json\/wp\/v2\/pages\/42\/revisions"}],"predecessor-version":[{"id":6212,"href":"https:\/\/www.ishir.com\/de\/wp-json\/wp\/v2\/pages\/42\/revisions\/6212"}],"wp:attachment":[{"href":"https:\/\/www.ishir.com\/de\/wp-json\/wp\/v2\/media?parent=42"}],"curies":[{"name":"wp","href":"https:\/\/api.w.org\/{rel}","templated":true}]}}