{"id":46,"date":"2018-08-06T07:53:34","date_gmt":"2018-08-06T07:53:34","guid":{"rendered":"https:\/\/www.ishir.com\/de\/?page_id=46"},"modified":"2018-08-31T11:10:46","modified_gmt":"2018-08-31T11:10:46","slug":"amazon-web-services","status":"publish","type":"page","link":"https:\/\/www.ishir.com\/de\/amazon-web-services.htm","title":{"rendered":"AWS"},"content":{"rendered":"<section id=\"softwareDevelopmentContent\">\n<div class=\"container\">\n<div class=\"row\">\n<div class=\"col-lg-12 col-sm-12 col-xs-12\">\n<h3>Amazon Web-Leistungen (AWS) Managed Services<\/h3>\n<\/div>\n<\/div>\n<div class=\"row\">\n<div class=\"col-lg-6 col-sm-6 col-xs-12\" style=\"text-align: center;\"><img decoding=\"async\" class=\"img-responsive aligncenter\" style=\"display: inline-block;\" src=\"https:\/\/www.ishir.com\/de\/wp-content\/uploads\/2018\/08\/AWS-main-img-new.jpg\" alt=\"\" \/><\/div>\n<div class=\"col-lg-6 col-sm-6 col-xs-12\">\n<p style=\"text-align: left;\">Ihre Ressourcen werden gr\u00f6\u00dftenteils f\u00fcr die Verwaltung von AWS beansprucht und sind nicht in der Lage, sich auf Kernkompetenzen zu konzentrieren, welche das Unternehmenswachstum vorantreiben k\u00f6nnten. ISHIR kann Ihnen mit einer Reihe von professionellen AWS-Services helfen, welche Assessment, Managed Services und AWS Migration umfassen.  Wir verf\u00fcgen \u00fcber ein Team an erfahrenen AWS-Experten, die eng mit Kunden zusammenarbeiten k\u00f6nnen, um Arbeitslasten zu optimieren und auf AWS zu \u00fcbertragen.<\/p>\n<\/div>\n<\/div>\n<\/div>\n<\/section>\n","protected":false},"excerpt":{"rendered":"<p>Amazon Web-Leistungen (AWS) Managed Services Ihre Ressourcen werden gr\u00f6\u00dftenteils f\u00fcr die Verwaltung von AWS beansprucht und sind nicht in der Lage, sich auf Kernkompetenzen zu konzentrieren, welche das Unternehmenswachstum vorantreiben k\u00f6nnten. ISHIR kann Ihnen mit einer Reihe von professionellen AWS-Services helfen, welche Assessment, Managed Services und AWS Migration umfassen. Wir verf\u00fcgen \u00fcber ein Team an &hellip; <a href=\"https:\/\/www.ishir.com\/de\/amazon-web-services.htm\" class=\"more-link\">Continue reading<span class=\"screen-reader-text\"> &#8220;AWS&#8221;<\/span><\/a><\/p>\n","protected":false},"author":1,"featured_media":0,"parent":0,"menu_order":0,"comment_status":"closed","ping_status":"closed","template":"layouts\/amazon-web-services.php","meta":{"_acf_changed":false,"footnotes":""},"class_list":["post-46","page","type-page","status-publish","hentry"],"acf":[],"yoast_head":"<!-- This site is optimized with the Yoast SEO plugin v26.2 - https:\/\/yoast.com\/wordpress\/plugins\/seo\/ -->\n<title>AWS Integrationsmanagement Amazon Web Services Migrationspartner Cloud - Entwicklungsl\u00f6sungen Managed Service Provider Consulting - Experten Entwickler Dallas TX India | ISHIR<\/title>\n<meta name=\"description\" content=\"ISHIR verf\u00fcgt \u00fcber Expertise bei der Bereitstellung von End-to-End-Services f\u00fcr Unternehmen, die mithilfe von Amazon Web Services kritische Cloud-L\u00f6sungen erstellen. Wir sind AWS Partner und bieten AWS-Systemimplementierung, -Integration und -Entwicklung f\u00fcr Kunden weltweit. Erfahren Sie mehr \u00fcber unsere AWS Cloud-Experten!\" \/>\n<meta name=\"robots\" content=\"index, follow, max-snippet:-1, max-image-preview:large, max-video-preview:-1\" \/>\n<link rel=\"canonical\" href=\"https:\/\/www.ishir.com\/de\/amazon-web-services.htm\" \/>\n<meta property=\"og:locale\" content=\"en_US\" \/>\n<meta property=\"og:type\" content=\"article\" \/>\n<meta property=\"og:title\" content=\"AWS Integrationsmanagement Amazon Web Services Migrationspartner Cloud - Entwicklungsl\u00f6sungen Managed Service Provider Consulting - Experten Entwickler Dallas TX India | ISHIR\" \/>\n<meta property=\"og:description\" content=\"ISHIR verf\u00fcgt \u00fcber Expertise bei der Bereitstellung von End-to-End-Services f\u00fcr Unternehmen, die mithilfe von Amazon Web Services kritische Cloud-L\u00f6sungen erstellen. Wir sind AWS Partner und bieten AWS-Systemimplementierung, -Integration und -Entwicklung f\u00fcr Kunden weltweit. Erfahren Sie mehr \u00fcber unsere AWS Cloud-Experten!\" \/>\n<meta property=\"og:url\" content=\"https:\/\/www.ishir.com\/de\/amazon-web-services.htm\" \/>\n<meta property=\"og:site_name\" content=\"Offshore Custom Software Product Development Outsourcing Company India Mobile Application Development Services Dallas Texas Alexa AI IoT Developers - ISHIR\" \/>\n<meta property=\"article:modified_time\" content=\"2018-08-31T11:10:46+00:00\" \/>\n<meta property=\"og:image\" content=\"https:\/\/www.ishir.com\/de\/wp-content\/uploads\/2018\/08\/AWS-main-img-new.jpg\" \/>\n<meta name=\"twitter:card\" content=\"summary_large_image\" \/>\n<script type=\"application\/ld+json\" class=\"yoast-schema-graph\">{\"@context\":\"https:\/\/schema.org\",\"@graph\":[{\"@type\":\"WebPage\",\"@id\":\"https:\/\/www.ishir.com\/de\/amazon-web-services.htm\",\"url\":\"https:\/\/www.ishir.com\/de\/amazon-web-services.htm\",\"name\":\"AWS Integrationsmanagement Amazon Web Services Migrationspartner Cloud - Entwicklungsl\u00f6sungen Managed Service Provider Consulting - Experten Entwickler Dallas TX India | ISHIR\",\"isPartOf\":{\"@id\":\"https:\/\/www.ishir.com\/de\/#website\"},\"primaryImageOfPage\":{\"@id\":\"https:\/\/www.ishir.com\/de\/amazon-web-services.htm#primaryimage\"},\"image\":{\"@id\":\"https:\/\/www.ishir.com\/de\/amazon-web-services.htm#primaryimage\"},\"thumbnailUrl\":\"https:\/\/www.ishir.com\/de\/wp-content\/uploads\/2018\/08\/AWS-main-img-new.jpg\",\"datePublished\":\"2018-08-06T07:53:34+00:00\",\"dateModified\":\"2018-08-31T11:10:46+00:00\",\"description\":\"ISHIR verf\u00fcgt \u00fcber Expertise bei der Bereitstellung von End-to-End-Services f\u00fcr Unternehmen, die mithilfe von Amazon Web Services kritische Cloud-L\u00f6sungen erstellen. Wir sind AWS Partner und bieten AWS-Systemimplementierung, -Integration und -Entwicklung f\u00fcr Kunden weltweit. Erfahren Sie mehr \u00fcber unsere AWS Cloud-Experten!\",\"breadcrumb\":{\"@id\":\"https:\/\/www.ishir.com\/de\/amazon-web-services.htm#breadcrumb\"},\"inLanguage\":\"en-US\",\"potentialAction\":[{\"@type\":\"ReadAction\",\"target\":[\"https:\/\/www.ishir.com\/de\/amazon-web-services.htm\"]}]},{\"@type\":\"ImageObject\",\"inLanguage\":\"en-US\",\"@id\":\"https:\/\/www.ishir.com\/de\/amazon-web-services.htm#primaryimage\",\"url\":\"https:\/\/www.ishir.com\/de\/wp-content\/uploads\/2018\/08\/AWS-main-img-new.jpg\",\"contentUrl\":\"https:\/\/www.ishir.com\/de\/wp-content\/uploads\/2018\/08\/AWS-main-img-new.jpg\",\"width\":526,\"height\":232},{\"@type\":\"BreadcrumbList\",\"@id\":\"https:\/\/www.ishir.com\/de\/amazon-web-services.htm#breadcrumb\",\"itemListElement\":[{\"@type\":\"ListItem\",\"position\":1,\"name\":\"Home\",\"item\":\"https:\/\/www.ishir.com\/de\/\"},{\"@type\":\"ListItem\",\"position\":2,\"name\":\"AWS\"}]},{\"@type\":\"WebSite\",\"@id\":\"https:\/\/www.ishir.com\/de\/#website\",\"url\":\"https:\/\/www.ishir.com\/de\/\",\"name\":\"Offshore Custom Software Product Development Outsourcing Company India Mobile Application Development Services Dallas Texas Alexa AI IoT Developers - ISHIR\",\"description\":\"Just another WordPress site\",\"potentialAction\":[{\"@type\":\"SearchAction\",\"target\":{\"@type\":\"EntryPoint\",\"urlTemplate\":\"https:\/\/www.ishir.com\/de\/?s={search_term_string}\"},\"query-input\":{\"@type\":\"PropertyValueSpecification\",\"valueRequired\":true,\"valueName\":\"search_term_string\"}}],\"inLanguage\":\"en-US\"}]}<\/script>\n<!-- \/ Yoast SEO plugin. -->","yoast_head_json":{"title":"AWS Integrationsmanagement Amazon Web Services Migrationspartner Cloud - Entwicklungsl\u00f6sungen Managed Service Provider Consulting - Experten Entwickler Dallas TX India | ISHIR","description":"ISHIR verf\u00fcgt \u00fcber Expertise bei der Bereitstellung von End-to-End-Services f\u00fcr Unternehmen, die mithilfe von Amazon Web Services kritische Cloud-L\u00f6sungen erstellen. Wir sind AWS Partner und bieten AWS-Systemimplementierung, -Integration und -Entwicklung f\u00fcr Kunden weltweit. Erfahren Sie mehr \u00fcber unsere AWS Cloud-Experten!","robots":{"index":"index","follow":"follow","max-snippet":"max-snippet:-1","max-image-preview":"max-image-preview:large","max-video-preview":"max-video-preview:-1"},"canonical":"https:\/\/www.ishir.com\/de\/amazon-web-services.htm","og_locale":"en_US","og_type":"article","og_title":"AWS Integrationsmanagement Amazon Web Services Migrationspartner Cloud - Entwicklungsl\u00f6sungen Managed Service Provider Consulting - Experten Entwickler Dallas TX India | ISHIR","og_description":"ISHIR verf\u00fcgt \u00fcber Expertise bei der Bereitstellung von End-to-End-Services f\u00fcr Unternehmen, die mithilfe von Amazon Web Services kritische Cloud-L\u00f6sungen erstellen. Wir sind AWS Partner und bieten AWS-Systemimplementierung, -Integration und -Entwicklung f\u00fcr Kunden weltweit. Erfahren Sie mehr \u00fcber unsere AWS Cloud-Experten!","og_url":"https:\/\/www.ishir.com\/de\/amazon-web-services.htm","og_site_name":"Offshore Custom Software Product Development Outsourcing Company India Mobile Application Development Services Dallas Texas Alexa AI IoT Developers - ISHIR","article_modified_time":"2018-08-31T11:10:46+00:00","og_image":[{"url":"https:\/\/www.ishir.com\/de\/wp-content\/uploads\/2018\/08\/AWS-main-img-new.jpg","type":"","width":"","height":""}],"twitter_card":"summary_large_image","schema":{"@context":"https:\/\/schema.org","@graph":[{"@type":"WebPage","@id":"https:\/\/www.ishir.com\/de\/amazon-web-services.htm","url":"https:\/\/www.ishir.com\/de\/amazon-web-services.htm","name":"AWS Integrationsmanagement Amazon Web Services Migrationspartner Cloud - Entwicklungsl\u00f6sungen Managed Service Provider Consulting - Experten Entwickler Dallas TX India | ISHIR","isPartOf":{"@id":"https:\/\/www.ishir.com\/de\/#website"},"primaryImageOfPage":{"@id":"https:\/\/www.ishir.com\/de\/amazon-web-services.htm#primaryimage"},"image":{"@id":"https:\/\/www.ishir.com\/de\/amazon-web-services.htm#primaryimage"},"thumbnailUrl":"https:\/\/www.ishir.com\/de\/wp-content\/uploads\/2018\/08\/AWS-main-img-new.jpg","datePublished":"2018-08-06T07:53:34+00:00","dateModified":"2018-08-31T11:10:46+00:00","description":"ISHIR verf\u00fcgt \u00fcber Expertise bei der Bereitstellung von End-to-End-Services f\u00fcr Unternehmen, die mithilfe von Amazon Web Services kritische Cloud-L\u00f6sungen erstellen. Wir sind AWS Partner und bieten AWS-Systemimplementierung, -Integration und -Entwicklung f\u00fcr Kunden weltweit. Erfahren Sie mehr \u00fcber unsere AWS Cloud-Experten!","breadcrumb":{"@id":"https:\/\/www.ishir.com\/de\/amazon-web-services.htm#breadcrumb"},"inLanguage":"en-US","potentialAction":[{"@type":"ReadAction","target":["https:\/\/www.ishir.com\/de\/amazon-web-services.htm"]}]},{"@type":"ImageObject","inLanguage":"en-US","@id":"https:\/\/www.ishir.com\/de\/amazon-web-services.htm#primaryimage","url":"https:\/\/www.ishir.com\/de\/wp-content\/uploads\/2018\/08\/AWS-main-img-new.jpg","contentUrl":"https:\/\/www.ishir.com\/de\/wp-content\/uploads\/2018\/08\/AWS-main-img-new.jpg","width":526,"height":232},{"@type":"BreadcrumbList","@id":"https:\/\/www.ishir.com\/de\/amazon-web-services.htm#breadcrumb","itemListElement":[{"@type":"ListItem","position":1,"name":"Home","item":"https:\/\/www.ishir.com\/de\/"},{"@type":"ListItem","position":2,"name":"AWS"}]},{"@type":"WebSite","@id":"https:\/\/www.ishir.com\/de\/#website","url":"https:\/\/www.ishir.com\/de\/","name":"Offshore Custom Software Product Development Outsourcing Company India Mobile Application Development Services Dallas Texas Alexa AI IoT Developers - ISHIR","description":"Just another WordPress site","potentialAction":[{"@type":"SearchAction","target":{"@type":"EntryPoint","urlTemplate":"https:\/\/www.ishir.com\/de\/?s={search_term_string}"},"query-input":{"@type":"PropertyValueSpecification","valueRequired":true,"valueName":"search_term_string"}}],"inLanguage":"en-US"}]}},"_links":{"self":[{"href":"https:\/\/www.ishir.com\/de\/wp-json\/wp\/v2\/pages\/46","targetHints":{"allow":["GET"]}}],"collection":[{"href":"https:\/\/www.ishir.com\/de\/wp-json\/wp\/v2\/pages"}],"about":[{"href":"https:\/\/www.ishir.com\/de\/wp-json\/wp\/v2\/types\/page"}],"author":[{"embeddable":true,"href":"https:\/\/www.ishir.com\/de\/wp-json\/wp\/v2\/users\/1"}],"replies":[{"embeddable":true,"href":"https:\/\/www.ishir.com\/de\/wp-json\/wp\/v2\/comments?post=46"}],"version-history":[{"count":5,"href":"https:\/\/www.ishir.com\/de\/wp-json\/wp\/v2\/pages\/46\/revisions"}],"predecessor-version":[{"id":6137,"href":"https:\/\/www.ishir.com\/de\/wp-json\/wp\/v2\/pages\/46\/revisions\/6137"}],"wp:attachment":[{"href":"https:\/\/www.ishir.com\/de\/wp-json\/wp\/v2\/media?parent=46"}],"curies":[{"name":"wp","href":"https:\/\/api.w.org\/{rel}","templated":true}]}}