{"id":51,"date":"2018-08-06T08:06:41","date_gmt":"2018-08-06T08:06:41","guid":{"rendered":"https:\/\/www.ishir.com\/de\/?page_id=51"},"modified":"2018-11-16T07:15:10","modified_gmt":"2018-11-16T07:15:10","slug":"unternehmen","status":"publish","type":"page","link":"https:\/\/www.ishir.com\/de\/unternehmen.htm","title":{"rendered":"Unternehmen"},"content":{"rendered":"<h3>ISHIR ist ein globales, diversifiziertes  Outsourcing-Unternehmen f\u00fcr IT-Dienstleistungen, das Offshore-Outsourcing direkt vor die Haust\u00fcr bringt. <\/h3>\n<p class=\"backgroundNone marginNone paddingBot20\">Wir unterst\u00fctzen unsere Kunden beim Erreichen Ihrer Gesch\u00e4ftsziele, indem sie ihre nicht zum Kerngesch\u00e4ft geh\u00f6renden Gesch\u00e4ftsprozesse und Funktionen in den Bereichen Technologie und digitales Marketing erfolgreich auslagern.<\/p>\n<p class=\"backgroundNone marginNone paddingBot20\">Wir sind seit 1999 Teil der Outsourcing-Industrie und haben erfolgreich strategische Offshore-Programme in der Bereichen kundenspezifische Software Entwicklung, Casino-Spiele Entwicklung und ausgelagerte digitale Marketing-Produktionsdienstleistungen nach Indien gebracht. ISHIR betreute Kunden schon aus tausenden von Kilometern Entfernung und entwickelte sich zu einer zentralen, zuverl\u00e4ssigen Erweiterung des internen Teams von Kunden. <\/p>\n<h3>Wir nutzen unsere Mitarbeiter, Prozesse und den effektiven Einsatz von Technologie, um unseren Kunden genau an ihr bestes Gesch\u00e4ftspotenzial zu katapultieren.<\/h3>\n<p class=\"backgroundNone marginNone paddingBot20\">ISHIR verf\u00fcgt \u00fcber umfangreiche Erfahrung im Outsourcing von Nicht-Kerngesch\u00e4ftsprozessen \u2013 IT \u2013 Funktionen (Softwareentwicklung, Produktentwicklung, SharePoint-Beratung und \u2013Entwicklung, Entwicklung mobiler Apps, Softwaretests, Managed IT-Services, Cloud-Computing-L\u00f6sungen), Interaktiv (Webdesign und \u2013entwicklung, Spieleentwicklung), Internetmarketing (Suchmaschinenoptimierung, Paid Search, Display- und Social-Media-Marketing), Einrichtung von Built Operate Transfer (BOT), spezialisierte F&#038;E-Einrichtungen und Nicht-IT-Funktionen (Datenerfassung, Forschung, Kundenbetreuung, Finanzen).<\/p>\n<p class=\"backgroundNone marginNone paddingBot20\">Wir haben viel Erfahrung im Bereich Offshore-Outsourcing und sind zu einem verl\u00e4sslichen Outsourcing-Partner gereift, der unseren Kunden erhebliche Vorteile und Einsparungen bietet, welche oft bis zu 65% \u00fcbersteigen.<\/p>\n<p class=\"backgroundNone marginNone paddingBot20\">ISHIR hat seinen Hauptsitz in Dallas, Texas, mit globalen Lieferzentren in Noida, Indien, und \u00fcber 200 Fachleuten, die weltweit t\u00e4tig sind.<\/p>\n","protected":false},"excerpt":{"rendered":"<p>ISHIR ist ein globales, diversifiziertes Outsourcing-Unternehmen f\u00fcr IT-Dienstleistungen, das Offshore-Outsourcing direkt vor die Haust\u00fcr bringt. Wir unterst\u00fctzen unsere Kunden beim Erreichen Ihrer Gesch\u00e4ftsziele, indem sie ihre nicht zum Kerngesch\u00e4ft geh\u00f6renden Gesch\u00e4ftsprozesse und Funktionen in den Bereichen Technologie und digitales Marketing erfolgreich auslagern. Wir sind seit 1999 Teil der Outsourcing-Industrie und haben erfolgreich strategische Offshore-Programme in &hellip; <a href=\"https:\/\/www.ishir.com\/de\/unternehmen.htm\" class=\"more-link\">Continue reading<span class=\"screen-reader-text\"> &#8220;Unternehmen&#8221;<\/span><\/a><\/p>\n","protected":false},"author":1,"featured_media":0,"parent":0,"menu_order":0,"comment_status":"closed","ping_status":"closed","template":"layouts\/about.php","meta":{"_acf_changed":false,"footnotes":""},"class_list":["post-51","page","type-page","status-publish","hentry"],"acf":[],"yoast_head":"<!-- This site is optimized with the Yoast SEO plugin v26.2 - https:\/\/yoast.com\/wordpress\/plugins\/seo\/ -->\n<title>Offshore-IT-Outsourcing-Unternehmen | Ausgelagerte Digital Marketing Services - unser Unternehmen<\/title>\n<meta name=\"description\" content=\"ISHIR verf\u00fcgt \u00fcber weitreichende Erfahrung im Remote-Outsourcing und hat sich zu einem verl\u00e4sslichen Outsourcing-Partner entwickelt, der den Kunden erheblichen Nutzen und Einsparungen bietet. Kontaktieren Sie uns heute per Telefon oder E-Mail.\" \/>\n<meta name=\"robots\" content=\"index, follow, max-snippet:-1, max-image-preview:large, max-video-preview:-1\" \/>\n<link rel=\"canonical\" href=\"https:\/\/www.ishir.com\/de\/unternehmen.htm\" \/>\n<meta property=\"og:locale\" content=\"en_US\" \/>\n<meta property=\"og:type\" content=\"article\" \/>\n<meta property=\"og:title\" content=\"Offshore-IT-Outsourcing-Unternehmen | Ausgelagerte Digital Marketing Services - unser Unternehmen\" \/>\n<meta property=\"og:description\" content=\"ISHIR verf\u00fcgt \u00fcber weitreichende Erfahrung im Remote-Outsourcing und hat sich zu einem verl\u00e4sslichen Outsourcing-Partner entwickelt, der den Kunden erheblichen Nutzen und Einsparungen bietet. Kontaktieren Sie uns heute per Telefon oder E-Mail.\" \/>\n<meta property=\"og:url\" content=\"https:\/\/www.ishir.com\/de\/unternehmen.htm\" \/>\n<meta property=\"og:site_name\" content=\"Offshore Custom Software Product Development Outsourcing Company India Mobile Application Development Services Dallas Texas Alexa AI IoT Developers - ISHIR\" \/>\n<meta property=\"article:modified_time\" content=\"2018-11-16T07:15:10+00:00\" \/>\n<meta name=\"twitter:card\" content=\"summary_large_image\" \/>\n<meta name=\"twitter:label1\" content=\"Est. reading time\" \/>\n\t<meta name=\"twitter:data1\" content=\"1 minute\" \/>\n<script type=\"application\/ld+json\" class=\"yoast-schema-graph\">{\"@context\":\"https:\/\/schema.org\",\"@graph\":[{\"@type\":\"WebPage\",\"@id\":\"https:\/\/www.ishir.com\/de\/unternehmen.htm\",\"url\":\"https:\/\/www.ishir.com\/de\/unternehmen.htm\",\"name\":\"Offshore-IT-Outsourcing-Unternehmen | Ausgelagerte Digital Marketing Services - unser Unternehmen\",\"isPartOf\":{\"@id\":\"https:\/\/www.ishir.com\/de\/#website\"},\"datePublished\":\"2018-08-06T08:06:41+00:00\",\"dateModified\":\"2018-11-16T07:15:10+00:00\",\"description\":\"ISHIR verf\u00fcgt \u00fcber weitreichende Erfahrung im Remote-Outsourcing und hat sich zu einem verl\u00e4sslichen Outsourcing-Partner entwickelt, der den Kunden erheblichen Nutzen und Einsparungen bietet. Kontaktieren Sie uns heute per Telefon oder E-Mail.\",\"breadcrumb\":{\"@id\":\"https:\/\/www.ishir.com\/de\/unternehmen.htm#breadcrumb\"},\"inLanguage\":\"en-US\",\"potentialAction\":[{\"@type\":\"ReadAction\",\"target\":[\"https:\/\/www.ishir.com\/de\/unternehmen.htm\"]}]},{\"@type\":\"BreadcrumbList\",\"@id\":\"https:\/\/www.ishir.com\/de\/unternehmen.htm#breadcrumb\",\"itemListElement\":[{\"@type\":\"ListItem\",\"position\":1,\"name\":\"Home\",\"item\":\"https:\/\/www.ishir.com\/de\/\"},{\"@type\":\"ListItem\",\"position\":2,\"name\":\"Unternehmen\"}]},{\"@type\":\"WebSite\",\"@id\":\"https:\/\/www.ishir.com\/de\/#website\",\"url\":\"https:\/\/www.ishir.com\/de\/\",\"name\":\"Offshore Custom Software Product Development Outsourcing Company India Mobile Application Development Services Dallas Texas Alexa AI IoT Developers - ISHIR\",\"description\":\"Just another WordPress site\",\"potentialAction\":[{\"@type\":\"SearchAction\",\"target\":{\"@type\":\"EntryPoint\",\"urlTemplate\":\"https:\/\/www.ishir.com\/de\/?s={search_term_string}\"},\"query-input\":{\"@type\":\"PropertyValueSpecification\",\"valueRequired\":true,\"valueName\":\"search_term_string\"}}],\"inLanguage\":\"en-US\"}]}<\/script>\n<!-- \/ Yoast SEO plugin. -->","yoast_head_json":{"title":"Offshore-IT-Outsourcing-Unternehmen | Ausgelagerte Digital Marketing Services - unser Unternehmen","description":"ISHIR verf\u00fcgt \u00fcber weitreichende Erfahrung im Remote-Outsourcing und hat sich zu einem verl\u00e4sslichen Outsourcing-Partner entwickelt, der den Kunden erheblichen Nutzen und Einsparungen bietet. Kontaktieren Sie uns heute per Telefon oder E-Mail.","robots":{"index":"index","follow":"follow","max-snippet":"max-snippet:-1","max-image-preview":"max-image-preview:large","max-video-preview":"max-video-preview:-1"},"canonical":"https:\/\/www.ishir.com\/de\/unternehmen.htm","og_locale":"en_US","og_type":"article","og_title":"Offshore-IT-Outsourcing-Unternehmen | Ausgelagerte Digital Marketing Services - unser Unternehmen","og_description":"ISHIR verf\u00fcgt \u00fcber weitreichende Erfahrung im Remote-Outsourcing und hat sich zu einem verl\u00e4sslichen Outsourcing-Partner entwickelt, der den Kunden erheblichen Nutzen und Einsparungen bietet. Kontaktieren Sie uns heute per Telefon oder E-Mail.","og_url":"https:\/\/www.ishir.com\/de\/unternehmen.htm","og_site_name":"Offshore Custom Software Product Development Outsourcing Company India Mobile Application Development Services Dallas Texas Alexa AI IoT Developers - ISHIR","article_modified_time":"2018-11-16T07:15:10+00:00","twitter_card":"summary_large_image","twitter_misc":{"Est. reading time":"1 minute"},"schema":{"@context":"https:\/\/schema.org","@graph":[{"@type":"WebPage","@id":"https:\/\/www.ishir.com\/de\/unternehmen.htm","url":"https:\/\/www.ishir.com\/de\/unternehmen.htm","name":"Offshore-IT-Outsourcing-Unternehmen | Ausgelagerte Digital Marketing Services - unser Unternehmen","isPartOf":{"@id":"https:\/\/www.ishir.com\/de\/#website"},"datePublished":"2018-08-06T08:06:41+00:00","dateModified":"2018-11-16T07:15:10+00:00","description":"ISHIR verf\u00fcgt \u00fcber weitreichende Erfahrung im Remote-Outsourcing und hat sich zu einem verl\u00e4sslichen Outsourcing-Partner entwickelt, der den Kunden erheblichen Nutzen und Einsparungen bietet. Kontaktieren Sie uns heute per Telefon oder E-Mail.","breadcrumb":{"@id":"https:\/\/www.ishir.com\/de\/unternehmen.htm#breadcrumb"},"inLanguage":"en-US","potentialAction":[{"@type":"ReadAction","target":["https:\/\/www.ishir.com\/de\/unternehmen.htm"]}]},{"@type":"BreadcrumbList","@id":"https:\/\/www.ishir.com\/de\/unternehmen.htm#breadcrumb","itemListElement":[{"@type":"ListItem","position":1,"name":"Home","item":"https:\/\/www.ishir.com\/de\/"},{"@type":"ListItem","position":2,"name":"Unternehmen"}]},{"@type":"WebSite","@id":"https:\/\/www.ishir.com\/de\/#website","url":"https:\/\/www.ishir.com\/de\/","name":"Offshore Custom Software Product Development Outsourcing Company India Mobile Application Development Services Dallas Texas Alexa AI IoT Developers - ISHIR","description":"Just another WordPress site","potentialAction":[{"@type":"SearchAction","target":{"@type":"EntryPoint","urlTemplate":"https:\/\/www.ishir.com\/de\/?s={search_term_string}"},"query-input":{"@type":"PropertyValueSpecification","valueRequired":true,"valueName":"search_term_string"}}],"inLanguage":"en-US"}]}},"_links":{"self":[{"href":"https:\/\/www.ishir.com\/de\/wp-json\/wp\/v2\/pages\/51","targetHints":{"allow":["GET"]}}],"collection":[{"href":"https:\/\/www.ishir.com\/de\/wp-json\/wp\/v2\/pages"}],"about":[{"href":"https:\/\/www.ishir.com\/de\/wp-json\/wp\/v2\/types\/page"}],"author":[{"embeddable":true,"href":"https:\/\/www.ishir.com\/de\/wp-json\/wp\/v2\/users\/1"}],"replies":[{"embeddable":true,"href":"https:\/\/www.ishir.com\/de\/wp-json\/wp\/v2\/comments?post=51"}],"version-history":[{"count":8,"href":"https:\/\/www.ishir.com\/de\/wp-json\/wp\/v2\/pages\/51\/revisions"}],"predecessor-version":[{"id":6216,"href":"https:\/\/www.ishir.com\/de\/wp-json\/wp\/v2\/pages\/51\/revisions\/6216"}],"wp:attachment":[{"href":"https:\/\/www.ishir.com\/de\/wp-json\/wp\/v2\/media?parent=51"}],"curies":[{"name":"wp","href":"https:\/\/api.w.org\/{rel}","templated":true}]}}