{"id":5606,"date":"2018-08-06T10:10:02","date_gmt":"2018-08-06T10:10:02","guid":{"rendered":"https:\/\/www.ishir.com\/de\/?page_id=5606"},"modified":"2018-11-16T07:10:14","modified_gmt":"2018-11-16T07:10:14","slug":"php-entwicklungslosungen","status":"publish","type":"page","link":"https:\/\/www.ishir.com\/de\/php-entwicklungslosungen.htm","title":{"rendered":"PHP"},"content":{"rendered":"<section id=\"softwareDevelopmentContent\" style=\"padding: 80px 0 70px 0;\">\n<div class=\"container\">\n<div class=\"row\">\n<div class=\"col-lg-12 col-sm-12 col-xs-12\">\n<h3>ISHIR nutzt die zeit- und kosteneffektiven Vorteile von Open Source und ist Experte f\u00fcr die Bereitstellung skalierbarer PHP-L\u00f6sungen mit vollem Funktionsumfang<\/h3>\n<p>Wir verbessern zeit- und kosteneffektive Open-Source-L\u00f6sungen und haben mehrere voll funktionsf\u00e4hige, leistungsstarke und skalierbare PHP-L\u00f6sungen entwickelt.<\/p>\n<p>Sei es eine einfache Web-App und Website oder eine erweiterte dom\u00e4nenspezifische L\u00f6sung, wir bieten die besten PHP- und MySQL-L\u00f6sungen f\u00fcr die unterschiedlichen Anforderungen unserer Kunden an.<\/p>\n<p>Mit einem erfahrenen PHP-Entwicklungsteam haben wir mehr als 500 Kunden aus verschieden Teilen der Erde unterst\u00fctzt. Ob es um die Erstellung kleiner Websites f\u00fcr Start-Ups oder um eine umfassende Online-Pr\u00e4senz f\u00fcr SMBs oder komplexe Unternehmensanwendungen f\u00fcr Fortune-500-Unternehmen geht \u2013 wir verf\u00fcgen \u00fcber eine ausgewiesene Expertise in der kundenspezifischen PHP-Webentwicklung und Open-Source-L\u00f6sung.<\/p>\n<p>Mit mehr als 15 Jahren Erfahrung in Open-Source-Technologien bieten wir die besten PHP-Entwicklungsdienstleistungen, einschlie\u00dflich Anpassung, Installation, Integration und Wartung. Wir haben sehr viele spezialisierte PHP-Entwicklungsprofis, die dynamische Websites, zielgerichtete Gesch\u00e4ftsanwendungen und ma\u00dfgeschneiderte E-Commerce-L\u00f6sungen entwickelt haben. Unser erfahrenes Team von PHP-Entwicklern arbeitet mit LAMP-Stacks (Linux, Apache, MySQL und PHP) und Technologien, um Webanwendungen mehr Interaktivit\u00e4t zu verleihen und sie sind zudem \u00e4u\u00dferst sicher, zuverl\u00e4ssig und effektiv.<\/p>\n<\/div>\n<\/div>\n<\/div>\n<\/section>\n","protected":false},"excerpt":{"rendered":"<p>ISHIR nutzt die zeit- und kosteneffektiven Vorteile von Open Source und ist Experte f\u00fcr die Bereitstellung skalierbarer PHP-L\u00f6sungen mit vollem Funktionsumfang Wir verbessern zeit- und kosteneffektive Open-Source-L\u00f6sungen und haben mehrere voll funktionsf\u00e4hige, leistungsstarke und skalierbare PHP-L\u00f6sungen entwickelt. Sei es eine einfache Web-App und Website oder eine erweiterte dom\u00e4nenspezifische L\u00f6sung, wir bieten die besten PHP- und &hellip; <a href=\"https:\/\/www.ishir.com\/de\/php-entwicklungslosungen.htm\" class=\"more-link\">Continue reading<span class=\"screen-reader-text\"> &#8220;PHP&#8221;<\/span><\/a><\/p>\n","protected":false},"author":1,"featured_media":0,"parent":0,"menu_order":0,"comment_status":"closed","ping_status":"closed","template":"layouts\/php-development.php","meta":{"_acf_changed":false,"footnotes":""},"class_list":["post-5606","page","type-page","status-publish","hentry"],"acf":[],"yoast_head":"<!-- This site is optimized with the Yoast SEO plugin v26.2 - https:\/\/yoast.com\/wordpress\/plugins\/seo\/ -->\n<title>Offshore PHP-Entwickler | PHP Software-Entwicklungsfirma Dallas<\/title>\n<meta name=\"description\" content=\"ISHIR ist eines der f\u00fchrenden Offshore-PHP-Entwicklungsunternehmen in Indien, das vollst\u00e4ndige und skalierbare PHP-L\u00f6sungen liefert. Mit einem erfahrenen PHP-Entwicklungsteam haben wir mehr als 500 Kunden aus verschiedenen Teilen der Welt bedient.\" \/>\n<meta name=\"robots\" content=\"index, follow, max-snippet:-1, max-image-preview:large, max-video-preview:-1\" \/>\n<link rel=\"canonical\" href=\"https:\/\/www.ishir.com\/de\/php-entwicklungslosungen.htm\" \/>\n<meta property=\"og:locale\" content=\"en_US\" \/>\n<meta property=\"og:type\" content=\"article\" \/>\n<meta property=\"og:title\" content=\"Offshore PHP-Entwickler | PHP Software-Entwicklungsfirma Dallas\" \/>\n<meta property=\"og:description\" content=\"ISHIR ist eines der f\u00fchrenden Offshore-PHP-Entwicklungsunternehmen in Indien, das vollst\u00e4ndige und skalierbare PHP-L\u00f6sungen liefert. Mit einem erfahrenen PHP-Entwicklungsteam haben wir mehr als 500 Kunden aus verschiedenen Teilen der Welt bedient.\" \/>\n<meta property=\"og:url\" content=\"https:\/\/www.ishir.com\/de\/php-entwicklungslosungen.htm\" \/>\n<meta property=\"og:site_name\" content=\"Offshore Custom Software Product Development Outsourcing Company India Mobile Application Development Services Dallas Texas Alexa AI IoT Developers - ISHIR\" \/>\n<meta property=\"article:modified_time\" content=\"2018-11-16T07:10:14+00:00\" \/>\n<meta name=\"twitter:card\" content=\"summary_large_image\" \/>\n<meta name=\"twitter:label1\" content=\"Est. reading time\" \/>\n\t<meta name=\"twitter:data1\" content=\"1 minute\" \/>\n<script type=\"application\/ld+json\" class=\"yoast-schema-graph\">{\"@context\":\"https:\/\/schema.org\",\"@graph\":[{\"@type\":\"WebPage\",\"@id\":\"https:\/\/www.ishir.com\/de\/php-entwicklungslosungen.htm\",\"url\":\"https:\/\/www.ishir.com\/de\/php-entwicklungslosungen.htm\",\"name\":\"Offshore PHP-Entwickler | PHP Software-Entwicklungsfirma Dallas\",\"isPartOf\":{\"@id\":\"https:\/\/www.ishir.com\/de\/#website\"},\"datePublished\":\"2018-08-06T10:10:02+00:00\",\"dateModified\":\"2018-11-16T07:10:14+00:00\",\"description\":\"ISHIR ist eines der f\u00fchrenden Offshore-PHP-Entwicklungsunternehmen in Indien, das vollst\u00e4ndige und skalierbare PHP-L\u00f6sungen liefert. Mit einem erfahrenen PHP-Entwicklungsteam haben wir mehr als 500 Kunden aus verschiedenen Teilen der Welt bedient.\",\"breadcrumb\":{\"@id\":\"https:\/\/www.ishir.com\/de\/php-entwicklungslosungen.htm#breadcrumb\"},\"inLanguage\":\"en-US\",\"potentialAction\":[{\"@type\":\"ReadAction\",\"target\":[\"https:\/\/www.ishir.com\/de\/php-entwicklungslosungen.htm\"]}]},{\"@type\":\"BreadcrumbList\",\"@id\":\"https:\/\/www.ishir.com\/de\/php-entwicklungslosungen.htm#breadcrumb\",\"itemListElement\":[{\"@type\":\"ListItem\",\"position\":1,\"name\":\"Home\",\"item\":\"https:\/\/www.ishir.com\/de\/\"},{\"@type\":\"ListItem\",\"position\":2,\"name\":\"PHP\"}]},{\"@type\":\"WebSite\",\"@id\":\"https:\/\/www.ishir.com\/de\/#website\",\"url\":\"https:\/\/www.ishir.com\/de\/\",\"name\":\"Offshore Custom Software Product Development Outsourcing Company India Mobile Application Development Services Dallas Texas Alexa AI IoT Developers - ISHIR\",\"description\":\"Just another WordPress site\",\"potentialAction\":[{\"@type\":\"SearchAction\",\"target\":{\"@type\":\"EntryPoint\",\"urlTemplate\":\"https:\/\/www.ishir.com\/de\/?s={search_term_string}\"},\"query-input\":{\"@type\":\"PropertyValueSpecification\",\"valueRequired\":true,\"valueName\":\"search_term_string\"}}],\"inLanguage\":\"en-US\"}]}<\/script>\n<!-- \/ Yoast SEO plugin. -->","yoast_head_json":{"title":"Offshore PHP-Entwickler | PHP Software-Entwicklungsfirma Dallas","description":"ISHIR ist eines der f\u00fchrenden Offshore-PHP-Entwicklungsunternehmen in Indien, das vollst\u00e4ndige und skalierbare PHP-L\u00f6sungen liefert. Mit einem erfahrenen PHP-Entwicklungsteam haben wir mehr als 500 Kunden aus verschiedenen Teilen der Welt bedient.","robots":{"index":"index","follow":"follow","max-snippet":"max-snippet:-1","max-image-preview":"max-image-preview:large","max-video-preview":"max-video-preview:-1"},"canonical":"https:\/\/www.ishir.com\/de\/php-entwicklungslosungen.htm","og_locale":"en_US","og_type":"article","og_title":"Offshore PHP-Entwickler | PHP Software-Entwicklungsfirma Dallas","og_description":"ISHIR ist eines der f\u00fchrenden Offshore-PHP-Entwicklungsunternehmen in Indien, das vollst\u00e4ndige und skalierbare PHP-L\u00f6sungen liefert. Mit einem erfahrenen PHP-Entwicklungsteam haben wir mehr als 500 Kunden aus verschiedenen Teilen der Welt bedient.","og_url":"https:\/\/www.ishir.com\/de\/php-entwicklungslosungen.htm","og_site_name":"Offshore Custom Software Product Development Outsourcing Company India Mobile Application Development Services Dallas Texas Alexa AI IoT Developers - ISHIR","article_modified_time":"2018-11-16T07:10:14+00:00","twitter_card":"summary_large_image","twitter_misc":{"Est. reading time":"1 minute"},"schema":{"@context":"https:\/\/schema.org","@graph":[{"@type":"WebPage","@id":"https:\/\/www.ishir.com\/de\/php-entwicklungslosungen.htm","url":"https:\/\/www.ishir.com\/de\/php-entwicklungslosungen.htm","name":"Offshore PHP-Entwickler | PHP Software-Entwicklungsfirma Dallas","isPartOf":{"@id":"https:\/\/www.ishir.com\/de\/#website"},"datePublished":"2018-08-06T10:10:02+00:00","dateModified":"2018-11-16T07:10:14+00:00","description":"ISHIR ist eines der f\u00fchrenden Offshore-PHP-Entwicklungsunternehmen in Indien, das vollst\u00e4ndige und skalierbare PHP-L\u00f6sungen liefert. Mit einem erfahrenen PHP-Entwicklungsteam haben wir mehr als 500 Kunden aus verschiedenen Teilen der Welt bedient.","breadcrumb":{"@id":"https:\/\/www.ishir.com\/de\/php-entwicklungslosungen.htm#breadcrumb"},"inLanguage":"en-US","potentialAction":[{"@type":"ReadAction","target":["https:\/\/www.ishir.com\/de\/php-entwicklungslosungen.htm"]}]},{"@type":"BreadcrumbList","@id":"https:\/\/www.ishir.com\/de\/php-entwicklungslosungen.htm#breadcrumb","itemListElement":[{"@type":"ListItem","position":1,"name":"Home","item":"https:\/\/www.ishir.com\/de\/"},{"@type":"ListItem","position":2,"name":"PHP"}]},{"@type":"WebSite","@id":"https:\/\/www.ishir.com\/de\/#website","url":"https:\/\/www.ishir.com\/de\/","name":"Offshore Custom Software Product Development Outsourcing Company India Mobile Application Development Services Dallas Texas Alexa AI IoT Developers - ISHIR","description":"Just another WordPress site","potentialAction":[{"@type":"SearchAction","target":{"@type":"EntryPoint","urlTemplate":"https:\/\/www.ishir.com\/de\/?s={search_term_string}"},"query-input":{"@type":"PropertyValueSpecification","valueRequired":true,"valueName":"search_term_string"}}],"inLanguage":"en-US"}]}},"_links":{"self":[{"href":"https:\/\/www.ishir.com\/de\/wp-json\/wp\/v2\/pages\/5606","targetHints":{"allow":["GET"]}}],"collection":[{"href":"https:\/\/www.ishir.com\/de\/wp-json\/wp\/v2\/pages"}],"about":[{"href":"https:\/\/www.ishir.com\/de\/wp-json\/wp\/v2\/types\/page"}],"author":[{"embeddable":true,"href":"https:\/\/www.ishir.com\/de\/wp-json\/wp\/v2\/users\/1"}],"replies":[{"embeddable":true,"href":"https:\/\/www.ishir.com\/de\/wp-json\/wp\/v2\/comments?post=5606"}],"version-history":[{"count":7,"href":"https:\/\/www.ishir.com\/de\/wp-json\/wp\/v2\/pages\/5606\/revisions"}],"predecessor-version":[{"id":6208,"href":"https:\/\/www.ishir.com\/de\/wp-json\/wp\/v2\/pages\/5606\/revisions\/6208"}],"wp:attachment":[{"href":"https:\/\/www.ishir.com\/de\/wp-json\/wp\/v2\/media?parent=5606"}],"curies":[{"name":"wp","href":"https:\/\/api.w.org\/{rel}","templated":true}]}}