{"id":5609,"date":"2018-08-06T10:21:00","date_gmt":"2018-08-06T10:21:00","guid":{"rendered":"https:\/\/www.ishir.com\/de\/?page_id=5609"},"modified":"2018-08-31T11:12:43","modified_gmt":"2018-08-31T11:12:43","slug":"azur-beratung","status":"publish","type":"page","link":"https:\/\/www.ishir.com\/de\/azur-beratung.htm","title":{"rendered":"AZURE"},"content":{"rendered":"<section id=\"softwareDevelopmentContent\" style=\"padding: 80px 0 100px 0;\">\n<div class=\"container\">\n<div class=\"col-lg-12 col-sm-12 col-xs-12\">\n<div class=\"row\">\n<div class=\"col-lg-12 col-sm-12 col-xs-12\">\n<h3>Cloud Beschleunigung mit Microsoft Azure<\/h3>\n<\/div>\n<\/div>\n<p>Die Einf\u00fchrung von Cloud Computing als unternehmensweite Strategie erfordert sorgf\u00e4ltige Planung, eine \u201eRoadmap\u201c-Erstellung und eine schrittweise Ausf\u00fchrung. ISHIR hilft Unternehmen bei der Nutzung von Cloud Computing mithilfe der Microsoft Azure-Plattform, um Unternehmen bei der erfolgreichen Cloud-Einf\u00fchrung, -Modernisierung und \u2013 Umwandlung zu unterst\u00fctzen.  Die Umstellung auf die Cloud bedeutet nicht nur die Entwicklung einer Anwendung und die L\u00f6sung einer Gesch\u00e4ftsanforderung, sondern auch eine umfassende Strategie und die Erlangung langfristiger Vorteile.<\/p>\n<\/div>\n<\/div>\n<\/section>\n<section id=\"modernBusiness\">\n<div class=\"container\">\n<div class=\"row\" style=\"position: relative;\">\n<div class=\"col-lg-6 col-sm-6 col-xs-12 azureLeft\">\n<div class=\"innerAzureLeft\">\n<div class=\"cloudModernBusiness\"><span class=\"azureLogo\"><img decoding=\"async\" class=\"img-responsive\" src=\"https:\/\/www.ishir.com\/de\/wp-content\/uploads\/2018\/08\/azure-logo.png\" alt=\"\" \/><\/span><br \/>\n<span class=\"azureTxt\"><img decoding=\"async\" class=\"img-responsive\" src=\"https:\/\/www.ishir.com\/de\/wp-content\/uploads\/2018\/08\/modern-business-txt.png\" alt=\"\" \/><\/span><br \/>\n<span class=\"azureBtn\"><a href=\"https:\/\/www.ishir.com\/de\/kontaktiere-uns.htm\">PROBIEREN SIE ES JETZT AUS<i class=\"fa fa-angle-right\"><\/i><\/a><\/span><\/div>\n<\/div>\n<\/div>\n<div class=\"col-lg-6 col-sm-6 col-xs-12 azureRight\">\n<div class=\"azureContent\">\n<div class=\"azureContentTxt\">ISHIR erm\u00f6glicht es Unternehmen, Cloud-Computing-Initiativen mit einem methodischen Ansatz zu beginnen, um eine pragmatische \u201eRoadmap\u201c f\u00fcr die Cloud-Nutzung zu evaluieren, zu identifizieren und zu entwerfen. ISHIRs erfahrenes Team von Tech-Beratern, Architekten und Azure-Entwicklern wird eng mit Ihrem Team zusammen arbeiten, um die Bedeutung von unternehmensweitem Cloud Computing zu erkl\u00e4ren und zu rationalisieren, die Auswirkungen auf Ihr Unternehmen zu analysieren, die Vorteile zu identifizieren und eine \u201eRoadmap\u201c zu entwickeln, die speziell auf die Bed\u00fcrfnisse Ihres Gesch\u00e4ftes zugeschnitten sind.<\/div>\n<\/div>\n<\/div>\n<\/div>\n<\/div>\n<\/section>\n","protected":false},"excerpt":{"rendered":"<p>Cloud Beschleunigung mit Microsoft Azure Die Einf\u00fchrung von Cloud Computing als unternehmensweite Strategie erfordert sorgf\u00e4ltige Planung, eine \u201eRoadmap\u201c-Erstellung und eine schrittweise Ausf\u00fchrung. ISHIR hilft Unternehmen bei der Nutzung von Cloud Computing mithilfe der Microsoft Azure-Plattform, um Unternehmen bei der erfolgreichen Cloud-Einf\u00fchrung, -Modernisierung und \u2013 Umwandlung zu unterst\u00fctzen. Die Umstellung auf die Cloud bedeutet nicht nur &hellip; <a href=\"https:\/\/www.ishir.com\/de\/azur-beratung.htm\" class=\"more-link\">Continue reading<span class=\"screen-reader-text\"> &#8220;AZURE&#8221;<\/span><\/a><\/p>\n","protected":false},"author":1,"featured_media":0,"parent":0,"menu_order":0,"comment_status":"closed","ping_status":"closed","template":"layouts\/azure-consulting.php","meta":{"_acf_changed":false,"footnotes":""},"class_list":["post-5609","page","type-page","status-publish","hentry"],"acf":[],"yoast_head":"<!-- This site is optimized with the Yoast SEO plugin v26.2 - https:\/\/yoast.com\/wordpress\/plugins\/seo\/ -->\n<title>Microsoft Azure Cloud Monitoring Services Unternehmen Berater Experten Offshore Computing Consulting Dallas Texas Indien | ISHIR<\/title>\n<meta name=\"description\" content=\"ISHIR unterst\u00fctzt mit seinen Microsoft Azure-Cloud-Monitoring-Services Kunden bei der \u00dcberwachung der Performance, Speicherung und Transaktionsmetriken von Anwendungen. \u00dcberwachung von Key Performance Indicators (KPIs), Service-Level-Agreements und Compliance-Metriken; und \u00fcberwachen Sie die Betriebskosten der Anwendungen in Windows Azure. Kontaktieren Sie uns f\u00fcr die Azure Cloud Offshore-Beratung aus Indien.\" \/>\n<meta name=\"robots\" content=\"index, follow, max-snippet:-1, max-image-preview:large, max-video-preview:-1\" \/>\n<link rel=\"canonical\" href=\"https:\/\/www.ishir.com\/de\/azur-beratung.htm\" \/>\n<meta property=\"og:locale\" content=\"en_US\" \/>\n<meta property=\"og:type\" content=\"article\" \/>\n<meta property=\"og:title\" content=\"Microsoft Azure Cloud Monitoring Services Unternehmen Berater Experten Offshore Computing Consulting Dallas Texas Indien | ISHIR\" \/>\n<meta property=\"og:description\" content=\"ISHIR unterst\u00fctzt mit seinen Microsoft Azure-Cloud-Monitoring-Services Kunden bei der \u00dcberwachung der Performance, Speicherung und Transaktionsmetriken von Anwendungen. \u00dcberwachung von Key Performance Indicators (KPIs), Service-Level-Agreements und Compliance-Metriken; und \u00fcberwachen Sie die Betriebskosten der Anwendungen in Windows Azure. Kontaktieren Sie uns f\u00fcr die Azure Cloud Offshore-Beratung aus Indien.\" \/>\n<meta property=\"og:url\" content=\"https:\/\/www.ishir.com\/de\/azur-beratung.htm\" \/>\n<meta property=\"og:site_name\" content=\"Offshore Custom Software Product Development Outsourcing Company India Mobile Application Development Services Dallas Texas Alexa AI IoT Developers - ISHIR\" \/>\n<meta property=\"article:modified_time\" content=\"2018-08-31T11:12:43+00:00\" \/>\n<meta property=\"og:image\" content=\"https:\/\/www.ishir.com\/de\/wp-content\/uploads\/2018\/08\/azure-logo.png\" \/>\n<meta name=\"twitter:card\" content=\"summary_large_image\" \/>\n<meta name=\"twitter:label1\" content=\"Est. reading time\" \/>\n\t<meta name=\"twitter:data1\" content=\"1 minute\" \/>\n<script type=\"application\/ld+json\" class=\"yoast-schema-graph\">{\"@context\":\"https:\/\/schema.org\",\"@graph\":[{\"@type\":\"WebPage\",\"@id\":\"https:\/\/www.ishir.com\/de\/azur-beratung.htm\",\"url\":\"https:\/\/www.ishir.com\/de\/azur-beratung.htm\",\"name\":\"Microsoft Azure Cloud Monitoring Services Unternehmen Berater Experten Offshore Computing Consulting Dallas Texas Indien | ISHIR\",\"isPartOf\":{\"@id\":\"https:\/\/www.ishir.com\/de\/#website\"},\"primaryImageOfPage\":{\"@id\":\"https:\/\/www.ishir.com\/de\/azur-beratung.htm#primaryimage\"},\"image\":{\"@id\":\"https:\/\/www.ishir.com\/de\/azur-beratung.htm#primaryimage\"},\"thumbnailUrl\":\"https:\/\/www.ishir.com\/de\/wp-content\/uploads\/2018\/08\/azure-logo.png\",\"datePublished\":\"2018-08-06T10:21:00+00:00\",\"dateModified\":\"2018-08-31T11:12:43+00:00\",\"description\":\"ISHIR unterst\u00fctzt mit seinen Microsoft Azure-Cloud-Monitoring-Services Kunden bei der \u00dcberwachung der Performance, Speicherung und Transaktionsmetriken von Anwendungen. \u00dcberwachung von Key Performance Indicators (KPIs), Service-Level-Agreements und Compliance-Metriken; und \u00fcberwachen Sie die Betriebskosten der Anwendungen in Windows Azure. Kontaktieren Sie uns f\u00fcr die Azure Cloud Offshore-Beratung aus Indien.\",\"breadcrumb\":{\"@id\":\"https:\/\/www.ishir.com\/de\/azur-beratung.htm#breadcrumb\"},\"inLanguage\":\"en-US\",\"potentialAction\":[{\"@type\":\"ReadAction\",\"target\":[\"https:\/\/www.ishir.com\/de\/azur-beratung.htm\"]}]},{\"@type\":\"ImageObject\",\"inLanguage\":\"en-US\",\"@id\":\"https:\/\/www.ishir.com\/de\/azur-beratung.htm#primaryimage\",\"url\":\"https:\/\/www.ishir.com\/de\/wp-content\/uploads\/2018\/08\/azure-logo.png\",\"contentUrl\":\"https:\/\/www.ishir.com\/de\/wp-content\/uploads\/2018\/08\/azure-logo.png\",\"width\":149,\"height\":42},{\"@type\":\"BreadcrumbList\",\"@id\":\"https:\/\/www.ishir.com\/de\/azur-beratung.htm#breadcrumb\",\"itemListElement\":[{\"@type\":\"ListItem\",\"position\":1,\"name\":\"Home\",\"item\":\"https:\/\/www.ishir.com\/de\/\"},{\"@type\":\"ListItem\",\"position\":2,\"name\":\"AZURE\"}]},{\"@type\":\"WebSite\",\"@id\":\"https:\/\/www.ishir.com\/de\/#website\",\"url\":\"https:\/\/www.ishir.com\/de\/\",\"name\":\"Offshore Custom Software Product Development Outsourcing Company India Mobile Application Development Services Dallas Texas Alexa AI IoT Developers - ISHIR\",\"description\":\"Just another WordPress site\",\"potentialAction\":[{\"@type\":\"SearchAction\",\"target\":{\"@type\":\"EntryPoint\",\"urlTemplate\":\"https:\/\/www.ishir.com\/de\/?s={search_term_string}\"},\"query-input\":{\"@type\":\"PropertyValueSpecification\",\"valueRequired\":true,\"valueName\":\"search_term_string\"}}],\"inLanguage\":\"en-US\"}]}<\/script>\n<!-- \/ Yoast SEO plugin. -->","yoast_head_json":{"title":"Microsoft Azure Cloud Monitoring Services Unternehmen Berater Experten Offshore Computing Consulting Dallas Texas Indien | ISHIR","description":"ISHIR unterst\u00fctzt mit seinen Microsoft Azure-Cloud-Monitoring-Services Kunden bei der \u00dcberwachung der Performance, Speicherung und Transaktionsmetriken von Anwendungen. \u00dcberwachung von Key Performance Indicators (KPIs), Service-Level-Agreements und Compliance-Metriken; und \u00fcberwachen Sie die Betriebskosten der Anwendungen in Windows Azure. Kontaktieren Sie uns f\u00fcr die Azure Cloud Offshore-Beratung aus Indien.","robots":{"index":"index","follow":"follow","max-snippet":"max-snippet:-1","max-image-preview":"max-image-preview:large","max-video-preview":"max-video-preview:-1"},"canonical":"https:\/\/www.ishir.com\/de\/azur-beratung.htm","og_locale":"en_US","og_type":"article","og_title":"Microsoft Azure Cloud Monitoring Services Unternehmen Berater Experten Offshore Computing Consulting Dallas Texas Indien | ISHIR","og_description":"ISHIR unterst\u00fctzt mit seinen Microsoft Azure-Cloud-Monitoring-Services Kunden bei der \u00dcberwachung der Performance, Speicherung und Transaktionsmetriken von Anwendungen. \u00dcberwachung von Key Performance Indicators (KPIs), Service-Level-Agreements und Compliance-Metriken; und \u00fcberwachen Sie die Betriebskosten der Anwendungen in Windows Azure. Kontaktieren Sie uns f\u00fcr die Azure Cloud Offshore-Beratung aus Indien.","og_url":"https:\/\/www.ishir.com\/de\/azur-beratung.htm","og_site_name":"Offshore Custom Software Product Development Outsourcing Company India Mobile Application Development Services Dallas Texas Alexa AI IoT Developers - ISHIR","article_modified_time":"2018-08-31T11:12:43+00:00","og_image":[{"url":"https:\/\/www.ishir.com\/de\/wp-content\/uploads\/2018\/08\/azure-logo.png","type":"","width":"","height":""}],"twitter_card":"summary_large_image","twitter_misc":{"Est. reading time":"1 minute"},"schema":{"@context":"https:\/\/schema.org","@graph":[{"@type":"WebPage","@id":"https:\/\/www.ishir.com\/de\/azur-beratung.htm","url":"https:\/\/www.ishir.com\/de\/azur-beratung.htm","name":"Microsoft Azure Cloud Monitoring Services Unternehmen Berater Experten Offshore Computing Consulting Dallas Texas Indien | ISHIR","isPartOf":{"@id":"https:\/\/www.ishir.com\/de\/#website"},"primaryImageOfPage":{"@id":"https:\/\/www.ishir.com\/de\/azur-beratung.htm#primaryimage"},"image":{"@id":"https:\/\/www.ishir.com\/de\/azur-beratung.htm#primaryimage"},"thumbnailUrl":"https:\/\/www.ishir.com\/de\/wp-content\/uploads\/2018\/08\/azure-logo.png","datePublished":"2018-08-06T10:21:00+00:00","dateModified":"2018-08-31T11:12:43+00:00","description":"ISHIR unterst\u00fctzt mit seinen Microsoft Azure-Cloud-Monitoring-Services Kunden bei der \u00dcberwachung der Performance, Speicherung und Transaktionsmetriken von Anwendungen. \u00dcberwachung von Key Performance Indicators (KPIs), Service-Level-Agreements und Compliance-Metriken; und \u00fcberwachen Sie die Betriebskosten der Anwendungen in Windows Azure. Kontaktieren Sie uns f\u00fcr die Azure Cloud Offshore-Beratung aus Indien.","breadcrumb":{"@id":"https:\/\/www.ishir.com\/de\/azur-beratung.htm#breadcrumb"},"inLanguage":"en-US","potentialAction":[{"@type":"ReadAction","target":["https:\/\/www.ishir.com\/de\/azur-beratung.htm"]}]},{"@type":"ImageObject","inLanguage":"en-US","@id":"https:\/\/www.ishir.com\/de\/azur-beratung.htm#primaryimage","url":"https:\/\/www.ishir.com\/de\/wp-content\/uploads\/2018\/08\/azure-logo.png","contentUrl":"https:\/\/www.ishir.com\/de\/wp-content\/uploads\/2018\/08\/azure-logo.png","width":149,"height":42},{"@type":"BreadcrumbList","@id":"https:\/\/www.ishir.com\/de\/azur-beratung.htm#breadcrumb","itemListElement":[{"@type":"ListItem","position":1,"name":"Home","item":"https:\/\/www.ishir.com\/de\/"},{"@type":"ListItem","position":2,"name":"AZURE"}]},{"@type":"WebSite","@id":"https:\/\/www.ishir.com\/de\/#website","url":"https:\/\/www.ishir.com\/de\/","name":"Offshore Custom Software Product Development Outsourcing Company India Mobile Application Development Services Dallas Texas Alexa AI IoT Developers - ISHIR","description":"Just another WordPress site","potentialAction":[{"@type":"SearchAction","target":{"@type":"EntryPoint","urlTemplate":"https:\/\/www.ishir.com\/de\/?s={search_term_string}"},"query-input":{"@type":"PropertyValueSpecification","valueRequired":true,"valueName":"search_term_string"}}],"inLanguage":"en-US"}]}},"_links":{"self":[{"href":"https:\/\/www.ishir.com\/de\/wp-json\/wp\/v2\/pages\/5609","targetHints":{"allow":["GET"]}}],"collection":[{"href":"https:\/\/www.ishir.com\/de\/wp-json\/wp\/v2\/pages"}],"about":[{"href":"https:\/\/www.ishir.com\/de\/wp-json\/wp\/v2\/types\/page"}],"author":[{"embeddable":true,"href":"https:\/\/www.ishir.com\/de\/wp-json\/wp\/v2\/users\/1"}],"replies":[{"embeddable":true,"href":"https:\/\/www.ishir.com\/de\/wp-json\/wp\/v2\/comments?post=5609"}],"version-history":[{"count":5,"href":"https:\/\/www.ishir.com\/de\/wp-json\/wp\/v2\/pages\/5609\/revisions"}],"predecessor-version":[{"id":6168,"href":"https:\/\/www.ishir.com\/de\/wp-json\/wp\/v2\/pages\/5609\/revisions\/6168"}],"wp:attachment":[{"href":"https:\/\/www.ishir.com\/de\/wp-json\/wp\/v2\/media?parent=5609"}],"curies":[{"name":"wp","href":"https:\/\/api.w.org\/{rel}","templated":true}]}}