{"id":5613,"date":"2018-08-06T10:36:33","date_gmt":"2018-08-06T10:36:33","guid":{"rendered":"https:\/\/www.ishir.com\/de\/?page_id=5613"},"modified":"2018-11-16T07:09:27","modified_gmt":"2018-11-16T07:09:27","slug":"dot-netentwicklungslosungen","status":"publish","type":"page","link":"https:\/\/www.ishir.com\/de\/dot-netentwicklungslosungen.htm","title":{"rendered":".NET"},"content":{"rendered":"<section id=\"softwareDevelopmentContent\" style=\"padding: 80px 0;\">\n<div class=\"container\">\n<div class=\"row\">\n<div class=\"col-lg-12 col-sm-12 col-xs-12\">\n<div class=\"row\">\n<div class=\"col-lg-10 col-sm-12 col-xs-12 col-lg-offset-1 col-sm-offset-0 col-xs-offset-0\">\n<h3>ISHIR ist ein Microsoft Gold Partner und ist CMMI Level 3 zertifiziertes .NET Entwicklungsunternehmen<\/h3>\n<\/div>\n<\/div>\n<p>ISHIR liefert robuste .NET-L\u00f6sungen, die auf die Bed\u00fcrfnisse von kleineren, mittleren und gro\u00dfen Unternehmen zugeschnitten sind. ISHIR bietet komplette .NET-Entwicklungsservices, indem es unsere bew\u00e4hrte Erfahrung in der Bereitstellung von leistungsstarken, reichhaltigen Webanwendungen und Softwareprodukten f\u00fcr das Internet, Cloud und Smartphones nutzt.  <\/p>\n<p>Microsoft .NET Framework stellt einen gro\u00dfen Fortschritt f\u00fcr Microsoft-Entwickler dar und umfasst viele objektorientierte Design-Disziplinen und Managed-Code-Innovationen, die in den letzten zehn Jahren bei der Entwicklung von Gesch\u00e4ftsanwendungen beliebt wurden. <\/p>\n<p>ISHIR hat ein spezielles Microsoft .NET-Kompetenzzentrum eingerichtet, um zuk\u00fcnftige Trends der Microsoft-Technologie zu erfassen, fr\u00fchzeitige Einf\u00fchrung sicherzustellen, Wissen zu verbreiten und die besten Anwendungen der Microsoft-Technologien zu f\u00f6rdern. Das Microsoft .NET Offshore-Kompetenzzentrum nutzt diese Knowhow, um eine schnelle, fehlerfreie Anwendungsentwicklung zur L\u00f6sung spezifischer Gesch\u00e4ftsprobleme zu erm\u00f6glichen. <\/p>\n<p>ISHIR hat ein Team von mehr als 100 erfahrenen ASP.NET- und C# &#8211; Entwicklern, die nachweislich in der Lage sind, komplexe .NET-Projekte zu bearbeiten. Viele SMBs und gro\u00dfe Unternehmen w\u00e4hlen Net-Solutions f\u00fcr ihre unternehmenskritischen  Softwareprojekte.<\/p>\n<\/div>\n<\/div>\n<\/div>\n<\/section>\n","protected":false},"excerpt":{"rendered":"<p>ISHIR ist ein Microsoft Gold Partner und ist CMMI Level 3 zertifiziertes .NET Entwicklungsunternehmen ISHIR liefert robuste .NET-L\u00f6sungen, die auf die Bed\u00fcrfnisse von kleineren, mittleren und gro\u00dfen Unternehmen zugeschnitten sind. ISHIR bietet komplette .NET-Entwicklungsservices, indem es unsere bew\u00e4hrte Erfahrung in der Bereitstellung von leistungsstarken, reichhaltigen Webanwendungen und Softwareprodukten f\u00fcr das Internet, Cloud und Smartphones nutzt. &hellip; <a href=\"https:\/\/www.ishir.com\/de\/dot-netentwicklungslosungen.htm\" class=\"more-link\">Continue reading<span class=\"screen-reader-text\"> &#8220;.NET&#8221;<\/span><\/a><\/p>\n","protected":false},"author":1,"featured_media":0,"parent":0,"menu_order":0,"comment_status":"closed","ping_status":"closed","template":"layouts\/dot-net-development.php","meta":{"_acf_changed":false,"footnotes":""},"class_list":["post-5613","page","type-page","status-publish","hentry"],"acf":[],"yoast_head":"<!-- This site is optimized with the Yoast SEO plugin v26.2 - https:\/\/yoast.com\/wordpress\/plugins\/seo\/ -->\n<title>Offshore .NET-Entwickler | Auslagern der .NET-Entwicklung nach Indien | .Net-Entwicklungsdienste<\/title>\n<meta name=\"description\" content=\"ISHIR, ein zertifiziertes CMMI Level 3-Entwicklungsunternehmen, bietet .NET-L\u00f6sungen f\u00fcr die Anforderungen kleiner, mittlerer und gesch\u00e4ftlicher Unternehmen. Wir sind ein Offshore-.NET-Entwicklungsunternehmen mit nachweislichem Know-how f\u00fcr die Bereitstellung umfassender, leistungsstarker Anwendungen und Softwareprodukte f\u00fcr Web, Cloud und Mobile.\" \/>\n<meta name=\"robots\" content=\"index, follow, max-snippet:-1, max-image-preview:large, max-video-preview:-1\" \/>\n<link rel=\"canonical\" href=\"https:\/\/www.ishir.com\/de\/dot-netentwicklungslosungen.htm\" \/>\n<meta property=\"og:locale\" content=\"en_US\" \/>\n<meta property=\"og:type\" content=\"article\" \/>\n<meta property=\"og:title\" content=\"Offshore .NET-Entwickler | Auslagern der .NET-Entwicklung nach Indien | .Net-Entwicklungsdienste\" \/>\n<meta property=\"og:description\" content=\"ISHIR, ein zertifiziertes CMMI Level 3-Entwicklungsunternehmen, bietet .NET-L\u00f6sungen f\u00fcr die Anforderungen kleiner, mittlerer und gesch\u00e4ftlicher Unternehmen. Wir sind ein Offshore-.NET-Entwicklungsunternehmen mit nachweislichem Know-how f\u00fcr die Bereitstellung umfassender, leistungsstarker Anwendungen und Softwareprodukte f\u00fcr Web, Cloud und Mobile.\" \/>\n<meta property=\"og:url\" content=\"https:\/\/www.ishir.com\/de\/dot-netentwicklungslosungen.htm\" \/>\n<meta property=\"og:site_name\" content=\"Offshore Custom Software Product Development Outsourcing Company India Mobile Application Development Services Dallas Texas Alexa AI IoT Developers - ISHIR\" \/>\n<meta property=\"article:modified_time\" content=\"2018-11-16T07:09:27+00:00\" \/>\n<meta name=\"twitter:card\" content=\"summary_large_image\" \/>\n<meta name=\"twitter:label1\" content=\"Est. reading time\" \/>\n\t<meta name=\"twitter:data1\" content=\"1 minute\" \/>\n<script type=\"application\/ld+json\" class=\"yoast-schema-graph\">{\"@context\":\"https:\/\/schema.org\",\"@graph\":[{\"@type\":\"WebPage\",\"@id\":\"https:\/\/www.ishir.com\/de\/dot-netentwicklungslosungen.htm\",\"url\":\"https:\/\/www.ishir.com\/de\/dot-netentwicklungslosungen.htm\",\"name\":\"Offshore .NET-Entwickler | Auslagern der .NET-Entwicklung nach Indien | .Net-Entwicklungsdienste\",\"isPartOf\":{\"@id\":\"https:\/\/www.ishir.com\/de\/#website\"},\"datePublished\":\"2018-08-06T10:36:33+00:00\",\"dateModified\":\"2018-11-16T07:09:27+00:00\",\"description\":\"ISHIR, ein zertifiziertes CMMI Level 3-Entwicklungsunternehmen, bietet .NET-L\u00f6sungen f\u00fcr die Anforderungen kleiner, mittlerer und gesch\u00e4ftlicher Unternehmen. Wir sind ein Offshore-.NET-Entwicklungsunternehmen mit nachweislichem Know-how f\u00fcr die Bereitstellung umfassender, leistungsstarker Anwendungen und Softwareprodukte f\u00fcr Web, Cloud und Mobile.\",\"breadcrumb\":{\"@id\":\"https:\/\/www.ishir.com\/de\/dot-netentwicklungslosungen.htm#breadcrumb\"},\"inLanguage\":\"en-US\",\"potentialAction\":[{\"@type\":\"ReadAction\",\"target\":[\"https:\/\/www.ishir.com\/de\/dot-netentwicklungslosungen.htm\"]}]},{\"@type\":\"BreadcrumbList\",\"@id\":\"https:\/\/www.ishir.com\/de\/dot-netentwicklungslosungen.htm#breadcrumb\",\"itemListElement\":[{\"@type\":\"ListItem\",\"position\":1,\"name\":\"Home\",\"item\":\"https:\/\/www.ishir.com\/de\/\"},{\"@type\":\"ListItem\",\"position\":2,\"name\":\".NET\"}]},{\"@type\":\"WebSite\",\"@id\":\"https:\/\/www.ishir.com\/de\/#website\",\"url\":\"https:\/\/www.ishir.com\/de\/\",\"name\":\"Offshore Custom Software Product Development Outsourcing Company India Mobile Application Development Services Dallas Texas Alexa AI IoT Developers - ISHIR\",\"description\":\"Just another WordPress site\",\"potentialAction\":[{\"@type\":\"SearchAction\",\"target\":{\"@type\":\"EntryPoint\",\"urlTemplate\":\"https:\/\/www.ishir.com\/de\/?s={search_term_string}\"},\"query-input\":{\"@type\":\"PropertyValueSpecification\",\"valueRequired\":true,\"valueName\":\"search_term_string\"}}],\"inLanguage\":\"en-US\"}]}<\/script>\n<!-- \/ Yoast SEO plugin. -->","yoast_head_json":{"title":"Offshore .NET-Entwickler | Auslagern der .NET-Entwicklung nach Indien | .Net-Entwicklungsdienste","description":"ISHIR, ein zertifiziertes CMMI Level 3-Entwicklungsunternehmen, bietet .NET-L\u00f6sungen f\u00fcr die Anforderungen kleiner, mittlerer und gesch\u00e4ftlicher Unternehmen. Wir sind ein Offshore-.NET-Entwicklungsunternehmen mit nachweislichem Know-how f\u00fcr die Bereitstellung umfassender, leistungsstarker Anwendungen und Softwareprodukte f\u00fcr Web, Cloud und Mobile.","robots":{"index":"index","follow":"follow","max-snippet":"max-snippet:-1","max-image-preview":"max-image-preview:large","max-video-preview":"max-video-preview:-1"},"canonical":"https:\/\/www.ishir.com\/de\/dot-netentwicklungslosungen.htm","og_locale":"en_US","og_type":"article","og_title":"Offshore .NET-Entwickler | Auslagern der .NET-Entwicklung nach Indien | .Net-Entwicklungsdienste","og_description":"ISHIR, ein zertifiziertes CMMI Level 3-Entwicklungsunternehmen, bietet .NET-L\u00f6sungen f\u00fcr die Anforderungen kleiner, mittlerer und gesch\u00e4ftlicher Unternehmen. Wir sind ein Offshore-.NET-Entwicklungsunternehmen mit nachweislichem Know-how f\u00fcr die Bereitstellung umfassender, leistungsstarker Anwendungen und Softwareprodukte f\u00fcr Web, Cloud und Mobile.","og_url":"https:\/\/www.ishir.com\/de\/dot-netentwicklungslosungen.htm","og_site_name":"Offshore Custom Software Product Development Outsourcing Company India Mobile Application Development Services Dallas Texas Alexa AI IoT Developers - ISHIR","article_modified_time":"2018-11-16T07:09:27+00:00","twitter_card":"summary_large_image","twitter_misc":{"Est. reading time":"1 minute"},"schema":{"@context":"https:\/\/schema.org","@graph":[{"@type":"WebPage","@id":"https:\/\/www.ishir.com\/de\/dot-netentwicklungslosungen.htm","url":"https:\/\/www.ishir.com\/de\/dot-netentwicklungslosungen.htm","name":"Offshore .NET-Entwickler | Auslagern der .NET-Entwicklung nach Indien | .Net-Entwicklungsdienste","isPartOf":{"@id":"https:\/\/www.ishir.com\/de\/#website"},"datePublished":"2018-08-06T10:36:33+00:00","dateModified":"2018-11-16T07:09:27+00:00","description":"ISHIR, ein zertifiziertes CMMI Level 3-Entwicklungsunternehmen, bietet .NET-L\u00f6sungen f\u00fcr die Anforderungen kleiner, mittlerer und gesch\u00e4ftlicher Unternehmen. Wir sind ein Offshore-.NET-Entwicklungsunternehmen mit nachweislichem Know-how f\u00fcr die Bereitstellung umfassender, leistungsstarker Anwendungen und Softwareprodukte f\u00fcr Web, Cloud und Mobile.","breadcrumb":{"@id":"https:\/\/www.ishir.com\/de\/dot-netentwicklungslosungen.htm#breadcrumb"},"inLanguage":"en-US","potentialAction":[{"@type":"ReadAction","target":["https:\/\/www.ishir.com\/de\/dot-netentwicklungslosungen.htm"]}]},{"@type":"BreadcrumbList","@id":"https:\/\/www.ishir.com\/de\/dot-netentwicklungslosungen.htm#breadcrumb","itemListElement":[{"@type":"ListItem","position":1,"name":"Home","item":"https:\/\/www.ishir.com\/de\/"},{"@type":"ListItem","position":2,"name":".NET"}]},{"@type":"WebSite","@id":"https:\/\/www.ishir.com\/de\/#website","url":"https:\/\/www.ishir.com\/de\/","name":"Offshore Custom Software Product Development Outsourcing Company India Mobile Application Development Services Dallas Texas Alexa AI IoT Developers - ISHIR","description":"Just another WordPress site","potentialAction":[{"@type":"SearchAction","target":{"@type":"EntryPoint","urlTemplate":"https:\/\/www.ishir.com\/de\/?s={search_term_string}"},"query-input":{"@type":"PropertyValueSpecification","valueRequired":true,"valueName":"search_term_string"}}],"inLanguage":"en-US"}]}},"_links":{"self":[{"href":"https:\/\/www.ishir.com\/de\/wp-json\/wp\/v2\/pages\/5613","targetHints":{"allow":["GET"]}}],"collection":[{"href":"https:\/\/www.ishir.com\/de\/wp-json\/wp\/v2\/pages"}],"about":[{"href":"https:\/\/www.ishir.com\/de\/wp-json\/wp\/v2\/types\/page"}],"author":[{"embeddable":true,"href":"https:\/\/www.ishir.com\/de\/wp-json\/wp\/v2\/users\/1"}],"replies":[{"embeddable":true,"href":"https:\/\/www.ishir.com\/de\/wp-json\/wp\/v2\/comments?post=5613"}],"version-history":[{"count":6,"href":"https:\/\/www.ishir.com\/de\/wp-json\/wp\/v2\/pages\/5613\/revisions"}],"predecessor-version":[{"id":6207,"href":"https:\/\/www.ishir.com\/de\/wp-json\/wp\/v2\/pages\/5613\/revisions\/6207"}],"wp:attachment":[{"href":"https:\/\/www.ishir.com\/de\/wp-json\/wp\/v2\/media?parent=5613"}],"curies":[{"name":"wp","href":"https:\/\/api.w.org\/{rel}","templated":true}]}}