{"id":5615,"date":"2018-08-06T10:50:02","date_gmt":"2018-08-06T10:50:02","guid":{"rendered":"https:\/\/www.ishir.com\/de\/?page_id=5615"},"modified":"2018-11-16T07:12:35","modified_gmt":"2018-11-16T07:12:35","slug":"datenbankverwaltungsdienste","status":"publish","type":"page","link":"https:\/\/www.ishir.com\/de\/datenbankverwaltungsdienste.htm","title":{"rendered":"DATENBANK"},"content":{"rendered":"<section id=\"softwareDevelopmentContent\" style=\"padding-bottom: 0px;\">\n<div class=\"container\">\n<div class=\"row\">\n<div class=\"col-lg-12 col-sm-12 col-xs-12\">\n<h3>Datenbank Management Leistungen<\/h3>\n<div class=\"row\">\n<div class=\"col-lg-12 col-sm-12 col-xs-12 contentListing\">\n<p>Wenn Sie den richtigen Partner f\u00fcr die proaktive \u00dcberwachung, die Verwaltung, Optimierung und Sicherheit Ihrer Datenbank finden, k\u00f6nnen Sie das meiste aus Ihren Daten optimal nutzen. Datenbankmanagement ist eine komplexe Aufgabe, die Fachwissen und st\u00e4ndige \u00dcberwachung erfordert.<\/p>\n<p>ISHIR hilft Ihnen die Komplexit\u00e4t der Verwaltung gesch\u00e4ftskritischer Daten mit unseren Leistungen zu reduzieren. Wir garantieren Flexibilit\u00e4t und Leistung dank der vereinfachten Verwaltung unserer Dienste. Wir verf\u00fcgen \u00fcber viele qualifizierte und zertifizierte Experten im Bereich Datenbanken, welche Support bieten, Ihnen bei der Verwaltung Ihrer Datenbank-Infrastruktur behilflich sind und rund um die Uhr Beratung anbieten \u2013 Und all das, ohne sich um versteckte Kosten k\u00fcmmern zu m\u00fcssen.<\/p>\n<p><strong>Wir bieten die folgenden Datenbankdienste f\u00fcr unsere Kunden an: <\/strong><\/p>\n<div class=\"col-lg-4 col-sm-4 col-xs-12\">\n<ul>\n<li style=\"width: 100%;\">Datenbank Design und Architektur<\/li>\n<li style=\"width: 100%;\">Anforderungsprofil<\/li>\n<li style=\"width: 100%;\">Planung und Implementierung<\/li>\n<li style=\"width: 100%;\">Plattform Migration<\/li>\n<\/ul>\n<\/div>\n<div class=\"col-lg-4 col-sm-4 col-xs-12\">\n<ul>\n<li style=\"width: 100%;\">Datenbank-Wiederherstellung<\/li>\n<li style=\"width: 100%;\">Performance-Optimierung<\/li>\n<li style=\"width: 100%;\">Sicherung &amp; Wiederherstellung<\/li>\n<li style=\"width: 100%;\">Datenbank- und Serverkonsolidierung<\/li>\n<\/ul>\n<\/div>\n<\/div>\n<\/div>\n<\/div>\n<\/div>\n<\/div>\n<\/section>\n","protected":false},"excerpt":{"rendered":"<p>Datenbank Management Leistungen Wenn Sie den richtigen Partner f\u00fcr die proaktive \u00dcberwachung, die Verwaltung, Optimierung und Sicherheit Ihrer Datenbank finden, k\u00f6nnen Sie das meiste aus Ihren Daten optimal nutzen. Datenbankmanagement ist eine komplexe Aufgabe, die Fachwissen und st\u00e4ndige \u00dcberwachung erfordert. ISHIR hilft Ihnen die Komplexit\u00e4t der Verwaltung gesch\u00e4ftskritischer Daten mit unseren Leistungen zu reduzieren. Wir &hellip; <a href=\"https:\/\/www.ishir.com\/de\/datenbankverwaltungsdienste.htm\" class=\"more-link\">Continue reading<span class=\"screen-reader-text\"> &#8220;DATENBANK&#8221;<\/span><\/a><\/p>\n","protected":false},"author":1,"featured_media":0,"parent":0,"menu_order":0,"comment_status":"closed","ping_status":"closed","template":"layouts\/databases.php","meta":{"_acf_changed":false,"footnotes":""},"class_list":["post-5615","page","type-page","status-publish","hentry"],"acf":[],"yoast_head":"<!-- This site is optimized with the Yoast SEO plugin v26.2 - https:\/\/yoast.com\/wordpress\/plugins\/seo\/ -->\n<title>Datenbankverwaltungsdienste | Datenbankwiederherstellung, Design, Migration -ISHIR<\/title>\n<meta name=\"description\" content=\"Wenn Sie den richtigen Partner f\u00fcr alle Ihre Datenbankverwaltungsl\u00f6sungen finden, die Ihre Datenbank verwalten, \u00fcberwachen, optimieren und f\u00fcr die Sicherheit sorgen, k\u00f6nnen Sie Ihre Daten optimal nutzen. Rufen Sie uns noch heute an, um Offshore-Datenbankverwaltungsdienste zu erhalten.\" \/>\n<meta name=\"robots\" content=\"index, follow, max-snippet:-1, max-image-preview:large, max-video-preview:-1\" \/>\n<link rel=\"canonical\" href=\"https:\/\/www.ishir.com\/de\/datenbankverwaltungsdienste.htm\" \/>\n<meta property=\"og:locale\" content=\"en_US\" \/>\n<meta property=\"og:type\" content=\"article\" \/>\n<meta property=\"og:title\" content=\"Datenbankverwaltungsdienste | Datenbankwiederherstellung, Design, Migration -ISHIR\" \/>\n<meta property=\"og:description\" content=\"Wenn Sie den richtigen Partner f\u00fcr alle Ihre Datenbankverwaltungsl\u00f6sungen finden, die Ihre Datenbank verwalten, \u00fcberwachen, optimieren und f\u00fcr die Sicherheit sorgen, k\u00f6nnen Sie Ihre Daten optimal nutzen. Rufen Sie uns noch heute an, um Offshore-Datenbankverwaltungsdienste zu erhalten.\" \/>\n<meta property=\"og:url\" content=\"https:\/\/www.ishir.com\/de\/datenbankverwaltungsdienste.htm\" \/>\n<meta property=\"og:site_name\" content=\"Offshore Custom Software Product Development Outsourcing Company India Mobile Application Development Services Dallas Texas Alexa AI IoT Developers - ISHIR\" \/>\n<meta property=\"article:modified_time\" content=\"2018-11-16T07:12:35+00:00\" \/>\n<meta name=\"twitter:card\" content=\"summary_large_image\" \/>\n<meta name=\"twitter:label1\" content=\"Est. reading time\" \/>\n\t<meta name=\"twitter:data1\" content=\"1 minute\" \/>\n<script type=\"application\/ld+json\" class=\"yoast-schema-graph\">{\"@context\":\"https:\/\/schema.org\",\"@graph\":[{\"@type\":\"WebPage\",\"@id\":\"https:\/\/www.ishir.com\/de\/datenbankverwaltungsdienste.htm\",\"url\":\"https:\/\/www.ishir.com\/de\/datenbankverwaltungsdienste.htm\",\"name\":\"Datenbankverwaltungsdienste | Datenbankwiederherstellung, Design, Migration -ISHIR\",\"isPartOf\":{\"@id\":\"https:\/\/www.ishir.com\/de\/#website\"},\"datePublished\":\"2018-08-06T10:50:02+00:00\",\"dateModified\":\"2018-11-16T07:12:35+00:00\",\"description\":\"Wenn Sie den richtigen Partner f\u00fcr alle Ihre Datenbankverwaltungsl\u00f6sungen finden, die Ihre Datenbank verwalten, \u00fcberwachen, optimieren und f\u00fcr die Sicherheit sorgen, k\u00f6nnen Sie Ihre Daten optimal nutzen. Rufen Sie uns noch heute an, um Offshore-Datenbankverwaltungsdienste zu erhalten.\",\"breadcrumb\":{\"@id\":\"https:\/\/www.ishir.com\/de\/datenbankverwaltungsdienste.htm#breadcrumb\"},\"inLanguage\":\"en-US\",\"potentialAction\":[{\"@type\":\"ReadAction\",\"target\":[\"https:\/\/www.ishir.com\/de\/datenbankverwaltungsdienste.htm\"]}]},{\"@type\":\"BreadcrumbList\",\"@id\":\"https:\/\/www.ishir.com\/de\/datenbankverwaltungsdienste.htm#breadcrumb\",\"itemListElement\":[{\"@type\":\"ListItem\",\"position\":1,\"name\":\"Home\",\"item\":\"https:\/\/www.ishir.com\/de\/\"},{\"@type\":\"ListItem\",\"position\":2,\"name\":\"DATENBANK\"}]},{\"@type\":\"WebSite\",\"@id\":\"https:\/\/www.ishir.com\/de\/#website\",\"url\":\"https:\/\/www.ishir.com\/de\/\",\"name\":\"Offshore Custom Software Product Development Outsourcing Company India Mobile Application Development Services Dallas Texas Alexa AI IoT Developers - ISHIR\",\"description\":\"Just another WordPress site\",\"potentialAction\":[{\"@type\":\"SearchAction\",\"target\":{\"@type\":\"EntryPoint\",\"urlTemplate\":\"https:\/\/www.ishir.com\/de\/?s={search_term_string}\"},\"query-input\":{\"@type\":\"PropertyValueSpecification\",\"valueRequired\":true,\"valueName\":\"search_term_string\"}}],\"inLanguage\":\"en-US\"}]}<\/script>\n<!-- \/ Yoast SEO plugin. -->","yoast_head_json":{"title":"Datenbankverwaltungsdienste | Datenbankwiederherstellung, Design, Migration -ISHIR","description":"Wenn Sie den richtigen Partner f\u00fcr alle Ihre Datenbankverwaltungsl\u00f6sungen finden, die Ihre Datenbank verwalten, \u00fcberwachen, optimieren und f\u00fcr die Sicherheit sorgen, k\u00f6nnen Sie Ihre Daten optimal nutzen. Rufen Sie uns noch heute an, um Offshore-Datenbankverwaltungsdienste zu erhalten.","robots":{"index":"index","follow":"follow","max-snippet":"max-snippet:-1","max-image-preview":"max-image-preview:large","max-video-preview":"max-video-preview:-1"},"canonical":"https:\/\/www.ishir.com\/de\/datenbankverwaltungsdienste.htm","og_locale":"en_US","og_type":"article","og_title":"Datenbankverwaltungsdienste | Datenbankwiederherstellung, Design, Migration -ISHIR","og_description":"Wenn Sie den richtigen Partner f\u00fcr alle Ihre Datenbankverwaltungsl\u00f6sungen finden, die Ihre Datenbank verwalten, \u00fcberwachen, optimieren und f\u00fcr die Sicherheit sorgen, k\u00f6nnen Sie Ihre Daten optimal nutzen. Rufen Sie uns noch heute an, um Offshore-Datenbankverwaltungsdienste zu erhalten.","og_url":"https:\/\/www.ishir.com\/de\/datenbankverwaltungsdienste.htm","og_site_name":"Offshore Custom Software Product Development Outsourcing Company India Mobile Application Development Services Dallas Texas Alexa AI IoT Developers - ISHIR","article_modified_time":"2018-11-16T07:12:35+00:00","twitter_card":"summary_large_image","twitter_misc":{"Est. reading time":"1 minute"},"schema":{"@context":"https:\/\/schema.org","@graph":[{"@type":"WebPage","@id":"https:\/\/www.ishir.com\/de\/datenbankverwaltungsdienste.htm","url":"https:\/\/www.ishir.com\/de\/datenbankverwaltungsdienste.htm","name":"Datenbankverwaltungsdienste | Datenbankwiederherstellung, Design, Migration -ISHIR","isPartOf":{"@id":"https:\/\/www.ishir.com\/de\/#website"},"datePublished":"2018-08-06T10:50:02+00:00","dateModified":"2018-11-16T07:12:35+00:00","description":"Wenn Sie den richtigen Partner f\u00fcr alle Ihre Datenbankverwaltungsl\u00f6sungen finden, die Ihre Datenbank verwalten, \u00fcberwachen, optimieren und f\u00fcr die Sicherheit sorgen, k\u00f6nnen Sie Ihre Daten optimal nutzen. Rufen Sie uns noch heute an, um Offshore-Datenbankverwaltungsdienste zu erhalten.","breadcrumb":{"@id":"https:\/\/www.ishir.com\/de\/datenbankverwaltungsdienste.htm#breadcrumb"},"inLanguage":"en-US","potentialAction":[{"@type":"ReadAction","target":["https:\/\/www.ishir.com\/de\/datenbankverwaltungsdienste.htm"]}]},{"@type":"BreadcrumbList","@id":"https:\/\/www.ishir.com\/de\/datenbankverwaltungsdienste.htm#breadcrumb","itemListElement":[{"@type":"ListItem","position":1,"name":"Home","item":"https:\/\/www.ishir.com\/de\/"},{"@type":"ListItem","position":2,"name":"DATENBANK"}]},{"@type":"WebSite","@id":"https:\/\/www.ishir.com\/de\/#website","url":"https:\/\/www.ishir.com\/de\/","name":"Offshore Custom Software Product Development Outsourcing Company India Mobile Application Development Services Dallas Texas Alexa AI IoT Developers - ISHIR","description":"Just another WordPress site","potentialAction":[{"@type":"SearchAction","target":{"@type":"EntryPoint","urlTemplate":"https:\/\/www.ishir.com\/de\/?s={search_term_string}"},"query-input":{"@type":"PropertyValueSpecification","valueRequired":true,"valueName":"search_term_string"}}],"inLanguage":"en-US"}]}},"_links":{"self":[{"href":"https:\/\/www.ishir.com\/de\/wp-json\/wp\/v2\/pages\/5615","targetHints":{"allow":["GET"]}}],"collection":[{"href":"https:\/\/www.ishir.com\/de\/wp-json\/wp\/v2\/pages"}],"about":[{"href":"https:\/\/www.ishir.com\/de\/wp-json\/wp\/v2\/types\/page"}],"author":[{"embeddable":true,"href":"https:\/\/www.ishir.com\/de\/wp-json\/wp\/v2\/users\/1"}],"replies":[{"embeddable":true,"href":"https:\/\/www.ishir.com\/de\/wp-json\/wp\/v2\/comments?post=5615"}],"version-history":[{"count":8,"href":"https:\/\/www.ishir.com\/de\/wp-json\/wp\/v2\/pages\/5615\/revisions"}],"predecessor-version":[{"id":6211,"href":"https:\/\/www.ishir.com\/de\/wp-json\/wp\/v2\/pages\/5615\/revisions\/6211"}],"wp:attachment":[{"href":"https:\/\/www.ishir.com\/de\/wp-json\/wp\/v2\/media?parent=5615"}],"curies":[{"name":"wp","href":"https:\/\/api.w.org\/{rel}","templated":true}]}}