{"id":5815,"date":"2018-08-07T10:05:43","date_gmt":"2018-08-07T10:05:43","guid":{"rendered":"https:\/\/www.ishir.com\/de\/?page_id=5815"},"modified":"2018-11-16T07:11:54","modified_gmt":"2018-11-16T07:11:54","slug":"mobile-app-entwicklung-dallas","status":"publish","type":"page","link":"https:\/\/www.ishir.com\/de\/mobile-app-entwicklung-dallas.htm","title":{"rendered":"MOBIL"},"content":{"rendered":"<div class=\"row\">\n<div class=\"col-lg-12 col-sm-12 col-xs-12\">\n<h3>Mobile-App Entwicklung<\/h3>\n<p>ISHIR ist eine spezialisierte Entwicklerfirma f\u00fcr mobile Apps, in den wir f\u00fcr Millionen von Menschen entwickeln. Wir erstellen mobile Anwendungen mit Nutzern aus aller Welt, dank unserer interaktiven, nachhaltigen und funktionsreichen Benutzeroberfl\u00e4che mit ansprechenden Funktionen. Wir arbeiten mit einer Reihe von Start-Ups, Digital\/IT-Agenturen und zahlreichen Unternehmen zusammen. Bei ISHIR ist es nicht nur unsere Aufgabe, mobile Apps zu entwickeln und zu gestalten, sondern auch einen guten Start, Wartung und Support zu gew\u00e4hrleisten.<\/p>\n<p>Sie k\u00f6nnen sich mit uns zusammenschlie\u00dfen, um einen neuen Horizont an M\u00f6glichkeiten zu er\u00f6ffnen, der mit kreativen funktionsreichen, gefragten mobilen Anwendungen zu wirtschaftlich-rentablen Preisen, abh\u00e4ngig von Ihren Anforderungen, gef\u00fcllt wird.<\/p>\n<\/div>\n<\/div>\n","protected":false},"excerpt":{"rendered":"<p>Mobile-App Entwicklung ISHIR ist eine spezialisierte Entwicklerfirma f\u00fcr mobile Apps, in den wir f\u00fcr Millionen von Menschen entwickeln. Wir erstellen mobile Anwendungen mit Nutzern aus aller Welt, dank unserer interaktiven, nachhaltigen und funktionsreichen Benutzeroberfl\u00e4che mit ansprechenden Funktionen. Wir arbeiten mit einer Reihe von Start-Ups, Digital\/IT-Agenturen und zahlreichen Unternehmen zusammen. Bei ISHIR ist es nicht nur &hellip; <a href=\"https:\/\/www.ishir.com\/de\/mobile-app-entwicklung-dallas.htm\" class=\"more-link\">Continue reading<span class=\"screen-reader-text\"> &#8220;MOBIL&#8221;<\/span><\/a><\/p>\n","protected":false},"author":1,"featured_media":0,"parent":0,"menu_order":0,"comment_status":"closed","ping_status":"closed","template":"layouts\/mobile-development.php","meta":{"_acf_changed":false,"footnotes":""},"class_list":["post-5815","page","type-page","status-publish","hentry"],"acf":[],"yoast_head":"<!-- This site is optimized with the Yoast SEO plugin v26.2 - https:\/\/yoast.com\/wordpress\/plugins\/seo\/ -->\n<title>Mobile Anwendungsentwicklungsfirma Dallas Texas | Offshore Mobile App Entwicklung Indien<\/title>\n<meta name=\"description\" content=\"ISHIR ist ein f\u00fchrendes Offshore-Unternehmen f\u00fcr Web- und Mobile-App-Entwicklung, das seinen Kunden eine umfassende IT-L\u00f6sung bietet. Sie k\u00f6nnen mit uns eine Partnerschaft eingehen und nach Bedarf mobile Anwendungen zu g\u00fcnstigen Preisen erhalten, je nach Ihren Anforderungen.\" \/>\n<meta name=\"robots\" content=\"index, follow, max-snippet:-1, max-image-preview:large, max-video-preview:-1\" \/>\n<link rel=\"canonical\" href=\"https:\/\/www.ishir.com\/de\/mobile-app-entwicklung-dallas.htm\" \/>\n<meta property=\"og:locale\" content=\"en_US\" \/>\n<meta property=\"og:type\" content=\"article\" \/>\n<meta property=\"og:title\" content=\"Mobile Anwendungsentwicklungsfirma Dallas Texas | Offshore Mobile App Entwicklung Indien\" \/>\n<meta property=\"og:description\" content=\"ISHIR ist ein f\u00fchrendes Offshore-Unternehmen f\u00fcr Web- und Mobile-App-Entwicklung, das seinen Kunden eine umfassende IT-L\u00f6sung bietet. Sie k\u00f6nnen mit uns eine Partnerschaft eingehen und nach Bedarf mobile Anwendungen zu g\u00fcnstigen Preisen erhalten, je nach Ihren Anforderungen.\" \/>\n<meta property=\"og:url\" content=\"https:\/\/www.ishir.com\/de\/mobile-app-entwicklung-dallas.htm\" \/>\n<meta property=\"og:site_name\" content=\"Offshore Custom Software Product Development Outsourcing Company India Mobile Application Development Services Dallas Texas Alexa AI IoT Developers - ISHIR\" \/>\n<meta property=\"article:modified_time\" content=\"2018-11-16T07:11:54+00:00\" \/>\n<meta name=\"twitter:card\" content=\"summary_large_image\" \/>\n<meta name=\"twitter:label1\" content=\"Est. reading time\" \/>\n\t<meta name=\"twitter:data1\" content=\"1 minute\" \/>\n<script type=\"application\/ld+json\" class=\"yoast-schema-graph\">{\"@context\":\"https:\/\/schema.org\",\"@graph\":[{\"@type\":\"WebPage\",\"@id\":\"https:\/\/www.ishir.com\/de\/mobile-app-entwicklung-dallas.htm\",\"url\":\"https:\/\/www.ishir.com\/de\/mobile-app-entwicklung-dallas.htm\",\"name\":\"Mobile Anwendungsentwicklungsfirma Dallas Texas | Offshore Mobile App Entwicklung Indien\",\"isPartOf\":{\"@id\":\"https:\/\/www.ishir.com\/de\/#website\"},\"datePublished\":\"2018-08-07T10:05:43+00:00\",\"dateModified\":\"2018-11-16T07:11:54+00:00\",\"description\":\"ISHIR ist ein f\u00fchrendes Offshore-Unternehmen f\u00fcr Web- und Mobile-App-Entwicklung, das seinen Kunden eine umfassende IT-L\u00f6sung bietet. Sie k\u00f6nnen mit uns eine Partnerschaft eingehen und nach Bedarf mobile Anwendungen zu g\u00fcnstigen Preisen erhalten, je nach Ihren Anforderungen.\",\"breadcrumb\":{\"@id\":\"https:\/\/www.ishir.com\/de\/mobile-app-entwicklung-dallas.htm#breadcrumb\"},\"inLanguage\":\"en-US\",\"potentialAction\":[{\"@type\":\"ReadAction\",\"target\":[\"https:\/\/www.ishir.com\/de\/mobile-app-entwicklung-dallas.htm\"]}]},{\"@type\":\"BreadcrumbList\",\"@id\":\"https:\/\/www.ishir.com\/de\/mobile-app-entwicklung-dallas.htm#breadcrumb\",\"itemListElement\":[{\"@type\":\"ListItem\",\"position\":1,\"name\":\"Home\",\"item\":\"https:\/\/www.ishir.com\/de\/\"},{\"@type\":\"ListItem\",\"position\":2,\"name\":\"MOBIL\"}]},{\"@type\":\"WebSite\",\"@id\":\"https:\/\/www.ishir.com\/de\/#website\",\"url\":\"https:\/\/www.ishir.com\/de\/\",\"name\":\"Offshore Custom Software Product Development Outsourcing Company India Mobile Application Development Services Dallas Texas Alexa AI IoT Developers - ISHIR\",\"description\":\"Just another WordPress site\",\"potentialAction\":[{\"@type\":\"SearchAction\",\"target\":{\"@type\":\"EntryPoint\",\"urlTemplate\":\"https:\/\/www.ishir.com\/de\/?s={search_term_string}\"},\"query-input\":{\"@type\":\"PropertyValueSpecification\",\"valueRequired\":true,\"valueName\":\"search_term_string\"}}],\"inLanguage\":\"en-US\"}]}<\/script>\n<!-- \/ Yoast SEO plugin. -->","yoast_head_json":{"title":"Mobile Anwendungsentwicklungsfirma Dallas Texas | Offshore Mobile App Entwicklung Indien","description":"ISHIR ist ein f\u00fchrendes Offshore-Unternehmen f\u00fcr Web- und Mobile-App-Entwicklung, das seinen Kunden eine umfassende IT-L\u00f6sung bietet. Sie k\u00f6nnen mit uns eine Partnerschaft eingehen und nach Bedarf mobile Anwendungen zu g\u00fcnstigen Preisen erhalten, je nach Ihren Anforderungen.","robots":{"index":"index","follow":"follow","max-snippet":"max-snippet:-1","max-image-preview":"max-image-preview:large","max-video-preview":"max-video-preview:-1"},"canonical":"https:\/\/www.ishir.com\/de\/mobile-app-entwicklung-dallas.htm","og_locale":"en_US","og_type":"article","og_title":"Mobile Anwendungsentwicklungsfirma Dallas Texas | Offshore Mobile App Entwicklung Indien","og_description":"ISHIR ist ein f\u00fchrendes Offshore-Unternehmen f\u00fcr Web- und Mobile-App-Entwicklung, das seinen Kunden eine umfassende IT-L\u00f6sung bietet. Sie k\u00f6nnen mit uns eine Partnerschaft eingehen und nach Bedarf mobile Anwendungen zu g\u00fcnstigen Preisen erhalten, je nach Ihren Anforderungen.","og_url":"https:\/\/www.ishir.com\/de\/mobile-app-entwicklung-dallas.htm","og_site_name":"Offshore Custom Software Product Development Outsourcing Company India Mobile Application Development Services Dallas Texas Alexa AI IoT Developers - ISHIR","article_modified_time":"2018-11-16T07:11:54+00:00","twitter_card":"summary_large_image","twitter_misc":{"Est. reading time":"1 minute"},"schema":{"@context":"https:\/\/schema.org","@graph":[{"@type":"WebPage","@id":"https:\/\/www.ishir.com\/de\/mobile-app-entwicklung-dallas.htm","url":"https:\/\/www.ishir.com\/de\/mobile-app-entwicklung-dallas.htm","name":"Mobile Anwendungsentwicklungsfirma Dallas Texas | Offshore Mobile App Entwicklung Indien","isPartOf":{"@id":"https:\/\/www.ishir.com\/de\/#website"},"datePublished":"2018-08-07T10:05:43+00:00","dateModified":"2018-11-16T07:11:54+00:00","description":"ISHIR ist ein f\u00fchrendes Offshore-Unternehmen f\u00fcr Web- und Mobile-App-Entwicklung, das seinen Kunden eine umfassende IT-L\u00f6sung bietet. Sie k\u00f6nnen mit uns eine Partnerschaft eingehen und nach Bedarf mobile Anwendungen zu g\u00fcnstigen Preisen erhalten, je nach Ihren Anforderungen.","breadcrumb":{"@id":"https:\/\/www.ishir.com\/de\/mobile-app-entwicklung-dallas.htm#breadcrumb"},"inLanguage":"en-US","potentialAction":[{"@type":"ReadAction","target":["https:\/\/www.ishir.com\/de\/mobile-app-entwicklung-dallas.htm"]}]},{"@type":"BreadcrumbList","@id":"https:\/\/www.ishir.com\/de\/mobile-app-entwicklung-dallas.htm#breadcrumb","itemListElement":[{"@type":"ListItem","position":1,"name":"Home","item":"https:\/\/www.ishir.com\/de\/"},{"@type":"ListItem","position":2,"name":"MOBIL"}]},{"@type":"WebSite","@id":"https:\/\/www.ishir.com\/de\/#website","url":"https:\/\/www.ishir.com\/de\/","name":"Offshore Custom Software Product Development Outsourcing Company India Mobile Application Development Services Dallas Texas Alexa AI IoT Developers - ISHIR","description":"Just another WordPress site","potentialAction":[{"@type":"SearchAction","target":{"@type":"EntryPoint","urlTemplate":"https:\/\/www.ishir.com\/de\/?s={search_term_string}"},"query-input":{"@type":"PropertyValueSpecification","valueRequired":true,"valueName":"search_term_string"}}],"inLanguage":"en-US"}]}},"_links":{"self":[{"href":"https:\/\/www.ishir.com\/de\/wp-json\/wp\/v2\/pages\/5815","targetHints":{"allow":["GET"]}}],"collection":[{"href":"https:\/\/www.ishir.com\/de\/wp-json\/wp\/v2\/pages"}],"about":[{"href":"https:\/\/www.ishir.com\/de\/wp-json\/wp\/v2\/types\/page"}],"author":[{"embeddable":true,"href":"https:\/\/www.ishir.com\/de\/wp-json\/wp\/v2\/users\/1"}],"replies":[{"embeddable":true,"href":"https:\/\/www.ishir.com\/de\/wp-json\/wp\/v2\/comments?post=5815"}],"version-history":[{"count":9,"href":"https:\/\/www.ishir.com\/de\/wp-json\/wp\/v2\/pages\/5815\/revisions"}],"predecessor-version":[{"id":6210,"href":"https:\/\/www.ishir.com\/de\/wp-json\/wp\/v2\/pages\/5815\/revisions\/6210"}],"wp:attachment":[{"href":"https:\/\/www.ishir.com\/de\/wp-json\/wp\/v2\/media?parent=5815"}],"curies":[{"name":"wp","href":"https:\/\/api.w.org\/{rel}","templated":true}]}}