{"id":5848,"date":"2018-08-07T11:32:47","date_gmt":"2018-08-07T11:32:47","guid":{"rendered":"https:\/\/www.ishir.com\/de\/?page_id=5848"},"modified":"2018-11-16T07:17:00","modified_gmt":"2018-11-16T07:17:00","slug":"partner","status":"publish","type":"page","link":"https:\/\/www.ishir.com\/de\/partner.htm","title":{"rendered":"PARTNER"},"content":{"rendered":"<h3 class=\"backgroundNone marginNone\">Unsere Partner sind f\u00fchrend in ihrem Bereich und teilen die gleiche Leidenschaft wie wir.<\/h3>\n<p>ISHIR arbeitet mit Systemintegratoren, Interaktiv\/Digitalagenturen und Software-Beratungsunternehmen zusammen, um unsere St\u00e4rken in den Bereichen Offshore-Entwicklung und Outsourcing digitaler Dienstleistungen zu nutzen. Erfahren Sie mehr \u00fcber unser Partnerprogramm.<\/p>\n","protected":false},"excerpt":{"rendered":"<p>Unsere Partner sind f\u00fchrend in ihrem Bereich und teilen die gleiche Leidenschaft wie wir. ISHIR arbeitet mit Systemintegratoren, Interaktiv\/Digitalagenturen und Software-Beratungsunternehmen zusammen, um unsere St\u00e4rken in den Bereichen Offshore-Entwicklung und Outsourcing digitaler Dienstleistungen zu nutzen. Erfahren Sie mehr \u00fcber unser Partnerprogramm.<\/p>\n","protected":false},"author":1,"featured_media":0,"parent":0,"menu_order":0,"comment_status":"closed","ping_status":"closed","template":"layouts\/partners.php","meta":{"_acf_changed":false,"footnotes":""},"class_list":["post-5848","page","type-page","status-publish","hentry"],"acf":[],"yoast_head":"<!-- This site is optimized with the Yoast SEO plugin v26.2 - https:\/\/yoast.com\/wordpress\/plugins\/seo\/ -->\n<title>ISHIR Partner | Cloud-Partner | Interaktive Partner | Internet-Datencenter | Technologiepartner<\/title>\n<meta name=\"description\" content=\"ISHIR ist ein zuverl\u00e4ssiger Partner vieler unabh\u00e4ngiger Softwareanbieter (ISV), Systemintegratoren (SI), interaktiver digitaler Marketingagenturen, Startups und gro\u00dfer Unternehmen.\" \/>\n<meta name=\"robots\" content=\"index, follow, max-snippet:-1, max-image-preview:large, max-video-preview:-1\" \/>\n<link rel=\"canonical\" href=\"https:\/\/www.ishir.com\/de\/partner.htm\" \/>\n<meta property=\"og:locale\" content=\"en_US\" \/>\n<meta property=\"og:type\" content=\"article\" \/>\n<meta property=\"og:title\" content=\"ISHIR Partner | Cloud-Partner | Interaktive Partner | Internet-Datencenter | Technologiepartner\" \/>\n<meta property=\"og:description\" content=\"ISHIR ist ein zuverl\u00e4ssiger Partner vieler unabh\u00e4ngiger Softwareanbieter (ISV), Systemintegratoren (SI), interaktiver digitaler Marketingagenturen, Startups und gro\u00dfer Unternehmen.\" \/>\n<meta property=\"og:url\" content=\"https:\/\/www.ishir.com\/de\/partner.htm\" \/>\n<meta property=\"og:site_name\" content=\"Offshore Custom Software Product Development Outsourcing Company India Mobile Application Development Services Dallas Texas Alexa AI IoT Developers - ISHIR\" \/>\n<meta property=\"article:modified_time\" content=\"2018-11-16T07:17:00+00:00\" \/>\n<meta name=\"twitter:card\" content=\"summary_large_image\" \/>\n<script type=\"application\/ld+json\" class=\"yoast-schema-graph\">{\"@context\":\"https:\/\/schema.org\",\"@graph\":[{\"@type\":\"WebPage\",\"@id\":\"https:\/\/www.ishir.com\/de\/partner.htm\",\"url\":\"https:\/\/www.ishir.com\/de\/partner.htm\",\"name\":\"ISHIR Partner | Cloud-Partner | Interaktive Partner | Internet-Datencenter | Technologiepartner\",\"isPartOf\":{\"@id\":\"https:\/\/www.ishir.com\/de\/#website\"},\"datePublished\":\"2018-08-07T11:32:47+00:00\",\"dateModified\":\"2018-11-16T07:17:00+00:00\",\"description\":\"ISHIR ist ein zuverl\u00e4ssiger Partner vieler unabh\u00e4ngiger Softwareanbieter (ISV), Systemintegratoren (SI), interaktiver digitaler Marketingagenturen, Startups und gro\u00dfer Unternehmen.\",\"breadcrumb\":{\"@id\":\"https:\/\/www.ishir.com\/de\/partner.htm#breadcrumb\"},\"inLanguage\":\"en-US\",\"potentialAction\":[{\"@type\":\"ReadAction\",\"target\":[\"https:\/\/www.ishir.com\/de\/partner.htm\"]}]},{\"@type\":\"BreadcrumbList\",\"@id\":\"https:\/\/www.ishir.com\/de\/partner.htm#breadcrumb\",\"itemListElement\":[{\"@type\":\"ListItem\",\"position\":1,\"name\":\"Home\",\"item\":\"https:\/\/www.ishir.com\/de\/\"},{\"@type\":\"ListItem\",\"position\":2,\"name\":\"PARTNER\"}]},{\"@type\":\"WebSite\",\"@id\":\"https:\/\/www.ishir.com\/de\/#website\",\"url\":\"https:\/\/www.ishir.com\/de\/\",\"name\":\"Offshore Custom Software Product Development Outsourcing Company India Mobile Application Development Services Dallas Texas Alexa AI IoT Developers - ISHIR\",\"description\":\"Just another WordPress site\",\"potentialAction\":[{\"@type\":\"SearchAction\",\"target\":{\"@type\":\"EntryPoint\",\"urlTemplate\":\"https:\/\/www.ishir.com\/de\/?s={search_term_string}\"},\"query-input\":{\"@type\":\"PropertyValueSpecification\",\"valueRequired\":true,\"valueName\":\"search_term_string\"}}],\"inLanguage\":\"en-US\"}]}<\/script>\n<!-- \/ Yoast SEO plugin. -->","yoast_head_json":{"title":"ISHIR Partner | Cloud-Partner | Interaktive Partner | Internet-Datencenter | Technologiepartner","description":"ISHIR ist ein zuverl\u00e4ssiger Partner vieler unabh\u00e4ngiger Softwareanbieter (ISV), Systemintegratoren (SI), interaktiver digitaler Marketingagenturen, Startups und gro\u00dfer Unternehmen.","robots":{"index":"index","follow":"follow","max-snippet":"max-snippet:-1","max-image-preview":"max-image-preview:large","max-video-preview":"max-video-preview:-1"},"canonical":"https:\/\/www.ishir.com\/de\/partner.htm","og_locale":"en_US","og_type":"article","og_title":"ISHIR Partner | Cloud-Partner | Interaktive Partner | Internet-Datencenter | Technologiepartner","og_description":"ISHIR ist ein zuverl\u00e4ssiger Partner vieler unabh\u00e4ngiger Softwareanbieter (ISV), Systemintegratoren (SI), interaktiver digitaler Marketingagenturen, Startups und gro\u00dfer Unternehmen.","og_url":"https:\/\/www.ishir.com\/de\/partner.htm","og_site_name":"Offshore Custom Software Product Development Outsourcing Company India Mobile Application Development Services Dallas Texas Alexa AI IoT Developers - ISHIR","article_modified_time":"2018-11-16T07:17:00+00:00","twitter_card":"summary_large_image","schema":{"@context":"https:\/\/schema.org","@graph":[{"@type":"WebPage","@id":"https:\/\/www.ishir.com\/de\/partner.htm","url":"https:\/\/www.ishir.com\/de\/partner.htm","name":"ISHIR Partner | Cloud-Partner | Interaktive Partner | Internet-Datencenter | Technologiepartner","isPartOf":{"@id":"https:\/\/www.ishir.com\/de\/#website"},"datePublished":"2018-08-07T11:32:47+00:00","dateModified":"2018-11-16T07:17:00+00:00","description":"ISHIR ist ein zuverl\u00e4ssiger Partner vieler unabh\u00e4ngiger Softwareanbieter (ISV), Systemintegratoren (SI), interaktiver digitaler Marketingagenturen, Startups und gro\u00dfer Unternehmen.","breadcrumb":{"@id":"https:\/\/www.ishir.com\/de\/partner.htm#breadcrumb"},"inLanguage":"en-US","potentialAction":[{"@type":"ReadAction","target":["https:\/\/www.ishir.com\/de\/partner.htm"]}]},{"@type":"BreadcrumbList","@id":"https:\/\/www.ishir.com\/de\/partner.htm#breadcrumb","itemListElement":[{"@type":"ListItem","position":1,"name":"Home","item":"https:\/\/www.ishir.com\/de\/"},{"@type":"ListItem","position":2,"name":"PARTNER"}]},{"@type":"WebSite","@id":"https:\/\/www.ishir.com\/de\/#website","url":"https:\/\/www.ishir.com\/de\/","name":"Offshore Custom Software Product Development Outsourcing Company India Mobile Application Development Services Dallas Texas Alexa AI IoT Developers - ISHIR","description":"Just another WordPress site","potentialAction":[{"@type":"SearchAction","target":{"@type":"EntryPoint","urlTemplate":"https:\/\/www.ishir.com\/de\/?s={search_term_string}"},"query-input":{"@type":"PropertyValueSpecification","valueRequired":true,"valueName":"search_term_string"}}],"inLanguage":"en-US"}]}},"_links":{"self":[{"href":"https:\/\/www.ishir.com\/de\/wp-json\/wp\/v2\/pages\/5848","targetHints":{"allow":["GET"]}}],"collection":[{"href":"https:\/\/www.ishir.com\/de\/wp-json\/wp\/v2\/pages"}],"about":[{"href":"https:\/\/www.ishir.com\/de\/wp-json\/wp\/v2\/types\/page"}],"author":[{"embeddable":true,"href":"https:\/\/www.ishir.com\/de\/wp-json\/wp\/v2\/users\/1"}],"replies":[{"embeddable":true,"href":"https:\/\/www.ishir.com\/de\/wp-json\/wp\/v2\/comments?post=5848"}],"version-history":[{"count":6,"href":"https:\/\/www.ishir.com\/de\/wp-json\/wp\/v2\/pages\/5848\/revisions"}],"predecessor-version":[{"id":6219,"href":"https:\/\/www.ishir.com\/de\/wp-json\/wp\/v2\/pages\/5848\/revisions\/6219"}],"wp:attachment":[{"href":"https:\/\/www.ishir.com\/de\/wp-json\/wp\/v2\/media?parent=5848"}],"curies":[{"name":"wp","href":"https:\/\/api.w.org\/{rel}","templated":true}]}}