{"id":5912,"date":"2018-08-07T14:49:13","date_gmt":"2018-08-07T14:49:13","guid":{"rendered":"https:\/\/www.ishir.com\/de\/?page_id=5912"},"modified":"2018-11-16T07:16:17","modified_gmt":"2018-11-16T07:16:17","slug":"zertifizierungen","status":"publish","type":"page","link":"https:\/\/www.ishir.com\/de\/zertifizierungen.htm","title":{"rendered":"ZERTIFIZIERUNG"},"content":{"rendered":"<p>&nbsp;<\/p>\n<h3 class=\"backgroundNone paddingBotNone\">ISHIR verpflichtet sich dazu, den Kunden die h\u00f6chste Qualit\u00e4t an Dienstleistungen zu bieten<\/h3>\n<p>ISHIR engagiert sich seit langem f\u00fcr Qualit\u00e4tsmanagement, kontinuierliche Verbesserungsinitiativen und den Einsatz neuester Technologien, um die Ziele unserer Kunden hinsichtlich Kosten, Zeitplan, Funktionalit\u00e4t und Qualit\u00e4t zu erf\u00fcllen. ISHIR wurde mit weltweit anerkannten Zertifizierungen ausgezeichnet, um unser Engagement f\u00fcr herausragende Leistungen zu best\u00e4tigen.<\/p>\n","protected":false},"excerpt":{"rendered":"<p>&nbsp; ISHIR verpflichtet sich dazu, den Kunden die h\u00f6chste Qualit\u00e4t an Dienstleistungen zu bieten ISHIR engagiert sich seit langem f\u00fcr Qualit\u00e4tsmanagement, kontinuierliche Verbesserungsinitiativen und den Einsatz neuester Technologien, um die Ziele unserer Kunden hinsichtlich Kosten, Zeitplan, Funktionalit\u00e4t und Qualit\u00e4t zu erf\u00fcllen. ISHIR wurde mit weltweit anerkannten Zertifizierungen ausgezeichnet, um unser Engagement f\u00fcr herausragende Leistungen zu &hellip; <a href=\"https:\/\/www.ishir.com\/de\/zertifizierungen.htm\" class=\"more-link\">Continue reading<span class=\"screen-reader-text\"> &#8220;ZERTIFIZIERUNG&#8221;<\/span><\/a><\/p>\n","protected":false},"author":1,"featured_media":0,"parent":0,"menu_order":0,"comment_status":"closed","ping_status":"closed","template":"layouts\/certifications.php","meta":{"_acf_changed":false,"footnotes":""},"class_list":["post-5912","page","type-page","status-publish","hentry"],"acf":[],"yoast_head":"<!-- This site is optimized with the Yoast SEO plugin v26.2 - https:\/\/yoast.com\/wordpress\/plugins\/seo\/ -->\n<title>Microsoft Gold-zertifiziertes und CMMI Level 3-Technologieunternehmen | ISHIR-Zertifizierungen<\/title>\n<meta name=\"description\" content=\"ISHIR ist ein f\u00fchrendes Offshore-IT-Consulting-Unternehmen f\u00fcr CMMI Level 3 in Indien. ISHIR wurde mit weltweit anerkannten Zertifizierungen belohnt, um das Engagement f\u00fcr herausragende Leistungen zu best\u00e4tigen.\" \/>\n<meta name=\"robots\" content=\"index, follow, max-snippet:-1, max-image-preview:large, max-video-preview:-1\" \/>\n<link rel=\"canonical\" href=\"https:\/\/www.ishir.com\/de\/zertifizierungen.htm\" \/>\n<meta property=\"og:locale\" content=\"en_US\" \/>\n<meta property=\"og:type\" content=\"article\" \/>\n<meta property=\"og:title\" content=\"Microsoft Gold-zertifiziertes und CMMI Level 3-Technologieunternehmen | ISHIR-Zertifizierungen\" \/>\n<meta property=\"og:description\" content=\"ISHIR ist ein f\u00fchrendes Offshore-IT-Consulting-Unternehmen f\u00fcr CMMI Level 3 in Indien. ISHIR wurde mit weltweit anerkannten Zertifizierungen belohnt, um das Engagement f\u00fcr herausragende Leistungen zu best\u00e4tigen.\" \/>\n<meta property=\"og:url\" content=\"https:\/\/www.ishir.com\/de\/zertifizierungen.htm\" \/>\n<meta property=\"og:site_name\" content=\"Offshore Custom Software Product Development Outsourcing Company India Mobile Application Development Services Dallas Texas Alexa AI IoT Developers - ISHIR\" \/>\n<meta property=\"article:modified_time\" content=\"2018-11-16T07:16:17+00:00\" \/>\n<meta name=\"twitter:card\" content=\"summary_large_image\" \/>\n<script type=\"application\/ld+json\" class=\"yoast-schema-graph\">{\"@context\":\"https:\/\/schema.org\",\"@graph\":[{\"@type\":\"WebPage\",\"@id\":\"https:\/\/www.ishir.com\/de\/zertifizierungen.htm\",\"url\":\"https:\/\/www.ishir.com\/de\/zertifizierungen.htm\",\"name\":\"Microsoft Gold-zertifiziertes und CMMI Level 3-Technologieunternehmen | ISHIR-Zertifizierungen\",\"isPartOf\":{\"@id\":\"https:\/\/www.ishir.com\/de\/#website\"},\"datePublished\":\"2018-08-07T14:49:13+00:00\",\"dateModified\":\"2018-11-16T07:16:17+00:00\",\"description\":\"ISHIR ist ein f\u00fchrendes Offshore-IT-Consulting-Unternehmen f\u00fcr CMMI Level 3 in Indien. ISHIR wurde mit weltweit anerkannten Zertifizierungen belohnt, um das Engagement f\u00fcr herausragende Leistungen zu best\u00e4tigen.\",\"breadcrumb\":{\"@id\":\"https:\/\/www.ishir.com\/de\/zertifizierungen.htm#breadcrumb\"},\"inLanguage\":\"en-US\",\"potentialAction\":[{\"@type\":\"ReadAction\",\"target\":[\"https:\/\/www.ishir.com\/de\/zertifizierungen.htm\"]}]},{\"@type\":\"BreadcrumbList\",\"@id\":\"https:\/\/www.ishir.com\/de\/zertifizierungen.htm#breadcrumb\",\"itemListElement\":[{\"@type\":\"ListItem\",\"position\":1,\"name\":\"Home\",\"item\":\"https:\/\/www.ishir.com\/de\/\"},{\"@type\":\"ListItem\",\"position\":2,\"name\":\"ZERTIFIZIERUNG\"}]},{\"@type\":\"WebSite\",\"@id\":\"https:\/\/www.ishir.com\/de\/#website\",\"url\":\"https:\/\/www.ishir.com\/de\/\",\"name\":\"Offshore Custom Software Product Development Outsourcing Company India Mobile Application Development Services Dallas Texas Alexa AI IoT Developers - ISHIR\",\"description\":\"Just another WordPress site\",\"potentialAction\":[{\"@type\":\"SearchAction\",\"target\":{\"@type\":\"EntryPoint\",\"urlTemplate\":\"https:\/\/www.ishir.com\/de\/?s={search_term_string}\"},\"query-input\":{\"@type\":\"PropertyValueSpecification\",\"valueRequired\":true,\"valueName\":\"search_term_string\"}}],\"inLanguage\":\"en-US\"}]}<\/script>\n<!-- \/ Yoast SEO plugin. -->","yoast_head_json":{"title":"Microsoft Gold-zertifiziertes und CMMI Level 3-Technologieunternehmen | ISHIR-Zertifizierungen","description":"ISHIR ist ein f\u00fchrendes Offshore-IT-Consulting-Unternehmen f\u00fcr CMMI Level 3 in Indien. ISHIR wurde mit weltweit anerkannten Zertifizierungen belohnt, um das Engagement f\u00fcr herausragende Leistungen zu best\u00e4tigen.","robots":{"index":"index","follow":"follow","max-snippet":"max-snippet:-1","max-image-preview":"max-image-preview:large","max-video-preview":"max-video-preview:-1"},"canonical":"https:\/\/www.ishir.com\/de\/zertifizierungen.htm","og_locale":"en_US","og_type":"article","og_title":"Microsoft Gold-zertifiziertes und CMMI Level 3-Technologieunternehmen | ISHIR-Zertifizierungen","og_description":"ISHIR ist ein f\u00fchrendes Offshore-IT-Consulting-Unternehmen f\u00fcr CMMI Level 3 in Indien. ISHIR wurde mit weltweit anerkannten Zertifizierungen belohnt, um das Engagement f\u00fcr herausragende Leistungen zu best\u00e4tigen.","og_url":"https:\/\/www.ishir.com\/de\/zertifizierungen.htm","og_site_name":"Offshore Custom Software Product Development Outsourcing Company India Mobile Application Development Services Dallas Texas Alexa AI IoT Developers - ISHIR","article_modified_time":"2018-11-16T07:16:17+00:00","twitter_card":"summary_large_image","schema":{"@context":"https:\/\/schema.org","@graph":[{"@type":"WebPage","@id":"https:\/\/www.ishir.com\/de\/zertifizierungen.htm","url":"https:\/\/www.ishir.com\/de\/zertifizierungen.htm","name":"Microsoft Gold-zertifiziertes und CMMI Level 3-Technologieunternehmen | ISHIR-Zertifizierungen","isPartOf":{"@id":"https:\/\/www.ishir.com\/de\/#website"},"datePublished":"2018-08-07T14:49:13+00:00","dateModified":"2018-11-16T07:16:17+00:00","description":"ISHIR ist ein f\u00fchrendes Offshore-IT-Consulting-Unternehmen f\u00fcr CMMI Level 3 in Indien. ISHIR wurde mit weltweit anerkannten Zertifizierungen belohnt, um das Engagement f\u00fcr herausragende Leistungen zu best\u00e4tigen.","breadcrumb":{"@id":"https:\/\/www.ishir.com\/de\/zertifizierungen.htm#breadcrumb"},"inLanguage":"en-US","potentialAction":[{"@type":"ReadAction","target":["https:\/\/www.ishir.com\/de\/zertifizierungen.htm"]}]},{"@type":"BreadcrumbList","@id":"https:\/\/www.ishir.com\/de\/zertifizierungen.htm#breadcrumb","itemListElement":[{"@type":"ListItem","position":1,"name":"Home","item":"https:\/\/www.ishir.com\/de\/"},{"@type":"ListItem","position":2,"name":"ZERTIFIZIERUNG"}]},{"@type":"WebSite","@id":"https:\/\/www.ishir.com\/de\/#website","url":"https:\/\/www.ishir.com\/de\/","name":"Offshore Custom Software Product Development Outsourcing Company India Mobile Application Development Services Dallas Texas Alexa AI IoT Developers - ISHIR","description":"Just another WordPress site","potentialAction":[{"@type":"SearchAction","target":{"@type":"EntryPoint","urlTemplate":"https:\/\/www.ishir.com\/de\/?s={search_term_string}"},"query-input":{"@type":"PropertyValueSpecification","valueRequired":true,"valueName":"search_term_string"}}],"inLanguage":"en-US"}]}},"_links":{"self":[{"href":"https:\/\/www.ishir.com\/de\/wp-json\/wp\/v2\/pages\/5912","targetHints":{"allow":["GET"]}}],"collection":[{"href":"https:\/\/www.ishir.com\/de\/wp-json\/wp\/v2\/pages"}],"about":[{"href":"https:\/\/www.ishir.com\/de\/wp-json\/wp\/v2\/types\/page"}],"author":[{"embeddable":true,"href":"https:\/\/www.ishir.com\/de\/wp-json\/wp\/v2\/users\/1"}],"replies":[{"embeddable":true,"href":"https:\/\/www.ishir.com\/de\/wp-json\/wp\/v2\/comments?post=5912"}],"version-history":[{"count":7,"href":"https:\/\/www.ishir.com\/de\/wp-json\/wp\/v2\/pages\/5912\/revisions"}],"predecessor-version":[{"id":6218,"href":"https:\/\/www.ishir.com\/de\/wp-json\/wp\/v2\/pages\/5912\/revisions\/6218"}],"wp:attachment":[{"href":"https:\/\/www.ishir.com\/de\/wp-json\/wp\/v2\/media?parent=5912"}],"curies":[{"name":"wp","href":"https:\/\/api.w.org\/{rel}","templated":true}]}}