{"id":5916,"date":"2018-08-08T07:21:14","date_gmt":"2018-08-08T07:21:14","guid":{"rendered":"https:\/\/www.ishir.com\/de\/?page_id=5916"},"modified":"2018-11-16T07:17:33","modified_gmt":"2018-11-16T07:17:33","slug":"kontaktiere-uns","status":"publish","type":"page","link":"https:\/\/www.ishir.com\/de\/kontaktiere-uns.htm","title":{"rendered":"CONT\u00c1CTENOS"},"content":{"rendered":"<div class=\"rightContent\">\n<h3 class=\"backgroundNone marginNone\">Wir freuen uns immer, von potentiellen oder bestehenden Kunden, Partnern, Freunden, Konkurrenten &#8211; so ziemlich jedem &#8211; zu h\u00f6ren.<\/h3>\n<p class=\"backgroundNone marginNone paddingBot20\">Wir unterst\u00fctzen unsere Kunden dabei, ihre Gesch\u00e4ftsziele zu erreichen, indem wir ihre nicht zum Kerngesch\u00e4ft geh\u00f6renden Gesch\u00e4ftsprozesse und Funktionen in den Bereichen Technologie und digitales Marketing erfolgreich auslagern.<\/p>\n<p class=\"marginNone\" style=\"color: #000; font-weight: 400;\"><span style=\"color: #ff0000;\">*<\/span> Markierte Felder sind Pflichtfelder<\/p>\n<div class=\"clr\"><\/div>\n<div class=\"contactNewForm\">\n<div class=\"wpcf7 no-js\" id=\"wpcf7-f4-o1\" lang=\"en-US\" dir=\"ltr\" data-wpcf7-id=\"4\">\n<div class=\"screen-reader-response\"><p role=\"status\" aria-live=\"polite\" aria-atomic=\"true\"><\/p> <ul><\/ul><\/div>\n<form action=\"\/de\/wp-json\/wp\/v2\/pages\/5916#wpcf7-f4-o1\" method=\"post\" class=\"wpcf7-form init\" aria-label=\"Contact form\" enctype=\"multipart\/form-data\" novalidate=\"novalidate\" data-status=\"init\">\n<fieldset class=\"hidden-fields-container\"><input type=\"hidden\" name=\"_wpcf7\" value=\"4\" \/><input type=\"hidden\" name=\"_wpcf7_version\" value=\"6.1.3\" \/><input type=\"hidden\" name=\"_wpcf7_locale\" value=\"en_US\" \/><input type=\"hidden\" name=\"_wpcf7_unit_tag\" value=\"wpcf7-f4-o1\" \/><input type=\"hidden\" name=\"_wpcf7_container_post\" value=\"0\" \/><input type=\"hidden\" name=\"_wpcf7_posted_data_hash\" value=\"\" \/><input type=\"hidden\" name=\"_wpcf7_recaptcha_response\" value=\"\" \/>\n<\/fieldset>\n<div class=\"row contactFormElements\" style=\"padding-top:50px;\">\n    <div class=\"col-lg-4 col-sm-4 col-xs-12\">\n        <label>Vorname(*)<\/label>\n        <span class=\"wpcf7-form-control-wrap\" data-name=\"first-name\"><input size=\"40\" maxlength=\"400\" class=\"wpcf7-form-control wpcf7-text wpcf7-validates-as-required form-control set-50-length\" aria-required=\"true\" aria-invalid=\"false\" value=\"\" type=\"text\" name=\"first-name\" \/><\/span>\n\n    <\/div>\n    <div class=\"col-lg-4 col-sm-4 col-xs-12\">\n        <label>Nachname(*)<\/label>\n        <span class=\"wpcf7-form-control-wrap\" data-name=\"last-name\"><input size=\"40\" maxlength=\"400\" class=\"wpcf7-form-control wpcf7-text wpcf7-validates-as-required form-control set-50-length\" aria-required=\"true\" aria-invalid=\"false\" value=\"\" type=\"text\" name=\"last-name\" \/><\/span>\n\n    <\/div>\n    <div class=\"col-lg-4 col-sm-4 col-xs-12\">\n        <label>Firmenname<\/label>\n        <span class=\"wpcf7-form-control-wrap\" data-name=\"company-name\"><input size=\"40\" maxlength=\"400\" class=\"wpcf7-form-control wpcf7-text form-control set-50-length\" aria-invalid=\"false\" value=\"\" type=\"text\" name=\"company-name\" \/><\/span>\n\n    <\/div>\n<\/div>\n<div class=\"row contactFormElements\">\n    <div class=\"col-lg-4 col-sm-4 col-xs-12\">\n        <label>Berufsbezeichnung<\/label>\n        <span class=\"wpcf7-form-control-wrap\" data-name=\"job-title\"><input size=\"40\" maxlength=\"400\" class=\"wpcf7-form-control wpcf7-text form-control set-50-length\" aria-invalid=\"false\" value=\"\" type=\"text\" name=\"job-title\" \/><\/span>\n\n    <\/div>\n    <div class=\"col-lg-4 col-sm-4 col-xs-12\">\n    <label>Ihre Email(*)<\/label>\n    <span class=\"wpcf7-form-control-wrap\" data-name=\"your-email\"><input size=\"40\" maxlength=\"400\" class=\"wpcf7-form-control wpcf7-email wpcf7-validates-as-required wpcf7-text wpcf7-validates-as-email form-control email set-50-length\" aria-required=\"true\" aria-invalid=\"false\" value=\"\" type=\"email\" name=\"your-email\" \/><\/span>\n\n<\/div>\n<div class=\"col-lg-4 col-sm-4 col-xs-12\">\n    <label>Land ausw\u00e4hlen(*)<\/label>\n    <div class=\"large\">\n        <span class=\"wpcf7-form-control-wrap\" data-name=\"your-country\"><select class=\"wpcf7-form-control wpcf7-select wpcf7-validates-as-required form-control\" aria-required=\"true\" aria-invalid=\"false\" name=\"your-country\"><option value=\"Aruba\">Aruba<\/option><option value=\"Afghanistan\">Afghanistan<\/option><option value=\"Angola\">Angola<\/option><option value=\"Albania\">Albania<\/option><option value=\"Andorra\">Andorra<\/option><option value=\"United Arab Emirates\">United Arab Emirates<\/option><option value=\"Argentina\">Argentina<\/option><option value=\"Armenia\">Armenia<\/option><option value=\"American Samoa\">American Samoa<\/option><option value=\"Antigua and Barbuda\">Antigua and Barbuda<\/option><option value=\"Australia\">Australia<\/option><option value=\"Austria\">Austria<\/option><option value=\"Azerbaijan\">Azerbaijan<\/option><option value=\"Burundi\">Burundi<\/option><option value=\"Belgium\">Belgium<\/option><option value=\"Benin\">Benin<\/option><option value=\"Burkina Faso\">Burkina Faso<\/option><option value=\"Bangladesh\">Bangladesh<\/option><option value=\"Bulgaria\">Bulgaria<\/option><option value=\"Bahrain\">Bahrain<\/option><option value=\"Bahamas\">Bahamas<\/option><option value=\"Bosnia and Herzegovina\">Bosnia and Herzegovina<\/option><option value=\"Belarus\">Belarus<\/option><option value=\"Belize\">Belize<\/option><option value=\"Bermuda\">Bermuda<\/option><option value=\"Bolivia, Plurinational State of\">Bolivia, Plurinational State of<\/option><option value=\"Brazil\">Brazil<\/option><option value=\"Barbados\">Barbados<\/option><option value=\"Brunei Darussalam\">Brunei Darussalam<\/option><option value=\"Bhutan\">Bhutan<\/option><option value=\"Botswana\">Botswana<\/option><option value=\"Central African Republic\">Central African Republic<\/option><option value=\"Canada\">Canada<\/option><option value=\"Switzerland\">Switzerland<\/option><option value=\"Chile\">Chile<\/option><option value=\"China\">China<\/option><option value=\"C\u00f4te d\u2019Ivoire\">C\u00f4te d\u2019Ivoire<\/option><option value=\"Cameroon\">Cameroon<\/option><option value=\"Congo, the Democratic Republic of the\">Congo, the Democratic Republic of the<\/option><option value=\"Congo\">Congo<\/option><option value=\"Cook Islands\">Cook Islands<\/option><option value=\"Colombia\">Colombia<\/option><option value=\"Comoros\">Comoros<\/option><option value=\"Cape Verde\">Cape Verde<\/option><option value=\"Costa Rica\">Costa Rica<\/option><option value=\"Cuba\">Cuba<\/option><option value=\"Cayman Islands\">Cayman Islands<\/option><option value=\"Cyprus\">Cyprus<\/option><option value=\"Czech Republic\">Czech Republic<\/option><option value=\"Germany\">Germany<\/option><option value=\"Djibouti\">Djibouti<\/option><option value=\"Dominica\">Dominica<\/option><option value=\"Denmark\">Denmark<\/option><option value=\"Dominican Republic\">Dominican Republic<\/option><option value=\"Algeria\">Algeria<\/option><option value=\"Ecuador\">Ecuador<\/option><option value=\"Egypt\">Egypt<\/option><option value=\"Eritrea\">Eritrea<\/option><option value=\"Spain\">Spain<\/option><option value=\"Estonia\">Estonia<\/option><option value=\"Ethiopia\">Ethiopia<\/option><option value=\"Finland\">Finland<\/option><option value=\"Fiji\">Fiji<\/option><option value=\"France\">France<\/option><option value=\"Micronesia, Federated States of\">Micronesia, Federated States of<\/option><option value=\"Gabon\">Gabon<\/option><option value=\"United Kingdom\">United Kingdom<\/option><option value=\"Georgia\">Georgia<\/option><option value=\"Ghana\">Ghana<\/option><option value=\"Guinea\">Guinea<\/option><option value=\"Gambia\">Gambia<\/option><option value=\"Guinea-Bissau\">Guinea-Bissau<\/option><option value=\"Equatorial Guinea\">Equatorial Guinea<\/option><option value=\"Greece\">Greece<\/option><option value=\"Grenada\">Grenada<\/option><option value=\"Guatemala\">Guatemala<\/option><option value=\"Guam\">Guam<\/option><option value=\"Guyana\">Guyana<\/option><option value=\"Hong Kong\">Hong Kong<\/option><option value=\"Honduras\">Honduras<\/option><option value=\"Croatia\">Croatia<\/option><option value=\"Haiti\">Haiti<\/option><option value=\"Hungary\">Hungary<\/option><option value=\"Indonesia\">Indonesia<\/option><option value=\"India\">India<\/option><option value=\"Ireland\">Ireland<\/option><option value=\"Iran, Islamic Republic of\">Iran, Islamic Republic of<\/option><option value=\"Iraq\">Iraq<\/option><option value=\"Iceland\">Iceland<\/option><option value=\"Israel\">Israel<\/option><option value=\"Italy\">Italy<\/option><option value=\"Jamaica\">Jamaica<\/option><option value=\"Jordan\">Jordan<\/option><option value=\"Japan\">Japan<\/option><option value=\"Kazakhstan\">Kazakhstan<\/option><option value=\"Kenya\">Kenya<\/option><option value=\"Kyrgyzstan\">Kyrgyzstan<\/option><option value=\"Cambodia\">Cambodia<\/option><option value=\"Kiribati\">Kiribati<\/option><option value=\"Saint Kitts and Nevis\">Saint Kitts and Nevis<\/option><option value=\"Korea, Republic of\">Korea, Republic of<\/option><option value=\"Kuwait\">Kuwait<\/option><option value=\"Lao People\u2019s Democratic Republic\">Lao People\u2019s Democratic Republic<\/option><option value=\"Lebanon\">Lebanon<\/option><option value=\"Liberia\">Liberia<\/option><option value=\"Libya\">Libya<\/option><option value=\"Saint Lucia\">Saint Lucia<\/option><option value=\"Liechtenstein\">Liechtenstein<\/option><option value=\"Sri Lanka\">Sri Lanka<\/option><option value=\"Lesotho\">Lesotho<\/option><option value=\"Lithuania\">Lithuania<\/option><option value=\"Luxembourg\">Luxembourg<\/option><option value=\"Latvia\">Latvia<\/option><option value=\"Morocco\">Morocco<\/option><option value=\"Monaco\">Monaco<\/option><option value=\"Moldova, Republic of\">Moldova, Republic of<\/option><option value=\"Madagascar\">Madagascar<\/option><option value=\"Maldives\">Maldives<\/option><option value=\"Mexico\">Mexico<\/option><option value=\"Marshall Islands\">Marshall Islands<\/option><option value=\"Macedonia, the former Yugoslav Republic of\">Macedonia, the former Yugoslav Republic of<\/option><option value=\"Mali\">Mali<\/option><option value=\"Malta\">Malta<\/option><option value=\"Myanmar\">Myanmar<\/option><option value=\"Montenegro\">Montenegro<\/option><option value=\"Mongolia\">Mongolia<\/option><option value=\"Mozambique\">Mozambique<\/option><option value=\"Mauritania\">Mauritania<\/option><option value=\"Mauritius\">Mauritius<\/option><option value=\"Malawi\">Malawi<\/option><option value=\"Malaysia\">Malaysia<\/option><option value=\"Namibia\">Namibia<\/option><option value=\"Niger\">Niger<\/option><option value=\"Nigeria\">Nigeria<\/option><option value=\"Nicaragua\">Nicaragua<\/option><option value=\"Netherlands\">Netherlands<\/option><option value=\"Norway\">Norway<\/option><option value=\"Nepal\">Nepal<\/option><option value=\"Nauru\">Nauru<\/option><option value=\"New Zealand\">New Zealand<\/option><option value=\"Oman\">Oman<\/option><option value=\"Pakistan\">Pakistan<\/option><option value=\"Panama\">Panama<\/option><option value=\"Peru\">Peru<\/option><option value=\"Philippines\">Philippines<\/option><option value=\"Palau\">Palau<\/option><option value=\"Papua New Guinea\">Papua New Guinea<\/option><option value=\"Poland\">Poland<\/option><option value=\"Puerto Rico\">Puerto Rico<\/option><option value=\"Korea, Democratic People\u2019s Republic of\">Korea, Democratic People\u2019s Republic of<\/option><option value=\"Portugal\">Portugal<\/option><option value=\"Paraguay\">Paraguay<\/option><option value=\"Palestine, State of\">Palestine, State of<\/option><option value=\"Qatar\">Qatar<\/option><option value=\"Romania\">Romania<\/option><option value=\"Russian Federation\">Russian Federation<\/option><option value=\"Rwanda\">Rwanda<\/option><option value=\"Saudi Arabia\">Saudi Arabia<\/option><option value=\"Sudan\">Sudan<\/option><option value=\"Senegal\">Senegal<\/option><option value=\"Singapore\">Singapore<\/option><option value=\"Solomon Islands\">Solomon Islands<\/option><option value=\"Sierra Leone\">Sierra Leone<\/option><option value=\"El Salvador\">El Salvador<\/option><option value=\"San Marino\">San Marino<\/option><option value=\"Somalia\">Somalia<\/option><option value=\"Serbia\">Serbia<\/option><option value=\"Sao Tome and Principe\">Sao Tome and Principe<\/option><option value=\"Suriname\">Suriname<\/option><option value=\"Slovakia\">Slovakia<\/option><option value=\"Slovenia\">Slovenia<\/option><option value=\"Sweden\">Sweden<\/option><option value=\"Swaziland\">Swaziland<\/option><option value=\"Seychelles\">Seychelles<\/option><option value=\"Syrian Arab Republic\">Syrian Arab Republic<\/option><option value=\"Chad\">Chad<\/option><option value=\"Togo\">Togo<\/option><option value=\"Thailand\">Thailand<\/option><option value=\"Tajikistan\">Tajikistan<\/option><option value=\"Turkmenistan\">Turkmenistan<\/option><option value=\"Timor-Leste\">Timor-Leste<\/option><option value=\"Tonga\">Tonga<\/option><option value=\"Trinidad and Tobago\">Trinidad and Tobago<\/option><option value=\"Tunisia\">Tunisia<\/option><option value=\"Turkey\">Turkey<\/option><option value=\"Tuvalu\">Tuvalu<\/option><option value=\"Taiwan, Province of China\">Taiwan, Province of China<\/option><option value=\"Tanzania, United Republic of\">Tanzania, United Republic of<\/option><option value=\"Uganda\">Uganda<\/option><option value=\"Ukraine\">Ukraine<\/option><option value=\"Uruguay\">Uruguay<\/option><option value=\"United States\">United States<\/option><option value=\"Uzbekistan\">Uzbekistan<\/option><option value=\"Saint Vincent and the Grenadines\">Saint Vincent and the Grenadines<\/option><option value=\"Venezuela, Bolivarian Republic of\">Venezuela, Bolivarian Republic of<\/option><option value=\"Virgin Islands, U.S.\">Virgin Islands, U.S.<\/option><option value=\"Viet Nam\">Viet Nam<\/option><option value=\"Vanuatu\">Vanuatu<\/option><option value=\"Samoa\">Samoa<\/option><option value=\"Yemen\">Yemen<\/option><option value=\"South Africa\">South Africa<\/option><option value=\"Zambia\">Zambia<\/option><option value=\"Zimbabwe\">Zimbabwe<\/option><\/select><\/span><\/div>\n<\/div>\n<\/div>\n<div class=\"row contactFormElements\">\n    <div class=\"col-lg-3 col-sm-3 col-xs-12\">\n        <label>Telefon(*)<\/label>\n        <span class=\"wpcf7-form-control-wrap\" data-name=\"your-phone\"><input size=\"40\" maxlength=\"10\" minlength=\"10\" class=\"wpcf7-form-control wpcf7-tel wpcf7-validates-as-required wpcf7-text wpcf7-validates-as-tel phone phone-number-valid form-control set-15-length\" aria-required=\"true\" aria-invalid=\"false\" value=\"\" type=\"tel\" name=\"your-phone\" \/><\/span>\n    <\/div>\n    <div class=\"col-lg-3 col-sm-3 col-xs-12 mui-form\">\n        <label>w\u00e4hlen IM<\/label>\n        <div class=\"large\"><span class=\"wpcf7-form-control-wrap\" data-name=\"select-mi\"><select class=\"wpcf7-form-control wpcf7-select form-control\" id=\"select-mi\" aria-invalid=\"false\" name=\"select-mi\"><option value=\"Select\">Select<\/option><option value=\"Skype\">Skype<\/option><option value=\"Yahoo\">Yahoo<\/option><option value=\"MSN\">MSN<\/option><option value=\"Gtalk\">Gtalk<\/option><\/select><\/span><\/div>\n    <\/div>\n <div class=\"col-lg-3 col-sm-3 col-xs-12 mui-form messanferID-area\">\n        <label>Einzigartiger Griff<\/label>\n        <span class=\"wpcf7-form-control-wrap\" data-name=\"messanferID\"><input size=\"40\" maxlength=\"400\" class=\"wpcf7-form-control wpcf7-text form-control set-50-length\" id=\"messanferID\" aria-invalid=\"false\" value=\"\" type=\"text\" name=\"messanferID\" \/><\/span>\n    <\/div>\n    <div class=\"col-lg-6 col-sm-6 col-xs-12\" id=\"website_url\" style=\"z-index:0;\">\n        <label>Website-URL<\/label>\n        <span class=\"wpcf7-form-control-wrap\" data-name=\"website-url\"><input size=\"40\" maxlength=\"400\" class=\"wpcf7-form-control wpcf7-text form-control set-50-length\" aria-invalid=\"false\" value=\"\" type=\"text\" name=\"website-url\" \/><\/span>\n    <\/div>\n<\/div>\n \n<div class=\"row contactFormElements\">\n    <div class=\"col-lg-4 col-sm-4 col-xs-12\">\n        <label>W\u00e4hrung Projekt zitiert in?<\/label>\n        <div class=\"large\"><span class=\"wpcf7-form-control-wrap\" data-name=\"select-project\"><select class=\"wpcf7-form-control wpcf7-select form-control\" aria-invalid=\"false\" name=\"select-project\"><option value=\"USD\">USD<\/option><option value=\"CAD\">CAD<\/option><option value=\"EUR\">EUR<\/option><option value=\"GBP\">GBP<\/option><option value=\"JPY\">JPY<\/option><\/select><\/span><\/div>\n\n        <div class=\"clr\"><\/div>\n        <p class=\"applyFormPera\" style=\"padding:0; background:none; margin:0;\">Select Currency Code (e.g CAD, EUR, USD etc)<\/p>\n    <\/div>\n    <div class=\"col-lg-8 col-sm-8 col-xs-12\">\n<label style=\"height:5px;\"><\/label><span class=\"wpcf7-form-control-wrap\" data-name=\"mainattachment\"><input size=\"40\" class=\"wpcf7-form-control wpcf7-file\" id=\"file\" accept=\"audio\/*,video\/*,image\/*\" aria-invalid=\"false\" type=\"file\" name=\"mainattachment\" \/><\/span>\n        <div class=\"clr\"><\/div>\n    <\/div>\n<\/div>\n<div class=\"row contactFormElements\">\n    <div class=\"col-lg-12 col-sm-12 col-xs-12\" style=\"margin-top:20px;\">\n        <label>Projektbeschreibung<\/label><span class=\"limit-words\">(Max.2000 Zeichen)<\/span>\n        <span class=\"wpcf7-form-control-wrap\" data-name=\"project-description\"><textarea cols=\"40\" rows=\"10\" maxlength=\"2000\" class=\"wpcf7-form-control wpcf7-textarea\" aria-invalid=\"false\" name=\"project-description\"><\/textarea><\/span>\n    <\/div>\n<\/div><div class=\"row contactFormElements\">\n    <div class=\"col-lg-12 col-sm-12 col-xs-12\" style=\"position:relative;\">\n<div class=\"clr\"><\/div>\n        <div class=\"contactCheckbox\" style=\"display:inline-block;\">\n            <span class=\"wpcf7-form-control-wrap\" data-name=\"newsletter\"><span class=\"wpcf7-form-control wpcf7-checkbox\"><span class=\"wpcf7-list-item first last\"><input type=\"checkbox\" name=\"newsletter[]\" value=\"Yes\" \/><span class=\"wpcf7-list-item-label\">Yes<\/span><\/span><\/span><\/span>  <label for=\"internet\">Ja, ich m\u00f6chte den Newsletter von ISHIR erhalten.<\/label>\n        <\/div>\n    <\/div>\n    <div class=\"col-lg-12 col-sm-12 col-xs-12 contactFormButton\">\n        <div class=\"recaptchalocal\"><span class=\"wpcf7-form-control-wrap recaptcha\" data-name=\"recaptcha\"><span data-sitekey=\"6LezESkUAAAAALCKxVkAT36NqipRxmonSpPanlbT\" class=\"wpcf7-form-control wpcf7-recaptcha g-recaptcha\"><\/span>\r\n<noscript>\r\n\t<div class=\"grecaptcha-noscript\">\r\n\t\t<iframe loading=\"lazy\" src=\"https:\/\/www.google.com\/recaptcha\/api\/fallback?k=6LezESkUAAAAALCKxVkAT36NqipRxmonSpPanlbT\" frameborder=\"0\" scrolling=\"no\" width=\"310\" height=\"430\">\r\n\t\t<\/iframe>\r\n\t\t<textarea name=\"g-recaptcha-response\" rows=\"3\" cols=\"40\" placeholder=\"reCaptcha Response Here\">\r\n\t\t<\/textarea>\r\n\t<\/div>\r\n<\/noscript>\r\n<\/span><\/div>\n<br>\n        <div class=\"clr\"><\/div>\n        <input class=\"wpcf7-form-control wpcf7-hidden ref_url\" value=\"\" type=\"hidden\" name=\"ref_url\" \/>\n        <input class=\"wpcf7-form-control wpcf7-hidden system_ip\" value=\"\" type=\"hidden\" name=\"system_ip\" \/>\n        <input class=\"wpcf7-form-control wpcf7-hidden http_host\" value=\"\" type=\"hidden\" name=\"http_host\" \/>\n        <input class=\"wpcf7-form-control wpcf7-submit has-spinner yellowBtn\" type=\"submit\" value=\"Einreichen\" \/>\n    <\/div>\n<\/div>\n<div style=\"clear:both;\"><\/div><div class=\"wpcf7-response-output\" aria-hidden=\"true\"><\/div>\n<\/form>\n<\/div>\n<\/div>\n<\/div>\n","protected":false},"excerpt":{"rendered":"<p>Wir freuen uns immer, von potentiellen oder bestehenden Kunden, Partnern, Freunden, Konkurrenten &#8211; so ziemlich jedem &#8211; zu h\u00f6ren. Wir unterst\u00fctzen unsere Kunden dabei, ihre Gesch\u00e4ftsziele zu erreichen, indem wir ihre nicht zum Kerngesch\u00e4ft geh\u00f6renden Gesch\u00e4ftsprozesse und Funktionen in den Bereichen Technologie und digitales Marketing erfolgreich auslagern. * Markierte Felder sind Pflichtfelder<\/p>\n","protected":false},"author":1,"featured_media":0,"parent":0,"menu_order":0,"comment_status":"closed","ping_status":"closed","template":"layouts\/contact-us.php","meta":{"_acf_changed":false,"footnotes":""},"class_list":["post-5916","page","type-page","status-publish","hentry"],"acf":[],"yoast_head":"<!-- This site is optimized with the Yoast SEO plugin v26.2 - https:\/\/yoast.com\/wordpress\/plugins\/seo\/ -->\n<title>Kontaktieren Sie uns -ISHIR<\/title>\n<meta name=\"description\" content=\"Kontaktieren Sie uns, wir von ISHIR w\u00fcrden uns freuen, von Ihnen zu h\u00f6ren. Rufen Sie uns an unter + 1-888-994-7447 oder senden Sie uns eine E-Mail an info@ishir.com\" \/>\n<meta name=\"robots\" content=\"index, follow, max-snippet:-1, max-image-preview:large, max-video-preview:-1\" \/>\n<link rel=\"canonical\" href=\"https:\/\/www.ishir.com\/de\/kontaktiere-uns.htm\" \/>\n<meta property=\"og:locale\" content=\"en_US\" \/>\n<meta property=\"og:type\" content=\"article\" \/>\n<meta property=\"og:title\" content=\"Kontaktieren Sie uns -ISHIR\" \/>\n<meta property=\"og:description\" content=\"Kontaktieren Sie uns, wir von ISHIR w\u00fcrden uns freuen, von Ihnen zu h\u00f6ren. Rufen Sie uns an unter + 1-888-994-7447 oder senden Sie uns eine E-Mail an info@ishir.com\" \/>\n<meta property=\"og:url\" content=\"https:\/\/www.ishir.com\/de\/kontaktiere-uns.htm\" \/>\n<meta property=\"og:site_name\" content=\"Offshore Custom Software Product Development Outsourcing Company India Mobile Application Development Services Dallas Texas Alexa AI IoT Developers - ISHIR\" \/>\n<meta property=\"article:modified_time\" content=\"2018-11-16T07:17:33+00:00\" \/>\n<meta name=\"twitter:card\" content=\"summary_large_image\" \/>\n<script type=\"application\/ld+json\" class=\"yoast-schema-graph\">{\"@context\":\"https:\/\/schema.org\",\"@graph\":[{\"@type\":\"WebPage\",\"@id\":\"https:\/\/www.ishir.com\/de\/kontaktiere-uns.htm\",\"url\":\"https:\/\/www.ishir.com\/de\/kontaktiere-uns.htm\",\"name\":\"Kontaktieren Sie uns -ISHIR\",\"isPartOf\":{\"@id\":\"https:\/\/www.ishir.com\/de\/#website\"},\"datePublished\":\"2018-08-08T07:21:14+00:00\",\"dateModified\":\"2018-11-16T07:17:33+00:00\",\"description\":\"Kontaktieren Sie uns, wir von ISHIR w\u00fcrden uns freuen, von Ihnen zu h\u00f6ren. Rufen Sie uns an unter + 1-888-994-7447 oder senden Sie uns eine E-Mail an info@ishir.com\",\"breadcrumb\":{\"@id\":\"https:\/\/www.ishir.com\/de\/kontaktiere-uns.htm#breadcrumb\"},\"inLanguage\":\"en-US\",\"potentialAction\":[{\"@type\":\"ReadAction\",\"target\":[\"https:\/\/www.ishir.com\/de\/kontaktiere-uns.htm\"]}]},{\"@type\":\"BreadcrumbList\",\"@id\":\"https:\/\/www.ishir.com\/de\/kontaktiere-uns.htm#breadcrumb\",\"itemListElement\":[{\"@type\":\"ListItem\",\"position\":1,\"name\":\"Home\",\"item\":\"https:\/\/www.ishir.com\/de\/\"},{\"@type\":\"ListItem\",\"position\":2,\"name\":\"CONT\u00c1CTENOS\"}]},{\"@type\":\"WebSite\",\"@id\":\"https:\/\/www.ishir.com\/de\/#website\",\"url\":\"https:\/\/www.ishir.com\/de\/\",\"name\":\"Offshore Custom Software Product Development Outsourcing Company India Mobile Application Development Services Dallas Texas Alexa AI IoT Developers - ISHIR\",\"description\":\"Just another WordPress site\",\"potentialAction\":[{\"@type\":\"SearchAction\",\"target\":{\"@type\":\"EntryPoint\",\"urlTemplate\":\"https:\/\/www.ishir.com\/de\/?s={search_term_string}\"},\"query-input\":{\"@type\":\"PropertyValueSpecification\",\"valueRequired\":true,\"valueName\":\"search_term_string\"}}],\"inLanguage\":\"en-US\"}]}<\/script>\n<!-- \/ Yoast SEO plugin. -->","yoast_head_json":{"title":"Kontaktieren Sie uns -ISHIR","description":"Kontaktieren Sie uns, wir von ISHIR w\u00fcrden uns freuen, von Ihnen zu h\u00f6ren. Rufen Sie uns an unter + 1-888-994-7447 oder senden Sie uns eine E-Mail an info@ishir.com","robots":{"index":"index","follow":"follow","max-snippet":"max-snippet:-1","max-image-preview":"max-image-preview:large","max-video-preview":"max-video-preview:-1"},"canonical":"https:\/\/www.ishir.com\/de\/kontaktiere-uns.htm","og_locale":"en_US","og_type":"article","og_title":"Kontaktieren Sie uns -ISHIR","og_description":"Kontaktieren Sie uns, wir von ISHIR w\u00fcrden uns freuen, von Ihnen zu h\u00f6ren. Rufen Sie uns an unter + 1-888-994-7447 oder senden Sie uns eine E-Mail an info@ishir.com","og_url":"https:\/\/www.ishir.com\/de\/kontaktiere-uns.htm","og_site_name":"Offshore Custom Software Product Development Outsourcing Company India Mobile Application Development Services Dallas Texas Alexa AI IoT Developers - ISHIR","article_modified_time":"2018-11-16T07:17:33+00:00","twitter_card":"summary_large_image","schema":{"@context":"https:\/\/schema.org","@graph":[{"@type":"WebPage","@id":"https:\/\/www.ishir.com\/de\/kontaktiere-uns.htm","url":"https:\/\/www.ishir.com\/de\/kontaktiere-uns.htm","name":"Kontaktieren Sie uns -ISHIR","isPartOf":{"@id":"https:\/\/www.ishir.com\/de\/#website"},"datePublished":"2018-08-08T07:21:14+00:00","dateModified":"2018-11-16T07:17:33+00:00","description":"Kontaktieren Sie uns, wir von ISHIR w\u00fcrden uns freuen, von Ihnen zu h\u00f6ren. Rufen Sie uns an unter + 1-888-994-7447 oder senden Sie uns eine E-Mail an info@ishir.com","breadcrumb":{"@id":"https:\/\/www.ishir.com\/de\/kontaktiere-uns.htm#breadcrumb"},"inLanguage":"en-US","potentialAction":[{"@type":"ReadAction","target":["https:\/\/www.ishir.com\/de\/kontaktiere-uns.htm"]}]},{"@type":"BreadcrumbList","@id":"https:\/\/www.ishir.com\/de\/kontaktiere-uns.htm#breadcrumb","itemListElement":[{"@type":"ListItem","position":1,"name":"Home","item":"https:\/\/www.ishir.com\/de\/"},{"@type":"ListItem","position":2,"name":"CONT\u00c1CTENOS"}]},{"@type":"WebSite","@id":"https:\/\/www.ishir.com\/de\/#website","url":"https:\/\/www.ishir.com\/de\/","name":"Offshore Custom Software Product Development Outsourcing Company India Mobile Application Development Services Dallas Texas Alexa AI IoT Developers - ISHIR","description":"Just another WordPress site","potentialAction":[{"@type":"SearchAction","target":{"@type":"EntryPoint","urlTemplate":"https:\/\/www.ishir.com\/de\/?s={search_term_string}"},"query-input":{"@type":"PropertyValueSpecification","valueRequired":true,"valueName":"search_term_string"}}],"inLanguage":"en-US"}]}},"_links":{"self":[{"href":"https:\/\/www.ishir.com\/de\/wp-json\/wp\/v2\/pages\/5916","targetHints":{"allow":["GET"]}}],"collection":[{"href":"https:\/\/www.ishir.com\/de\/wp-json\/wp\/v2\/pages"}],"about":[{"href":"https:\/\/www.ishir.com\/de\/wp-json\/wp\/v2\/types\/page"}],"author":[{"embeddable":true,"href":"https:\/\/www.ishir.com\/de\/wp-json\/wp\/v2\/users\/1"}],"replies":[{"embeddable":true,"href":"https:\/\/www.ishir.com\/de\/wp-json\/wp\/v2\/comments?post=5916"}],"version-history":[{"count":7,"href":"https:\/\/www.ishir.com\/de\/wp-json\/wp\/v2\/pages\/5916\/revisions"}],"predecessor-version":[{"id":6220,"href":"https:\/\/www.ishir.com\/de\/wp-json\/wp\/v2\/pages\/5916\/revisions\/6220"}],"wp:attachment":[{"href":"https:\/\/www.ishir.com\/de\/wp-json\/wp\/v2\/media?parent=5916"}],"curies":[{"name":"wp","href":"https:\/\/api.w.org\/{rel}","templated":true}]}}