{"id":8,"date":"2018-08-03T09:43:21","date_gmt":"2018-08-03T09:43:21","guid":{"rendered":"https:\/\/www.ishir.com\/de\/?page_id=8"},"modified":"2019-04-12T11:06:43","modified_gmt":"2019-04-12T11:06:43","slug":"qualitatssicherung-undsoftwaretest","status":"publish","type":"page","link":"https:\/\/www.ishir.com\/de\/qualitatssicherung-undsoftwaretest.htm","title":{"rendered":"QUALIT\u00c4TSKONTROLLE"},"content":{"rendered":"<section id=\"softwareDevelopmentContent\">\n<div class=\"container\">\n<div class=\"row\">\n<div class=\"col-lg-12 col-sm-12 col-xs-12\">\n<div class=\"row\">\n<div class=\"col-lg-10 col-sm-12 col-xs-12 col-lg-offset-1 col-sm-offset-0 col-xs-offset-0\">\n<h3>Unsere Kunden vertrauen auf unsere ausgereiften Softwaretestservices<\/h3>\n<\/div>\n<\/div>\n<p>Die ISHIR-Qualit\u00e4tssicherung (QA) und die unabh\u00e4ngigen Pr\u00fcfdienste stellen sicher, dass Anwendungen unter der Nutzung von Industriestandard -Testmethoden und QS-Prozessen rigoros getestet werden.  ISHIR st\u00fctzt sich auf Personen und Prozesse, um einen Offshore-Testplan f\u00fcr unsere Kunden zu erstellen. Wir befolgen strenge Testverfahren und Standards und arbeiten in einer strukturierten Umgebung unter Einhaltung der SEI CMM Level 3 Standards.  <\/p>\n<p>ISHIR bietet eine vollst\u00e4ndige Palette von Software Qualit\u00e4ts- und Software Test Services, indem  die Qualit\u00e4t, Performance und Verf\u00fcgbarkeit dieser Softwareanwendungen maximiert wird und gleichzeitig die Kosten und Risiken f\u00fcr Kunden gemanagt werden.\n<\/p><\/div>\n<\/div>\n<\/div>\n<\/section>\n","protected":false},"excerpt":{"rendered":"<p>Unsere Kunden vertrauen auf unsere ausgereiften Softwaretestservices Die ISHIR-Qualit\u00e4tssicherung (QA) und die unabh\u00e4ngigen Pr\u00fcfdienste stellen sicher, dass Anwendungen unter der Nutzung von Industriestandard -Testmethoden und QS-Prozessen rigoros getestet werden. ISHIR st\u00fctzt sich auf Personen und Prozesse, um einen Offshore-Testplan f\u00fcr unsere Kunden zu erstellen. Wir befolgen strenge Testverfahren und Standards und arbeiten in einer strukturierten &hellip; <a href=\"https:\/\/www.ishir.com\/de\/qualitatssicherung-undsoftwaretest.htm\" class=\"more-link\">Continue reading<span class=\"screen-reader-text\"> &#8220;QUALIT\u00c4TSKONTROLLE&#8221;<\/span><\/a><\/p>\n","protected":false},"author":1,"featured_media":0,"parent":0,"menu_order":0,"comment_status":"closed","ping_status":"closed","template":"layouts\/qa-automation-testing.php","meta":{"_acf_changed":false,"footnotes":""},"class_list":["post-8","page","type-page","status-publish","hentry"],"acf":[],"yoast_head":"<!-- This site is optimized with the Yoast SEO plugin v26.2 - https:\/\/yoast.com\/wordpress\/plugins\/seo\/ -->\n<title>Offshore-Software-Testdienste | Testen mobiler Anwendungen | Automatisierung und manuelle Pr\u00fcfung<\/title>\n<meta name=\"description\" content=\"Offshore Software Testing Services, Testen mobiler Apps. Die ISHIR-Services f\u00fcr Automatisierung und manuelle Softwaretests und Qualit\u00e4tssicherung (QA) stellen sicher, dass Anwendungen mit Testmethoden mit Industriestandards und QS-Prozessen gr\u00fcndlich gepr\u00fcft werden.\" \/>\n<meta name=\"robots\" content=\"index, follow, max-snippet:-1, max-image-preview:large, max-video-preview:-1\" \/>\n<link rel=\"canonical\" href=\"https:\/\/www.ishir.com\/de\/qualitatssicherung-undsoftwaretest.htm\" \/>\n<meta property=\"og:locale\" content=\"en_US\" \/>\n<meta property=\"og:type\" content=\"article\" \/>\n<meta property=\"og:title\" content=\"Offshore-Software-Testdienste | Testen mobiler Anwendungen | Automatisierung und manuelle Pr\u00fcfung\" \/>\n<meta property=\"og:description\" content=\"Offshore Software Testing Services, Testen mobiler Apps. Die ISHIR-Services f\u00fcr Automatisierung und manuelle Softwaretests und Qualit\u00e4tssicherung (QA) stellen sicher, dass Anwendungen mit Testmethoden mit Industriestandards und QS-Prozessen gr\u00fcndlich gepr\u00fcft werden.\" \/>\n<meta property=\"og:url\" content=\"https:\/\/www.ishir.com\/de\/qualitatssicherung-undsoftwaretest.htm\" \/>\n<meta property=\"og:site_name\" content=\"Offshore Custom Software Product Development Outsourcing Company India Mobile Application Development Services Dallas Texas Alexa AI IoT Developers - ISHIR\" \/>\n<meta property=\"article:modified_time\" content=\"2019-04-12T11:06:43+00:00\" \/>\n<meta name=\"twitter:card\" content=\"summary_large_image\" \/>\n<meta name=\"twitter:label1\" content=\"Est. reading time\" \/>\n\t<meta name=\"twitter:data1\" content=\"1 minute\" \/>\n<script type=\"application\/ld+json\" class=\"yoast-schema-graph\">{\"@context\":\"https:\/\/schema.org\",\"@graph\":[{\"@type\":\"WebPage\",\"@id\":\"https:\/\/www.ishir.com\/de\/qualitatssicherung-undsoftwaretest.htm\",\"url\":\"https:\/\/www.ishir.com\/de\/qualitatssicherung-undsoftwaretest.htm\",\"name\":\"Offshore-Software-Testdienste | Testen mobiler Anwendungen | Automatisierung und manuelle Pr\u00fcfung\",\"isPartOf\":{\"@id\":\"https:\/\/www.ishir.com\/de\/#website\"},\"datePublished\":\"2018-08-03T09:43:21+00:00\",\"dateModified\":\"2019-04-12T11:06:43+00:00\",\"description\":\"Offshore Software Testing Services, Testen mobiler Apps. Die ISHIR-Services f\u00fcr Automatisierung und manuelle Softwaretests und Qualit\u00e4tssicherung (QA) stellen sicher, dass Anwendungen mit Testmethoden mit Industriestandards und QS-Prozessen gr\u00fcndlich gepr\u00fcft werden.\",\"breadcrumb\":{\"@id\":\"https:\/\/www.ishir.com\/de\/qualitatssicherung-undsoftwaretest.htm#breadcrumb\"},\"inLanguage\":\"en-US\",\"potentialAction\":[{\"@type\":\"ReadAction\",\"target\":[\"https:\/\/www.ishir.com\/de\/qualitatssicherung-undsoftwaretest.htm\"]}]},{\"@type\":\"BreadcrumbList\",\"@id\":\"https:\/\/www.ishir.com\/de\/qualitatssicherung-undsoftwaretest.htm#breadcrumb\",\"itemListElement\":[{\"@type\":\"ListItem\",\"position\":1,\"name\":\"Home\",\"item\":\"https:\/\/www.ishir.com\/de\/\"},{\"@type\":\"ListItem\",\"position\":2,\"name\":\"QUALIT\u00c4TSKONTROLLE\"}]},{\"@type\":\"WebSite\",\"@id\":\"https:\/\/www.ishir.com\/de\/#website\",\"url\":\"https:\/\/www.ishir.com\/de\/\",\"name\":\"Offshore Custom Software Product Development Outsourcing Company India Mobile Application Development Services Dallas Texas Alexa AI IoT Developers - ISHIR\",\"description\":\"Just another WordPress site\",\"potentialAction\":[{\"@type\":\"SearchAction\",\"target\":{\"@type\":\"EntryPoint\",\"urlTemplate\":\"https:\/\/www.ishir.com\/de\/?s={search_term_string}\"},\"query-input\":{\"@type\":\"PropertyValueSpecification\",\"valueRequired\":true,\"valueName\":\"search_term_string\"}}],\"inLanguage\":\"en-US\"}]}<\/script>\n<!-- \/ Yoast SEO plugin. -->","yoast_head_json":{"title":"Offshore-Software-Testdienste | Testen mobiler Anwendungen | Automatisierung und manuelle Pr\u00fcfung","description":"Offshore Software Testing Services, Testen mobiler Apps. Die ISHIR-Services f\u00fcr Automatisierung und manuelle Softwaretests und Qualit\u00e4tssicherung (QA) stellen sicher, dass Anwendungen mit Testmethoden mit Industriestandards und QS-Prozessen gr\u00fcndlich gepr\u00fcft werden.","robots":{"index":"index","follow":"follow","max-snippet":"max-snippet:-1","max-image-preview":"max-image-preview:large","max-video-preview":"max-video-preview:-1"},"canonical":"https:\/\/www.ishir.com\/de\/qualitatssicherung-undsoftwaretest.htm","og_locale":"en_US","og_type":"article","og_title":"Offshore-Software-Testdienste | Testen mobiler Anwendungen | Automatisierung und manuelle Pr\u00fcfung","og_description":"Offshore Software Testing Services, Testen mobiler Apps. Die ISHIR-Services f\u00fcr Automatisierung und manuelle Softwaretests und Qualit\u00e4tssicherung (QA) stellen sicher, dass Anwendungen mit Testmethoden mit Industriestandards und QS-Prozessen gr\u00fcndlich gepr\u00fcft werden.","og_url":"https:\/\/www.ishir.com\/de\/qualitatssicherung-undsoftwaretest.htm","og_site_name":"Offshore Custom Software Product Development Outsourcing Company India Mobile Application Development Services Dallas Texas Alexa AI IoT Developers - ISHIR","article_modified_time":"2019-04-12T11:06:43+00:00","twitter_card":"summary_large_image","twitter_misc":{"Est. reading time":"1 minute"},"schema":{"@context":"https:\/\/schema.org","@graph":[{"@type":"WebPage","@id":"https:\/\/www.ishir.com\/de\/qualitatssicherung-undsoftwaretest.htm","url":"https:\/\/www.ishir.com\/de\/qualitatssicherung-undsoftwaretest.htm","name":"Offshore-Software-Testdienste | Testen mobiler Anwendungen | Automatisierung und manuelle Pr\u00fcfung","isPartOf":{"@id":"https:\/\/www.ishir.com\/de\/#website"},"datePublished":"2018-08-03T09:43:21+00:00","dateModified":"2019-04-12T11:06:43+00:00","description":"Offshore Software Testing Services, Testen mobiler Apps. Die ISHIR-Services f\u00fcr Automatisierung und manuelle Softwaretests und Qualit\u00e4tssicherung (QA) stellen sicher, dass Anwendungen mit Testmethoden mit Industriestandards und QS-Prozessen gr\u00fcndlich gepr\u00fcft werden.","breadcrumb":{"@id":"https:\/\/www.ishir.com\/de\/qualitatssicherung-undsoftwaretest.htm#breadcrumb"},"inLanguage":"en-US","potentialAction":[{"@type":"ReadAction","target":["https:\/\/www.ishir.com\/de\/qualitatssicherung-undsoftwaretest.htm"]}]},{"@type":"BreadcrumbList","@id":"https:\/\/www.ishir.com\/de\/qualitatssicherung-undsoftwaretest.htm#breadcrumb","itemListElement":[{"@type":"ListItem","position":1,"name":"Home","item":"https:\/\/www.ishir.com\/de\/"},{"@type":"ListItem","position":2,"name":"QUALIT\u00c4TSKONTROLLE"}]},{"@type":"WebSite","@id":"https:\/\/www.ishir.com\/de\/#website","url":"https:\/\/www.ishir.com\/de\/","name":"Offshore Custom Software Product Development Outsourcing Company India Mobile Application Development Services Dallas Texas Alexa AI IoT Developers - ISHIR","description":"Just another WordPress site","potentialAction":[{"@type":"SearchAction","target":{"@type":"EntryPoint","urlTemplate":"https:\/\/www.ishir.com\/de\/?s={search_term_string}"},"query-input":{"@type":"PropertyValueSpecification","valueRequired":true,"valueName":"search_term_string"}}],"inLanguage":"en-US"}]}},"_links":{"self":[{"href":"https:\/\/www.ishir.com\/de\/wp-json\/wp\/v2\/pages\/8","targetHints":{"allow":["GET"]}}],"collection":[{"href":"https:\/\/www.ishir.com\/de\/wp-json\/wp\/v2\/pages"}],"about":[{"href":"https:\/\/www.ishir.com\/de\/wp-json\/wp\/v2\/types\/page"}],"author":[{"embeddable":true,"href":"https:\/\/www.ishir.com\/de\/wp-json\/wp\/v2\/users\/1"}],"replies":[{"embeddable":true,"href":"https:\/\/www.ishir.com\/de\/wp-json\/wp\/v2\/comments?post=8"}],"version-history":[{"count":9,"href":"https:\/\/www.ishir.com\/de\/wp-json\/wp\/v2\/pages\/8\/revisions"}],"predecessor-version":[{"id":6228,"href":"https:\/\/www.ishir.com\/de\/wp-json\/wp\/v2\/pages\/8\/revisions\/6228"}],"wp:attachment":[{"href":"https:\/\/www.ishir.com\/de\/wp-json\/wp\/v2\/media?parent=8"}],"curies":[{"name":"wp","href":"https:\/\/api.w.org\/{rel}","templated":true}]}}