{"id":15,"date":"2018-08-03T13:54:08","date_gmt":"2018-08-03T13:54:08","guid":{"rendered":"https:\/\/www.ishir.com\/es\/?page_id=15"},"modified":"2018-11-16T06:19:14","modified_gmt":"2018-11-16T06:19:14","slug":"diseno-web-y-desarrollo","status":"publish","type":"page","link":"https:\/\/www.ishir.com\/es\/diseno-web-y-desarrollo.htm","title":{"rendered":"DESARROLLO DE DISE\u00d1O WEB"},"content":{"rendered":"<section id=\"softwareDevelopmentContent\">\n<div class=\"container\">\n<div class=\"row\">\n<div class=\"col-lg-12 col-sm-12 col-xs-12\">\n<div class=\"row\">\n<div class=\"col-lg-10 col-sm-12 col-xs-12 col-lg-offset-1 col-sm-offset-0 col-xs-offset-0\">\n<h3>Servicios de dise\u00f1o web y desarrollo web est\u00e1ndar de agencia interactiva de primera clase<\/h3>\n<\/div>\n<\/div>\n<p>ISHIR, una compa\u00f1\u00eda de externalizaci\u00f3n l\u00edder basada en Dallas, provee servicios de desarrollo de software personalizado a clientes cuando sus estrategias de negocio y requisitos no son satisfechos adecuadamente por los softwares de paquete. Trabajamos muy cerca con los clientes para entender sus objetivos de negocio, definir sus requisitos de software, escribir especificaciones involucrando a nuestro equipo experimentado en ISHIR, una compa\u00f1\u00eda de externalizaci\u00f3n web a distancia en Dallas, provee dise\u00f1o web y servicios de desarrollo de una agencia interactiva de primera mano a clientes y agencias. Nuestras soluciones de desarrollo web combinan la \u00faltima tecnolog\u00eda con la creatividad. Los sitios web que dise\u00f1amos y construimos no solo tienen que verse bien, tienen que trabajar duro, entregar resultados significativos, medibles y valiosos a nuestros clientes. Ser pegajosos.<\/p>\n<p>Para hacer eso posible, hemos construido un equipo digital interactivo en los \u00faltimos 10 a\u00f1os que no son meramente puros dise\u00f1adores que han aprendido a usar la tecnolog\u00eda o incluso tecn\u00f3logos que pretenden saber de dise\u00f1o. Nuestro equipo digital est\u00e1 construido y seleccionado a mano para entregar soluciones de mercado digital integradas. T\u00e9cnicamente tan innovadores como creativos, los sitios que construimos elevan la barra de tanto asegurarse que nuestros clientes obtengan justamente lo que necesita como que sus clientes sigan volviendo.<\/p>\n<div class=\"clr\"><\/div>\n<div class=\"text-center\">\n<p><img decoding=\"async\" style=\"max-width: 100%;\" src=\"http:\/\/www.ishir.com\/wp-content\/uploads\/2017\/07\/web-development-img.jpg\" alt=\"\" \/><\/p>\n<div class=\"points\">\n<h4>\u00bfDesarrollo web en tu mente?<\/h4>\n<ul>\n<li>Mejorar tu negocio<\/li>\n<li>Potencial con nuestra web PB+HP<\/li>\n<li>Pericia de desarrollo<\/li>\n<\/ul>\n<\/div>\n<p>En cada etapa, nuestro objetivo es entregar un retorno de inversi\u00f3n (ROI por sus siglas en ingl\u00e9s) tangible. Cuales sean las medidas de venta establecidas por el cliente, cuando dise\u00f1amos y configuramos un sitio nos aseguramos que haga una genuina diferencia al rendimiento del negocio de nuestros clientes. Escuchamos los objetivos de negocio, entendemos sus requisitos, luego entregamos soluciones digitales de primera clase adaptadas a sus necesidades de negocio exactas. Los analistas de negocios y expertos en el tema, dise\u00f1an, hacen la arquitectura, desarrollan, prueban e integran el software personalizado a trav\u00e9s de m\u00faltiples otros sistemas y plataformas incluyendo el internet, nube y sistemas dispares permitiendo que el sistema funcione y opere \u00f3ptimamente sin fallas para nuestros clientes.<\/p>\n<p>Nuestros servicios de software personalizado ayudan a los clientes a construir e integrar aplicaciones de negocio sofisticadas y\/o sitios web con servidor de cliente y sistemas de legado. Creamos y desplegamos arquitecturas robustas, escalables y extensibles para el uso en un amplio rango de industrias.<\/p>\n<\/div>\n<\/div>\n<\/div>\n<\/div>\n<\/section>\n","protected":false},"excerpt":{"rendered":"<p>Servicios de dise\u00f1o web y desarrollo web est\u00e1ndar de agencia interactiva de primera clase ISHIR, una compa\u00f1\u00eda de externalizaci\u00f3n l\u00edder basada en Dallas, provee servicios de desarrollo de software personalizado a clientes cuando sus estrategias de negocio y requisitos no son satisfechos adecuadamente por los softwares de paquete. Trabajamos muy cerca con los clientes para &hellip; <a href=\"https:\/\/www.ishir.com\/es\/diseno-web-y-desarrollo.htm\" class=\"more-link\">Continue reading<span class=\"screen-reader-text\"> &#8220;DESARROLLO DE DISE\u00d1O WEB&#8221;<\/span><\/a><\/p>\n","protected":false},"author":1,"featured_media":0,"parent":0,"menu_order":0,"comment_status":"closed","ping_status":"closed","template":"layouts\/web-development.php","meta":{"_acf_changed":false,"footnotes":""},"class_list":["post-15","page","type-page","status-publish","hentry"],"acf":[],"yoast_head":"<!-- This site is optimized with the Yoast SEO plugin v26.2 - https:\/\/yoast.com\/wordpress\/plugins\/seo\/ -->\n<title>Servicios de dise\u00f1o web offshore y empresa de desarrollo web<\/title>\n<meta name=\"description\" content=\"ISHIR es una compa\u00f1\u00eda de desarrollo web certificada y confiable que brinda servicios de desarrollo de software personalizados a los clientes. Nuestras soluciones de desarrollo web combinan la \u00faltima tecnolog\u00eda con la creatividad. Cont\u00e1ctenos hoy por tel\u00e9fono o correo electr\u00f3nico\" \/>\n<meta name=\"robots\" content=\"index, follow, max-snippet:-1, max-image-preview:large, max-video-preview:-1\" \/>\n<link rel=\"canonical\" href=\"https:\/\/www.ishir.com\/es\/diseno-web-y-desarrollo.htm\" \/>\n<meta property=\"og:locale\" content=\"en_US\" \/>\n<meta property=\"og:type\" content=\"article\" \/>\n<meta property=\"og:title\" content=\"Servicios de dise\u00f1o web offshore y empresa de desarrollo web\" \/>\n<meta property=\"og:description\" content=\"ISHIR es una compa\u00f1\u00eda de desarrollo web certificada y confiable que brinda servicios de desarrollo de software personalizados a los clientes. Nuestras soluciones de desarrollo web combinan la \u00faltima tecnolog\u00eda con la creatividad. Cont\u00e1ctenos hoy por tel\u00e9fono o correo electr\u00f3nico\" \/>\n<meta property=\"og:url\" content=\"https:\/\/www.ishir.com\/es\/diseno-web-y-desarrollo.htm\" \/>\n<meta property=\"og:site_name\" content=\"Offshore Custom Software Product Development Outsourcing Company India Mobile Application Development Services Dallas Texas Alexa AI IoT Developers - ISHIR\" \/>\n<meta property=\"article:modified_time\" content=\"2018-11-16T06:19:14+00:00\" \/>\n<meta property=\"og:image\" content=\"http:\/\/www.ishir.com\/wp-content\/uploads\/2017\/07\/web-development-img.jpg\" \/>\n<meta name=\"twitter:card\" content=\"summary_large_image\" \/>\n<meta name=\"twitter:label1\" content=\"Est. reading time\" \/>\n\t<meta name=\"twitter:data1\" content=\"2 minutes\" \/>\n<script type=\"application\/ld+json\" class=\"yoast-schema-graph\">{\"@context\":\"https:\/\/schema.org\",\"@graph\":[{\"@type\":\"WebPage\",\"@id\":\"https:\/\/www.ishir.com\/es\/diseno-web-y-desarrollo.htm\",\"url\":\"https:\/\/www.ishir.com\/es\/diseno-web-y-desarrollo.htm\",\"name\":\"Servicios de dise\u00f1o web offshore y empresa de desarrollo web\",\"isPartOf\":{\"@id\":\"https:\/\/www.ishir.com\/es\/#website\"},\"primaryImageOfPage\":{\"@id\":\"https:\/\/www.ishir.com\/es\/diseno-web-y-desarrollo.htm#primaryimage\"},\"image\":{\"@id\":\"https:\/\/www.ishir.com\/es\/diseno-web-y-desarrollo.htm#primaryimage\"},\"thumbnailUrl\":\"http:\/\/www.ishir.com\/wp-content\/uploads\/2017\/07\/web-development-img.jpg\",\"datePublished\":\"2018-08-03T13:54:08+00:00\",\"dateModified\":\"2018-11-16T06:19:14+00:00\",\"description\":\"ISHIR es una compa\u00f1\u00eda de desarrollo web certificada y confiable que brinda servicios de desarrollo de software personalizados a los clientes. Nuestras soluciones de desarrollo web combinan la \u00faltima tecnolog\u00eda con la creatividad. Cont\u00e1ctenos hoy por tel\u00e9fono o correo electr\u00f3nico\",\"breadcrumb\":{\"@id\":\"https:\/\/www.ishir.com\/es\/diseno-web-y-desarrollo.htm#breadcrumb\"},\"inLanguage\":\"en-US\",\"potentialAction\":[{\"@type\":\"ReadAction\",\"target\":[\"https:\/\/www.ishir.com\/es\/diseno-web-y-desarrollo.htm\"]}]},{\"@type\":\"ImageObject\",\"inLanguage\":\"en-US\",\"@id\":\"https:\/\/www.ishir.com\/es\/diseno-web-y-desarrollo.htm#primaryimage\",\"url\":\"http:\/\/www.ishir.com\/wp-content\/uploads\/2017\/07\/web-development-img.jpg\",\"contentUrl\":\"http:\/\/www.ishir.com\/wp-content\/uploads\/2017\/07\/web-development-img.jpg\"},{\"@type\":\"BreadcrumbList\",\"@id\":\"https:\/\/www.ishir.com\/es\/diseno-web-y-desarrollo.htm#breadcrumb\",\"itemListElement\":[{\"@type\":\"ListItem\",\"position\":1,\"name\":\"Home\",\"item\":\"https:\/\/www.ishir.com\/es\/\"},{\"@type\":\"ListItem\",\"position\":2,\"name\":\"DESARROLLO DE DISE\u00d1O WEB\"}]},{\"@type\":\"WebSite\",\"@id\":\"https:\/\/www.ishir.com\/es\/#website\",\"url\":\"https:\/\/www.ishir.com\/es\/\",\"name\":\"Offshore Custom Software Product Development Outsourcing Company India Mobile Application Development Services Dallas Texas Alexa AI IoT Developers - ISHIR\",\"description\":\"Just another WordPress site\",\"potentialAction\":[{\"@type\":\"SearchAction\",\"target\":{\"@type\":\"EntryPoint\",\"urlTemplate\":\"https:\/\/www.ishir.com\/es\/?s={search_term_string}\"},\"query-input\":{\"@type\":\"PropertyValueSpecification\",\"valueRequired\":true,\"valueName\":\"search_term_string\"}}],\"inLanguage\":\"en-US\"}]}<\/script>\n<!-- \/ Yoast SEO plugin. -->","yoast_head_json":{"title":"Servicios de dise\u00f1o web offshore y empresa de desarrollo web","description":"ISHIR es una compa\u00f1\u00eda de desarrollo web certificada y confiable que brinda servicios de desarrollo de software personalizados a los clientes. Nuestras soluciones de desarrollo web combinan la \u00faltima tecnolog\u00eda con la creatividad. Cont\u00e1ctenos hoy por tel\u00e9fono o correo electr\u00f3nico","robots":{"index":"index","follow":"follow","max-snippet":"max-snippet:-1","max-image-preview":"max-image-preview:large","max-video-preview":"max-video-preview:-1"},"canonical":"https:\/\/www.ishir.com\/es\/diseno-web-y-desarrollo.htm","og_locale":"en_US","og_type":"article","og_title":"Servicios de dise\u00f1o web offshore y empresa de desarrollo web","og_description":"ISHIR es una compa\u00f1\u00eda de desarrollo web certificada y confiable que brinda servicios de desarrollo de software personalizados a los clientes. Nuestras soluciones de desarrollo web combinan la \u00faltima tecnolog\u00eda con la creatividad. Cont\u00e1ctenos hoy por tel\u00e9fono o correo electr\u00f3nico","og_url":"https:\/\/www.ishir.com\/es\/diseno-web-y-desarrollo.htm","og_site_name":"Offshore Custom Software Product Development Outsourcing Company India Mobile Application Development Services Dallas Texas Alexa AI IoT Developers - ISHIR","article_modified_time":"2018-11-16T06:19:14+00:00","og_image":[{"url":"http:\/\/www.ishir.com\/wp-content\/uploads\/2017\/07\/web-development-img.jpg","type":"","width":"","height":""}],"twitter_card":"summary_large_image","twitter_misc":{"Est. reading time":"2 minutes"},"schema":{"@context":"https:\/\/schema.org","@graph":[{"@type":"WebPage","@id":"https:\/\/www.ishir.com\/es\/diseno-web-y-desarrollo.htm","url":"https:\/\/www.ishir.com\/es\/diseno-web-y-desarrollo.htm","name":"Servicios de dise\u00f1o web offshore y empresa de desarrollo web","isPartOf":{"@id":"https:\/\/www.ishir.com\/es\/#website"},"primaryImageOfPage":{"@id":"https:\/\/www.ishir.com\/es\/diseno-web-y-desarrollo.htm#primaryimage"},"image":{"@id":"https:\/\/www.ishir.com\/es\/diseno-web-y-desarrollo.htm#primaryimage"},"thumbnailUrl":"http:\/\/www.ishir.com\/wp-content\/uploads\/2017\/07\/web-development-img.jpg","datePublished":"2018-08-03T13:54:08+00:00","dateModified":"2018-11-16T06:19:14+00:00","description":"ISHIR es una compa\u00f1\u00eda de desarrollo web certificada y confiable que brinda servicios de desarrollo de software personalizados a los clientes. Nuestras soluciones de desarrollo web combinan la \u00faltima tecnolog\u00eda con la creatividad. Cont\u00e1ctenos hoy por tel\u00e9fono o correo electr\u00f3nico","breadcrumb":{"@id":"https:\/\/www.ishir.com\/es\/diseno-web-y-desarrollo.htm#breadcrumb"},"inLanguage":"en-US","potentialAction":[{"@type":"ReadAction","target":["https:\/\/www.ishir.com\/es\/diseno-web-y-desarrollo.htm"]}]},{"@type":"ImageObject","inLanguage":"en-US","@id":"https:\/\/www.ishir.com\/es\/diseno-web-y-desarrollo.htm#primaryimage","url":"http:\/\/www.ishir.com\/wp-content\/uploads\/2017\/07\/web-development-img.jpg","contentUrl":"http:\/\/www.ishir.com\/wp-content\/uploads\/2017\/07\/web-development-img.jpg"},{"@type":"BreadcrumbList","@id":"https:\/\/www.ishir.com\/es\/diseno-web-y-desarrollo.htm#breadcrumb","itemListElement":[{"@type":"ListItem","position":1,"name":"Home","item":"https:\/\/www.ishir.com\/es\/"},{"@type":"ListItem","position":2,"name":"DESARROLLO DE DISE\u00d1O WEB"}]},{"@type":"WebSite","@id":"https:\/\/www.ishir.com\/es\/#website","url":"https:\/\/www.ishir.com\/es\/","name":"Offshore Custom Software Product Development Outsourcing Company India Mobile Application Development Services Dallas Texas Alexa AI IoT Developers - ISHIR","description":"Just another WordPress site","potentialAction":[{"@type":"SearchAction","target":{"@type":"EntryPoint","urlTemplate":"https:\/\/www.ishir.com\/es\/?s={search_term_string}"},"query-input":{"@type":"PropertyValueSpecification","valueRequired":true,"valueName":"search_term_string"}}],"inLanguage":"en-US"}]}},"_links":{"self":[{"href":"https:\/\/www.ishir.com\/es\/wp-json\/wp\/v2\/pages\/15","targetHints":{"allow":["GET"]}}],"collection":[{"href":"https:\/\/www.ishir.com\/es\/wp-json\/wp\/v2\/pages"}],"about":[{"href":"https:\/\/www.ishir.com\/es\/wp-json\/wp\/v2\/types\/page"}],"author":[{"embeddable":true,"href":"https:\/\/www.ishir.com\/es\/wp-json\/wp\/v2\/users\/1"}],"replies":[{"embeddable":true,"href":"https:\/\/www.ishir.com\/es\/wp-json\/wp\/v2\/comments?post=15"}],"version-history":[{"count":8,"href":"https:\/\/www.ishir.com\/es\/wp-json\/wp\/v2\/pages\/15\/revisions"}],"predecessor-version":[{"id":6169,"href":"https:\/\/www.ishir.com\/es\/wp-json\/wp\/v2\/pages\/15\/revisions\/6169"}],"wp:attachment":[{"href":"https:\/\/www.ishir.com\/es\/wp-json\/wp\/v2\/media?parent=15"}],"curies":[{"name":"wp","href":"https:\/\/api.w.org\/{rel}","templated":true}]}}