{"id":18,"date":"2018-08-03T14:00:54","date_gmt":"2018-08-03T14:00:54","guid":{"rendered":"https:\/\/www.ishir.com\/es\/?page_id=18"},"modified":"2018-11-16T06:03:23","modified_gmt":"2018-11-16T06:03:23","slug":"desarrollo-de-aplicaciones-de-software-personalizado","status":"publish","type":"page","link":"https:\/\/www.ishir.com\/es\/desarrollo-de-aplicaciones-de-software-personalizado.htm","title":{"rendered":"DESARROLLO DE SOFTWARE"},"content":{"rendered":"<p><!-- softwareDevelopmentContent --><\/p>\n<section id=\"softwareDevelopmentContent\">\n<div class=\"container\">\n<div class=\"row\">\n<div class=\"col-lg-12 col-sm-12 col-xs-12\">\n<h3>Maximice su retorno en inversiones de TI con el desarrollo de aplicaciones, mantenimiento y servicios de soporte de ISHIR<\/h3>\n<p>ISHIR, una compa\u00f1\u00eda l\u00edder en la externalizaci\u00f3n de software ubicada en Dallas, provee servicios de desarrollo de software personalizado a clientes cuando sus estrategias de negocio y requisitos no est\u00e1n satisfechos adecuadamente por los software de paquete. Trabajamos de cerca con los clientes para entender sus objetivos comerciales, definir sus requisitos de software y escribir especificaciones involucrando nuestros analistas de negocio experimentados y expertos en el asunto a tratar. ISHIR tambi\u00e9n dise\u00f1a, hace la arquitectura, desarrolla, eval\u00faa e integra el software personalizado a trav\u00e9s de m\u00faltiples otros sistemas y plataformas incluyendo el internet, nube y sistemas dispares para asegurar que las funciones del sistema y \u00f3ptimamente opera sin fallas para nuestros clientes.<\/p>\n<p>Nuestros servicios de desarrollo de software personalizado ayuda a los clientes a construir e integrar aplicaciones de negocio sofisticadas y\/o sitios web con servidor de cliente y sistemas de legado. Creamos y desplegamos arquitecturas robustas, escalables y extensibles que pueden ser usadas en un amplio rango de industrias.<\/p>\n<\/div>\n<\/div>\n<\/div>\n<\/section>\n<p><!-- \/softwareDevelopmentContent --><\/p>\n","protected":false},"excerpt":{"rendered":"<p>Maximice su retorno en inversiones de TI con el desarrollo de aplicaciones, mantenimiento y servicios de soporte de ISHIR ISHIR, una compa\u00f1\u00eda l\u00edder en la externalizaci\u00f3n de software ubicada en Dallas, provee servicios de desarrollo de software personalizado a clientes cuando sus estrategias de negocio y requisitos no est\u00e1n satisfechos adecuadamente por los software de &hellip; <a href=\"https:\/\/www.ishir.com\/es\/desarrollo-de-aplicaciones-de-software-personalizado.htm\" class=\"more-link\">Continue reading<span class=\"screen-reader-text\"> &#8220;DESARROLLO DE SOFTWARE&#8221;<\/span><\/a><\/p>\n","protected":false},"author":1,"featured_media":0,"parent":0,"menu_order":0,"comment_status":"closed","ping_status":"closed","template":"layouts\/software-development.php","meta":{"_acf_changed":false,"footnotes":""},"class_list":["post-18","page","type-page","status-publish","hentry"],"acf":[],"yoast_head":"<!-- This site is optimized with the Yoast SEO plugin v26.2 - https:\/\/yoast.com\/wordpress\/plugins\/seo\/ -->\n<title>Desarrollo de Software de Outsourcing Offshore | Empresas de Outsourcing de TI en Dallas<\/title>\n<meta name=\"description\" content=\"ISHIR, una empresa l\u00edder de subcontrataci\u00f3n de software ubicada en Dallas, ofrece soluciones de desarrollo de software personalizadas y desarrollo de aplicaciones. Trabajamos estrechamente con los clientes para comprender sus necesidades de desarrollo de software. Hable con nuestros desarrolladores de software hoy.\" \/>\n<meta name=\"robots\" content=\"index, follow, max-snippet:-1, max-image-preview:large, max-video-preview:-1\" \/>\n<link rel=\"canonical\" href=\"https:\/\/www.ishir.com\/es\/desarrollo-de-aplicaciones-de-software-personalizado.htm\" \/>\n<meta property=\"og:locale\" content=\"en_US\" \/>\n<meta property=\"og:type\" content=\"article\" \/>\n<meta property=\"og:title\" content=\"Desarrollo de Software de Outsourcing Offshore | Empresas de Outsourcing de TI en Dallas\" \/>\n<meta property=\"og:description\" content=\"ISHIR, una empresa l\u00edder de subcontrataci\u00f3n de software ubicada en Dallas, ofrece soluciones de desarrollo de software personalizadas y desarrollo de aplicaciones. Trabajamos estrechamente con los clientes para comprender sus necesidades de desarrollo de software. Hable con nuestros desarrolladores de software hoy.\" \/>\n<meta property=\"og:url\" content=\"https:\/\/www.ishir.com\/es\/desarrollo-de-aplicaciones-de-software-personalizado.htm\" \/>\n<meta property=\"og:site_name\" content=\"Offshore Custom Software Product Development Outsourcing Company India Mobile Application Development Services Dallas Texas Alexa AI IoT Developers - ISHIR\" \/>\n<meta property=\"article:modified_time\" content=\"2018-11-16T06:03:23+00:00\" \/>\n<meta name=\"twitter:card\" content=\"summary_large_image\" \/>\n<meta name=\"twitter:label1\" content=\"Est. reading time\" \/>\n\t<meta name=\"twitter:data1\" content=\"1 minute\" \/>\n<script type=\"application\/ld+json\" class=\"yoast-schema-graph\">{\"@context\":\"https:\/\/schema.org\",\"@graph\":[{\"@type\":\"WebPage\",\"@id\":\"https:\/\/www.ishir.com\/es\/desarrollo-de-aplicaciones-de-software-personalizado.htm\",\"url\":\"https:\/\/www.ishir.com\/es\/desarrollo-de-aplicaciones-de-software-personalizado.htm\",\"name\":\"Desarrollo de Software de Outsourcing Offshore | Empresas de Outsourcing de TI en Dallas\",\"isPartOf\":{\"@id\":\"https:\/\/www.ishir.com\/es\/#website\"},\"datePublished\":\"2018-08-03T14:00:54+00:00\",\"dateModified\":\"2018-11-16T06:03:23+00:00\",\"description\":\"ISHIR, una empresa l\u00edder de subcontrataci\u00f3n de software ubicada en Dallas, ofrece soluciones de desarrollo de software personalizadas y desarrollo de aplicaciones. Trabajamos estrechamente con los clientes para comprender sus necesidades de desarrollo de software. Hable con nuestros desarrolladores de software hoy.\",\"breadcrumb\":{\"@id\":\"https:\/\/www.ishir.com\/es\/desarrollo-de-aplicaciones-de-software-personalizado.htm#breadcrumb\"},\"inLanguage\":\"en-US\",\"potentialAction\":[{\"@type\":\"ReadAction\",\"target\":[\"https:\/\/www.ishir.com\/es\/desarrollo-de-aplicaciones-de-software-personalizado.htm\"]}]},{\"@type\":\"BreadcrumbList\",\"@id\":\"https:\/\/www.ishir.com\/es\/desarrollo-de-aplicaciones-de-software-personalizado.htm#breadcrumb\",\"itemListElement\":[{\"@type\":\"ListItem\",\"position\":1,\"name\":\"Home\",\"item\":\"https:\/\/www.ishir.com\/es\/\"},{\"@type\":\"ListItem\",\"position\":2,\"name\":\"DESARROLLO DE SOFTWARE\"}]},{\"@type\":\"WebSite\",\"@id\":\"https:\/\/www.ishir.com\/es\/#website\",\"url\":\"https:\/\/www.ishir.com\/es\/\",\"name\":\"Offshore Custom Software Product Development Outsourcing Company India Mobile Application Development Services Dallas Texas Alexa AI IoT Developers - ISHIR\",\"description\":\"Just another WordPress site\",\"potentialAction\":[{\"@type\":\"SearchAction\",\"target\":{\"@type\":\"EntryPoint\",\"urlTemplate\":\"https:\/\/www.ishir.com\/es\/?s={search_term_string}\"},\"query-input\":{\"@type\":\"PropertyValueSpecification\",\"valueRequired\":true,\"valueName\":\"search_term_string\"}}],\"inLanguage\":\"en-US\"}]}<\/script>\n<!-- \/ Yoast SEO plugin. -->","yoast_head_json":{"title":"Desarrollo de Software de Outsourcing Offshore | Empresas de Outsourcing de TI en Dallas","description":"ISHIR, una empresa l\u00edder de subcontrataci\u00f3n de software ubicada en Dallas, ofrece soluciones de desarrollo de software personalizadas y desarrollo de aplicaciones. Trabajamos estrechamente con los clientes para comprender sus necesidades de desarrollo de software. Hable con nuestros desarrolladores de software hoy.","robots":{"index":"index","follow":"follow","max-snippet":"max-snippet:-1","max-image-preview":"max-image-preview:large","max-video-preview":"max-video-preview:-1"},"canonical":"https:\/\/www.ishir.com\/es\/desarrollo-de-aplicaciones-de-software-personalizado.htm","og_locale":"en_US","og_type":"article","og_title":"Desarrollo de Software de Outsourcing Offshore | Empresas de Outsourcing de TI en Dallas","og_description":"ISHIR, una empresa l\u00edder de subcontrataci\u00f3n de software ubicada en Dallas, ofrece soluciones de desarrollo de software personalizadas y desarrollo de aplicaciones. Trabajamos estrechamente con los clientes para comprender sus necesidades de desarrollo de software. Hable con nuestros desarrolladores de software hoy.","og_url":"https:\/\/www.ishir.com\/es\/desarrollo-de-aplicaciones-de-software-personalizado.htm","og_site_name":"Offshore Custom Software Product Development Outsourcing Company India Mobile Application Development Services Dallas Texas Alexa AI IoT Developers - ISHIR","article_modified_time":"2018-11-16T06:03:23+00:00","twitter_card":"summary_large_image","twitter_misc":{"Est. reading time":"1 minute"},"schema":{"@context":"https:\/\/schema.org","@graph":[{"@type":"WebPage","@id":"https:\/\/www.ishir.com\/es\/desarrollo-de-aplicaciones-de-software-personalizado.htm","url":"https:\/\/www.ishir.com\/es\/desarrollo-de-aplicaciones-de-software-personalizado.htm","name":"Desarrollo de Software de Outsourcing Offshore | Empresas de Outsourcing de TI en Dallas","isPartOf":{"@id":"https:\/\/www.ishir.com\/es\/#website"},"datePublished":"2018-08-03T14:00:54+00:00","dateModified":"2018-11-16T06:03:23+00:00","description":"ISHIR, una empresa l\u00edder de subcontrataci\u00f3n de software ubicada en Dallas, ofrece soluciones de desarrollo de software personalizadas y desarrollo de aplicaciones. Trabajamos estrechamente con los clientes para comprender sus necesidades de desarrollo de software. Hable con nuestros desarrolladores de software hoy.","breadcrumb":{"@id":"https:\/\/www.ishir.com\/es\/desarrollo-de-aplicaciones-de-software-personalizado.htm#breadcrumb"},"inLanguage":"en-US","potentialAction":[{"@type":"ReadAction","target":["https:\/\/www.ishir.com\/es\/desarrollo-de-aplicaciones-de-software-personalizado.htm"]}]},{"@type":"BreadcrumbList","@id":"https:\/\/www.ishir.com\/es\/desarrollo-de-aplicaciones-de-software-personalizado.htm#breadcrumb","itemListElement":[{"@type":"ListItem","position":1,"name":"Home","item":"https:\/\/www.ishir.com\/es\/"},{"@type":"ListItem","position":2,"name":"DESARROLLO DE SOFTWARE"}]},{"@type":"WebSite","@id":"https:\/\/www.ishir.com\/es\/#website","url":"https:\/\/www.ishir.com\/es\/","name":"Offshore Custom Software Product Development Outsourcing Company India Mobile Application Development Services Dallas Texas Alexa AI IoT Developers - ISHIR","description":"Just another WordPress site","potentialAction":[{"@type":"SearchAction","target":{"@type":"EntryPoint","urlTemplate":"https:\/\/www.ishir.com\/es\/?s={search_term_string}"},"query-input":{"@type":"PropertyValueSpecification","valueRequired":true,"valueName":"search_term_string"}}],"inLanguage":"en-US"}]}},"_links":{"self":[{"href":"https:\/\/www.ishir.com\/es\/wp-json\/wp\/v2\/pages\/18","targetHints":{"allow":["GET"]}}],"collection":[{"href":"https:\/\/www.ishir.com\/es\/wp-json\/wp\/v2\/pages"}],"about":[{"href":"https:\/\/www.ishir.com\/es\/wp-json\/wp\/v2\/types\/page"}],"author":[{"embeddable":true,"href":"https:\/\/www.ishir.com\/es\/wp-json\/wp\/v2\/users\/1"}],"replies":[{"embeddable":true,"href":"https:\/\/www.ishir.com\/es\/wp-json\/wp\/v2\/comments?post=18"}],"version-history":[{"count":6,"href":"https:\/\/www.ishir.com\/es\/wp-json\/wp\/v2\/pages\/18\/revisions"}],"predecessor-version":[{"id":6163,"href":"https:\/\/www.ishir.com\/es\/wp-json\/wp\/v2\/pages\/18\/revisions\/6163"}],"wp:attachment":[{"href":"https:\/\/www.ishir.com\/es\/wp-json\/wp\/v2\/media?parent=18"}],"curies":[{"name":"wp","href":"https:\/\/api.w.org\/{rel}","templated":true}]}}