{"id":20,"date":"2018-08-03T14:13:02","date_gmt":"2018-08-03T14:13:02","guid":{"rendered":"https:\/\/www.ishir.com\/es\/?page_id=20"},"modified":"2018-11-16T06:11:16","modified_gmt":"2018-11-16T06:11:16","slug":"modelos-de-compromiso","status":"publish","type":"page","link":"https:\/\/www.ishir.com\/es\/modelos-de-compromiso.htm","title":{"rendered":"MODELO DE COMPROMISO"},"content":{"rendered":"<div class=\"\">\n<h3>Basado en tus objetivos inmediatos o a largo plazo, podemos hacer a la medida el modelo de compromiso.<\/h3>\n<p>\u00bfCu\u00e1les son sus objetivos? \u00bfCu\u00e1l es su estrategia? ISHIR ofrece m\u00faltiples modelos de compromiso para satisfacer las necesidades diversas de los clientes a nivel mundial. Puedes escoger de cualquiera de los siguientes modelos de compromiso de externalizaci\u00f3n generalmente aceptados o una combinaci\u00f3n de ellos para diferentes fases de tu proyecto. Tambi\u00e9n podemos trabajar contigo para personalizar un modelo para dirigirnos a tu necesidad espec\u00edfica.<\/p>\n<\/div>\n","protected":false},"excerpt":{"rendered":"<p>Basado en tus objetivos inmediatos o a largo plazo, podemos hacer a la medida el modelo de compromiso. \u00bfCu\u00e1les son sus objetivos? \u00bfCu\u00e1l es su estrategia? ISHIR ofrece m\u00faltiples modelos de compromiso para satisfacer las necesidades diversas de los clientes a nivel mundial. Puedes escoger de cualquiera de los siguientes modelos de compromiso de externalizaci\u00f3n &hellip; <a href=\"https:\/\/www.ishir.com\/es\/modelos-de-compromiso.htm\" class=\"more-link\">Continue reading<span class=\"screen-reader-text\"> &#8220;MODELO DE COMPROMISO&#8221;<\/span><\/a><\/p>\n","protected":false},"author":1,"featured_media":0,"parent":0,"menu_order":0,"comment_status":"closed","ping_status":"closed","template":"layouts\/engagement-models.php","meta":{"_acf_changed":false,"footnotes":""},"class_list":["post-20","page","type-page","status-publish","hentry"],"acf":[],"yoast_head":"<!-- This site is optimized with the Yoast SEO plugin v26.2 - https:\/\/yoast.com\/wordpress\/plugins\/seo\/ -->\n<title>Outsourcing de modelos de compromiso | Offshore Custom Software Application Company Dallas TX India<\/title>\n<meta name=\"description\" content=\"ISHIR como una compa\u00f1\u00eda de desarrollo de software offshore ofrece m\u00faltiples modelos de compromiso para el trabajo de desarrollo de outsourcing para satisfacer las diversas necesidades de los clientes globales.\" \/>\n<meta name=\"robots\" content=\"index, follow, max-snippet:-1, max-image-preview:large, max-video-preview:-1\" \/>\n<link rel=\"canonical\" href=\"https:\/\/www.ishir.com\/es\/modelos-de-compromiso.htm\" \/>\n<meta property=\"og:locale\" content=\"en_US\" \/>\n<meta property=\"og:type\" content=\"article\" \/>\n<meta property=\"og:title\" content=\"Outsourcing de modelos de compromiso | Offshore Custom Software Application Company Dallas TX India\" \/>\n<meta property=\"og:description\" content=\"ISHIR como una compa\u00f1\u00eda de desarrollo de software offshore ofrece m\u00faltiples modelos de compromiso para el trabajo de desarrollo de outsourcing para satisfacer las diversas necesidades de los clientes globales.\" \/>\n<meta property=\"og:url\" content=\"https:\/\/www.ishir.com\/es\/modelos-de-compromiso.htm\" \/>\n<meta property=\"og:site_name\" content=\"Offshore Custom Software Product Development Outsourcing Company India Mobile Application Development Services Dallas Texas Alexa AI IoT Developers - ISHIR\" \/>\n<meta property=\"article:modified_time\" content=\"2018-11-16T06:11:16+00:00\" \/>\n<meta name=\"twitter:card\" content=\"summary_large_image\" \/>\n<script type=\"application\/ld+json\" class=\"yoast-schema-graph\">{\"@context\":\"https:\/\/schema.org\",\"@graph\":[{\"@type\":\"WebPage\",\"@id\":\"https:\/\/www.ishir.com\/es\/modelos-de-compromiso.htm\",\"url\":\"https:\/\/www.ishir.com\/es\/modelos-de-compromiso.htm\",\"name\":\"Outsourcing de modelos de compromiso | Offshore Custom Software Application Company Dallas TX India\",\"isPartOf\":{\"@id\":\"https:\/\/www.ishir.com\/es\/#website\"},\"datePublished\":\"2018-08-03T14:13:02+00:00\",\"dateModified\":\"2018-11-16T06:11:16+00:00\",\"description\":\"ISHIR como una compa\u00f1\u00eda de desarrollo de software offshore ofrece m\u00faltiples modelos de compromiso para el trabajo de desarrollo de outsourcing para satisfacer las diversas necesidades de los clientes globales.\",\"breadcrumb\":{\"@id\":\"https:\/\/www.ishir.com\/es\/modelos-de-compromiso.htm#breadcrumb\"},\"inLanguage\":\"en-US\",\"potentialAction\":[{\"@type\":\"ReadAction\",\"target\":[\"https:\/\/www.ishir.com\/es\/modelos-de-compromiso.htm\"]}]},{\"@type\":\"BreadcrumbList\",\"@id\":\"https:\/\/www.ishir.com\/es\/modelos-de-compromiso.htm#breadcrumb\",\"itemListElement\":[{\"@type\":\"ListItem\",\"position\":1,\"name\":\"Home\",\"item\":\"https:\/\/www.ishir.com\/es\/\"},{\"@type\":\"ListItem\",\"position\":2,\"name\":\"MODELO DE COMPROMISO\"}]},{\"@type\":\"WebSite\",\"@id\":\"https:\/\/www.ishir.com\/es\/#website\",\"url\":\"https:\/\/www.ishir.com\/es\/\",\"name\":\"Offshore Custom Software Product Development Outsourcing Company India Mobile Application Development Services Dallas Texas Alexa AI IoT Developers - ISHIR\",\"description\":\"Just another WordPress site\",\"potentialAction\":[{\"@type\":\"SearchAction\",\"target\":{\"@type\":\"EntryPoint\",\"urlTemplate\":\"https:\/\/www.ishir.com\/es\/?s={search_term_string}\"},\"query-input\":{\"@type\":\"PropertyValueSpecification\",\"valueRequired\":true,\"valueName\":\"search_term_string\"}}],\"inLanguage\":\"en-US\"}]}<\/script>\n<!-- \/ Yoast SEO plugin. -->","yoast_head_json":{"title":"Outsourcing de modelos de compromiso | Offshore Custom Software Application Company Dallas TX India","description":"ISHIR como una compa\u00f1\u00eda de desarrollo de software offshore ofrece m\u00faltiples modelos de compromiso para el trabajo de desarrollo de outsourcing para satisfacer las diversas necesidades de los clientes globales.","robots":{"index":"index","follow":"follow","max-snippet":"max-snippet:-1","max-image-preview":"max-image-preview:large","max-video-preview":"max-video-preview:-1"},"canonical":"https:\/\/www.ishir.com\/es\/modelos-de-compromiso.htm","og_locale":"en_US","og_type":"article","og_title":"Outsourcing de modelos de compromiso | Offshore Custom Software Application Company Dallas TX India","og_description":"ISHIR como una compa\u00f1\u00eda de desarrollo de software offshore ofrece m\u00faltiples modelos de compromiso para el trabajo de desarrollo de outsourcing para satisfacer las diversas necesidades de los clientes globales.","og_url":"https:\/\/www.ishir.com\/es\/modelos-de-compromiso.htm","og_site_name":"Offshore Custom Software Product Development Outsourcing Company India Mobile Application Development Services Dallas Texas Alexa AI IoT Developers - ISHIR","article_modified_time":"2018-11-16T06:11:16+00:00","twitter_card":"summary_large_image","schema":{"@context":"https:\/\/schema.org","@graph":[{"@type":"WebPage","@id":"https:\/\/www.ishir.com\/es\/modelos-de-compromiso.htm","url":"https:\/\/www.ishir.com\/es\/modelos-de-compromiso.htm","name":"Outsourcing de modelos de compromiso | Offshore Custom Software Application Company Dallas TX India","isPartOf":{"@id":"https:\/\/www.ishir.com\/es\/#website"},"datePublished":"2018-08-03T14:13:02+00:00","dateModified":"2018-11-16T06:11:16+00:00","description":"ISHIR como una compa\u00f1\u00eda de desarrollo de software offshore ofrece m\u00faltiples modelos de compromiso para el trabajo de desarrollo de outsourcing para satisfacer las diversas necesidades de los clientes globales.","breadcrumb":{"@id":"https:\/\/www.ishir.com\/es\/modelos-de-compromiso.htm#breadcrumb"},"inLanguage":"en-US","potentialAction":[{"@type":"ReadAction","target":["https:\/\/www.ishir.com\/es\/modelos-de-compromiso.htm"]}]},{"@type":"BreadcrumbList","@id":"https:\/\/www.ishir.com\/es\/modelos-de-compromiso.htm#breadcrumb","itemListElement":[{"@type":"ListItem","position":1,"name":"Home","item":"https:\/\/www.ishir.com\/es\/"},{"@type":"ListItem","position":2,"name":"MODELO DE COMPROMISO"}]},{"@type":"WebSite","@id":"https:\/\/www.ishir.com\/es\/#website","url":"https:\/\/www.ishir.com\/es\/","name":"Offshore Custom Software Product Development Outsourcing Company India Mobile Application Development Services Dallas Texas Alexa AI IoT Developers - ISHIR","description":"Just another WordPress site","potentialAction":[{"@type":"SearchAction","target":{"@type":"EntryPoint","urlTemplate":"https:\/\/www.ishir.com\/es\/?s={search_term_string}"},"query-input":{"@type":"PropertyValueSpecification","valueRequired":true,"valueName":"search_term_string"}}],"inLanguage":"en-US"}]}},"_links":{"self":[{"href":"https:\/\/www.ishir.com\/es\/wp-json\/wp\/v2\/pages\/20","targetHints":{"allow":["GET"]}}],"collection":[{"href":"https:\/\/www.ishir.com\/es\/wp-json\/wp\/v2\/pages"}],"about":[{"href":"https:\/\/www.ishir.com\/es\/wp-json\/wp\/v2\/types\/page"}],"author":[{"embeddable":true,"href":"https:\/\/www.ishir.com\/es\/wp-json\/wp\/v2\/users\/1"}],"replies":[{"embeddable":true,"href":"https:\/\/www.ishir.com\/es\/wp-json\/wp\/v2\/comments?post=20"}],"version-history":[{"count":4,"href":"https:\/\/www.ishir.com\/es\/wp-json\/wp\/v2\/pages\/20\/revisions"}],"predecessor-version":[{"id":6149,"href":"https:\/\/www.ishir.com\/es\/wp-json\/wp\/v2\/pages\/20\/revisions\/6149"}],"wp:attachment":[{"href":"https:\/\/www.ishir.com\/es\/wp-json\/wp\/v2\/media?parent=20"}],"curies":[{"name":"wp","href":"https:\/\/api.w.org\/{rel}","templated":true}]}}