{"id":23,"date":"2018-08-03T14:21:44","date_gmt":"2018-08-03T14:21:44","guid":{"rendered":"https:\/\/www.ishir.com\/es\/?page_id=23"},"modified":"2018-11-16T06:14:01","modified_gmt":"2018-11-16T06:14:01","slug":"aprendizaje-automatico-como-servicio-mlaas","status":"publish","type":"page","link":"https:\/\/www.ishir.com\/es\/aprendizaje-automatico-como-servicio-mlaas.htm","title":{"rendered":"APRENDIZAJE DE LAS M\u00c1QUINAS"},"content":{"rendered":"<h3>Maneja el crecimiento del negocio con perspectivas de informaci\u00f3n cr\u00edtica que son invaluables para tu negocio<\/h3>\n<p>Ya hemos experimentado una tendencia creciente de mover y mantener informaci\u00f3n en la nube. Movi\u00e9ndonos al siguiente nivel, \u00bfhay alguna forma de derivar datos vitales de toda la informaci\u00f3n que es cr\u00edtica? El aprendizaje autom\u00e1tico como un servicio o MLaaS puede hacer posible encontrar patrones y modelos en la informaci\u00f3n y generar informaci\u00f3n accionable e inteligente.  <\/p>\n<p>ISHIR puede empoderarte con los servicios de aprendizaje autom\u00e1tico como parte de los servicios de c\u00f3mputo en nube. Ofrecemos aprendizaje profundo, an\u00e1lisis predictivos y procesamiento de lenguaje natural como servicios de aprendizaje autom\u00e1tico. La mayor ventaja de MLaas es que no tienes que invertir en la infraestructura de resucitar un modelo de aprendizaje autom\u00e1tico si no trabajar con nosotros en un servicio que est\u00e1 ajustado mejor para las necesidades de tu negocio por tanto como gustes.<\/p>\n","protected":false},"excerpt":{"rendered":"<p>Maneja el crecimiento del negocio con perspectivas de informaci\u00f3n cr\u00edtica que son invaluables para tu negocio Ya hemos experimentado una tendencia creciente de mover y mantener informaci\u00f3n en la nube. Movi\u00e9ndonos al siguiente nivel, \u00bfhay alguna forma de derivar datos vitales de toda la informaci\u00f3n que es cr\u00edtica? El aprendizaje autom\u00e1tico como un servicio o &hellip; <a href=\"https:\/\/www.ishir.com\/es\/aprendizaje-automatico-como-servicio-mlaas.htm\" class=\"more-link\">Continue reading<span class=\"screen-reader-text\"> &#8220;APRENDIZAJE DE LAS M\u00c1QUINAS&#8221;<\/span><\/a><\/p>\n","protected":false},"author":1,"featured_media":0,"parent":0,"menu_order":0,"comment_status":"closed","ping_status":"closed","template":"layouts\/machine-learning.php","meta":{"_acf_changed":false,"footnotes":""},"class_list":["post-23","page","type-page","status-publish","hentry"],"acf":[],"yoast_head":"<!-- This site is optimized with the Yoast SEO plugin v26.2 - https:\/\/yoast.com\/wordpress\/plugins\/seo\/ -->\n<title>Aprendizaje autom\u00e1tico como servicios | Proveedor de soluciones MLaaS Dallas Texas<\/title>\n<meta name=\"description\" content=\"El aprendizaje autom\u00e1tico es la pr\u00f3xima gran cosa en la computaci\u00f3n; \u00bfEst\u00e1s listo para ello? ISHIR, una compa\u00f1\u00eda de inteligencia artificial en Dallas, Texas, se especializa en ofrecer aprendizaje autom\u00e1tico como un servicio para diversas \u00e1reas de negocios e industrias.\" \/>\n<meta name=\"robots\" content=\"index, follow, max-snippet:-1, max-image-preview:large, max-video-preview:-1\" \/>\n<link rel=\"canonical\" href=\"https:\/\/www.ishir.com\/es\/aprendizaje-automatico-como-servicio-mlaas.htm\" \/>\n<meta property=\"og:locale\" content=\"en_US\" \/>\n<meta property=\"og:type\" content=\"article\" \/>\n<meta property=\"og:title\" content=\"Aprendizaje autom\u00e1tico como servicios | Proveedor de soluciones MLaaS Dallas Texas\" \/>\n<meta property=\"og:description\" content=\"El aprendizaje autom\u00e1tico es la pr\u00f3xima gran cosa en la computaci\u00f3n; \u00bfEst\u00e1s listo para ello? ISHIR, una compa\u00f1\u00eda de inteligencia artificial en Dallas, Texas, se especializa en ofrecer aprendizaje autom\u00e1tico como un servicio para diversas \u00e1reas de negocios e industrias.\" \/>\n<meta property=\"og:url\" content=\"https:\/\/www.ishir.com\/es\/aprendizaje-automatico-como-servicio-mlaas.htm\" \/>\n<meta property=\"og:site_name\" content=\"Offshore Custom Software Product Development Outsourcing Company India Mobile Application Development Services Dallas Texas Alexa AI IoT Developers - ISHIR\" \/>\n<meta property=\"article:modified_time\" content=\"2018-11-16T06:14:01+00:00\" \/>\n<meta name=\"twitter:card\" content=\"summary_large_image\" \/>\n<meta name=\"twitter:label1\" content=\"Est. reading time\" \/>\n\t<meta name=\"twitter:data1\" content=\"1 minute\" \/>\n<script type=\"application\/ld+json\" class=\"yoast-schema-graph\">{\"@context\":\"https:\/\/schema.org\",\"@graph\":[{\"@type\":\"WebPage\",\"@id\":\"https:\/\/www.ishir.com\/es\/aprendizaje-automatico-como-servicio-mlaas.htm\",\"url\":\"https:\/\/www.ishir.com\/es\/aprendizaje-automatico-como-servicio-mlaas.htm\",\"name\":\"Aprendizaje autom\u00e1tico como servicios | Proveedor de soluciones MLaaS Dallas Texas\",\"isPartOf\":{\"@id\":\"https:\/\/www.ishir.com\/es\/#website\"},\"datePublished\":\"2018-08-03T14:21:44+00:00\",\"dateModified\":\"2018-11-16T06:14:01+00:00\",\"description\":\"El aprendizaje autom\u00e1tico es la pr\u00f3xima gran cosa en la computaci\u00f3n; \u00bfEst\u00e1s listo para ello? ISHIR, una compa\u00f1\u00eda de inteligencia artificial en Dallas, Texas, se especializa en ofrecer aprendizaje autom\u00e1tico como un servicio para diversas \u00e1reas de negocios e industrias.\",\"breadcrumb\":{\"@id\":\"https:\/\/www.ishir.com\/es\/aprendizaje-automatico-como-servicio-mlaas.htm#breadcrumb\"},\"inLanguage\":\"en-US\",\"potentialAction\":[{\"@type\":\"ReadAction\",\"target\":[\"https:\/\/www.ishir.com\/es\/aprendizaje-automatico-como-servicio-mlaas.htm\"]}]},{\"@type\":\"BreadcrumbList\",\"@id\":\"https:\/\/www.ishir.com\/es\/aprendizaje-automatico-como-servicio-mlaas.htm#breadcrumb\",\"itemListElement\":[{\"@type\":\"ListItem\",\"position\":1,\"name\":\"Home\",\"item\":\"https:\/\/www.ishir.com\/es\/\"},{\"@type\":\"ListItem\",\"position\":2,\"name\":\"APRENDIZAJE DE LAS M\u00c1QUINAS\"}]},{\"@type\":\"WebSite\",\"@id\":\"https:\/\/www.ishir.com\/es\/#website\",\"url\":\"https:\/\/www.ishir.com\/es\/\",\"name\":\"Offshore Custom Software Product Development Outsourcing Company India Mobile Application Development Services Dallas Texas Alexa AI IoT Developers - ISHIR\",\"description\":\"Just another WordPress site\",\"potentialAction\":[{\"@type\":\"SearchAction\",\"target\":{\"@type\":\"EntryPoint\",\"urlTemplate\":\"https:\/\/www.ishir.com\/es\/?s={search_term_string}\"},\"query-input\":{\"@type\":\"PropertyValueSpecification\",\"valueRequired\":true,\"valueName\":\"search_term_string\"}}],\"inLanguage\":\"en-US\"}]}<\/script>\n<!-- \/ Yoast SEO plugin. -->","yoast_head_json":{"title":"Aprendizaje autom\u00e1tico como servicios | Proveedor de soluciones MLaaS Dallas Texas","description":"El aprendizaje autom\u00e1tico es la pr\u00f3xima gran cosa en la computaci\u00f3n; \u00bfEst\u00e1s listo para ello? ISHIR, una compa\u00f1\u00eda de inteligencia artificial en Dallas, Texas, se especializa en ofrecer aprendizaje autom\u00e1tico como un servicio para diversas \u00e1reas de negocios e industrias.","robots":{"index":"index","follow":"follow","max-snippet":"max-snippet:-1","max-image-preview":"max-image-preview:large","max-video-preview":"max-video-preview:-1"},"canonical":"https:\/\/www.ishir.com\/es\/aprendizaje-automatico-como-servicio-mlaas.htm","og_locale":"en_US","og_type":"article","og_title":"Aprendizaje autom\u00e1tico como servicios | Proveedor de soluciones MLaaS Dallas Texas","og_description":"El aprendizaje autom\u00e1tico es la pr\u00f3xima gran cosa en la computaci\u00f3n; \u00bfEst\u00e1s listo para ello? ISHIR, una compa\u00f1\u00eda de inteligencia artificial en Dallas, Texas, se especializa en ofrecer aprendizaje autom\u00e1tico como un servicio para diversas \u00e1reas de negocios e industrias.","og_url":"https:\/\/www.ishir.com\/es\/aprendizaje-automatico-como-servicio-mlaas.htm","og_site_name":"Offshore Custom Software Product Development Outsourcing Company India Mobile Application Development Services Dallas Texas Alexa AI IoT Developers - ISHIR","article_modified_time":"2018-11-16T06:14:01+00:00","twitter_card":"summary_large_image","twitter_misc":{"Est. reading time":"1 minute"},"schema":{"@context":"https:\/\/schema.org","@graph":[{"@type":"WebPage","@id":"https:\/\/www.ishir.com\/es\/aprendizaje-automatico-como-servicio-mlaas.htm","url":"https:\/\/www.ishir.com\/es\/aprendizaje-automatico-como-servicio-mlaas.htm","name":"Aprendizaje autom\u00e1tico como servicios | Proveedor de soluciones MLaaS Dallas Texas","isPartOf":{"@id":"https:\/\/www.ishir.com\/es\/#website"},"datePublished":"2018-08-03T14:21:44+00:00","dateModified":"2018-11-16T06:14:01+00:00","description":"El aprendizaje autom\u00e1tico es la pr\u00f3xima gran cosa en la computaci\u00f3n; \u00bfEst\u00e1s listo para ello? ISHIR, una compa\u00f1\u00eda de inteligencia artificial en Dallas, Texas, se especializa en ofrecer aprendizaje autom\u00e1tico como un servicio para diversas \u00e1reas de negocios e industrias.","breadcrumb":{"@id":"https:\/\/www.ishir.com\/es\/aprendizaje-automatico-como-servicio-mlaas.htm#breadcrumb"},"inLanguage":"en-US","potentialAction":[{"@type":"ReadAction","target":["https:\/\/www.ishir.com\/es\/aprendizaje-automatico-como-servicio-mlaas.htm"]}]},{"@type":"BreadcrumbList","@id":"https:\/\/www.ishir.com\/es\/aprendizaje-automatico-como-servicio-mlaas.htm#breadcrumb","itemListElement":[{"@type":"ListItem","position":1,"name":"Home","item":"https:\/\/www.ishir.com\/es\/"},{"@type":"ListItem","position":2,"name":"APRENDIZAJE DE LAS M\u00c1QUINAS"}]},{"@type":"WebSite","@id":"https:\/\/www.ishir.com\/es\/#website","url":"https:\/\/www.ishir.com\/es\/","name":"Offshore Custom Software Product Development Outsourcing Company India Mobile Application Development Services Dallas Texas Alexa AI IoT Developers - ISHIR","description":"Just another WordPress site","potentialAction":[{"@type":"SearchAction","target":{"@type":"EntryPoint","urlTemplate":"https:\/\/www.ishir.com\/es\/?s={search_term_string}"},"query-input":{"@type":"PropertyValueSpecification","valueRequired":true,"valueName":"search_term_string"}}],"inLanguage":"en-US"}]}},"_links":{"self":[{"href":"https:\/\/www.ishir.com\/es\/wp-json\/wp\/v2\/pages\/23","targetHints":{"allow":["GET"]}}],"collection":[{"href":"https:\/\/www.ishir.com\/es\/wp-json\/wp\/v2\/pages"}],"about":[{"href":"https:\/\/www.ishir.com\/es\/wp-json\/wp\/v2\/types\/page"}],"author":[{"embeddable":true,"href":"https:\/\/www.ishir.com\/es\/wp-json\/wp\/v2\/users\/1"}],"replies":[{"embeddable":true,"href":"https:\/\/www.ishir.com\/es\/wp-json\/wp\/v2\/comments?post=23"}],"version-history":[{"count":4,"href":"https:\/\/www.ishir.com\/es\/wp-json\/wp\/v2\/pages\/23\/revisions"}],"predecessor-version":[{"id":6143,"href":"https:\/\/www.ishir.com\/es\/wp-json\/wp\/v2\/pages\/23\/revisions\/6143"}],"wp:attachment":[{"href":"https:\/\/www.ishir.com\/es\/wp-json\/wp\/v2\/media?parent=23"}],"curies":[{"name":"wp","href":"https:\/\/api.w.org\/{rel}","templated":true}]}}