{"id":25,"date":"2018-08-03T14:30:49","date_gmt":"2018-08-03T14:30:49","guid":{"rendered":"https:\/\/www.ishir.com\/es\/?page_id=25"},"modified":"2018-11-16T06:17:22","modified_gmt":"2018-11-16T06:17:22","slug":"internet-de-las-cosas-iot","status":"publish","type":"page","link":"https:\/\/www.ishir.com\/es\/internet-de-las-cosas-iot.htm","title":{"rendered":"IOT"},"content":{"rendered":"<h3>Desde Sensores hasta Informaci\u00f3n Procesable, transf\u00f3rmese a un futuro activado de IdC con ISHIR<\/h3>\n<p>La Internet de las Cosas (IdC) se ha vuelto parte de nuestras vidas. Est\u00e1 conectando dispositivos y sensores a la gente, y est\u00e1 empujando a todas las industrias hacia la transformaci\u00f3n digital. La IdC puede ayudarte a luchar en un mundo h\u00edper conectado, impulsar la eficiencia operacional y transformar a un modelo de negocios listo para el futuro. Los vol\u00famenes extraordinarios de informaci\u00f3n generados de las aplicaciones de IdC como los aparatos inteligentes y las prendas, pueden ayudarte a manejar perspectivas significativas de los clientes.<\/p>\n<p>ISHIR puede ayudarte a evaluar y definir un mapa de ruta de IdC, podemos ayudarte a transformar tu informaci\u00f3n en acciones inteligentes para ayudarte a tratar con tus operaciones diarias en una manera mucho mejor.<\/p>\n<p>Hemos ayudado clientes a integrar dispositivos inteligentes que pueden ser conectados\/controlados remotamente. Nuestro equipo ha ayudado a clientes a realizar an\u00e1lisis a tiempo real en esta informaci\u00f3n en movimiento para detectar cualquier anomal\u00eda para generar alertas y notificaciones en las primeras etapas. Tambi\u00e9n tenemos experiencia en construir tableros ricos con Power BI basados en las salidas generadas del motor anal\u00edtico, lo que puede servir como una entrada al cliente para construir la estrategia para la utilizaci\u00f3n \u00f3ptima de recursos y sistema de gesti\u00f3n.<\/p>\n<p>Podemos ayudarte a aprovechar las soluciones de IdC con dispositivos en la red, que generan informaci\u00f3n y entienden y aplican reglas, modelos y te ayudan a preparar tu negocio para el futuro.<\/p>\n","protected":false},"excerpt":{"rendered":"<p>Desde Sensores hasta Informaci\u00f3n Procesable, transf\u00f3rmese a un futuro activado de IdC con ISHIR La Internet de las Cosas (IdC) se ha vuelto parte de nuestras vidas. Est\u00e1 conectando dispositivos y sensores a la gente, y est\u00e1 empujando a todas las industrias hacia la transformaci\u00f3n digital. La IdC puede ayudarte a luchar en un mundo &hellip; <a href=\"https:\/\/www.ishir.com\/es\/internet-de-las-cosas-iot.htm\" class=\"more-link\">Continue reading<span class=\"screen-reader-text\"> &#8220;IOT&#8221;<\/span><\/a><\/p>\n","protected":false},"author":1,"featured_media":0,"parent":0,"menu_order":0,"comment_status":"closed","ping_status":"closed","template":"layouts\/iot.php","meta":{"_acf_changed":false,"footnotes":""},"class_list":["post-25","page","type-page","status-publish","hentry"],"acf":[],"yoast_head":"<!-- This site is optimized with the Yoast SEO plugin v26.2 - https:\/\/yoast.com\/wordpress\/plugins\/seo\/ -->\n<title>Internet de las cosas | An\u00e1lisis en tiempo real | Soluciones IOT | Servicios de Desarrollo IOT<\/title>\n<meta name=\"description\" content=\"Transforme a un futuro habilitado para IoT con ISHIR. Hemos ayudado a los clientes a integrar dispositivos inteligentes que se pueden conectar \/ controlar de forma remota. Podemos ayudarlo a aprovechar las soluciones de IoT y las soluciones de an\u00e1lisis en tiempo real. P\u00f3ngase en contacto con nosotros hoy..\" \/>\n<meta name=\"robots\" content=\"index, follow, max-snippet:-1, max-image-preview:large, max-video-preview:-1\" \/>\n<link rel=\"canonical\" href=\"https:\/\/www.ishir.com\/es\/internet-de-las-cosas-iot.htm\" \/>\n<meta property=\"og:locale\" content=\"en_US\" \/>\n<meta property=\"og:type\" content=\"article\" \/>\n<meta property=\"og:title\" content=\"Internet de las cosas | An\u00e1lisis en tiempo real | Soluciones IOT | Servicios de Desarrollo IOT\" \/>\n<meta property=\"og:description\" content=\"Transforme a un futuro habilitado para IoT con ISHIR. Hemos ayudado a los clientes a integrar dispositivos inteligentes que se pueden conectar \/ controlar de forma remota. Podemos ayudarlo a aprovechar las soluciones de IoT y las soluciones de an\u00e1lisis en tiempo real. P\u00f3ngase en contacto con nosotros hoy..\" \/>\n<meta property=\"og:url\" content=\"https:\/\/www.ishir.com\/es\/internet-de-las-cosas-iot.htm\" \/>\n<meta property=\"og:site_name\" content=\"Offshore Custom Software Product Development Outsourcing Company India Mobile Application Development Services Dallas Texas Alexa AI IoT Developers - ISHIR\" \/>\n<meta property=\"article:modified_time\" content=\"2018-11-16T06:17:22+00:00\" \/>\n<meta name=\"twitter:card\" content=\"summary_large_image\" \/>\n<meta name=\"twitter:label1\" content=\"Est. reading time\" \/>\n\t<meta name=\"twitter:data1\" content=\"1 minute\" \/>\n<script type=\"application\/ld+json\" class=\"yoast-schema-graph\">{\"@context\":\"https:\/\/schema.org\",\"@graph\":[{\"@type\":\"WebPage\",\"@id\":\"https:\/\/www.ishir.com\/es\/internet-de-las-cosas-iot.htm\",\"url\":\"https:\/\/www.ishir.com\/es\/internet-de-las-cosas-iot.htm\",\"name\":\"Internet de las cosas | An\u00e1lisis en tiempo real | Soluciones IOT | Servicios de Desarrollo IOT\",\"isPartOf\":{\"@id\":\"https:\/\/www.ishir.com\/es\/#website\"},\"datePublished\":\"2018-08-03T14:30:49+00:00\",\"dateModified\":\"2018-11-16T06:17:22+00:00\",\"description\":\"Transforme a un futuro habilitado para IoT con ISHIR. Hemos ayudado a los clientes a integrar dispositivos inteligentes que se pueden conectar \/ controlar de forma remota. Podemos ayudarlo a aprovechar las soluciones de IoT y las soluciones de an\u00e1lisis en tiempo real. P\u00f3ngase en contacto con nosotros hoy..\",\"breadcrumb\":{\"@id\":\"https:\/\/www.ishir.com\/es\/internet-de-las-cosas-iot.htm#breadcrumb\"},\"inLanguage\":\"en-US\",\"potentialAction\":[{\"@type\":\"ReadAction\",\"target\":[\"https:\/\/www.ishir.com\/es\/internet-de-las-cosas-iot.htm\"]}]},{\"@type\":\"BreadcrumbList\",\"@id\":\"https:\/\/www.ishir.com\/es\/internet-de-las-cosas-iot.htm#breadcrumb\",\"itemListElement\":[{\"@type\":\"ListItem\",\"position\":1,\"name\":\"Home\",\"item\":\"https:\/\/www.ishir.com\/es\/\"},{\"@type\":\"ListItem\",\"position\":2,\"name\":\"IOT\"}]},{\"@type\":\"WebSite\",\"@id\":\"https:\/\/www.ishir.com\/es\/#website\",\"url\":\"https:\/\/www.ishir.com\/es\/\",\"name\":\"Offshore Custom Software Product Development Outsourcing Company India Mobile Application Development Services Dallas Texas Alexa AI IoT Developers - ISHIR\",\"description\":\"Just another WordPress site\",\"potentialAction\":[{\"@type\":\"SearchAction\",\"target\":{\"@type\":\"EntryPoint\",\"urlTemplate\":\"https:\/\/www.ishir.com\/es\/?s={search_term_string}\"},\"query-input\":{\"@type\":\"PropertyValueSpecification\",\"valueRequired\":true,\"valueName\":\"search_term_string\"}}],\"inLanguage\":\"en-US\"}]}<\/script>\n<!-- \/ Yoast SEO plugin. -->","yoast_head_json":{"title":"Internet de las cosas | An\u00e1lisis en tiempo real | Soluciones IOT | Servicios de Desarrollo IOT","description":"Transforme a un futuro habilitado para IoT con ISHIR. Hemos ayudado a los clientes a integrar dispositivos inteligentes que se pueden conectar \/ controlar de forma remota. Podemos ayudarlo a aprovechar las soluciones de IoT y las soluciones de an\u00e1lisis en tiempo real. P\u00f3ngase en contacto con nosotros hoy..","robots":{"index":"index","follow":"follow","max-snippet":"max-snippet:-1","max-image-preview":"max-image-preview:large","max-video-preview":"max-video-preview:-1"},"canonical":"https:\/\/www.ishir.com\/es\/internet-de-las-cosas-iot.htm","og_locale":"en_US","og_type":"article","og_title":"Internet de las cosas | An\u00e1lisis en tiempo real | Soluciones IOT | Servicios de Desarrollo IOT","og_description":"Transforme a un futuro habilitado para IoT con ISHIR. Hemos ayudado a los clientes a integrar dispositivos inteligentes que se pueden conectar \/ controlar de forma remota. Podemos ayudarlo a aprovechar las soluciones de IoT y las soluciones de an\u00e1lisis en tiempo real. P\u00f3ngase en contacto con nosotros hoy..","og_url":"https:\/\/www.ishir.com\/es\/internet-de-las-cosas-iot.htm","og_site_name":"Offshore Custom Software Product Development Outsourcing Company India Mobile Application Development Services Dallas Texas Alexa AI IoT Developers - ISHIR","article_modified_time":"2018-11-16T06:17:22+00:00","twitter_card":"summary_large_image","twitter_misc":{"Est. reading time":"1 minute"},"schema":{"@context":"https:\/\/schema.org","@graph":[{"@type":"WebPage","@id":"https:\/\/www.ishir.com\/es\/internet-de-las-cosas-iot.htm","url":"https:\/\/www.ishir.com\/es\/internet-de-las-cosas-iot.htm","name":"Internet de las cosas | An\u00e1lisis en tiempo real | Soluciones IOT | Servicios de Desarrollo IOT","isPartOf":{"@id":"https:\/\/www.ishir.com\/es\/#website"},"datePublished":"2018-08-03T14:30:49+00:00","dateModified":"2018-11-16T06:17:22+00:00","description":"Transforme a un futuro habilitado para IoT con ISHIR. Hemos ayudado a los clientes a integrar dispositivos inteligentes que se pueden conectar \/ controlar de forma remota. Podemos ayudarlo a aprovechar las soluciones de IoT y las soluciones de an\u00e1lisis en tiempo real. P\u00f3ngase en contacto con nosotros hoy..","breadcrumb":{"@id":"https:\/\/www.ishir.com\/es\/internet-de-las-cosas-iot.htm#breadcrumb"},"inLanguage":"en-US","potentialAction":[{"@type":"ReadAction","target":["https:\/\/www.ishir.com\/es\/internet-de-las-cosas-iot.htm"]}]},{"@type":"BreadcrumbList","@id":"https:\/\/www.ishir.com\/es\/internet-de-las-cosas-iot.htm#breadcrumb","itemListElement":[{"@type":"ListItem","position":1,"name":"Home","item":"https:\/\/www.ishir.com\/es\/"},{"@type":"ListItem","position":2,"name":"IOT"}]},{"@type":"WebSite","@id":"https:\/\/www.ishir.com\/es\/#website","url":"https:\/\/www.ishir.com\/es\/","name":"Offshore Custom Software Product Development Outsourcing Company India Mobile Application Development Services Dallas Texas Alexa AI IoT Developers - ISHIR","description":"Just another WordPress site","potentialAction":[{"@type":"SearchAction","target":{"@type":"EntryPoint","urlTemplate":"https:\/\/www.ishir.com\/es\/?s={search_term_string}"},"query-input":{"@type":"PropertyValueSpecification","valueRequired":true,"valueName":"search_term_string"}}],"inLanguage":"en-US"}]}},"_links":{"self":[{"href":"https:\/\/www.ishir.com\/es\/wp-json\/wp\/v2\/pages\/25","targetHints":{"allow":["GET"]}}],"collection":[{"href":"https:\/\/www.ishir.com\/es\/wp-json\/wp\/v2\/pages"}],"about":[{"href":"https:\/\/www.ishir.com\/es\/wp-json\/wp\/v2\/types\/page"}],"author":[{"embeddable":true,"href":"https:\/\/www.ishir.com\/es\/wp-json\/wp\/v2\/users\/1"}],"replies":[{"embeddable":true,"href":"https:\/\/www.ishir.com\/es\/wp-json\/wp\/v2\/comments?post=25"}],"version-history":[{"count":8,"href":"https:\/\/www.ishir.com\/es\/wp-json\/wp\/v2\/pages\/25\/revisions"}],"predecessor-version":[{"id":6172,"href":"https:\/\/www.ishir.com\/es\/wp-json\/wp\/v2\/pages\/25\/revisions\/6172"}],"wp:attachment":[{"href":"https:\/\/www.ishir.com\/es\/wp-json\/wp\/v2\/media?parent=25"}],"curies":[{"name":"wp","href":"https:\/\/api.w.org\/{rel}","templated":true}]}}