{"id":28,"date":"2018-08-03T14:38:58","date_gmt":"2018-08-03T14:38:58","guid":{"rendered":"https:\/\/www.ishir.com\/es\/?page_id=28"},"modified":"2018-11-16T06:24:51","modified_gmt":"2018-11-16T06:24:51","slug":"transformacion-digital","status":"publish","type":"page","link":"https:\/\/www.ishir.com\/es\/transformacion-digital.htm","title":{"rendered":"TRANSFORMACI\u00d3N DIGITAL"},"content":{"rendered":"<h3>Lidera la era digital en vez de perderte en el ruido. Comienza tu viaje con ISHIR<\/h3>\n<p>Tanto las personas como las cosas, los negocios y la tecnolog\u00eda est\u00e1n interconect\u00e1ndose. Es un momento en el cual cada persona est\u00e1 impactada profundamente con todo en digital. Los negocios se est\u00e1n quebrantando digitalmente tambi\u00e9n. No hay un solo negocio que pueda decir que la Inteligencia Artificial (IA), el Internet de las Cosas (IdC), M\u00f3viles, Aprendizaje computarizado, Macro Datos y los C\u00f3mputos en nube no satisfacen las necesidades de sus negocios. La transformaci\u00f3n digital ya no es una opci\u00f3n.<\/p>\n<p>ISHIR puede ayudarte en tu viaje hac\u00eda la digitalizaci\u00f3n y asegurar que tu organizaci\u00f3n adopte todos los cambios tecnol\u00f3gicos, desbloquear las ganancias de productividad y poner tu negocio a la vanguardia de la disrupci\u00f3n digital para una ventaja competitiva. Estamos ubicados estrat\u00e9gicamente para ayudar a los clientes a entregar servicios listos para el futuro y productos que son m\u00e1s relevantes en una econom\u00eda potenciada por lo digital.<\/p>\n","protected":false},"excerpt":{"rendered":"<p>Lidera la era digital en vez de perderte en el ruido. Comienza tu viaje con ISHIR Tanto las personas como las cosas, los negocios y la tecnolog\u00eda est\u00e1n interconect\u00e1ndose. Es un momento en el cual cada persona est\u00e1 impactada profundamente con todo en digital. Los negocios se est\u00e1n quebrantando digitalmente tambi\u00e9n. No hay un solo &hellip; <a href=\"https:\/\/www.ishir.com\/es\/transformacion-digital.htm\" class=\"more-link\">Continue reading<span class=\"screen-reader-text\"> &#8220;TRANSFORMACI\u00d3N DIGITAL&#8221;<\/span><\/a><\/p>\n","protected":false},"author":1,"featured_media":0,"parent":0,"menu_order":0,"comment_status":"closed","ping_status":"closed","template":"layouts\/digital-transformation.php","meta":{"_acf_changed":false,"footnotes":""},"class_list":["post-28","page","type-page","status-publish","hentry"],"acf":[],"yoast_head":"<!-- This site is optimized with the Yoast SEO plugin v26.2 - https:\/\/yoast.com\/wordpress\/plugins\/seo\/ -->\n<title>Soluciones de transformaci\u00f3n digital | Proveedor de servicios de consultor\u00eda digital de TI<\/title>\n<meta name=\"description\" content=\"\u00bfBuscando soluciones de transformaci\u00f3n digital? ISHIR lo ayuda en su viaje hacia la transformaci\u00f3n digital y asegura que su organizaci\u00f3n acepte todos los cambios tecnol\u00f3gicos, desbloquee los aumentos de productividad y coloque a su empresa a la vanguardia de la interrupci\u00f3n digital para obtener una ventaja competitiva.\" \/>\n<meta name=\"robots\" content=\"index, follow, max-snippet:-1, max-image-preview:large, max-video-preview:-1\" \/>\n<link rel=\"canonical\" href=\"https:\/\/www.ishir.com\/es\/transformacion-digital.htm\" \/>\n<meta property=\"og:locale\" content=\"en_US\" \/>\n<meta property=\"og:type\" content=\"article\" \/>\n<meta property=\"og:title\" content=\"Soluciones de transformaci\u00f3n digital | Proveedor de servicios de consultor\u00eda digital de TI\" \/>\n<meta property=\"og:description\" content=\"\u00bfBuscando soluciones de transformaci\u00f3n digital? ISHIR lo ayuda en su viaje hacia la transformaci\u00f3n digital y asegura que su organizaci\u00f3n acepte todos los cambios tecnol\u00f3gicos, desbloquee los aumentos de productividad y coloque a su empresa a la vanguardia de la interrupci\u00f3n digital para obtener una ventaja competitiva.\" \/>\n<meta property=\"og:url\" content=\"https:\/\/www.ishir.com\/es\/transformacion-digital.htm\" \/>\n<meta property=\"og:site_name\" content=\"Offshore Custom Software Product Development Outsourcing Company India Mobile Application Development Services Dallas Texas Alexa AI IoT Developers - ISHIR\" \/>\n<meta property=\"article:modified_time\" content=\"2018-11-16T06:24:51+00:00\" \/>\n<meta name=\"twitter:card\" content=\"summary_large_image\" \/>\n<meta name=\"twitter:label1\" content=\"Est. reading time\" \/>\n\t<meta name=\"twitter:data1\" content=\"1 minute\" \/>\n<script type=\"application\/ld+json\" class=\"yoast-schema-graph\">{\"@context\":\"https:\/\/schema.org\",\"@graph\":[{\"@type\":\"WebPage\",\"@id\":\"https:\/\/www.ishir.com\/es\/transformacion-digital.htm\",\"url\":\"https:\/\/www.ishir.com\/es\/transformacion-digital.htm\",\"name\":\"Soluciones de transformaci\u00f3n digital | Proveedor de servicios de consultor\u00eda digital de TI\",\"isPartOf\":{\"@id\":\"https:\/\/www.ishir.com\/es\/#website\"},\"datePublished\":\"2018-08-03T14:38:58+00:00\",\"dateModified\":\"2018-11-16T06:24:51+00:00\",\"description\":\"\u00bfBuscando soluciones de transformaci\u00f3n digital? ISHIR lo ayuda en su viaje hacia la transformaci\u00f3n digital y asegura que su organizaci\u00f3n acepte todos los cambios tecnol\u00f3gicos, desbloquee los aumentos de productividad y coloque a su empresa a la vanguardia de la interrupci\u00f3n digital para obtener una ventaja competitiva.\",\"breadcrumb\":{\"@id\":\"https:\/\/www.ishir.com\/es\/transformacion-digital.htm#breadcrumb\"},\"inLanguage\":\"en-US\",\"potentialAction\":[{\"@type\":\"ReadAction\",\"target\":[\"https:\/\/www.ishir.com\/es\/transformacion-digital.htm\"]}]},{\"@type\":\"BreadcrumbList\",\"@id\":\"https:\/\/www.ishir.com\/es\/transformacion-digital.htm#breadcrumb\",\"itemListElement\":[{\"@type\":\"ListItem\",\"position\":1,\"name\":\"Home\",\"item\":\"https:\/\/www.ishir.com\/es\/\"},{\"@type\":\"ListItem\",\"position\":2,\"name\":\"TRANSFORMACI\u00d3N DIGITAL\"}]},{\"@type\":\"WebSite\",\"@id\":\"https:\/\/www.ishir.com\/es\/#website\",\"url\":\"https:\/\/www.ishir.com\/es\/\",\"name\":\"Offshore Custom Software Product Development Outsourcing Company India Mobile Application Development Services Dallas Texas Alexa AI IoT Developers - ISHIR\",\"description\":\"Just another WordPress site\",\"potentialAction\":[{\"@type\":\"SearchAction\",\"target\":{\"@type\":\"EntryPoint\",\"urlTemplate\":\"https:\/\/www.ishir.com\/es\/?s={search_term_string}\"},\"query-input\":{\"@type\":\"PropertyValueSpecification\",\"valueRequired\":true,\"valueName\":\"search_term_string\"}}],\"inLanguage\":\"en-US\"}]}<\/script>\n<!-- \/ Yoast SEO plugin. -->","yoast_head_json":{"title":"Soluciones de transformaci\u00f3n digital | Proveedor de servicios de consultor\u00eda digital de TI","description":"\u00bfBuscando soluciones de transformaci\u00f3n digital? ISHIR lo ayuda en su viaje hacia la transformaci\u00f3n digital y asegura que su organizaci\u00f3n acepte todos los cambios tecnol\u00f3gicos, desbloquee los aumentos de productividad y coloque a su empresa a la vanguardia de la interrupci\u00f3n digital para obtener una ventaja competitiva.","robots":{"index":"index","follow":"follow","max-snippet":"max-snippet:-1","max-image-preview":"max-image-preview:large","max-video-preview":"max-video-preview:-1"},"canonical":"https:\/\/www.ishir.com\/es\/transformacion-digital.htm","og_locale":"en_US","og_type":"article","og_title":"Soluciones de transformaci\u00f3n digital | Proveedor de servicios de consultor\u00eda digital de TI","og_description":"\u00bfBuscando soluciones de transformaci\u00f3n digital? ISHIR lo ayuda en su viaje hacia la transformaci\u00f3n digital y asegura que su organizaci\u00f3n acepte todos los cambios tecnol\u00f3gicos, desbloquee los aumentos de productividad y coloque a su empresa a la vanguardia de la interrupci\u00f3n digital para obtener una ventaja competitiva.","og_url":"https:\/\/www.ishir.com\/es\/transformacion-digital.htm","og_site_name":"Offshore Custom Software Product Development Outsourcing Company India Mobile Application Development Services Dallas Texas Alexa AI IoT Developers - ISHIR","article_modified_time":"2018-11-16T06:24:51+00:00","twitter_card":"summary_large_image","twitter_misc":{"Est. reading time":"1 minute"},"schema":{"@context":"https:\/\/schema.org","@graph":[{"@type":"WebPage","@id":"https:\/\/www.ishir.com\/es\/transformacion-digital.htm","url":"https:\/\/www.ishir.com\/es\/transformacion-digital.htm","name":"Soluciones de transformaci\u00f3n digital | Proveedor de servicios de consultor\u00eda digital de TI","isPartOf":{"@id":"https:\/\/www.ishir.com\/es\/#website"},"datePublished":"2018-08-03T14:38:58+00:00","dateModified":"2018-11-16T06:24:51+00:00","description":"\u00bfBuscando soluciones de transformaci\u00f3n digital? ISHIR lo ayuda en su viaje hacia la transformaci\u00f3n digital y asegura que su organizaci\u00f3n acepte todos los cambios tecnol\u00f3gicos, desbloquee los aumentos de productividad y coloque a su empresa a la vanguardia de la interrupci\u00f3n digital para obtener una ventaja competitiva.","breadcrumb":{"@id":"https:\/\/www.ishir.com\/es\/transformacion-digital.htm#breadcrumb"},"inLanguage":"en-US","potentialAction":[{"@type":"ReadAction","target":["https:\/\/www.ishir.com\/es\/transformacion-digital.htm"]}]},{"@type":"BreadcrumbList","@id":"https:\/\/www.ishir.com\/es\/transformacion-digital.htm#breadcrumb","itemListElement":[{"@type":"ListItem","position":1,"name":"Home","item":"https:\/\/www.ishir.com\/es\/"},{"@type":"ListItem","position":2,"name":"TRANSFORMACI\u00d3N DIGITAL"}]},{"@type":"WebSite","@id":"https:\/\/www.ishir.com\/es\/#website","url":"https:\/\/www.ishir.com\/es\/","name":"Offshore Custom Software Product Development Outsourcing Company India Mobile Application Development Services Dallas Texas Alexa AI IoT Developers - ISHIR","description":"Just another WordPress site","potentialAction":[{"@type":"SearchAction","target":{"@type":"EntryPoint","urlTemplate":"https:\/\/www.ishir.com\/es\/?s={search_term_string}"},"query-input":{"@type":"PropertyValueSpecification","valueRequired":true,"valueName":"search_term_string"}}],"inLanguage":"en-US"}]}},"_links":{"self":[{"href":"https:\/\/www.ishir.com\/es\/wp-json\/wp\/v2\/pages\/28","targetHints":{"allow":["GET"]}}],"collection":[{"href":"https:\/\/www.ishir.com\/es\/wp-json\/wp\/v2\/pages"}],"about":[{"href":"https:\/\/www.ishir.com\/es\/wp-json\/wp\/v2\/types\/page"}],"author":[{"embeddable":true,"href":"https:\/\/www.ishir.com\/es\/wp-json\/wp\/v2\/users\/1"}],"replies":[{"embeddable":true,"href":"https:\/\/www.ishir.com\/es\/wp-json\/wp\/v2\/comments?post=28"}],"version-history":[{"count":6,"href":"https:\/\/www.ishir.com\/es\/wp-json\/wp\/v2\/pages\/28\/revisions"}],"predecessor-version":[{"id":6165,"href":"https:\/\/www.ishir.com\/es\/wp-json\/wp\/v2\/pages\/28\/revisions\/6165"}],"wp:attachment":[{"href":"https:\/\/www.ishir.com\/es\/wp-json\/wp\/v2\/media?parent=28"}],"curies":[{"name":"wp","href":"https:\/\/api.w.org\/{rel}","templated":true}]}}