{"id":31,"date":"2018-08-03T14:45:32","date_gmt":"2018-08-03T14:45:32","guid":{"rendered":"https:\/\/www.ishir.com\/es\/?page_id=31"},"modified":"2018-11-16T06:20:36","modified_gmt":"2018-11-16T06:20:36","slug":"devops-servicios-de-consultoria-y-outsourcing","status":"publish","type":"page","link":"https:\/\/www.ishir.com\/es\/devops-servicios-de-consultoria-y-outsourcing.htm","title":{"rendered":"DEVOPS"},"content":{"rendered":"<h3>Alinear mejor el Desarrollo y las Operaciones para mejor eficiencia y mejor tiempo al mercado<\/h3>\n<p>Mientras que es un hecho conocido que la colaboraci\u00f3n, automatizaci\u00f3n e integraci\u00f3n son los ingredientes claves para una implementaci\u00f3n de DevOps exitosa pero que muchos no son adeptos al eliminar los cuellos de botella que vienen con ello. ISHIR puede ayudarte a usar las mejores pr\u00e1cticas magras y \u00e1giles para tapar los huecos en una entrega sin problemas. Nuestro DevOps como un servicio activar\u00e1 una cultura de colaboraci\u00f3n, innovaci\u00f3n y eficiencia operacional mejorada.<br \/>\nCon la oferta de ISHIR\u2019s DevOps, el equipo puede configurar la automatizaci\u00f3n, recomendar las mejores herramientas para activar la transformaci\u00f3n del proceso y gestionar la tuber\u00eda de entregas actual de la forma m\u00e1s eficiente. Para asegurar mejor calidad de la construcci\u00f3n de los softwares, ISHIR provee asesor\u00eda DevOps, servicios de Automatizaci\u00f3n y Gesti\u00f3n con un rango de herramientas para automatizar y medir el rendimiento de las implementaciones de DevOps.<\/p>\n","protected":false},"excerpt":{"rendered":"<p>Alinear mejor el Desarrollo y las Operaciones para mejor eficiencia y mejor tiempo al mercado Mientras que es un hecho conocido que la colaboraci\u00f3n, automatizaci\u00f3n e integraci\u00f3n son los ingredientes claves para una implementaci\u00f3n de DevOps exitosa pero que muchos no son adeptos al eliminar los cuellos de botella que vienen con ello. ISHIR puede &hellip; <a href=\"https:\/\/www.ishir.com\/es\/devops-servicios-de-consultoria-y-outsourcing.htm\" class=\"more-link\">Continue reading<span class=\"screen-reader-text\"> &#8220;DEVOPS&#8221;<\/span><\/a><\/p>\n","protected":false},"author":1,"featured_media":0,"parent":0,"menu_order":0,"comment_status":"closed","ping_status":"closed","template":"layouts\/devops-outsourcing.php","meta":{"_acf_changed":false,"footnotes":""},"class_list":["post-31","page","type-page","status-publish","hentry"],"acf":[],"yoast_head":"<!-- This site is optimized with the Yoast SEO plugin v26.2 - https:\/\/yoast.com\/wordpress\/plugins\/seo\/ -->\n<title>Servicios de Consultor\u00eda DevOps | Desarrollo \u00e1gil y proveedor de operaciones Dallas<\/title>\n<meta name=\"description\" content=\"ISHIR es una firma de consultor\u00eda DevOps ubicada en Dallas que proporciona servicios de evaluaci\u00f3n, automatizaci\u00f3n, desarrollo y gesti\u00f3n de DevOps en alta mar con una gama de herramientas para automatizar y medir el rendimiento de las implementaciones de DevOps.\" \/>\n<meta name=\"robots\" content=\"index, follow, max-snippet:-1, max-image-preview:large, max-video-preview:-1\" \/>\n<link rel=\"canonical\" href=\"https:\/\/www.ishir.com\/es\/devops-servicios-de-consultoria-y-outsourcing.htm\" \/>\n<meta property=\"og:locale\" content=\"en_US\" \/>\n<meta property=\"og:type\" content=\"article\" \/>\n<meta property=\"og:title\" content=\"Servicios de Consultor\u00eda DevOps | Desarrollo \u00e1gil y proveedor de operaciones Dallas\" \/>\n<meta property=\"og:description\" content=\"ISHIR es una firma de consultor\u00eda DevOps ubicada en Dallas que proporciona servicios de evaluaci\u00f3n, automatizaci\u00f3n, desarrollo y gesti\u00f3n de DevOps en alta mar con una gama de herramientas para automatizar y medir el rendimiento de las implementaciones de DevOps.\" \/>\n<meta property=\"og:url\" content=\"https:\/\/www.ishir.com\/es\/devops-servicios-de-consultoria-y-outsourcing.htm\" \/>\n<meta property=\"og:site_name\" content=\"Offshore Custom Software Product Development Outsourcing Company India Mobile Application Development Services Dallas Texas Alexa AI IoT Developers - ISHIR\" \/>\n<meta property=\"article:modified_time\" content=\"2018-11-16T06:20:36+00:00\" \/>\n<meta name=\"twitter:card\" content=\"summary_large_image\" \/>\n<meta name=\"twitter:label1\" content=\"Est. reading time\" \/>\n\t<meta name=\"twitter:data1\" content=\"1 minute\" \/>\n<script type=\"application\/ld+json\" class=\"yoast-schema-graph\">{\"@context\":\"https:\/\/schema.org\",\"@graph\":[{\"@type\":\"WebPage\",\"@id\":\"https:\/\/www.ishir.com\/es\/devops-servicios-de-consultoria-y-outsourcing.htm\",\"url\":\"https:\/\/www.ishir.com\/es\/devops-servicios-de-consultoria-y-outsourcing.htm\",\"name\":\"Servicios de Consultor\u00eda DevOps | Desarrollo \u00e1gil y proveedor de operaciones Dallas\",\"isPartOf\":{\"@id\":\"https:\/\/www.ishir.com\/es\/#website\"},\"datePublished\":\"2018-08-03T14:45:32+00:00\",\"dateModified\":\"2018-11-16T06:20:36+00:00\",\"description\":\"ISHIR es una firma de consultor\u00eda DevOps ubicada en Dallas que proporciona servicios de evaluaci\u00f3n, automatizaci\u00f3n, desarrollo y gesti\u00f3n de DevOps en alta mar con una gama de herramientas para automatizar y medir el rendimiento de las implementaciones de DevOps.\",\"breadcrumb\":{\"@id\":\"https:\/\/www.ishir.com\/es\/devops-servicios-de-consultoria-y-outsourcing.htm#breadcrumb\"},\"inLanguage\":\"en-US\",\"potentialAction\":[{\"@type\":\"ReadAction\",\"target\":[\"https:\/\/www.ishir.com\/es\/devops-servicios-de-consultoria-y-outsourcing.htm\"]}]},{\"@type\":\"BreadcrumbList\",\"@id\":\"https:\/\/www.ishir.com\/es\/devops-servicios-de-consultoria-y-outsourcing.htm#breadcrumb\",\"itemListElement\":[{\"@type\":\"ListItem\",\"position\":1,\"name\":\"Home\",\"item\":\"https:\/\/www.ishir.com\/es\/\"},{\"@type\":\"ListItem\",\"position\":2,\"name\":\"DEVOPS\"}]},{\"@type\":\"WebSite\",\"@id\":\"https:\/\/www.ishir.com\/es\/#website\",\"url\":\"https:\/\/www.ishir.com\/es\/\",\"name\":\"Offshore Custom Software Product Development Outsourcing Company India Mobile Application Development Services Dallas Texas Alexa AI IoT Developers - ISHIR\",\"description\":\"Just another WordPress site\",\"potentialAction\":[{\"@type\":\"SearchAction\",\"target\":{\"@type\":\"EntryPoint\",\"urlTemplate\":\"https:\/\/www.ishir.com\/es\/?s={search_term_string}\"},\"query-input\":{\"@type\":\"PropertyValueSpecification\",\"valueRequired\":true,\"valueName\":\"search_term_string\"}}],\"inLanguage\":\"en-US\"}]}<\/script>\n<!-- \/ Yoast SEO plugin. -->","yoast_head_json":{"title":"Servicios de Consultor\u00eda DevOps | Desarrollo \u00e1gil y proveedor de operaciones Dallas","description":"ISHIR es una firma de consultor\u00eda DevOps ubicada en Dallas que proporciona servicios de evaluaci\u00f3n, automatizaci\u00f3n, desarrollo y gesti\u00f3n de DevOps en alta mar con una gama de herramientas para automatizar y medir el rendimiento de las implementaciones de DevOps.","robots":{"index":"index","follow":"follow","max-snippet":"max-snippet:-1","max-image-preview":"max-image-preview:large","max-video-preview":"max-video-preview:-1"},"canonical":"https:\/\/www.ishir.com\/es\/devops-servicios-de-consultoria-y-outsourcing.htm","og_locale":"en_US","og_type":"article","og_title":"Servicios de Consultor\u00eda DevOps | Desarrollo \u00e1gil y proveedor de operaciones Dallas","og_description":"ISHIR es una firma de consultor\u00eda DevOps ubicada en Dallas que proporciona servicios de evaluaci\u00f3n, automatizaci\u00f3n, desarrollo y gesti\u00f3n de DevOps en alta mar con una gama de herramientas para automatizar y medir el rendimiento de las implementaciones de DevOps.","og_url":"https:\/\/www.ishir.com\/es\/devops-servicios-de-consultoria-y-outsourcing.htm","og_site_name":"Offshore Custom Software Product Development Outsourcing Company India Mobile Application Development Services Dallas Texas Alexa AI IoT Developers - ISHIR","article_modified_time":"2018-11-16T06:20:36+00:00","twitter_card":"summary_large_image","twitter_misc":{"Est. reading time":"1 minute"},"schema":{"@context":"https:\/\/schema.org","@graph":[{"@type":"WebPage","@id":"https:\/\/www.ishir.com\/es\/devops-servicios-de-consultoria-y-outsourcing.htm","url":"https:\/\/www.ishir.com\/es\/devops-servicios-de-consultoria-y-outsourcing.htm","name":"Servicios de Consultor\u00eda DevOps | Desarrollo \u00e1gil y proveedor de operaciones Dallas","isPartOf":{"@id":"https:\/\/www.ishir.com\/es\/#website"},"datePublished":"2018-08-03T14:45:32+00:00","dateModified":"2018-11-16T06:20:36+00:00","description":"ISHIR es una firma de consultor\u00eda DevOps ubicada en Dallas que proporciona servicios de evaluaci\u00f3n, automatizaci\u00f3n, desarrollo y gesti\u00f3n de DevOps en alta mar con una gama de herramientas para automatizar y medir el rendimiento de las implementaciones de DevOps.","breadcrumb":{"@id":"https:\/\/www.ishir.com\/es\/devops-servicios-de-consultoria-y-outsourcing.htm#breadcrumb"},"inLanguage":"en-US","potentialAction":[{"@type":"ReadAction","target":["https:\/\/www.ishir.com\/es\/devops-servicios-de-consultoria-y-outsourcing.htm"]}]},{"@type":"BreadcrumbList","@id":"https:\/\/www.ishir.com\/es\/devops-servicios-de-consultoria-y-outsourcing.htm#breadcrumb","itemListElement":[{"@type":"ListItem","position":1,"name":"Home","item":"https:\/\/www.ishir.com\/es\/"},{"@type":"ListItem","position":2,"name":"DEVOPS"}]},{"@type":"WebSite","@id":"https:\/\/www.ishir.com\/es\/#website","url":"https:\/\/www.ishir.com\/es\/","name":"Offshore Custom Software Product Development Outsourcing Company India Mobile Application Development Services Dallas Texas Alexa AI IoT Developers - ISHIR","description":"Just another WordPress site","potentialAction":[{"@type":"SearchAction","target":{"@type":"EntryPoint","urlTemplate":"https:\/\/www.ishir.com\/es\/?s={search_term_string}"},"query-input":{"@type":"PropertyValueSpecification","valueRequired":true,"valueName":"search_term_string"}}],"inLanguage":"en-US"}]}},"_links":{"self":[{"href":"https:\/\/www.ishir.com\/es\/wp-json\/wp\/v2\/pages\/31","targetHints":{"allow":["GET"]}}],"collection":[{"href":"https:\/\/www.ishir.com\/es\/wp-json\/wp\/v2\/pages"}],"about":[{"href":"https:\/\/www.ishir.com\/es\/wp-json\/wp\/v2\/types\/page"}],"author":[{"embeddable":true,"href":"https:\/\/www.ishir.com\/es\/wp-json\/wp\/v2\/users\/1"}],"replies":[{"embeddable":true,"href":"https:\/\/www.ishir.com\/es\/wp-json\/wp\/v2\/comments?post=31"}],"version-history":[{"count":6,"href":"https:\/\/www.ishir.com\/es\/wp-json\/wp\/v2\/pages\/31\/revisions"}],"predecessor-version":[{"id":6167,"href":"https:\/\/www.ishir.com\/es\/wp-json\/wp\/v2\/pages\/31\/revisions\/6167"}],"wp:attachment":[{"href":"https:\/\/www.ishir.com\/es\/wp-json\/wp\/v2\/media?parent=31"}],"curies":[{"name":"wp","href":"https:\/\/api.w.org\/{rel}","templated":true}]}}