{"id":34,"date":"2018-08-03T15:05:04","date_gmt":"2018-08-03T15:05:04","guid":{"rendered":"https:\/\/www.ishir.com\/es\/?page_id=34"},"modified":"2018-11-16T06:12:28","modified_gmt":"2018-11-16T06:12:28","slug":"modelos-de-entrega-de-outsourcing-india","status":"publish","type":"page","link":"https:\/\/www.ishir.com\/es\/modelos-de-entrega-de-outsourcing-india.htm","title":{"rendered":"MODELO DE ENTREGA"},"content":{"rendered":"<section id=\"softwareDevelopmentContent\">\n<div class=\"container\">\n<div class=\"row\">\n<div class=\"col-lg-12 col-sm-12 col-xs-12\">\n<h3>Los modelos de entrega de externalizaci\u00f3n a distancia est\u00e1n dise\u00f1ados para ajustarse a niveles de confort variables, restricciones de costos, control y escenarios \u00fanicos. <\/h3>\n<p>Ya sea que la externalizaci\u00f3n sea parte de tu estrategia para la reducci\u00f3n de costos, mejorar las operaciones y\/o restructurar, los servicios que ofrecemos proveer\u00e1n retorno financiero, mitigaci\u00f3n de riesgos, alineaci\u00f3n estrat\u00e9gica, impacto pol\u00edtico e intuici\u00f3n. <\/p>\n<\/div>\n<\/div>\n<\/div>\n<\/section>\n","protected":false},"excerpt":{"rendered":"<p>Los modelos de entrega de externalizaci\u00f3n a distancia est\u00e1n dise\u00f1ados para ajustarse a niveles de confort variables, restricciones de costos, control y escenarios \u00fanicos. Ya sea que la externalizaci\u00f3n sea parte de tu estrategia para la reducci\u00f3n de costos, mejorar las operaciones y\/o restructurar, los servicios que ofrecemos proveer\u00e1n retorno financiero, mitigaci\u00f3n de riesgos, alineaci\u00f3n &hellip; <a href=\"https:\/\/www.ishir.com\/es\/modelos-de-entrega-de-outsourcing-india.htm\" class=\"more-link\">Continue reading<span class=\"screen-reader-text\"> &#8220;MODELO DE ENTREGA&#8221;<\/span><\/a><\/p>\n","protected":false},"author":1,"featured_media":0,"parent":0,"menu_order":0,"comment_status":"closed","ping_status":"closed","template":"layouts\/outsource_devlivery_model.php","meta":{"_acf_changed":false,"footnotes":""},"class_list":["post-34","page","type-page","status-publish","hentry"],"acf":[],"yoast_head":"<!-- This site is optimized with the Yoast SEO plugin v26.2 - https:\/\/yoast.com\/wordpress\/plugins\/seo\/ -->\n<title>Outsourcing de modelos de entrega | Gesti\u00f3n de proyectos Dallas TX India | ISHIR<\/title>\n<meta name=\"description\" content=\"ISHIR como una empresa de desarrollo de software personalizado ofrece varios modelos de entrega de outsourcing, como el modelo de entrega en el extranjero, el modelo de entrega en el sitio, el modelo de entrega h\u00edbrido y el modelo de asociaci\u00f3n ODC.\" \/>\n<meta name=\"robots\" content=\"index, follow, max-snippet:-1, max-image-preview:large, max-video-preview:-1\" \/>\n<link rel=\"canonical\" href=\"https:\/\/www.ishir.com\/es\/modelos-de-entrega-de-outsourcing-india.htm\" \/>\n<meta property=\"og:locale\" content=\"en_US\" \/>\n<meta property=\"og:type\" content=\"article\" \/>\n<meta property=\"og:title\" content=\"Outsourcing de modelos de entrega | Gesti\u00f3n de proyectos Dallas TX India | ISHIR\" \/>\n<meta property=\"og:description\" content=\"ISHIR como una empresa de desarrollo de software personalizado ofrece varios modelos de entrega de outsourcing, como el modelo de entrega en el extranjero, el modelo de entrega en el sitio, el modelo de entrega h\u00edbrido y el modelo de asociaci\u00f3n ODC.\" \/>\n<meta property=\"og:url\" content=\"https:\/\/www.ishir.com\/es\/modelos-de-entrega-de-outsourcing-india.htm\" \/>\n<meta property=\"og:site_name\" content=\"Offshore Custom Software Product Development Outsourcing Company India Mobile Application Development Services Dallas Texas Alexa AI IoT Developers - ISHIR\" \/>\n<meta property=\"article:modified_time\" content=\"2018-11-16T06:12:28+00:00\" \/>\n<meta name=\"twitter:card\" content=\"summary_large_image\" \/>\n<script type=\"application\/ld+json\" class=\"yoast-schema-graph\">{\"@context\":\"https:\/\/schema.org\",\"@graph\":[{\"@type\":\"WebPage\",\"@id\":\"https:\/\/www.ishir.com\/es\/modelos-de-entrega-de-outsourcing-india.htm\",\"url\":\"https:\/\/www.ishir.com\/es\/modelos-de-entrega-de-outsourcing-india.htm\",\"name\":\"Outsourcing de modelos de entrega | Gesti\u00f3n de proyectos Dallas TX India | ISHIR\",\"isPartOf\":{\"@id\":\"https:\/\/www.ishir.com\/es\/#website\"},\"datePublished\":\"2018-08-03T15:05:04+00:00\",\"dateModified\":\"2018-11-16T06:12:28+00:00\",\"description\":\"ISHIR como una empresa de desarrollo de software personalizado ofrece varios modelos de entrega de outsourcing, como el modelo de entrega en el extranjero, el modelo de entrega en el sitio, el modelo de entrega h\u00edbrido y el modelo de asociaci\u00f3n ODC.\",\"breadcrumb\":{\"@id\":\"https:\/\/www.ishir.com\/es\/modelos-de-entrega-de-outsourcing-india.htm#breadcrumb\"},\"inLanguage\":\"en-US\",\"potentialAction\":[{\"@type\":\"ReadAction\",\"target\":[\"https:\/\/www.ishir.com\/es\/modelos-de-entrega-de-outsourcing-india.htm\"]}]},{\"@type\":\"BreadcrumbList\",\"@id\":\"https:\/\/www.ishir.com\/es\/modelos-de-entrega-de-outsourcing-india.htm#breadcrumb\",\"itemListElement\":[{\"@type\":\"ListItem\",\"position\":1,\"name\":\"Home\",\"item\":\"https:\/\/www.ishir.com\/es\/\"},{\"@type\":\"ListItem\",\"position\":2,\"name\":\"MODELO DE ENTREGA\"}]},{\"@type\":\"WebSite\",\"@id\":\"https:\/\/www.ishir.com\/es\/#website\",\"url\":\"https:\/\/www.ishir.com\/es\/\",\"name\":\"Offshore Custom Software Product Development Outsourcing Company India Mobile Application Development Services Dallas Texas Alexa AI IoT Developers - ISHIR\",\"description\":\"Just another WordPress site\",\"potentialAction\":[{\"@type\":\"SearchAction\",\"target\":{\"@type\":\"EntryPoint\",\"urlTemplate\":\"https:\/\/www.ishir.com\/es\/?s={search_term_string}\"},\"query-input\":{\"@type\":\"PropertyValueSpecification\",\"valueRequired\":true,\"valueName\":\"search_term_string\"}}],\"inLanguage\":\"en-US\"}]}<\/script>\n<!-- \/ Yoast SEO plugin. -->","yoast_head_json":{"title":"Outsourcing de modelos de entrega | Gesti\u00f3n de proyectos Dallas TX India | ISHIR","description":"ISHIR como una empresa de desarrollo de software personalizado ofrece varios modelos de entrega de outsourcing, como el modelo de entrega en el extranjero, el modelo de entrega en el sitio, el modelo de entrega h\u00edbrido y el modelo de asociaci\u00f3n ODC.","robots":{"index":"index","follow":"follow","max-snippet":"max-snippet:-1","max-image-preview":"max-image-preview:large","max-video-preview":"max-video-preview:-1"},"canonical":"https:\/\/www.ishir.com\/es\/modelos-de-entrega-de-outsourcing-india.htm","og_locale":"en_US","og_type":"article","og_title":"Outsourcing de modelos de entrega | Gesti\u00f3n de proyectos Dallas TX India | ISHIR","og_description":"ISHIR como una empresa de desarrollo de software personalizado ofrece varios modelos de entrega de outsourcing, como el modelo de entrega en el extranjero, el modelo de entrega en el sitio, el modelo de entrega h\u00edbrido y el modelo de asociaci\u00f3n ODC.","og_url":"https:\/\/www.ishir.com\/es\/modelos-de-entrega-de-outsourcing-india.htm","og_site_name":"Offshore Custom Software Product Development Outsourcing Company India Mobile Application Development Services Dallas Texas Alexa AI IoT Developers - ISHIR","article_modified_time":"2018-11-16T06:12:28+00:00","twitter_card":"summary_large_image","schema":{"@context":"https:\/\/schema.org","@graph":[{"@type":"WebPage","@id":"https:\/\/www.ishir.com\/es\/modelos-de-entrega-de-outsourcing-india.htm","url":"https:\/\/www.ishir.com\/es\/modelos-de-entrega-de-outsourcing-india.htm","name":"Outsourcing de modelos de entrega | Gesti\u00f3n de proyectos Dallas TX India | ISHIR","isPartOf":{"@id":"https:\/\/www.ishir.com\/es\/#website"},"datePublished":"2018-08-03T15:05:04+00:00","dateModified":"2018-11-16T06:12:28+00:00","description":"ISHIR como una empresa de desarrollo de software personalizado ofrece varios modelos de entrega de outsourcing, como el modelo de entrega en el extranjero, el modelo de entrega en el sitio, el modelo de entrega h\u00edbrido y el modelo de asociaci\u00f3n ODC.","breadcrumb":{"@id":"https:\/\/www.ishir.com\/es\/modelos-de-entrega-de-outsourcing-india.htm#breadcrumb"},"inLanguage":"en-US","potentialAction":[{"@type":"ReadAction","target":["https:\/\/www.ishir.com\/es\/modelos-de-entrega-de-outsourcing-india.htm"]}]},{"@type":"BreadcrumbList","@id":"https:\/\/www.ishir.com\/es\/modelos-de-entrega-de-outsourcing-india.htm#breadcrumb","itemListElement":[{"@type":"ListItem","position":1,"name":"Home","item":"https:\/\/www.ishir.com\/es\/"},{"@type":"ListItem","position":2,"name":"MODELO DE ENTREGA"}]},{"@type":"WebSite","@id":"https:\/\/www.ishir.com\/es\/#website","url":"https:\/\/www.ishir.com\/es\/","name":"Offshore Custom Software Product Development Outsourcing Company India Mobile Application Development Services Dallas Texas Alexa AI IoT Developers - ISHIR","description":"Just another WordPress site","potentialAction":[{"@type":"SearchAction","target":{"@type":"EntryPoint","urlTemplate":"https:\/\/www.ishir.com\/es\/?s={search_term_string}"},"query-input":{"@type":"PropertyValueSpecification","valueRequired":true,"valueName":"search_term_string"}}],"inLanguage":"en-US"}]}},"_links":{"self":[{"href":"https:\/\/www.ishir.com\/es\/wp-json\/wp\/v2\/pages\/34","targetHints":{"allow":["GET"]}}],"collection":[{"href":"https:\/\/www.ishir.com\/es\/wp-json\/wp\/v2\/pages"}],"about":[{"href":"https:\/\/www.ishir.com\/es\/wp-json\/wp\/v2\/types\/page"}],"author":[{"embeddable":true,"href":"https:\/\/www.ishir.com\/es\/wp-json\/wp\/v2\/users\/1"}],"replies":[{"embeddable":true,"href":"https:\/\/www.ishir.com\/es\/wp-json\/wp\/v2\/comments?post=34"}],"version-history":[{"count":5,"href":"https:\/\/www.ishir.com\/es\/wp-json\/wp\/v2\/pages\/34\/revisions"}],"predecessor-version":[{"id":6148,"href":"https:\/\/www.ishir.com\/es\/wp-json\/wp\/v2\/pages\/34\/revisions\/6148"}],"wp:attachment":[{"href":"https:\/\/www.ishir.com\/es\/wp-json\/wp\/v2\/media?parent=34"}],"curies":[{"name":"wp","href":"https:\/\/api.w.org\/{rel}","templated":true}]}}