{"id":37,"date":"2018-08-03T15:14:46","date_gmt":"2018-08-03T15:14:46","guid":{"rendered":"https:\/\/www.ishir.com\/es\/?page_id=37"},"modified":"2018-11-16T06:19:57","modified_gmt":"2018-11-16T06:19:57","slug":"proceso-de-negocios-outsourcing-india","status":"publish","type":"page","link":"https:\/\/www.ishir.com\/es\/proceso-de-negocios-outsourcing-india.htm","title":{"rendered":"BPO\/DATA ENTRY"},"content":{"rendered":"<div class=\"row\">\n<div class=\"col-lg-12 col-sm-12 col-xs-12\">\n<div class=\"row\">\n<div class=\"col-lg-12 col-sm-12 col-xs-12\">\n<h3>Logra el pr\u00f3ximo nivel de ventajas de negocios al asociarte con ISHIR para transformar tus procesos de negocios claves<\/h3>\n<\/div>\n<\/div>\n<p>CxO est\u00e1n presionados para cortar los costos, apretar los controles y mejorar el rendimiento de negocio, sin desorganizar las operaciones internas. ISHIR puede ayudarte a ahorrar costos inmediatamente, al hacer refinamientos que har\u00e1n que tu empresa trabaje de forma m\u00e1s inteligente. Con ISHIR como to socio BPO, puedes redireccionar tus recursos valiosos m\u00e1s eficiente y estrat\u00e9gicamente. Comienza con ISHIR para utilizar tus recursos internos hac\u00eda las competencias claves para diferenciar y construir la competitividad de tu empresa.<\/p>\n<p>Nuestra pericia se basa en proveer servicios de soporte de back office a distancia. Seguimos una metodolog\u00eda muy bien estructurada en llevar el proceso para asegurar alta calidad y un corto tiempo de respuesta<\/p>\n<\/div>\n<\/div>\n","protected":false},"excerpt":{"rendered":"<p>Logra el pr\u00f3ximo nivel de ventajas de negocios al asociarte con ISHIR para transformar tus procesos de negocios claves CxO est\u00e1n presionados para cortar los costos, apretar los controles y mejorar el rendimiento de negocio, sin desorganizar las operaciones internas. ISHIR puede ayudarte a ahorrar costos inmediatamente, al hacer refinamientos que har\u00e1n que tu empresa &hellip; <a href=\"https:\/\/www.ishir.com\/es\/proceso-de-negocios-outsourcing-india.htm\" class=\"more-link\">Continue reading<span class=\"screen-reader-text\"> &#8220;BPO\/DATA ENTRY&#8221;<\/span><\/a><\/p>\n","protected":false},"author":1,"featured_media":0,"parent":0,"menu_order":0,"comment_status":"closed","ping_status":"closed","template":"layouts\/business-process-outsourcing.php","meta":{"_acf_changed":false,"footnotes":""},"class_list":["post-37","page","type-page","status-publish","hentry"],"acf":[],"yoast_head":"<!-- This site is optimized with the Yoast SEO plugin v26.2 - https:\/\/yoast.com\/wordpress\/plugins\/seo\/ -->\n<title>Empresa de servicios de subcontrataci\u00f3n de procesos empresariales (BPO) | Proveedor de servicios de entrada de datos<\/title>\n<meta name=\"description\" content=\"Deje que ISHIR lo ayude a ahorrar costos inmediatamente y puede redirigir sus valiosos recursos de manera m\u00e1s eficiente y estrat\u00e9gica. Obtenga las mejores ofertas para el servicio de entrada y procesamiento de datos de ISHIR.\" \/>\n<meta name=\"robots\" content=\"index, follow, max-snippet:-1, max-image-preview:large, max-video-preview:-1\" \/>\n<link rel=\"canonical\" href=\"https:\/\/www.ishir.com\/es\/proceso-de-negocios-outsourcing-india.htm\" \/>\n<meta property=\"og:locale\" content=\"en_US\" \/>\n<meta property=\"og:type\" content=\"article\" \/>\n<meta property=\"og:title\" content=\"Empresa de servicios de subcontrataci\u00f3n de procesos empresariales (BPO) | Proveedor de servicios de entrada de datos\" \/>\n<meta property=\"og:description\" content=\"Deje que ISHIR lo ayude a ahorrar costos inmediatamente y puede redirigir sus valiosos recursos de manera m\u00e1s eficiente y estrat\u00e9gica. Obtenga las mejores ofertas para el servicio de entrada y procesamiento de datos de ISHIR.\" \/>\n<meta property=\"og:url\" content=\"https:\/\/www.ishir.com\/es\/proceso-de-negocios-outsourcing-india.htm\" \/>\n<meta property=\"og:site_name\" content=\"Offshore Custom Software Product Development Outsourcing Company India Mobile Application Development Services Dallas Texas Alexa AI IoT Developers - ISHIR\" \/>\n<meta property=\"article:modified_time\" content=\"2018-11-16T06:19:57+00:00\" \/>\n<meta name=\"twitter:card\" content=\"summary_large_image\" \/>\n<meta name=\"twitter:label1\" content=\"Est. reading time\" \/>\n\t<meta name=\"twitter:data1\" content=\"1 minute\" \/>\n<script type=\"application\/ld+json\" class=\"yoast-schema-graph\">{\"@context\":\"https:\/\/schema.org\",\"@graph\":[{\"@type\":\"WebPage\",\"@id\":\"https:\/\/www.ishir.com\/es\/proceso-de-negocios-outsourcing-india.htm\",\"url\":\"https:\/\/www.ishir.com\/es\/proceso-de-negocios-outsourcing-india.htm\",\"name\":\"Empresa de servicios de subcontrataci\u00f3n de procesos empresariales (BPO) | Proveedor de servicios de entrada de datos\",\"isPartOf\":{\"@id\":\"https:\/\/www.ishir.com\/es\/#website\"},\"datePublished\":\"2018-08-03T15:14:46+00:00\",\"dateModified\":\"2018-11-16T06:19:57+00:00\",\"description\":\"Deje que ISHIR lo ayude a ahorrar costos inmediatamente y puede redirigir sus valiosos recursos de manera m\u00e1s eficiente y estrat\u00e9gica. Obtenga las mejores ofertas para el servicio de entrada y procesamiento de datos de ISHIR.\",\"breadcrumb\":{\"@id\":\"https:\/\/www.ishir.com\/es\/proceso-de-negocios-outsourcing-india.htm#breadcrumb\"},\"inLanguage\":\"en-US\",\"potentialAction\":[{\"@type\":\"ReadAction\",\"target\":[\"https:\/\/www.ishir.com\/es\/proceso-de-negocios-outsourcing-india.htm\"]}]},{\"@type\":\"BreadcrumbList\",\"@id\":\"https:\/\/www.ishir.com\/es\/proceso-de-negocios-outsourcing-india.htm#breadcrumb\",\"itemListElement\":[{\"@type\":\"ListItem\",\"position\":1,\"name\":\"Home\",\"item\":\"https:\/\/www.ishir.com\/es\/\"},{\"@type\":\"ListItem\",\"position\":2,\"name\":\"BPO\/DATA ENTRY\"}]},{\"@type\":\"WebSite\",\"@id\":\"https:\/\/www.ishir.com\/es\/#website\",\"url\":\"https:\/\/www.ishir.com\/es\/\",\"name\":\"Offshore Custom Software Product Development Outsourcing Company India Mobile Application Development Services Dallas Texas Alexa AI IoT Developers - ISHIR\",\"description\":\"Just another WordPress site\",\"potentialAction\":[{\"@type\":\"SearchAction\",\"target\":{\"@type\":\"EntryPoint\",\"urlTemplate\":\"https:\/\/www.ishir.com\/es\/?s={search_term_string}\"},\"query-input\":{\"@type\":\"PropertyValueSpecification\",\"valueRequired\":true,\"valueName\":\"search_term_string\"}}],\"inLanguage\":\"en-US\"}]}<\/script>\n<!-- \/ Yoast SEO plugin. -->","yoast_head_json":{"title":"Empresa de servicios de subcontrataci\u00f3n de procesos empresariales (BPO) | Proveedor de servicios de entrada de datos","description":"Deje que ISHIR lo ayude a ahorrar costos inmediatamente y puede redirigir sus valiosos recursos de manera m\u00e1s eficiente y estrat\u00e9gica. Obtenga las mejores ofertas para el servicio de entrada y procesamiento de datos de ISHIR.","robots":{"index":"index","follow":"follow","max-snippet":"max-snippet:-1","max-image-preview":"max-image-preview:large","max-video-preview":"max-video-preview:-1"},"canonical":"https:\/\/www.ishir.com\/es\/proceso-de-negocios-outsourcing-india.htm","og_locale":"en_US","og_type":"article","og_title":"Empresa de servicios de subcontrataci\u00f3n de procesos empresariales (BPO) | Proveedor de servicios de entrada de datos","og_description":"Deje que ISHIR lo ayude a ahorrar costos inmediatamente y puede redirigir sus valiosos recursos de manera m\u00e1s eficiente y estrat\u00e9gica. Obtenga las mejores ofertas para el servicio de entrada y procesamiento de datos de ISHIR.","og_url":"https:\/\/www.ishir.com\/es\/proceso-de-negocios-outsourcing-india.htm","og_site_name":"Offshore Custom Software Product Development Outsourcing Company India Mobile Application Development Services Dallas Texas Alexa AI IoT Developers - ISHIR","article_modified_time":"2018-11-16T06:19:57+00:00","twitter_card":"summary_large_image","twitter_misc":{"Est. reading time":"1 minute"},"schema":{"@context":"https:\/\/schema.org","@graph":[{"@type":"WebPage","@id":"https:\/\/www.ishir.com\/es\/proceso-de-negocios-outsourcing-india.htm","url":"https:\/\/www.ishir.com\/es\/proceso-de-negocios-outsourcing-india.htm","name":"Empresa de servicios de subcontrataci\u00f3n de procesos empresariales (BPO) | Proveedor de servicios de entrada de datos","isPartOf":{"@id":"https:\/\/www.ishir.com\/es\/#website"},"datePublished":"2018-08-03T15:14:46+00:00","dateModified":"2018-11-16T06:19:57+00:00","description":"Deje que ISHIR lo ayude a ahorrar costos inmediatamente y puede redirigir sus valiosos recursos de manera m\u00e1s eficiente y estrat\u00e9gica. Obtenga las mejores ofertas para el servicio de entrada y procesamiento de datos de ISHIR.","breadcrumb":{"@id":"https:\/\/www.ishir.com\/es\/proceso-de-negocios-outsourcing-india.htm#breadcrumb"},"inLanguage":"en-US","potentialAction":[{"@type":"ReadAction","target":["https:\/\/www.ishir.com\/es\/proceso-de-negocios-outsourcing-india.htm"]}]},{"@type":"BreadcrumbList","@id":"https:\/\/www.ishir.com\/es\/proceso-de-negocios-outsourcing-india.htm#breadcrumb","itemListElement":[{"@type":"ListItem","position":1,"name":"Home","item":"https:\/\/www.ishir.com\/es\/"},{"@type":"ListItem","position":2,"name":"BPO\/DATA ENTRY"}]},{"@type":"WebSite","@id":"https:\/\/www.ishir.com\/es\/#website","url":"https:\/\/www.ishir.com\/es\/","name":"Offshore Custom Software Product Development Outsourcing Company India Mobile Application Development Services Dallas Texas Alexa AI IoT Developers - ISHIR","description":"Just another WordPress site","potentialAction":[{"@type":"SearchAction","target":{"@type":"EntryPoint","urlTemplate":"https:\/\/www.ishir.com\/es\/?s={search_term_string}"},"query-input":{"@type":"PropertyValueSpecification","valueRequired":true,"valueName":"search_term_string"}}],"inLanguage":"en-US"}]}},"_links":{"self":[{"href":"https:\/\/www.ishir.com\/es\/wp-json\/wp\/v2\/pages\/37","targetHints":{"allow":["GET"]}}],"collection":[{"href":"https:\/\/www.ishir.com\/es\/wp-json\/wp\/v2\/pages"}],"about":[{"href":"https:\/\/www.ishir.com\/es\/wp-json\/wp\/v2\/types\/page"}],"author":[{"embeddable":true,"href":"https:\/\/www.ishir.com\/es\/wp-json\/wp\/v2\/users\/1"}],"replies":[{"embeddable":true,"href":"https:\/\/www.ishir.com\/es\/wp-json\/wp\/v2\/comments?post=37"}],"version-history":[{"count":6,"href":"https:\/\/www.ishir.com\/es\/wp-json\/wp\/v2\/pages\/37\/revisions"}],"predecessor-version":[{"id":6168,"href":"https:\/\/www.ishir.com\/es\/wp-json\/wp\/v2\/pages\/37\/revisions\/6168"}],"wp:attachment":[{"href":"https:\/\/www.ishir.com\/es\/wp-json\/wp\/v2\/media?parent=37"}],"curies":[{"name":"wp","href":"https:\/\/api.w.org\/{rel}","templated":true}]}}