{"id":39,"date":"2018-08-06T07:27:44","date_gmt":"2018-08-06T07:27:44","guid":{"rendered":"https:\/\/www.ishir.com\/es\/?page_id=39"},"modified":"2018-11-16T06:23:12","modified_gmt":"2018-11-16T06:23:12","slug":"servicios-de-informatica-en-la-nube","status":"publish","type":"page","link":"https:\/\/www.ishir.com\/es\/servicios-de-informatica-en-la-nube.htm","title":{"rendered":"NUBE"},"content":{"rendered":"<div class=\"container\">\n<div class=\"row\">\n<div class=\"col-lg-12 col-sm-12 col-xs-12\">\n<div class=\"row\">\n<div class=\"col-lg-10 col-sm-12 col-xs-12 col-lg-offset-1 col-sm-offset-0 col-xs-offset-0\">\n<h3>Incrementa la agilidad de negocios y simplifica tu viaje de Transformaci\u00f3n en Nube con ISHIR<\/h3>\n<\/div>\n<\/div>\n<p>En el desafiante ambiente de negocios de hoy, es imperativo que los l\u00edderes de TI encuentren soluciones que puedan ayudar a tener menores gastos de capital, bajar los cotos y aun as\u00ed mejorar la efectividad del TI. Los c\u00f3mputos en nube representan una incre\u00edble oportunidad. Sin embargo, tambi\u00e9n significa un cambio de imagen para tu departamento de TI actual, operaciones, recursos, infraestructura TI, centro de informaci\u00f3n y modelos de programaci\u00f3n. A trav\u00e9s de la expansi\u00f3n de negocios, contracci\u00f3n, subproductos, fusiones y adquisiciones, tu ambiente de TI se ha vuelto cada vez m\u00e1s complejo. Esta complejidad hace que aumenten los costos y baje la productividad, impactando seriamente la competitividad de negocios.<\/p>\n<p>Los C\u00f3mputos en Nube son la soluci\u00f3n para tales complejidades de TI.<\/p>\n<p>ISHIR ha ayudado a varias empresas grandes y medianas, alrededor del mundo, para planear o iniciar la eficiencia del departamento de TI, consolidaci\u00f3n, y\/o estrategias en su viaje de Migraci\u00f3n en Nube. Nuestros clientes pueden derivar nuevas ideas y proveer mejores experiencias al cliente con agilidad de negocios mejorada en la Nube.<\/p>\n<\/div>\n<\/div>\n<\/div>\n","protected":false},"excerpt":{"rendered":"<p>Incrementa la agilidad de negocios y simplifica tu viaje de Transformaci\u00f3n en Nube con ISHIR En el desafiante ambiente de negocios de hoy, es imperativo que los l\u00edderes de TI encuentren soluciones que puedan ayudar a tener menores gastos de capital, bajar los cotos y aun as\u00ed mejorar la efectividad del TI. Los c\u00f3mputos en &hellip; <a href=\"https:\/\/www.ishir.com\/es\/servicios-de-informatica-en-la-nube.htm\" class=\"more-link\">Continue reading<span class=\"screen-reader-text\"> &#8220;NUBE&#8221;<\/span><\/a><\/p>\n","protected":false},"author":1,"featured_media":0,"parent":0,"menu_order":0,"comment_status":"closed","ping_status":"closed","template":"layouts\/cloud-page.php","meta":{"_acf_changed":false,"footnotes":""},"class_list":["post-39","page","type-page","status-publish","hentry"],"acf":[],"yoast_head":"<!-- This site is optimized with the Yoast SEO plugin v26.2 - https:\/\/yoast.com\/wordpress\/plugins\/seo\/ -->\n<title>Soluci\u00f3n para servicios de transformaci\u00f3n en la nube | Cloud Computing Services India<\/title>\n<meta name=\"description\" content=\"Permita que los servicios de computaci\u00f3n en la nube de ISHIR ayuden a su empresa a simplificar el proceso de transformaci\u00f3n de la nube. Hemos ayudado a muchos pa\u00edses de todo el mundo a planificar la eficiencia del departamento de TI, la consolidaci\u00f3n y todo el viaje de computaci\u00f3n en la nube.\" \/>\n<meta name=\"robots\" content=\"index, follow, max-snippet:-1, max-image-preview:large, max-video-preview:-1\" \/>\n<link rel=\"canonical\" href=\"https:\/\/www.ishir.com\/es\/servicios-de-informatica-en-la-nube.htm\" \/>\n<meta property=\"og:locale\" content=\"en_US\" \/>\n<meta property=\"og:type\" content=\"article\" \/>\n<meta property=\"og:title\" content=\"Soluci\u00f3n para servicios de transformaci\u00f3n en la nube | Cloud Computing Services India\" \/>\n<meta property=\"og:description\" content=\"Permita que los servicios de computaci\u00f3n en la nube de ISHIR ayuden a su empresa a simplificar el proceso de transformaci\u00f3n de la nube. Hemos ayudado a muchos pa\u00edses de todo el mundo a planificar la eficiencia del departamento de TI, la consolidaci\u00f3n y todo el viaje de computaci\u00f3n en la nube.\" \/>\n<meta property=\"og:url\" content=\"https:\/\/www.ishir.com\/es\/servicios-de-informatica-en-la-nube.htm\" \/>\n<meta property=\"og:site_name\" content=\"Offshore Custom Software Product Development Outsourcing Company India Mobile Application Development Services Dallas Texas Alexa AI IoT Developers - ISHIR\" \/>\n<meta property=\"article:modified_time\" content=\"2018-11-16T06:23:12+00:00\" \/>\n<meta name=\"twitter:card\" content=\"summary_large_image\" \/>\n<meta name=\"twitter:label1\" content=\"Est. reading time\" \/>\n\t<meta name=\"twitter:data1\" content=\"1 minute\" \/>\n<script type=\"application\/ld+json\" class=\"yoast-schema-graph\">{\"@context\":\"https:\/\/schema.org\",\"@graph\":[{\"@type\":\"WebPage\",\"@id\":\"https:\/\/www.ishir.com\/es\/servicios-de-informatica-en-la-nube.htm\",\"url\":\"https:\/\/www.ishir.com\/es\/servicios-de-informatica-en-la-nube.htm\",\"name\":\"Soluci\u00f3n para servicios de transformaci\u00f3n en la nube | Cloud Computing Services India\",\"isPartOf\":{\"@id\":\"https:\/\/www.ishir.com\/es\/#website\"},\"datePublished\":\"2018-08-06T07:27:44+00:00\",\"dateModified\":\"2018-11-16T06:23:12+00:00\",\"description\":\"Permita que los servicios de computaci\u00f3n en la nube de ISHIR ayuden a su empresa a simplificar el proceso de transformaci\u00f3n de la nube. Hemos ayudado a muchos pa\u00edses de todo el mundo a planificar la eficiencia del departamento de TI, la consolidaci\u00f3n y todo el viaje de computaci\u00f3n en la nube.\",\"breadcrumb\":{\"@id\":\"https:\/\/www.ishir.com\/es\/servicios-de-informatica-en-la-nube.htm#breadcrumb\"},\"inLanguage\":\"en-US\",\"potentialAction\":[{\"@type\":\"ReadAction\",\"target\":[\"https:\/\/www.ishir.com\/es\/servicios-de-informatica-en-la-nube.htm\"]}]},{\"@type\":\"BreadcrumbList\",\"@id\":\"https:\/\/www.ishir.com\/es\/servicios-de-informatica-en-la-nube.htm#breadcrumb\",\"itemListElement\":[{\"@type\":\"ListItem\",\"position\":1,\"name\":\"Home\",\"item\":\"https:\/\/www.ishir.com\/es\/\"},{\"@type\":\"ListItem\",\"position\":2,\"name\":\"NUBE\"}]},{\"@type\":\"WebSite\",\"@id\":\"https:\/\/www.ishir.com\/es\/#website\",\"url\":\"https:\/\/www.ishir.com\/es\/\",\"name\":\"Offshore Custom Software Product Development Outsourcing Company India Mobile Application Development Services Dallas Texas Alexa AI IoT Developers - ISHIR\",\"description\":\"Just another WordPress site\",\"potentialAction\":[{\"@type\":\"SearchAction\",\"target\":{\"@type\":\"EntryPoint\",\"urlTemplate\":\"https:\/\/www.ishir.com\/es\/?s={search_term_string}\"},\"query-input\":{\"@type\":\"PropertyValueSpecification\",\"valueRequired\":true,\"valueName\":\"search_term_string\"}}],\"inLanguage\":\"en-US\"}]}<\/script>\n<!-- \/ Yoast SEO plugin. -->","yoast_head_json":{"title":"Soluci\u00f3n para servicios de transformaci\u00f3n en la nube | Cloud Computing Services India","description":"Permita que los servicios de computaci\u00f3n en la nube de ISHIR ayuden a su empresa a simplificar el proceso de transformaci\u00f3n de la nube. Hemos ayudado a muchos pa\u00edses de todo el mundo a planificar la eficiencia del departamento de TI, la consolidaci\u00f3n y todo el viaje de computaci\u00f3n en la nube.","robots":{"index":"index","follow":"follow","max-snippet":"max-snippet:-1","max-image-preview":"max-image-preview:large","max-video-preview":"max-video-preview:-1"},"canonical":"https:\/\/www.ishir.com\/es\/servicios-de-informatica-en-la-nube.htm","og_locale":"en_US","og_type":"article","og_title":"Soluci\u00f3n para servicios de transformaci\u00f3n en la nube | Cloud Computing Services India","og_description":"Permita que los servicios de computaci\u00f3n en la nube de ISHIR ayuden a su empresa a simplificar el proceso de transformaci\u00f3n de la nube. Hemos ayudado a muchos pa\u00edses de todo el mundo a planificar la eficiencia del departamento de TI, la consolidaci\u00f3n y todo el viaje de computaci\u00f3n en la nube.","og_url":"https:\/\/www.ishir.com\/es\/servicios-de-informatica-en-la-nube.htm","og_site_name":"Offshore Custom Software Product Development Outsourcing Company India Mobile Application Development Services Dallas Texas Alexa AI IoT Developers - ISHIR","article_modified_time":"2018-11-16T06:23:12+00:00","twitter_card":"summary_large_image","twitter_misc":{"Est. reading time":"1 minute"},"schema":{"@context":"https:\/\/schema.org","@graph":[{"@type":"WebPage","@id":"https:\/\/www.ishir.com\/es\/servicios-de-informatica-en-la-nube.htm","url":"https:\/\/www.ishir.com\/es\/servicios-de-informatica-en-la-nube.htm","name":"Soluci\u00f3n para servicios de transformaci\u00f3n en la nube | Cloud Computing Services India","isPartOf":{"@id":"https:\/\/www.ishir.com\/es\/#website"},"datePublished":"2018-08-06T07:27:44+00:00","dateModified":"2018-11-16T06:23:12+00:00","description":"Permita que los servicios de computaci\u00f3n en la nube de ISHIR ayuden a su empresa a simplificar el proceso de transformaci\u00f3n de la nube. Hemos ayudado a muchos pa\u00edses de todo el mundo a planificar la eficiencia del departamento de TI, la consolidaci\u00f3n y todo el viaje de computaci\u00f3n en la nube.","breadcrumb":{"@id":"https:\/\/www.ishir.com\/es\/servicios-de-informatica-en-la-nube.htm#breadcrumb"},"inLanguage":"en-US","potentialAction":[{"@type":"ReadAction","target":["https:\/\/www.ishir.com\/es\/servicios-de-informatica-en-la-nube.htm"]}]},{"@type":"BreadcrumbList","@id":"https:\/\/www.ishir.com\/es\/servicios-de-informatica-en-la-nube.htm#breadcrumb","itemListElement":[{"@type":"ListItem","position":1,"name":"Home","item":"https:\/\/www.ishir.com\/es\/"},{"@type":"ListItem","position":2,"name":"NUBE"}]},{"@type":"WebSite","@id":"https:\/\/www.ishir.com\/es\/#website","url":"https:\/\/www.ishir.com\/es\/","name":"Offshore Custom Software Product Development Outsourcing Company India Mobile Application Development Services Dallas Texas Alexa AI IoT Developers - ISHIR","description":"Just another WordPress site","potentialAction":[{"@type":"SearchAction","target":{"@type":"EntryPoint","urlTemplate":"https:\/\/www.ishir.com\/es\/?s={search_term_string}"},"query-input":{"@type":"PropertyValueSpecification","valueRequired":true,"valueName":"search_term_string"}}],"inLanguage":"en-US"}]}},"_links":{"self":[{"href":"https:\/\/www.ishir.com\/es\/wp-json\/wp\/v2\/pages\/39","targetHints":{"allow":["GET"]}}],"collection":[{"href":"https:\/\/www.ishir.com\/es\/wp-json\/wp\/v2\/pages"}],"about":[{"href":"https:\/\/www.ishir.com\/es\/wp-json\/wp\/v2\/types\/page"}],"author":[{"embeddable":true,"href":"https:\/\/www.ishir.com\/es\/wp-json\/wp\/v2\/users\/1"}],"replies":[{"embeddable":true,"href":"https:\/\/www.ishir.com\/es\/wp-json\/wp\/v2\/comments?post=39"}],"version-history":[{"count":6,"href":"https:\/\/www.ishir.com\/es\/wp-json\/wp\/v2\/pages\/39\/revisions"}],"predecessor-version":[{"id":6166,"href":"https:\/\/www.ishir.com\/es\/wp-json\/wp\/v2\/pages\/39\/revisions\/6166"}],"wp:attachment":[{"href":"https:\/\/www.ishir.com\/es\/wp-json\/wp\/v2\/media?parent=39"}],"curies":[{"name":"wp","href":"https:\/\/api.w.org\/{rel}","templated":true}]}}