{"id":42,"date":"2018-08-06T07:38:48","date_gmt":"2018-08-06T07:38:48","guid":{"rendered":"https:\/\/www.ishir.com\/es\/?page_id=42"},"modified":"2018-11-16T06:14:42","modified_gmt":"2018-11-16T06:14:42","slug":"inteligencia-artificial","status":"publish","type":"page","link":"https:\/\/www.ishir.com\/es\/inteligencia-artificial.htm","title":{"rendered":"INTELIGENCIA ARTIFICIAL"},"content":{"rendered":"<h3>La IA va a desorganizar su negocio. Lideremos la carrera de la IA juntos.<\/h3>\n<p>En los a\u00f1os recientes, la inteligencia artificial ha permeado cada industria e impactado el d\u00eda a d\u00eda trabajando por una manera revolucionada de trabajar. Te\u00f3ricamente todo suena emocionante pero pr\u00e1cticamente, t\u00fa te preguntas, que aspectos de la IA pueden ayudar a tu negocio y como la IA puede preparar a tu negocio para el futuro. <\/p>\n<p>ISHIR puede trabajar contigo para identificar las tecnolog\u00edas de IA que pueden llevar a tu negocio al siguiente nivel. Con nuestra pericia en Aprendizaje Computarizado, Asistentes Virtuales, Gesti\u00f3n de Decisiones, Internet de las Cosas (IdC) y Macro Datos, hemos dado poderosas soluciones de IA para varios clientes alrededor del mundo.<\/p>\n","protected":false},"excerpt":{"rendered":"<p>La IA va a desorganizar su negocio. Lideremos la carrera de la IA juntos. En los a\u00f1os recientes, la inteligencia artificial ha permeado cada industria e impactado el d\u00eda a d\u00eda trabajando por una manera revolucionada de trabajar. Te\u00f3ricamente todo suena emocionante pero pr\u00e1cticamente, t\u00fa te preguntas, que aspectos de la IA pueden ayudar a &hellip; <a href=\"https:\/\/www.ishir.com\/es\/inteligencia-artificial.htm\" class=\"more-link\">Continue reading<span class=\"screen-reader-text\"> &#8220;INTELIGENCIA ARTIFICIAL&#8221;<\/span><\/a><\/p>\n","protected":false},"author":1,"featured_media":0,"parent":0,"menu_order":0,"comment_status":"closed","ping_status":"closed","template":"layouts\/artificial-intelligence.php","meta":{"_acf_changed":false,"footnotes":""},"class_list":["post-42","page","type-page","status-publish","hentry"],"acf":[],"yoast_head":"<!-- This site is optimized with the Yoast SEO plugin v26.2 - https:\/\/yoast.com\/wordpress\/plugins\/seo\/ -->\n<title>Servicios de gesti\u00f3n de bases de datos | Recuperaci\u00f3n de Base de Datos, Dise\u00f1o, Migraci\u00f3n -ISHIR<\/title>\n<meta name=\"description\" content=\"Si encuentra el socio adecuado para todas sus soluciones de administraci\u00f3n de bases de datos que administrar\u00e1, monitorear\u00e1, optimizar\u00e1 y brindar\u00e1 seguridad para su base de datos, puede aprovechar al m\u00e1ximo sus datos. Ll\u00e1menos hoy para servicios de gesti\u00f3n de bases de datos offshore.\" \/>\n<meta name=\"robots\" content=\"index, follow, max-snippet:-1, max-image-preview:large, max-video-preview:-1\" \/>\n<link rel=\"canonical\" href=\"https:\/\/www.ishir.com\/es\/inteligencia-artificial.htm\" \/>\n<meta property=\"og:locale\" content=\"en_US\" \/>\n<meta property=\"og:type\" content=\"article\" \/>\n<meta property=\"og:title\" content=\"Servicios de gesti\u00f3n de bases de datos | Recuperaci\u00f3n de Base de Datos, Dise\u00f1o, Migraci\u00f3n -ISHIR\" \/>\n<meta property=\"og:description\" content=\"Si encuentra el socio adecuado para todas sus soluciones de administraci\u00f3n de bases de datos que administrar\u00e1, monitorear\u00e1, optimizar\u00e1 y brindar\u00e1 seguridad para su base de datos, puede aprovechar al m\u00e1ximo sus datos. Ll\u00e1menos hoy para servicios de gesti\u00f3n de bases de datos offshore.\" \/>\n<meta property=\"og:url\" content=\"https:\/\/www.ishir.com\/es\/inteligencia-artificial.htm\" \/>\n<meta property=\"og:site_name\" content=\"Offshore Custom Software Product Development Outsourcing Company India Mobile Application Development Services Dallas Texas Alexa AI IoT Developers - ISHIR\" \/>\n<meta property=\"article:modified_time\" content=\"2018-11-16T06:14:42+00:00\" \/>\n<meta name=\"twitter:card\" content=\"summary_large_image\" \/>\n<meta name=\"twitter:label1\" content=\"Est. reading time\" \/>\n\t<meta name=\"twitter:data1\" content=\"1 minute\" \/>\n<script type=\"application\/ld+json\" class=\"yoast-schema-graph\">{\"@context\":\"https:\/\/schema.org\",\"@graph\":[{\"@type\":\"WebPage\",\"@id\":\"https:\/\/www.ishir.com\/es\/inteligencia-artificial.htm\",\"url\":\"https:\/\/www.ishir.com\/es\/inteligencia-artificial.htm\",\"name\":\"Servicios de gesti\u00f3n de bases de datos | Recuperaci\u00f3n de Base de Datos, Dise\u00f1o, Migraci\u00f3n -ISHIR\",\"isPartOf\":{\"@id\":\"https:\/\/www.ishir.com\/es\/#website\"},\"datePublished\":\"2018-08-06T07:38:48+00:00\",\"dateModified\":\"2018-11-16T06:14:42+00:00\",\"description\":\"Si encuentra el socio adecuado para todas sus soluciones de administraci\u00f3n de bases de datos que administrar\u00e1, monitorear\u00e1, optimizar\u00e1 y brindar\u00e1 seguridad para su base de datos, puede aprovechar al m\u00e1ximo sus datos. Ll\u00e1menos hoy para servicios de gesti\u00f3n de bases de datos offshore.\",\"breadcrumb\":{\"@id\":\"https:\/\/www.ishir.com\/es\/inteligencia-artificial.htm#breadcrumb\"},\"inLanguage\":\"en-US\",\"potentialAction\":[{\"@type\":\"ReadAction\",\"target\":[\"https:\/\/www.ishir.com\/es\/inteligencia-artificial.htm\"]}]},{\"@type\":\"BreadcrumbList\",\"@id\":\"https:\/\/www.ishir.com\/es\/inteligencia-artificial.htm#breadcrumb\",\"itemListElement\":[{\"@type\":\"ListItem\",\"position\":1,\"name\":\"Home\",\"item\":\"https:\/\/www.ishir.com\/es\/\"},{\"@type\":\"ListItem\",\"position\":2,\"name\":\"INTELIGENCIA ARTIFICIAL\"}]},{\"@type\":\"WebSite\",\"@id\":\"https:\/\/www.ishir.com\/es\/#website\",\"url\":\"https:\/\/www.ishir.com\/es\/\",\"name\":\"Offshore Custom Software Product Development Outsourcing Company India Mobile Application Development Services Dallas Texas Alexa AI IoT Developers - ISHIR\",\"description\":\"Just another WordPress site\",\"potentialAction\":[{\"@type\":\"SearchAction\",\"target\":{\"@type\":\"EntryPoint\",\"urlTemplate\":\"https:\/\/www.ishir.com\/es\/?s={search_term_string}\"},\"query-input\":{\"@type\":\"PropertyValueSpecification\",\"valueRequired\":true,\"valueName\":\"search_term_string\"}}],\"inLanguage\":\"en-US\"}]}<\/script>\n<!-- \/ Yoast SEO plugin. -->","yoast_head_json":{"title":"Servicios de gesti\u00f3n de bases de datos | Recuperaci\u00f3n de Base de Datos, Dise\u00f1o, Migraci\u00f3n -ISHIR","description":"Si encuentra el socio adecuado para todas sus soluciones de administraci\u00f3n de bases de datos que administrar\u00e1, monitorear\u00e1, optimizar\u00e1 y brindar\u00e1 seguridad para su base de datos, puede aprovechar al m\u00e1ximo sus datos. Ll\u00e1menos hoy para servicios de gesti\u00f3n de bases de datos offshore.","robots":{"index":"index","follow":"follow","max-snippet":"max-snippet:-1","max-image-preview":"max-image-preview:large","max-video-preview":"max-video-preview:-1"},"canonical":"https:\/\/www.ishir.com\/es\/inteligencia-artificial.htm","og_locale":"en_US","og_type":"article","og_title":"Servicios de gesti\u00f3n de bases de datos | Recuperaci\u00f3n de Base de Datos, Dise\u00f1o, Migraci\u00f3n -ISHIR","og_description":"Si encuentra el socio adecuado para todas sus soluciones de administraci\u00f3n de bases de datos que administrar\u00e1, monitorear\u00e1, optimizar\u00e1 y brindar\u00e1 seguridad para su base de datos, puede aprovechar al m\u00e1ximo sus datos. Ll\u00e1menos hoy para servicios de gesti\u00f3n de bases de datos offshore.","og_url":"https:\/\/www.ishir.com\/es\/inteligencia-artificial.htm","og_site_name":"Offshore Custom Software Product Development Outsourcing Company India Mobile Application Development Services Dallas Texas Alexa AI IoT Developers - ISHIR","article_modified_time":"2018-11-16T06:14:42+00:00","twitter_card":"summary_large_image","twitter_misc":{"Est. reading time":"1 minute"},"schema":{"@context":"https:\/\/schema.org","@graph":[{"@type":"WebPage","@id":"https:\/\/www.ishir.com\/es\/inteligencia-artificial.htm","url":"https:\/\/www.ishir.com\/es\/inteligencia-artificial.htm","name":"Servicios de gesti\u00f3n de bases de datos | Recuperaci\u00f3n de Base de Datos, Dise\u00f1o, Migraci\u00f3n -ISHIR","isPartOf":{"@id":"https:\/\/www.ishir.com\/es\/#website"},"datePublished":"2018-08-06T07:38:48+00:00","dateModified":"2018-11-16T06:14:42+00:00","description":"Si encuentra el socio adecuado para todas sus soluciones de administraci\u00f3n de bases de datos que administrar\u00e1, monitorear\u00e1, optimizar\u00e1 y brindar\u00e1 seguridad para su base de datos, puede aprovechar al m\u00e1ximo sus datos. Ll\u00e1menos hoy para servicios de gesti\u00f3n de bases de datos offshore.","breadcrumb":{"@id":"https:\/\/www.ishir.com\/es\/inteligencia-artificial.htm#breadcrumb"},"inLanguage":"en-US","potentialAction":[{"@type":"ReadAction","target":["https:\/\/www.ishir.com\/es\/inteligencia-artificial.htm"]}]},{"@type":"BreadcrumbList","@id":"https:\/\/www.ishir.com\/es\/inteligencia-artificial.htm#breadcrumb","itemListElement":[{"@type":"ListItem","position":1,"name":"Home","item":"https:\/\/www.ishir.com\/es\/"},{"@type":"ListItem","position":2,"name":"INTELIGENCIA ARTIFICIAL"}]},{"@type":"WebSite","@id":"https:\/\/www.ishir.com\/es\/#website","url":"https:\/\/www.ishir.com\/es\/","name":"Offshore Custom Software Product Development Outsourcing Company India Mobile Application Development Services Dallas Texas Alexa AI IoT Developers - ISHIR","description":"Just another WordPress site","potentialAction":[{"@type":"SearchAction","target":{"@type":"EntryPoint","urlTemplate":"https:\/\/www.ishir.com\/es\/?s={search_term_string}"},"query-input":{"@type":"PropertyValueSpecification","valueRequired":true,"valueName":"search_term_string"}}],"inLanguage":"en-US"}]}},"_links":{"self":[{"href":"https:\/\/www.ishir.com\/es\/wp-json\/wp\/v2\/pages\/42","targetHints":{"allow":["GET"]}}],"collection":[{"href":"https:\/\/www.ishir.com\/es\/wp-json\/wp\/v2\/pages"}],"about":[{"href":"https:\/\/www.ishir.com\/es\/wp-json\/wp\/v2\/types\/page"}],"author":[{"embeddable":true,"href":"https:\/\/www.ishir.com\/es\/wp-json\/wp\/v2\/users\/1"}],"replies":[{"embeddable":true,"href":"https:\/\/www.ishir.com\/es\/wp-json\/wp\/v2\/comments?post=42"}],"version-history":[{"count":8,"href":"https:\/\/www.ishir.com\/es\/wp-json\/wp\/v2\/pages\/42\/revisions"}],"predecessor-version":[{"id":6144,"href":"https:\/\/www.ishir.com\/es\/wp-json\/wp\/v2\/pages\/42\/revisions\/6144"}],"wp:attachment":[{"href":"https:\/\/www.ishir.com\/es\/wp-json\/wp\/v2\/media?parent=42"}],"curies":[{"name":"wp","href":"https:\/\/api.w.org\/{rel}","templated":true}]}}