{"id":46,"date":"2018-08-06T07:53:34","date_gmt":"2018-08-06T07:53:34","guid":{"rendered":"https:\/\/www.ishir.com\/es\/?page_id=46"},"modified":"2018-08-20T13:09:31","modified_gmt":"2018-08-20T13:09:31","slug":"servicios-web-amazon","status":"publish","type":"page","link":"https:\/\/www.ishir.com\/es\/servicios-web-amazon.htm","title":{"rendered":"AWS"},"content":{"rendered":"<section id=\"softwareDevelopmentContent\">\n<div class=\"container\">\n<div class=\"row\">\n<div class=\"col-lg-12 col-sm-12 col-xs-12\">\n<h3>Amazon Web Services (AWS) Managed Services<\/h3>\n<\/div>\n<\/div>\n<div class=\"row\">\n<div class=\"col-lg-6 col-sm-6 col-xs-12\" style=\"text-align: center;\"><img decoding=\"async\" class=\"img-responsive aligncenter\" style=\"display: inline-block;\" src=\"https:\/\/www.ishir.com\/es\/wp-content\/uploads\/2018\/08\/AWS-main-img-new.jpg\" alt=\"\" \/><\/div>\n<div class=\"col-lg-6 col-sm-6 col-xs-12\">\n<p style=\"text-align: left;\">Tus recursos est\u00e1n perdiendo mucho tiempo manejando AWS y no son capaces de enfocarse en tus puntos fuertes que pueden llevarte al crecimiento de negocios. ISHIR puede ayudarte con un juego completo de servicios profesionales AWS que incluyen asesor\u00eda, Managed Services y migraci\u00f3n AWS. Tenemos un equipo de arquitectos e ingenieros AWS quienes pueden trabajar cercanamente con clientes para optimizar y hacer transici\u00f3n de las cargas de trabajo a AWS.<\/p>\n<\/div>\n<\/div>\n<\/div>\n<\/section>\n","protected":false},"excerpt":{"rendered":"<p>Amazon Web Services (AWS) Managed Services Tus recursos est\u00e1n perdiendo mucho tiempo manejando AWS y no son capaces de enfocarse en tus puntos fuertes que pueden llevarte al crecimiento de negocios. ISHIR puede ayudarte con un juego completo de servicios profesionales AWS que incluyen asesor\u00eda, Managed Services y migraci\u00f3n AWS. Tenemos un equipo de arquitectos &hellip; <a href=\"https:\/\/www.ishir.com\/es\/servicios-web-amazon.htm\" class=\"more-link\">Continue reading<span class=\"screen-reader-text\"> &#8220;AWS&#8221;<\/span><\/a><\/p>\n","protected":false},"author":1,"featured_media":0,"parent":0,"menu_order":0,"comment_status":"closed","ping_status":"closed","template":"layouts\/amazon-web-services.php","meta":{"_acf_changed":false,"footnotes":""},"class_list":["post-46","page","type-page","status-publish","hentry"],"acf":[],"yoast_head":"<!-- This site is optimized with the Yoast SEO plugin v26.2 - https:\/\/yoast.com\/wordpress\/plugins\/seo\/ -->\n<title>AWS Integration Management Amazon Web Services Soluciones de desarrollo en la nube Managed Service Provider Consulting Partner Experts Developers Dallas TX India | ISHIR<\/title>\n<meta name=\"description\" content=\"ISHIR tiene experiencia en la provisi\u00f3n de servicios integrales para empresas que crean soluciones en la nube cr\u00edticas utilizando Amazon Web Services. Somos AWS Partner y proporcionamos la implementaci\u00f3n, integraci\u00f3n y desarrollo de sistemas AWS para clientes de todo el mundo. \u00a1Consulte a nuestros expertos de AWS Cloud hoy mismo para obtener m\u00e1s informaci\u00f3n!\" \/>\n<meta name=\"robots\" content=\"index, follow, max-snippet:-1, max-image-preview:large, max-video-preview:-1\" \/>\n<link rel=\"canonical\" href=\"https:\/\/www.ishir.com\/es\/servicios-web-amazon.htm\" \/>\n<meta property=\"og:locale\" content=\"en_US\" \/>\n<meta property=\"og:type\" content=\"article\" \/>\n<meta property=\"og:title\" content=\"AWS Integration Management Amazon Web Services Soluciones de desarrollo en la nube Managed Service Provider Consulting Partner Experts Developers Dallas TX India | ISHIR\" \/>\n<meta property=\"og:description\" content=\"ISHIR tiene experiencia en la provisi\u00f3n de servicios integrales para empresas que crean soluciones en la nube cr\u00edticas utilizando Amazon Web Services. Somos AWS Partner y proporcionamos la implementaci\u00f3n, integraci\u00f3n y desarrollo de sistemas AWS para clientes de todo el mundo. \u00a1Consulte a nuestros expertos de AWS Cloud hoy mismo para obtener m\u00e1s informaci\u00f3n!\" \/>\n<meta property=\"og:url\" content=\"https:\/\/www.ishir.com\/es\/servicios-web-amazon.htm\" \/>\n<meta property=\"og:site_name\" content=\"Offshore Custom Software Product Development Outsourcing Company India Mobile Application Development Services Dallas Texas Alexa AI IoT Developers - ISHIR\" \/>\n<meta property=\"article:modified_time\" content=\"2018-08-20T13:09:31+00:00\" \/>\n<meta property=\"og:image\" content=\"https:\/\/www.ishir.com\/es\/wp-content\/uploads\/2018\/08\/AWS-main-img-new.jpg\" \/>\n<meta name=\"twitter:card\" content=\"summary_large_image\" \/>\n<script type=\"application\/ld+json\" class=\"yoast-schema-graph\">{\"@context\":\"https:\/\/schema.org\",\"@graph\":[{\"@type\":\"WebPage\",\"@id\":\"https:\/\/www.ishir.com\/es\/servicios-web-amazon.htm\",\"url\":\"https:\/\/www.ishir.com\/es\/servicios-web-amazon.htm\",\"name\":\"AWS Integration Management Amazon Web Services Soluciones de desarrollo en la nube Managed Service Provider Consulting Partner Experts Developers Dallas TX India | ISHIR\",\"isPartOf\":{\"@id\":\"https:\/\/www.ishir.com\/es\/#website\"},\"primaryImageOfPage\":{\"@id\":\"https:\/\/www.ishir.com\/es\/servicios-web-amazon.htm#primaryimage\"},\"image\":{\"@id\":\"https:\/\/www.ishir.com\/es\/servicios-web-amazon.htm#primaryimage\"},\"thumbnailUrl\":\"https:\/\/www.ishir.com\/es\/wp-content\/uploads\/2018\/08\/AWS-main-img-new.jpg\",\"datePublished\":\"2018-08-06T07:53:34+00:00\",\"dateModified\":\"2018-08-20T13:09:31+00:00\",\"description\":\"ISHIR tiene experiencia en la provisi\u00f3n de servicios integrales para empresas que crean soluciones en la nube cr\u00edticas utilizando Amazon Web Services. Somos AWS Partner y proporcionamos la implementaci\u00f3n, integraci\u00f3n y desarrollo de sistemas AWS para clientes de todo el mundo. \u00a1Consulte a nuestros expertos de AWS Cloud hoy mismo para obtener m\u00e1s informaci\u00f3n!\",\"breadcrumb\":{\"@id\":\"https:\/\/www.ishir.com\/es\/servicios-web-amazon.htm#breadcrumb\"},\"inLanguage\":\"en-US\",\"potentialAction\":[{\"@type\":\"ReadAction\",\"target\":[\"https:\/\/www.ishir.com\/es\/servicios-web-amazon.htm\"]}]},{\"@type\":\"ImageObject\",\"inLanguage\":\"en-US\",\"@id\":\"https:\/\/www.ishir.com\/es\/servicios-web-amazon.htm#primaryimage\",\"url\":\"https:\/\/www.ishir.com\/es\/wp-content\/uploads\/2018\/08\/AWS-main-img-new.jpg\",\"contentUrl\":\"https:\/\/www.ishir.com\/es\/wp-content\/uploads\/2018\/08\/AWS-main-img-new.jpg\",\"width\":526,\"height\":232,\"caption\":\"Amazon Web Services (AWS) Provider India\"},{\"@type\":\"BreadcrumbList\",\"@id\":\"https:\/\/www.ishir.com\/es\/servicios-web-amazon.htm#breadcrumb\",\"itemListElement\":[{\"@type\":\"ListItem\",\"position\":1,\"name\":\"Home\",\"item\":\"https:\/\/www.ishir.com\/es\/\"},{\"@type\":\"ListItem\",\"position\":2,\"name\":\"AWS\"}]},{\"@type\":\"WebSite\",\"@id\":\"https:\/\/www.ishir.com\/es\/#website\",\"url\":\"https:\/\/www.ishir.com\/es\/\",\"name\":\"Offshore Custom Software Product Development Outsourcing Company India Mobile Application Development Services Dallas Texas Alexa AI IoT Developers - ISHIR\",\"description\":\"Just another WordPress site\",\"potentialAction\":[{\"@type\":\"SearchAction\",\"target\":{\"@type\":\"EntryPoint\",\"urlTemplate\":\"https:\/\/www.ishir.com\/es\/?s={search_term_string}\"},\"query-input\":{\"@type\":\"PropertyValueSpecification\",\"valueRequired\":true,\"valueName\":\"search_term_string\"}}],\"inLanguage\":\"en-US\"}]}<\/script>\n<!-- \/ Yoast SEO plugin. -->","yoast_head_json":{"title":"AWS Integration Management Amazon Web Services Soluciones de desarrollo en la nube Managed Service Provider Consulting Partner Experts Developers Dallas TX India | ISHIR","description":"ISHIR tiene experiencia en la provisi\u00f3n de servicios integrales para empresas que crean soluciones en la nube cr\u00edticas utilizando Amazon Web Services. Somos AWS Partner y proporcionamos la implementaci\u00f3n, integraci\u00f3n y desarrollo de sistemas AWS para clientes de todo el mundo. \u00a1Consulte a nuestros expertos de AWS Cloud hoy mismo para obtener m\u00e1s informaci\u00f3n!","robots":{"index":"index","follow":"follow","max-snippet":"max-snippet:-1","max-image-preview":"max-image-preview:large","max-video-preview":"max-video-preview:-1"},"canonical":"https:\/\/www.ishir.com\/es\/servicios-web-amazon.htm","og_locale":"en_US","og_type":"article","og_title":"AWS Integration Management Amazon Web Services Soluciones de desarrollo en la nube Managed Service Provider Consulting Partner Experts Developers Dallas TX India | ISHIR","og_description":"ISHIR tiene experiencia en la provisi\u00f3n de servicios integrales para empresas que crean soluciones en la nube cr\u00edticas utilizando Amazon Web Services. Somos AWS Partner y proporcionamos la implementaci\u00f3n, integraci\u00f3n y desarrollo de sistemas AWS para clientes de todo el mundo. \u00a1Consulte a nuestros expertos de AWS Cloud hoy mismo para obtener m\u00e1s informaci\u00f3n!","og_url":"https:\/\/www.ishir.com\/es\/servicios-web-amazon.htm","og_site_name":"Offshore Custom Software Product Development Outsourcing Company India Mobile Application Development Services Dallas Texas Alexa AI IoT Developers - ISHIR","article_modified_time":"2018-08-20T13:09:31+00:00","og_image":[{"url":"https:\/\/www.ishir.com\/es\/wp-content\/uploads\/2018\/08\/AWS-main-img-new.jpg","type":"","width":"","height":""}],"twitter_card":"summary_large_image","schema":{"@context":"https:\/\/schema.org","@graph":[{"@type":"WebPage","@id":"https:\/\/www.ishir.com\/es\/servicios-web-amazon.htm","url":"https:\/\/www.ishir.com\/es\/servicios-web-amazon.htm","name":"AWS Integration Management Amazon Web Services Soluciones de desarrollo en la nube Managed Service Provider Consulting Partner Experts Developers Dallas TX India | ISHIR","isPartOf":{"@id":"https:\/\/www.ishir.com\/es\/#website"},"primaryImageOfPage":{"@id":"https:\/\/www.ishir.com\/es\/servicios-web-amazon.htm#primaryimage"},"image":{"@id":"https:\/\/www.ishir.com\/es\/servicios-web-amazon.htm#primaryimage"},"thumbnailUrl":"https:\/\/www.ishir.com\/es\/wp-content\/uploads\/2018\/08\/AWS-main-img-new.jpg","datePublished":"2018-08-06T07:53:34+00:00","dateModified":"2018-08-20T13:09:31+00:00","description":"ISHIR tiene experiencia en la provisi\u00f3n de servicios integrales para empresas que crean soluciones en la nube cr\u00edticas utilizando Amazon Web Services. Somos AWS Partner y proporcionamos la implementaci\u00f3n, integraci\u00f3n y desarrollo de sistemas AWS para clientes de todo el mundo. \u00a1Consulte a nuestros expertos de AWS Cloud hoy mismo para obtener m\u00e1s informaci\u00f3n!","breadcrumb":{"@id":"https:\/\/www.ishir.com\/es\/servicios-web-amazon.htm#breadcrumb"},"inLanguage":"en-US","potentialAction":[{"@type":"ReadAction","target":["https:\/\/www.ishir.com\/es\/servicios-web-amazon.htm"]}]},{"@type":"ImageObject","inLanguage":"en-US","@id":"https:\/\/www.ishir.com\/es\/servicios-web-amazon.htm#primaryimage","url":"https:\/\/www.ishir.com\/es\/wp-content\/uploads\/2018\/08\/AWS-main-img-new.jpg","contentUrl":"https:\/\/www.ishir.com\/es\/wp-content\/uploads\/2018\/08\/AWS-main-img-new.jpg","width":526,"height":232,"caption":"Amazon Web Services (AWS) Provider India"},{"@type":"BreadcrumbList","@id":"https:\/\/www.ishir.com\/es\/servicios-web-amazon.htm#breadcrumb","itemListElement":[{"@type":"ListItem","position":1,"name":"Home","item":"https:\/\/www.ishir.com\/es\/"},{"@type":"ListItem","position":2,"name":"AWS"}]},{"@type":"WebSite","@id":"https:\/\/www.ishir.com\/es\/#website","url":"https:\/\/www.ishir.com\/es\/","name":"Offshore Custom Software Product Development Outsourcing Company India Mobile Application Development Services Dallas Texas Alexa AI IoT Developers - ISHIR","description":"Just another WordPress site","potentialAction":[{"@type":"SearchAction","target":{"@type":"EntryPoint","urlTemplate":"https:\/\/www.ishir.com\/es\/?s={search_term_string}"},"query-input":{"@type":"PropertyValueSpecification","valueRequired":true,"valueName":"search_term_string"}}],"inLanguage":"en-US"}]}},"_links":{"self":[{"href":"https:\/\/www.ishir.com\/es\/wp-json\/wp\/v2\/pages\/46","targetHints":{"allow":["GET"]}}],"collection":[{"href":"https:\/\/www.ishir.com\/es\/wp-json\/wp\/v2\/pages"}],"about":[{"href":"https:\/\/www.ishir.com\/es\/wp-json\/wp\/v2\/types\/page"}],"author":[{"embeddable":true,"href":"https:\/\/www.ishir.com\/es\/wp-json\/wp\/v2\/users\/1"}],"replies":[{"embeddable":true,"href":"https:\/\/www.ishir.com\/es\/wp-json\/wp\/v2\/comments?post=46"}],"version-history":[{"count":4,"href":"https:\/\/www.ishir.com\/es\/wp-json\/wp\/v2\/pages\/46\/revisions"}],"predecessor-version":[{"id":6095,"href":"https:\/\/www.ishir.com\/es\/wp-json\/wp\/v2\/pages\/46\/revisions\/6095"}],"wp:attachment":[{"href":"https:\/\/www.ishir.com\/es\/wp-json\/wp\/v2\/media?parent=46"}],"curies":[{"name":"wp","href":"https:\/\/api.w.org\/{rel}","templated":true}]}}