{"id":51,"date":"2018-08-06T08:06:41","date_gmt":"2018-08-06T08:06:41","guid":{"rendered":"https:\/\/www.ishir.com\/es\/?page_id=51"},"modified":"2018-11-16T06:10:15","modified_gmt":"2018-11-16T06:10:15","slug":"empresa","status":"publish","type":"page","link":"https:\/\/www.ishir.com\/es\/empresa.htm","title":{"rendered":"COMPA\u00d1\u00cdA"},"content":{"rendered":"<h3>ISHIR es una compa\u00f1\u00eda subcontratada de servicios TI global diversificada que lleva la subcontrataci\u00f3n a distancia a la puerta de los clientes.<\/h3>\n<p class=\"backgroundNone marginNone paddingBot20\">Asistimos a nuestros clientes a lograr sus objetivos de negocios externalizando exitosamente sus procesos de negocio y funciones no principales en las \u00e1reas de tecnolog\u00eda y mercadeo digital.<\/p>\n<p>Hemos sido parte de la industria de externalizaci\u00f3n desde 1999 y hemos implementado exitosamente programas estrat\u00e9gicos a distancia en las \u00e1reas de desarrollo de software personalizado, desarrollo de producto de software, desarrollo de juegos de casino y externalizando servicios de producci\u00f3n de mercadeo digital a la India. ISHIR ha estado sirviendo a clientes a miles de millas de distancia, madurando a una extensi\u00f3n vital dependiente del equipo interno del cliente.<\/p>\n<h3>Aprovechamos a nuestras Personas, Procesos y uso Efectivo de la tecnolog\u00eda para catapultar a nuestros clientes a lograr su potencial de negocios.<\/h3>\n<p class=\"backgroundNone marginNone paddingBot20\">ISHIR tiene experiencia extensiva en proveer externalizaci\u00f3n de procesos de negocios no vitales, las funciones IT (desarrollo de software, desarrollo de producto, consultas y desarrollo SharePoint, desarrollo de aplicaciones m\u00f3viles, pruebas de software, gesti\u00f3n de servicios de TI, soluciones de c\u00f3mputos en nube), Interactivo (dise\u00f1o web y desarrollo, desarrollo de juegos), Mercadeo de Internet (optimizaci\u00f3n de motor de b\u00fasqueda, b\u00fasqueda pagada, visualizaci\u00f3n y servicios de mercadeo de redes sociales), configurar Built Operate Transfer (BOT), especializado en instalaciones R&amp;D y funciones no TI (ingreso de datos, investigaci\u00f3n, soporte al cliente, financiaci\u00f3n)<\/p>\n<p class=\"backgroundNone marginNone paddingBot20\">Tenemos vasta experiencia en externalizaci\u00f3n a distancia y hemos madurado en un socio de externalizaci\u00f3n confiable proveyendo valor sustancial y ahorro a nuestros clientes, a veces superando hasta el 65 por ciento.<\/p>\n<p class=\"backgroundNone marginNone paddingBot20\">ISHIR est\u00e1 establecido en Dallas, Texas, con centros de entrega a nivel mundial en Noida India y m\u00e1s de 200 profesionales trabajando en todo el mundo.<\/p>\n","protected":false},"excerpt":{"rendered":"<p>ISHIR es una compa\u00f1\u00eda subcontratada de servicios TI global diversificada que lleva la subcontrataci\u00f3n a distancia a la puerta de los clientes. Asistimos a nuestros clientes a lograr sus objetivos de negocios externalizando exitosamente sus procesos de negocio y funciones no principales en las \u00e1reas de tecnolog\u00eda y mercadeo digital. Hemos sido parte de la &hellip; <a href=\"https:\/\/www.ishir.com\/es\/empresa.htm\" class=\"more-link\">Continue reading<span class=\"screen-reader-text\"> &#8220;COMPA\u00d1\u00cdA&#8221;<\/span><\/a><\/p>\n","protected":false},"author":1,"featured_media":0,"parent":0,"menu_order":0,"comment_status":"closed","ping_status":"closed","template":"layouts\/about.php","meta":{"_acf_changed":false,"footnotes":""},"class_list":["post-51","page","type-page","status-publish","hentry"],"acf":[],"yoast_head":"<!-- This site is optimized with the Yoast SEO plugin v26.2 - https:\/\/yoast.com\/wordpress\/plugins\/seo\/ -->\n<title>Offshore empresa de outsourcing de TI | Servicios de marketing digital subcontratados - Nuestra empresa<\/title>\n<meta name=\"description\" content=\"ISHIR tiene una vasta experiencia en subcontrataci\u00f3n remota y ha madurado hasta convertirse en un socio de subcontrataci\u00f3n confiable que proporciona un valor sustancial y ahorros a los clientes. Cont\u00e1ctenos hoy por tel\u00e9fono o correo electr\u00f3nico.\" \/>\n<meta name=\"robots\" content=\"index, follow, max-snippet:-1, max-image-preview:large, max-video-preview:-1\" \/>\n<link rel=\"canonical\" href=\"https:\/\/www.ishir.com\/es\/empresa.htm\" \/>\n<meta property=\"og:locale\" content=\"en_US\" \/>\n<meta property=\"og:type\" content=\"article\" \/>\n<meta property=\"og:title\" content=\"Offshore empresa de outsourcing de TI | Servicios de marketing digital subcontratados - Nuestra empresa\" \/>\n<meta property=\"og:description\" content=\"ISHIR tiene una vasta experiencia en subcontrataci\u00f3n remota y ha madurado hasta convertirse en un socio de subcontrataci\u00f3n confiable que proporciona un valor sustancial y ahorros a los clientes. Cont\u00e1ctenos hoy por tel\u00e9fono o correo electr\u00f3nico.\" \/>\n<meta property=\"og:url\" content=\"https:\/\/www.ishir.com\/es\/empresa.htm\" \/>\n<meta property=\"og:site_name\" content=\"Offshore Custom Software Product Development Outsourcing Company India Mobile Application Development Services Dallas Texas Alexa AI IoT Developers - ISHIR\" \/>\n<meta property=\"article:modified_time\" content=\"2018-11-16T06:10:15+00:00\" \/>\n<meta name=\"twitter:card\" content=\"summary_large_image\" \/>\n<meta name=\"twitter:label1\" content=\"Est. reading time\" \/>\n\t<meta name=\"twitter:data1\" content=\"2 minutes\" \/>\n<script type=\"application\/ld+json\" class=\"yoast-schema-graph\">{\"@context\":\"https:\/\/schema.org\",\"@graph\":[{\"@type\":\"WebPage\",\"@id\":\"https:\/\/www.ishir.com\/es\/empresa.htm\",\"url\":\"https:\/\/www.ishir.com\/es\/empresa.htm\",\"name\":\"Offshore empresa de outsourcing de TI | Servicios de marketing digital subcontratados - Nuestra empresa\",\"isPartOf\":{\"@id\":\"https:\/\/www.ishir.com\/es\/#website\"},\"datePublished\":\"2018-08-06T08:06:41+00:00\",\"dateModified\":\"2018-11-16T06:10:15+00:00\",\"description\":\"ISHIR tiene una vasta experiencia en subcontrataci\u00f3n remota y ha madurado hasta convertirse en un socio de subcontrataci\u00f3n confiable que proporciona un valor sustancial y ahorros a los clientes. Cont\u00e1ctenos hoy por tel\u00e9fono o correo electr\u00f3nico.\",\"breadcrumb\":{\"@id\":\"https:\/\/www.ishir.com\/es\/empresa.htm#breadcrumb\"},\"inLanguage\":\"en-US\",\"potentialAction\":[{\"@type\":\"ReadAction\",\"target\":[\"https:\/\/www.ishir.com\/es\/empresa.htm\"]}]},{\"@type\":\"BreadcrumbList\",\"@id\":\"https:\/\/www.ishir.com\/es\/empresa.htm#breadcrumb\",\"itemListElement\":[{\"@type\":\"ListItem\",\"position\":1,\"name\":\"Home\",\"item\":\"https:\/\/www.ishir.com\/es\/\"},{\"@type\":\"ListItem\",\"position\":2,\"name\":\"COMPA\u00d1\u00cdA\"}]},{\"@type\":\"WebSite\",\"@id\":\"https:\/\/www.ishir.com\/es\/#website\",\"url\":\"https:\/\/www.ishir.com\/es\/\",\"name\":\"Offshore Custom Software Product Development Outsourcing Company India Mobile Application Development Services Dallas Texas Alexa AI IoT Developers - ISHIR\",\"description\":\"Just another WordPress site\",\"potentialAction\":[{\"@type\":\"SearchAction\",\"target\":{\"@type\":\"EntryPoint\",\"urlTemplate\":\"https:\/\/www.ishir.com\/es\/?s={search_term_string}\"},\"query-input\":{\"@type\":\"PropertyValueSpecification\",\"valueRequired\":true,\"valueName\":\"search_term_string\"}}],\"inLanguage\":\"en-US\"}]}<\/script>\n<!-- \/ Yoast SEO plugin. -->","yoast_head_json":{"title":"Offshore empresa de outsourcing de TI | Servicios de marketing digital subcontratados - Nuestra empresa","description":"ISHIR tiene una vasta experiencia en subcontrataci\u00f3n remota y ha madurado hasta convertirse en un socio de subcontrataci\u00f3n confiable que proporciona un valor sustancial y ahorros a los clientes. Cont\u00e1ctenos hoy por tel\u00e9fono o correo electr\u00f3nico.","robots":{"index":"index","follow":"follow","max-snippet":"max-snippet:-1","max-image-preview":"max-image-preview:large","max-video-preview":"max-video-preview:-1"},"canonical":"https:\/\/www.ishir.com\/es\/empresa.htm","og_locale":"en_US","og_type":"article","og_title":"Offshore empresa de outsourcing de TI | Servicios de marketing digital subcontratados - Nuestra empresa","og_description":"ISHIR tiene una vasta experiencia en subcontrataci\u00f3n remota y ha madurado hasta convertirse en un socio de subcontrataci\u00f3n confiable que proporciona un valor sustancial y ahorros a los clientes. Cont\u00e1ctenos hoy por tel\u00e9fono o correo electr\u00f3nico.","og_url":"https:\/\/www.ishir.com\/es\/empresa.htm","og_site_name":"Offshore Custom Software Product Development Outsourcing Company India Mobile Application Development Services Dallas Texas Alexa AI IoT Developers - ISHIR","article_modified_time":"2018-11-16T06:10:15+00:00","twitter_card":"summary_large_image","twitter_misc":{"Est. reading time":"2 minutes"},"schema":{"@context":"https:\/\/schema.org","@graph":[{"@type":"WebPage","@id":"https:\/\/www.ishir.com\/es\/empresa.htm","url":"https:\/\/www.ishir.com\/es\/empresa.htm","name":"Offshore empresa de outsourcing de TI | Servicios de marketing digital subcontratados - Nuestra empresa","isPartOf":{"@id":"https:\/\/www.ishir.com\/es\/#website"},"datePublished":"2018-08-06T08:06:41+00:00","dateModified":"2018-11-16T06:10:15+00:00","description":"ISHIR tiene una vasta experiencia en subcontrataci\u00f3n remota y ha madurado hasta convertirse en un socio de subcontrataci\u00f3n confiable que proporciona un valor sustancial y ahorros a los clientes. Cont\u00e1ctenos hoy por tel\u00e9fono o correo electr\u00f3nico.","breadcrumb":{"@id":"https:\/\/www.ishir.com\/es\/empresa.htm#breadcrumb"},"inLanguage":"en-US","potentialAction":[{"@type":"ReadAction","target":["https:\/\/www.ishir.com\/es\/empresa.htm"]}]},{"@type":"BreadcrumbList","@id":"https:\/\/www.ishir.com\/es\/empresa.htm#breadcrumb","itemListElement":[{"@type":"ListItem","position":1,"name":"Home","item":"https:\/\/www.ishir.com\/es\/"},{"@type":"ListItem","position":2,"name":"COMPA\u00d1\u00cdA"}]},{"@type":"WebSite","@id":"https:\/\/www.ishir.com\/es\/#website","url":"https:\/\/www.ishir.com\/es\/","name":"Offshore Custom Software Product Development Outsourcing Company India Mobile Application Development Services Dallas Texas Alexa AI IoT Developers - ISHIR","description":"Just another WordPress site","potentialAction":[{"@type":"SearchAction","target":{"@type":"EntryPoint","urlTemplate":"https:\/\/www.ishir.com\/es\/?s={search_term_string}"},"query-input":{"@type":"PropertyValueSpecification","valueRequired":true,"valueName":"search_term_string"}}],"inLanguage":"en-US"}]}},"_links":{"self":[{"href":"https:\/\/www.ishir.com\/es\/wp-json\/wp\/v2\/pages\/51","targetHints":{"allow":["GET"]}}],"collection":[{"href":"https:\/\/www.ishir.com\/es\/wp-json\/wp\/v2\/pages"}],"about":[{"href":"https:\/\/www.ishir.com\/es\/wp-json\/wp\/v2\/types\/page"}],"author":[{"embeddable":true,"href":"https:\/\/www.ishir.com\/es\/wp-json\/wp\/v2\/users\/1"}],"replies":[{"embeddable":true,"href":"https:\/\/www.ishir.com\/es\/wp-json\/wp\/v2\/comments?post=51"}],"version-history":[{"count":8,"href":"https:\/\/www.ishir.com\/es\/wp-json\/wp\/v2\/pages\/51\/revisions"}],"predecessor-version":[{"id":6174,"href":"https:\/\/www.ishir.com\/es\/wp-json\/wp\/v2\/pages\/51\/revisions\/6174"}],"wp:attachment":[{"href":"https:\/\/www.ishir.com\/es\/wp-json\/wp\/v2\/media?parent=51"}],"curies":[{"name":"wp","href":"https:\/\/api.w.org\/{rel}","templated":true}]}}