{"id":5609,"date":"2018-08-06T10:21:00","date_gmt":"2018-08-06T10:21:00","guid":{"rendered":"https:\/\/www.ishir.com\/es\/?page_id=5609"},"modified":"2018-08-28T10:12:48","modified_gmt":"2018-08-28T10:12:48","slug":"consultoria-azul","status":"publish","type":"page","link":"https:\/\/www.ishir.com\/es\/consultoria-azul.htm","title":{"rendered":"AZURE"},"content":{"rendered":"<section id=\"softwareDevelopmentContent\" style=\"padding: 80px 0 100px 0;\">\n<div class=\"container\">\n<div class=\"col-lg-12 col-sm-12 col-xs-12\">\n<div class=\"row\">\n<div class=\"col-lg-12 col-sm-12 col-xs-12\">\n<h3>Aceleraci\u00f3n de nube con Microsoft Azure<\/h3>\n<\/div>\n<\/div>\n<p>Adoptando el c\u00f3mputo en nube como una estrategia amplia empresarial requiere planificaci\u00f3n cuidadosa, creaci\u00f3n de mapas de ruta y ejecuci\u00f3n por fases. ISHIR asiste a los negocios en aprovechar los c\u00f3mputos en nube usando la plataforma de Microsoft Azure para ayudarlos a acelerar y activar la adopci\u00f3n en nube a largo de toda la empresa, modernizaci\u00f3n y transformaci\u00f3n. Pasar a la Nube no se trata solo desarrollar una aplicaci\u00f3n y resolver un requisito de negocios sino sobre una estrategia comprensiva y cosechando beneficios a largo plazo.<\/p>\n<\/div>\n<\/div>\n<\/section>\n<section id=\"modernBusiness\">\n<div class=\"container\">\n<div class=\"row\" style=\"position: relative;\">\n<div class=\"col-lg-6 col-sm-6 col-xs-12 azureLeft\">\n<div class=\"innerAzureLeft\">\n<div class=\"cloudModernBusiness\"><span class=\"azureLogo\"><img decoding=\"async\" class=\"img-responsive\" src=\"https:\/\/www.ishir.com\/es\/wp-content\/uploads\/2018\/08\/azure-logo.png\" alt=\"\" \/><\/span><br \/>\n<span class=\"azureTxt\"><img decoding=\"async\" class=\"img-responsive\" src=\"https:\/\/www.ishir.com\/es\/wp-content\/uploads\/2018\/08\/modern-business-txt.png\" alt=\"\" \/><\/span><br \/>\n<span class=\"azureBtn\"><a href=\"https:\/\/www.ishir.com\/es\/contactenos.htm\">INT\u00c9NTALO AHORA<i class=\"fa fa-angle-right\"><\/i><\/a><\/span><\/div>\n<\/div>\n<\/div>\n<div class=\"col-lg-6 col-sm-6 col-xs-12 azureRight\">\n<div class=\"azureContent\">\n<div class=\"azureContentTxt\">ISHIR habilita a los negocios para empezar las iniciativas de c\u00f3mputos en nube utilizando una aproximaci\u00f3n met\u00f3dica para evaluar, identificar, valorar y dise\u00f1ar un mapa de ruta pragm\u00e1tico para la adopci\u00f3n de la nube. El equipo experimentado de consultores de tecnolog\u00eda, arquitectos y desarrolladores Azure de ISHIR trabajan muy cerca con tu equipo para explicar y racionalizar la significaci\u00f3n del c\u00f3mputo en nube a lo largo de la empresa, analizar las implicaciones a tu negocio, identificar los beneficios y desarrollar un mapa de ruta que est\u00e1 dise\u00f1ado espec\u00edficamente para satisfacer las necesidades \u00fanicas de tu organizaci\u00f3n.<\/div>\n<\/div>\n<\/div>\n<\/div>\n<\/div>\n<\/section>\n","protected":false},"excerpt":{"rendered":"<p>Aceleraci\u00f3n de nube con Microsoft Azure Adoptando el c\u00f3mputo en nube como una estrategia amplia empresarial requiere planificaci\u00f3n cuidadosa, creaci\u00f3n de mapas de ruta y ejecuci\u00f3n por fases. ISHIR asiste a los negocios en aprovechar los c\u00f3mputos en nube usando la plataforma de Microsoft Azure para ayudarlos a acelerar y activar la adopci\u00f3n en nube &hellip; <a href=\"https:\/\/www.ishir.com\/es\/consultoria-azul.htm\" class=\"more-link\">Continue reading<span class=\"screen-reader-text\"> &#8220;AZURE&#8221;<\/span><\/a><\/p>\n","protected":false},"author":1,"featured_media":0,"parent":0,"menu_order":0,"comment_status":"closed","ping_status":"closed","template":"layouts\/azure-consulting.php","meta":{"_acf_changed":false,"footnotes":""},"class_list":["post-5609","page","type-page","status-publish","hentry"],"acf":[],"yoast_head":"<!-- This site is optimized with the Yoast SEO plugin v26.2 - https:\/\/yoast.com\/wordpress\/plugins\/seo\/ -->\n<title>Microsoft Azure Cloud Monitoring Services Consultores de la empresa Consultores Offshore Computing Dallas Texas India | ISHIR<\/title>\n<meta name=\"description\" content=\"ISHIR con sus servicios de monitoreo en la nube de Microsoft Azure ayuda a los clientes a supervisar el rendimiento de las aplicaciones, el almacenamiento y las m\u00e9tricas de las transacciones; monitorear los indicadores de rendimiento clave (KPI) del negocio, los acuerdos de nivel de servicio y las m\u00e9tricas de cumplimiento; y monitorear los costos operacionales de las aplicaciones en Windows Azure. P\u00f3ngase en contacto con nosotros para consultar Azure Cloud offshore consulting desde India.\" \/>\n<meta name=\"robots\" content=\"index, follow, max-snippet:-1, max-image-preview:large, max-video-preview:-1\" \/>\n<link rel=\"canonical\" href=\"https:\/\/www.ishir.com\/es\/consultoria-azul.htm\" \/>\n<meta property=\"og:locale\" content=\"en_US\" \/>\n<meta property=\"og:type\" content=\"article\" \/>\n<meta property=\"og:title\" content=\"Microsoft Azure Cloud Monitoring Services Consultores de la empresa Consultores Offshore Computing Dallas Texas India | ISHIR\" \/>\n<meta property=\"og:description\" content=\"ISHIR con sus servicios de monitoreo en la nube de Microsoft Azure ayuda a los clientes a supervisar el rendimiento de las aplicaciones, el almacenamiento y las m\u00e9tricas de las transacciones; monitorear los indicadores de rendimiento clave (KPI) del negocio, los acuerdos de nivel de servicio y las m\u00e9tricas de cumplimiento; y monitorear los costos operacionales de las aplicaciones en Windows Azure. P\u00f3ngase en contacto con nosotros para consultar Azure Cloud offshore consulting desde India.\" \/>\n<meta property=\"og:url\" content=\"https:\/\/www.ishir.com\/es\/consultoria-azul.htm\" \/>\n<meta property=\"og:site_name\" content=\"Offshore Custom Software Product Development Outsourcing Company India Mobile Application Development Services Dallas Texas Alexa AI IoT Developers - ISHIR\" \/>\n<meta property=\"article:modified_time\" content=\"2018-08-28T10:12:48+00:00\" \/>\n<meta property=\"og:image\" content=\"https:\/\/www.ishir.com\/es\/wp-content\/uploads\/2018\/08\/azure-logo.png\" \/>\n<meta name=\"twitter:card\" content=\"summary_large_image\" \/>\n<meta name=\"twitter:label1\" content=\"Est. reading time\" \/>\n\t<meta name=\"twitter:data1\" content=\"1 minute\" \/>\n<script type=\"application\/ld+json\" class=\"yoast-schema-graph\">{\"@context\":\"https:\/\/schema.org\",\"@graph\":[{\"@type\":\"WebPage\",\"@id\":\"https:\/\/www.ishir.com\/es\/consultoria-azul.htm\",\"url\":\"https:\/\/www.ishir.com\/es\/consultoria-azul.htm\",\"name\":\"Microsoft Azure Cloud Monitoring Services Consultores de la empresa Consultores Offshore Computing Dallas Texas India | ISHIR\",\"isPartOf\":{\"@id\":\"https:\/\/www.ishir.com\/es\/#website\"},\"primaryImageOfPage\":{\"@id\":\"https:\/\/www.ishir.com\/es\/consultoria-azul.htm#primaryimage\"},\"image\":{\"@id\":\"https:\/\/www.ishir.com\/es\/consultoria-azul.htm#primaryimage\"},\"thumbnailUrl\":\"https:\/\/www.ishir.com\/es\/wp-content\/uploads\/2018\/08\/azure-logo.png\",\"datePublished\":\"2018-08-06T10:21:00+00:00\",\"dateModified\":\"2018-08-28T10:12:48+00:00\",\"description\":\"ISHIR con sus servicios de monitoreo en la nube de Microsoft Azure ayuda a los clientes a supervisar el rendimiento de las aplicaciones, el almacenamiento y las m\u00e9tricas de las transacciones; monitorear los indicadores de rendimiento clave (KPI) del negocio, los acuerdos de nivel de servicio y las m\u00e9tricas de cumplimiento; y monitorear los costos operacionales de las aplicaciones en Windows Azure. P\u00f3ngase en contacto con nosotros para consultar Azure Cloud offshore consulting desde India.\",\"breadcrumb\":{\"@id\":\"https:\/\/www.ishir.com\/es\/consultoria-azul.htm#breadcrumb\"},\"inLanguage\":\"en-US\",\"potentialAction\":[{\"@type\":\"ReadAction\",\"target\":[\"https:\/\/www.ishir.com\/es\/consultoria-azul.htm\"]}]},{\"@type\":\"ImageObject\",\"inLanguage\":\"en-US\",\"@id\":\"https:\/\/www.ishir.com\/es\/consultoria-azul.htm#primaryimage\",\"url\":\"https:\/\/www.ishir.com\/es\/wp-content\/uploads\/2018\/08\/azure-logo.png\",\"contentUrl\":\"https:\/\/www.ishir.com\/es\/wp-content\/uploads\/2018\/08\/azure-logo.png\",\"width\":149,\"height\":42,\"caption\":\"Logotipo de Microsoft Azure\"},{\"@type\":\"BreadcrumbList\",\"@id\":\"https:\/\/www.ishir.com\/es\/consultoria-azul.htm#breadcrumb\",\"itemListElement\":[{\"@type\":\"ListItem\",\"position\":1,\"name\":\"Home\",\"item\":\"https:\/\/www.ishir.com\/es\/\"},{\"@type\":\"ListItem\",\"position\":2,\"name\":\"AZURE\"}]},{\"@type\":\"WebSite\",\"@id\":\"https:\/\/www.ishir.com\/es\/#website\",\"url\":\"https:\/\/www.ishir.com\/es\/\",\"name\":\"Offshore Custom Software Product Development Outsourcing Company India Mobile Application Development Services Dallas Texas Alexa AI IoT Developers - ISHIR\",\"description\":\"Just another WordPress site\",\"potentialAction\":[{\"@type\":\"SearchAction\",\"target\":{\"@type\":\"EntryPoint\",\"urlTemplate\":\"https:\/\/www.ishir.com\/es\/?s={search_term_string}\"},\"query-input\":{\"@type\":\"PropertyValueSpecification\",\"valueRequired\":true,\"valueName\":\"search_term_string\"}}],\"inLanguage\":\"en-US\"}]}<\/script>\n<!-- \/ Yoast SEO plugin. -->","yoast_head_json":{"title":"Microsoft Azure Cloud Monitoring Services Consultores de la empresa Consultores Offshore Computing Dallas Texas India | ISHIR","description":"ISHIR con sus servicios de monitoreo en la nube de Microsoft Azure ayuda a los clientes a supervisar el rendimiento de las aplicaciones, el almacenamiento y las m\u00e9tricas de las transacciones; monitorear los indicadores de rendimiento clave (KPI) del negocio, los acuerdos de nivel de servicio y las m\u00e9tricas de cumplimiento; y monitorear los costos operacionales de las aplicaciones en Windows Azure. P\u00f3ngase en contacto con nosotros para consultar Azure Cloud offshore consulting desde India.","robots":{"index":"index","follow":"follow","max-snippet":"max-snippet:-1","max-image-preview":"max-image-preview:large","max-video-preview":"max-video-preview:-1"},"canonical":"https:\/\/www.ishir.com\/es\/consultoria-azul.htm","og_locale":"en_US","og_type":"article","og_title":"Microsoft Azure Cloud Monitoring Services Consultores de la empresa Consultores Offshore Computing Dallas Texas India | ISHIR","og_description":"ISHIR con sus servicios de monitoreo en la nube de Microsoft Azure ayuda a los clientes a supervisar el rendimiento de las aplicaciones, el almacenamiento y las m\u00e9tricas de las transacciones; monitorear los indicadores de rendimiento clave (KPI) del negocio, los acuerdos de nivel de servicio y las m\u00e9tricas de cumplimiento; y monitorear los costos operacionales de las aplicaciones en Windows Azure. P\u00f3ngase en contacto con nosotros para consultar Azure Cloud offshore consulting desde India.","og_url":"https:\/\/www.ishir.com\/es\/consultoria-azul.htm","og_site_name":"Offshore Custom Software Product Development Outsourcing Company India Mobile Application Development Services Dallas Texas Alexa AI IoT Developers - ISHIR","article_modified_time":"2018-08-28T10:12:48+00:00","og_image":[{"url":"https:\/\/www.ishir.com\/es\/wp-content\/uploads\/2018\/08\/azure-logo.png","type":"","width":"","height":""}],"twitter_card":"summary_large_image","twitter_misc":{"Est. reading time":"1 minute"},"schema":{"@context":"https:\/\/schema.org","@graph":[{"@type":"WebPage","@id":"https:\/\/www.ishir.com\/es\/consultoria-azul.htm","url":"https:\/\/www.ishir.com\/es\/consultoria-azul.htm","name":"Microsoft Azure Cloud Monitoring Services Consultores de la empresa Consultores Offshore Computing Dallas Texas India | ISHIR","isPartOf":{"@id":"https:\/\/www.ishir.com\/es\/#website"},"primaryImageOfPage":{"@id":"https:\/\/www.ishir.com\/es\/consultoria-azul.htm#primaryimage"},"image":{"@id":"https:\/\/www.ishir.com\/es\/consultoria-azul.htm#primaryimage"},"thumbnailUrl":"https:\/\/www.ishir.com\/es\/wp-content\/uploads\/2018\/08\/azure-logo.png","datePublished":"2018-08-06T10:21:00+00:00","dateModified":"2018-08-28T10:12:48+00:00","description":"ISHIR con sus servicios de monitoreo en la nube de Microsoft Azure ayuda a los clientes a supervisar el rendimiento de las aplicaciones, el almacenamiento y las m\u00e9tricas de las transacciones; monitorear los indicadores de rendimiento clave (KPI) del negocio, los acuerdos de nivel de servicio y las m\u00e9tricas de cumplimiento; y monitorear los costos operacionales de las aplicaciones en Windows Azure. P\u00f3ngase en contacto con nosotros para consultar Azure Cloud offshore consulting desde India.","breadcrumb":{"@id":"https:\/\/www.ishir.com\/es\/consultoria-azul.htm#breadcrumb"},"inLanguage":"en-US","potentialAction":[{"@type":"ReadAction","target":["https:\/\/www.ishir.com\/es\/consultoria-azul.htm"]}]},{"@type":"ImageObject","inLanguage":"en-US","@id":"https:\/\/www.ishir.com\/es\/consultoria-azul.htm#primaryimage","url":"https:\/\/www.ishir.com\/es\/wp-content\/uploads\/2018\/08\/azure-logo.png","contentUrl":"https:\/\/www.ishir.com\/es\/wp-content\/uploads\/2018\/08\/azure-logo.png","width":149,"height":42,"caption":"Logotipo de Microsoft Azure"},{"@type":"BreadcrumbList","@id":"https:\/\/www.ishir.com\/es\/consultoria-azul.htm#breadcrumb","itemListElement":[{"@type":"ListItem","position":1,"name":"Home","item":"https:\/\/www.ishir.com\/es\/"},{"@type":"ListItem","position":2,"name":"AZURE"}]},{"@type":"WebSite","@id":"https:\/\/www.ishir.com\/es\/#website","url":"https:\/\/www.ishir.com\/es\/","name":"Offshore Custom Software Product Development Outsourcing Company India Mobile Application Development Services Dallas Texas Alexa AI IoT Developers - ISHIR","description":"Just another WordPress site","potentialAction":[{"@type":"SearchAction","target":{"@type":"EntryPoint","urlTemplate":"https:\/\/www.ishir.com\/es\/?s={search_term_string}"},"query-input":{"@type":"PropertyValueSpecification","valueRequired":true,"valueName":"search_term_string"}}],"inLanguage":"en-US"}]}},"_links":{"self":[{"href":"https:\/\/www.ishir.com\/es\/wp-json\/wp\/v2\/pages\/5609","targetHints":{"allow":["GET"]}}],"collection":[{"href":"https:\/\/www.ishir.com\/es\/wp-json\/wp\/v2\/pages"}],"about":[{"href":"https:\/\/www.ishir.com\/es\/wp-json\/wp\/v2\/types\/page"}],"author":[{"embeddable":true,"href":"https:\/\/www.ishir.com\/es\/wp-json\/wp\/v2\/users\/1"}],"replies":[{"embeddable":true,"href":"https:\/\/www.ishir.com\/es\/wp-json\/wp\/v2\/comments?post=5609"}],"version-history":[{"count":4,"href":"https:\/\/www.ishir.com\/es\/wp-json\/wp\/v2\/pages\/5609\/revisions"}],"predecessor-version":[{"id":6116,"href":"https:\/\/www.ishir.com\/es\/wp-json\/wp\/v2\/pages\/5609\/revisions\/6116"}],"wp:attachment":[{"href":"https:\/\/www.ishir.com\/es\/wp-json\/wp\/v2\/media?parent=5609"}],"curies":[{"name":"wp","href":"https:\/\/api.w.org\/{rel}","templated":true}]}}