{"id":5613,"date":"2018-08-06T10:36:33","date_gmt":"2018-08-06T10:36:33","guid":{"rendered":"https:\/\/www.ishir.com\/es\/?page_id=5613"},"modified":"2018-11-16T06:18:28","modified_gmt":"2018-11-16T06:18:28","slug":"soluciones-de-desarrollo-dot-net","status":"publish","type":"page","link":"https:\/\/www.ishir.com\/es\/soluciones-de-desarrollo-dot-net.htm","title":{"rendered":".NET"},"content":{"rendered":"<section id=\"softwareDevelopmentContent\" style=\"padding: 80px 0;\">\n<div class=\"container\">\n<div class=\"row\">\n<div class=\"col-lg-12 col-sm-12 col-xs-12\">\n<div class=\"row\">\n<div class=\"col-lg-10 col-sm-12 col-xs-12 col-lg-offset-1 col-sm-offset-0 col-xs-offset-0\">\n<h3>ISHIR una socio de oro de Microsoft, una compa\u00f1\u00eda CMMI nivel 3 de desarrollo .NET certificada<\/h3>\n<\/div>\n<\/div>\n<p>ISHIR entrega soluciones .NET robustas para abastecer las necesidades de negocios peque\u00f1os, medianos y empresariales. ISHIR provee servicios de desarrollo .NET completo aprovechando nuestra experiencia probada en la entrega de aplicaciones ricas de alto rendimiento y productos software para la web, nube y m\u00f3vil.<\/p>\n<p>Microsoft .NET Framework representa un gran paso hacia delante para los desarrolladores de Microsoft, abarcando muchas de las disciplinas orientadas a objetos e innovaciones de c\u00f3digo gestionado que se han vuelto populares en el desarrollo de aplicaciones de negocios en la \u00faltima d\u00e9cada.<\/p>\n<p>ISHIR ha establecido un centro de competencia especial de Microsoft .NET para adoptar las pr\u00f3ximas tendencias en las tecnolog\u00edas Microsoft, asegurar una adopci\u00f3n temprana, esparcir el conocimiento y promover las mejores pr\u00e1cticas con las tecnolog\u00edas Microsoft. El centro de competencia a distancia de Microsoft .NET aprovecha esta pericia para activar el desarrollo de aplicaciones r\u00e1pido y sin errores para resolver problemas de negocio espec\u00edficos.<\/p>\n<p>ISHIR tiene un equipo en casa de m\u00e1s de 100 expertos en ASP.NET y desarrolladores C# que tienen una habilidad probada para manejar proyectos .NET complejos. Muchos SMBs y grandes empresas escogen Soluciones Net para sus proyectos de software de misi\u00f3n cr\u00edtica.<\/p>\n<\/div>\n<\/div>\n<\/div>\n<\/section>\n","protected":false},"excerpt":{"rendered":"<p>ISHIR una socio de oro de Microsoft, una compa\u00f1\u00eda CMMI nivel 3 de desarrollo .NET certificada ISHIR entrega soluciones .NET robustas para abastecer las necesidades de negocios peque\u00f1os, medianos y empresariales. ISHIR provee servicios de desarrollo .NET completo aprovechando nuestra experiencia probada en la entrega de aplicaciones ricas de alto rendimiento y productos software para &hellip; <a href=\"https:\/\/www.ishir.com\/es\/soluciones-de-desarrollo-dot-net.htm\" class=\"more-link\">Continue reading<span class=\"screen-reader-text\"> &#8220;.NET&#8221;<\/span><\/a><\/p>\n","protected":false},"author":1,"featured_media":0,"parent":0,"menu_order":0,"comment_status":"closed","ping_status":"closed","template":"layouts\/dot-net-development.php","meta":{"_acf_changed":false,"footnotes":""},"class_list":["post-5613","page","type-page","status-publish","hentry"],"acf":[],"yoast_head":"<!-- This site is optimized with the Yoast SEO plugin v26.2 - https:\/\/yoast.com\/wordpress\/plugins\/seo\/ -->\n<title>Desarrolladores Offshore .NET | Externalizar el desarrollo .NET a la India | Servicios de desarrollo .Net<\/title>\n<meta name=\"description\" content=\"ISHIR, empresa de desarrollo certificada CMMI nivel 3, proporciona soluciones .NET para satisfacer las necesidades de las empresas peque\u00f1as, medianas y comerciales. Somos una empresa de desarrollo .NET offshore con experiencia comprobada en la entrega de aplicaciones y productos de software ricos y de alto rendimiento para la web, la nube y el m\u00f3vil.\" \/>\n<meta name=\"robots\" content=\"index, follow, max-snippet:-1, max-image-preview:large, max-video-preview:-1\" \/>\n<link rel=\"canonical\" href=\"https:\/\/www.ishir.com\/es\/soluciones-de-desarrollo-dot-net.htm\" \/>\n<meta property=\"og:locale\" content=\"en_US\" \/>\n<meta property=\"og:type\" content=\"article\" \/>\n<meta property=\"og:title\" content=\"Desarrolladores Offshore .NET | Externalizar el desarrollo .NET a la India | Servicios de desarrollo .Net\" \/>\n<meta property=\"og:description\" content=\"ISHIR, empresa de desarrollo certificada CMMI nivel 3, proporciona soluciones .NET para satisfacer las necesidades de las empresas peque\u00f1as, medianas y comerciales. Somos una empresa de desarrollo .NET offshore con experiencia comprobada en la entrega de aplicaciones y productos de software ricos y de alto rendimiento para la web, la nube y el m\u00f3vil.\" \/>\n<meta property=\"og:url\" content=\"https:\/\/www.ishir.com\/es\/soluciones-de-desarrollo-dot-net.htm\" \/>\n<meta property=\"og:site_name\" content=\"Offshore Custom Software Product Development Outsourcing Company India Mobile Application Development Services Dallas Texas Alexa AI IoT Developers - ISHIR\" \/>\n<meta property=\"article:modified_time\" content=\"2018-11-16T06:18:28+00:00\" \/>\n<meta name=\"twitter:card\" content=\"summary_large_image\" \/>\n<meta name=\"twitter:label1\" content=\"Est. reading time\" \/>\n\t<meta name=\"twitter:data1\" content=\"1 minute\" \/>\n<script type=\"application\/ld+json\" class=\"yoast-schema-graph\">{\"@context\":\"https:\/\/schema.org\",\"@graph\":[{\"@type\":\"WebPage\",\"@id\":\"https:\/\/www.ishir.com\/es\/soluciones-de-desarrollo-dot-net.htm\",\"url\":\"https:\/\/www.ishir.com\/es\/soluciones-de-desarrollo-dot-net.htm\",\"name\":\"Desarrolladores Offshore .NET | Externalizar el desarrollo .NET a la India | Servicios de desarrollo .Net\",\"isPartOf\":{\"@id\":\"https:\/\/www.ishir.com\/es\/#website\"},\"datePublished\":\"2018-08-06T10:36:33+00:00\",\"dateModified\":\"2018-11-16T06:18:28+00:00\",\"description\":\"ISHIR, empresa de desarrollo certificada CMMI nivel 3, proporciona soluciones .NET para satisfacer las necesidades de las empresas peque\u00f1as, medianas y comerciales. Somos una empresa de desarrollo .NET offshore con experiencia comprobada en la entrega de aplicaciones y productos de software ricos y de alto rendimiento para la web, la nube y el m\u00f3vil.\",\"breadcrumb\":{\"@id\":\"https:\/\/www.ishir.com\/es\/soluciones-de-desarrollo-dot-net.htm#breadcrumb\"},\"inLanguage\":\"en-US\",\"potentialAction\":[{\"@type\":\"ReadAction\",\"target\":[\"https:\/\/www.ishir.com\/es\/soluciones-de-desarrollo-dot-net.htm\"]}]},{\"@type\":\"BreadcrumbList\",\"@id\":\"https:\/\/www.ishir.com\/es\/soluciones-de-desarrollo-dot-net.htm#breadcrumb\",\"itemListElement\":[{\"@type\":\"ListItem\",\"position\":1,\"name\":\"Home\",\"item\":\"https:\/\/www.ishir.com\/es\/\"},{\"@type\":\"ListItem\",\"position\":2,\"name\":\".NET\"}]},{\"@type\":\"WebSite\",\"@id\":\"https:\/\/www.ishir.com\/es\/#website\",\"url\":\"https:\/\/www.ishir.com\/es\/\",\"name\":\"Offshore Custom Software Product Development Outsourcing Company India Mobile Application Development Services Dallas Texas Alexa AI IoT Developers - ISHIR\",\"description\":\"Just another WordPress site\",\"potentialAction\":[{\"@type\":\"SearchAction\",\"target\":{\"@type\":\"EntryPoint\",\"urlTemplate\":\"https:\/\/www.ishir.com\/es\/?s={search_term_string}\"},\"query-input\":{\"@type\":\"PropertyValueSpecification\",\"valueRequired\":true,\"valueName\":\"search_term_string\"}}],\"inLanguage\":\"en-US\"}]}<\/script>\n<!-- \/ Yoast SEO plugin. -->","yoast_head_json":{"title":"Desarrolladores Offshore .NET | Externalizar el desarrollo .NET a la India | Servicios de desarrollo .Net","description":"ISHIR, empresa de desarrollo certificada CMMI nivel 3, proporciona soluciones .NET para satisfacer las necesidades de las empresas peque\u00f1as, medianas y comerciales. Somos una empresa de desarrollo .NET offshore con experiencia comprobada en la entrega de aplicaciones y productos de software ricos y de alto rendimiento para la web, la nube y el m\u00f3vil.","robots":{"index":"index","follow":"follow","max-snippet":"max-snippet:-1","max-image-preview":"max-image-preview:large","max-video-preview":"max-video-preview:-1"},"canonical":"https:\/\/www.ishir.com\/es\/soluciones-de-desarrollo-dot-net.htm","og_locale":"en_US","og_type":"article","og_title":"Desarrolladores Offshore .NET | Externalizar el desarrollo .NET a la India | Servicios de desarrollo .Net","og_description":"ISHIR, empresa de desarrollo certificada CMMI nivel 3, proporciona soluciones .NET para satisfacer las necesidades de las empresas peque\u00f1as, medianas y comerciales. Somos una empresa de desarrollo .NET offshore con experiencia comprobada en la entrega de aplicaciones y productos de software ricos y de alto rendimiento para la web, la nube y el m\u00f3vil.","og_url":"https:\/\/www.ishir.com\/es\/soluciones-de-desarrollo-dot-net.htm","og_site_name":"Offshore Custom Software Product Development Outsourcing Company India Mobile Application Development Services Dallas Texas Alexa AI IoT Developers - ISHIR","article_modified_time":"2018-11-16T06:18:28+00:00","twitter_card":"summary_large_image","twitter_misc":{"Est. reading time":"1 minute"},"schema":{"@context":"https:\/\/schema.org","@graph":[{"@type":"WebPage","@id":"https:\/\/www.ishir.com\/es\/soluciones-de-desarrollo-dot-net.htm","url":"https:\/\/www.ishir.com\/es\/soluciones-de-desarrollo-dot-net.htm","name":"Desarrolladores Offshore .NET | Externalizar el desarrollo .NET a la India | Servicios de desarrollo .Net","isPartOf":{"@id":"https:\/\/www.ishir.com\/es\/#website"},"datePublished":"2018-08-06T10:36:33+00:00","dateModified":"2018-11-16T06:18:28+00:00","description":"ISHIR, empresa de desarrollo certificada CMMI nivel 3, proporciona soluciones .NET para satisfacer las necesidades de las empresas peque\u00f1as, medianas y comerciales. Somos una empresa de desarrollo .NET offshore con experiencia comprobada en la entrega de aplicaciones y productos de software ricos y de alto rendimiento para la web, la nube y el m\u00f3vil.","breadcrumb":{"@id":"https:\/\/www.ishir.com\/es\/soluciones-de-desarrollo-dot-net.htm#breadcrumb"},"inLanguage":"en-US","potentialAction":[{"@type":"ReadAction","target":["https:\/\/www.ishir.com\/es\/soluciones-de-desarrollo-dot-net.htm"]}]},{"@type":"BreadcrumbList","@id":"https:\/\/www.ishir.com\/es\/soluciones-de-desarrollo-dot-net.htm#breadcrumb","itemListElement":[{"@type":"ListItem","position":1,"name":"Home","item":"https:\/\/www.ishir.com\/es\/"},{"@type":"ListItem","position":2,"name":".NET"}]},{"@type":"WebSite","@id":"https:\/\/www.ishir.com\/es\/#website","url":"https:\/\/www.ishir.com\/es\/","name":"Offshore Custom Software Product Development Outsourcing Company India Mobile Application Development Services Dallas Texas Alexa AI IoT Developers - ISHIR","description":"Just another WordPress site","potentialAction":[{"@type":"SearchAction","target":{"@type":"EntryPoint","urlTemplate":"https:\/\/www.ishir.com\/es\/?s={search_term_string}"},"query-input":{"@type":"PropertyValueSpecification","valueRequired":true,"valueName":"search_term_string"}}],"inLanguage":"en-US"}]}},"_links":{"self":[{"href":"https:\/\/www.ishir.com\/es\/wp-json\/wp\/v2\/pages\/5613","targetHints":{"allow":["GET"]}}],"collection":[{"href":"https:\/\/www.ishir.com\/es\/wp-json\/wp\/v2\/pages"}],"about":[{"href":"https:\/\/www.ishir.com\/es\/wp-json\/wp\/v2\/types\/page"}],"author":[{"embeddable":true,"href":"https:\/\/www.ishir.com\/es\/wp-json\/wp\/v2\/users\/1"}],"replies":[{"embeddable":true,"href":"https:\/\/www.ishir.com\/es\/wp-json\/wp\/v2\/comments?post=5613"}],"version-history":[{"count":7,"href":"https:\/\/www.ishir.com\/es\/wp-json\/wp\/v2\/pages\/5613\/revisions"}],"predecessor-version":[{"id":6205,"href":"https:\/\/www.ishir.com\/es\/wp-json\/wp\/v2\/pages\/5613\/revisions\/6205"}],"wp:attachment":[{"href":"https:\/\/www.ishir.com\/es\/wp-json\/wp\/v2\/media?parent=5613"}],"curies":[{"name":"wp","href":"https:\/\/api.w.org\/{rel}","templated":true}]}}