{"id":5615,"date":"2018-08-06T10:50:02","date_gmt":"2018-08-06T10:50:02","guid":{"rendered":"https:\/\/www.ishir.com\/es\/?page_id=5615"},"modified":"2018-11-16T06:16:13","modified_gmt":"2018-11-16T06:16:13","slug":"servicios-de-gestion-de-bases-de-datos","status":"publish","type":"page","link":"https:\/\/www.ishir.com\/es\/servicios-de-gestion-de-bases-de-datos.htm","title":{"rendered":"BASE DE DATOS"},"content":{"rendered":"<section id=\"softwareDevelopmentContent\" style=\"padding-bottom: 0px;\">\n<div class=\"container\">\n<div class=\"row\">\n<div class=\"col-lg-12 col-sm-12 col-xs-12\">\n<h3>Servicios de Gesti\u00f3n de Bases de Datos<\/h3>\n<div class=\"row\">\n<div class=\"col-lg-12 col-sm-12 col-xs-12 contentListing\">\n<p>Si encuentras el socio correcto para gestionar, monitorear proactivamente, administrar, optimizar y proveer seguridad a tu base de datos, puedes obtener lo mejor de tu informaci\u00f3n. La gesti\u00f3n de bases de datos es una tarea compleja que requiere pericia y monitoreo constante. <\/p>\n<p>ISHIR puede ayudarte a reducir la complejidad de manejar informaci\u00f3n cr\u00edtica de misiones con nuestros servicios de gesti\u00f3n de bases de datos. ISHIR puede asegurar flexibilidad y rendimiento con una gesti\u00f3n simplificada de nuestros servicios de base de datos. Tenemos un gran pool de profesionales de bases de datos habilidosos y certificados que pueden proveer soporte de bases de datos funcional, ayudarte con la infraestructura del host de tu base de datos y proveerte servicios de consulta todo el d\u00eda sin la preocupaci\u00f3n de costos escondidos. <\/p>\n<p><strong>Proveemos los siguientes servicios de bases de datos a nuestros clientes: <\/strong><\/p>\n<div class=\"col-lg-4 col-sm-4 col-xs-12\">\n<ul>\n<li style=\"width: 100%;\">Dise\u00f1o y arquitectura de la base de datos<\/li>\n<li style=\"width: 100%;\">Definici\u00f3n de los requisitos<\/li>\n<li style=\"width: 100%;\">Planificaci\u00f3n e Implementaci\u00f3n<\/li>\n<li style=\"width: 100%;\">Migraci\u00f3n de plataforma<\/li>\n<\/ul>\n<\/div>\n<div class=\"col-lg-4 col-sm-4 col-xs-12\">\n<ul>\n<li style=\"width: 100%;\">Recuperaci\u00f3n de base de datos<\/li>\n<li style=\"width: 100%;\">Optimizaci\u00f3n de rendimiento<\/li>\n<li style=\"width: 100%;\">Respaldo y recuperaci\u00f3n<\/li>\n<li style=\"width: 100%;\">Consolidaci\u00f3n de base de datos y de servidor<\/li>\n<\/ul>\n<\/div>\n<\/div>\n<\/div>\n<\/div>\n<\/div>\n<\/div>\n<\/section>\n","protected":false},"excerpt":{"rendered":"<p>Servicios de Gesti\u00f3n de Bases de Datos Si encuentras el socio correcto para gestionar, monitorear proactivamente, administrar, optimizar y proveer seguridad a tu base de datos, puedes obtener lo mejor de tu informaci\u00f3n. La gesti\u00f3n de bases de datos es una tarea compleja que requiere pericia y monitoreo constante. ISHIR puede ayudarte a reducir la &hellip; <a href=\"https:\/\/www.ishir.com\/es\/servicios-de-gestion-de-bases-de-datos.htm\" class=\"more-link\">Continue reading<span class=\"screen-reader-text\"> &#8220;BASE DE DATOS&#8221;<\/span><\/a><\/p>\n","protected":false},"author":1,"featured_media":0,"parent":0,"menu_order":0,"comment_status":"closed","ping_status":"closed","template":"layouts\/databases.php","meta":{"_acf_changed":false,"footnotes":""},"class_list":["post-5615","page","type-page","status-publish","hentry"],"acf":[],"yoast_head":"<!-- This site is optimized with the Yoast SEO plugin v26.2 - https:\/\/yoast.com\/wordpress\/plugins\/seo\/ -->\n<title>Servicios de gesti\u00f3n de bases de datos | Recuperaci\u00f3n de Base de Datos, Dise\u00f1o, Migraci\u00f3n -ISHIR<\/title>\n<meta name=\"description\" content=\"Si encuentra el socio adecuado para todas sus soluciones de administraci\u00f3n de bases de datos que administrar\u00e1, monitorear\u00e1, optimizar\u00e1 y brindar\u00e1 seguridad para su base de datos, puede aprovechar al m\u00e1ximo sus datos. Ll\u00e1menos hoy para servicios de gesti\u00f3n de bases de datos offshore.\" \/>\n<meta name=\"robots\" content=\"index, follow, max-snippet:-1, max-image-preview:large, max-video-preview:-1\" \/>\n<link rel=\"canonical\" href=\"https:\/\/www.ishir.com\/es\/servicios-de-gestion-de-bases-de-datos.htm\" \/>\n<meta property=\"og:locale\" content=\"en_US\" \/>\n<meta property=\"og:type\" content=\"article\" \/>\n<meta property=\"og:title\" content=\"Servicios de gesti\u00f3n de bases de datos | Recuperaci\u00f3n de Base de Datos, Dise\u00f1o, Migraci\u00f3n -ISHIR\" \/>\n<meta property=\"og:description\" content=\"Si encuentra el socio adecuado para todas sus soluciones de administraci\u00f3n de bases de datos que administrar\u00e1, monitorear\u00e1, optimizar\u00e1 y brindar\u00e1 seguridad para su base de datos, puede aprovechar al m\u00e1ximo sus datos. Ll\u00e1menos hoy para servicios de gesti\u00f3n de bases de datos offshore.\" \/>\n<meta property=\"og:url\" content=\"https:\/\/www.ishir.com\/es\/servicios-de-gestion-de-bases-de-datos.htm\" \/>\n<meta property=\"og:site_name\" content=\"Offshore Custom Software Product Development Outsourcing Company India Mobile Application Development Services Dallas Texas Alexa AI IoT Developers - ISHIR\" \/>\n<meta property=\"article:modified_time\" content=\"2018-11-16T06:16:13+00:00\" \/>\n<meta name=\"twitter:card\" content=\"summary_large_image\" \/>\n<meta name=\"twitter:label1\" content=\"Est. reading time\" \/>\n\t<meta name=\"twitter:data1\" content=\"1 minute\" \/>\n<script type=\"application\/ld+json\" class=\"yoast-schema-graph\">{\"@context\":\"https:\/\/schema.org\",\"@graph\":[{\"@type\":\"WebPage\",\"@id\":\"https:\/\/www.ishir.com\/es\/servicios-de-gestion-de-bases-de-datos.htm\",\"url\":\"https:\/\/www.ishir.com\/es\/servicios-de-gestion-de-bases-de-datos.htm\",\"name\":\"Servicios de gesti\u00f3n de bases de datos | Recuperaci\u00f3n de Base de Datos, Dise\u00f1o, Migraci\u00f3n -ISHIR\",\"isPartOf\":{\"@id\":\"https:\/\/www.ishir.com\/es\/#website\"},\"datePublished\":\"2018-08-06T10:50:02+00:00\",\"dateModified\":\"2018-11-16T06:16:13+00:00\",\"description\":\"Si encuentra el socio adecuado para todas sus soluciones de administraci\u00f3n de bases de datos que administrar\u00e1, monitorear\u00e1, optimizar\u00e1 y brindar\u00e1 seguridad para su base de datos, puede aprovechar al m\u00e1ximo sus datos. Ll\u00e1menos hoy para servicios de gesti\u00f3n de bases de datos offshore.\",\"breadcrumb\":{\"@id\":\"https:\/\/www.ishir.com\/es\/servicios-de-gestion-de-bases-de-datos.htm#breadcrumb\"},\"inLanguage\":\"en-US\",\"potentialAction\":[{\"@type\":\"ReadAction\",\"target\":[\"https:\/\/www.ishir.com\/es\/servicios-de-gestion-de-bases-de-datos.htm\"]}]},{\"@type\":\"BreadcrumbList\",\"@id\":\"https:\/\/www.ishir.com\/es\/servicios-de-gestion-de-bases-de-datos.htm#breadcrumb\",\"itemListElement\":[{\"@type\":\"ListItem\",\"position\":1,\"name\":\"Home\",\"item\":\"https:\/\/www.ishir.com\/es\/\"},{\"@type\":\"ListItem\",\"position\":2,\"name\":\"BASE DE DATOS\"}]},{\"@type\":\"WebSite\",\"@id\":\"https:\/\/www.ishir.com\/es\/#website\",\"url\":\"https:\/\/www.ishir.com\/es\/\",\"name\":\"Offshore Custom Software Product Development Outsourcing Company India Mobile Application Development Services Dallas Texas Alexa AI IoT Developers - ISHIR\",\"description\":\"Just another WordPress site\",\"potentialAction\":[{\"@type\":\"SearchAction\",\"target\":{\"@type\":\"EntryPoint\",\"urlTemplate\":\"https:\/\/www.ishir.com\/es\/?s={search_term_string}\"},\"query-input\":{\"@type\":\"PropertyValueSpecification\",\"valueRequired\":true,\"valueName\":\"search_term_string\"}}],\"inLanguage\":\"en-US\"}]}<\/script>\n<!-- \/ Yoast SEO plugin. -->","yoast_head_json":{"title":"Servicios de gesti\u00f3n de bases de datos | Recuperaci\u00f3n de Base de Datos, Dise\u00f1o, Migraci\u00f3n -ISHIR","description":"Si encuentra el socio adecuado para todas sus soluciones de administraci\u00f3n de bases de datos que administrar\u00e1, monitorear\u00e1, optimizar\u00e1 y brindar\u00e1 seguridad para su base de datos, puede aprovechar al m\u00e1ximo sus datos. Ll\u00e1menos hoy para servicios de gesti\u00f3n de bases de datos offshore.","robots":{"index":"index","follow":"follow","max-snippet":"max-snippet:-1","max-image-preview":"max-image-preview:large","max-video-preview":"max-video-preview:-1"},"canonical":"https:\/\/www.ishir.com\/es\/servicios-de-gestion-de-bases-de-datos.htm","og_locale":"en_US","og_type":"article","og_title":"Servicios de gesti\u00f3n de bases de datos | Recuperaci\u00f3n de Base de Datos, Dise\u00f1o, Migraci\u00f3n -ISHIR","og_description":"Si encuentra el socio adecuado para todas sus soluciones de administraci\u00f3n de bases de datos que administrar\u00e1, monitorear\u00e1, optimizar\u00e1 y brindar\u00e1 seguridad para su base de datos, puede aprovechar al m\u00e1ximo sus datos. Ll\u00e1menos hoy para servicios de gesti\u00f3n de bases de datos offshore.","og_url":"https:\/\/www.ishir.com\/es\/servicios-de-gestion-de-bases-de-datos.htm","og_site_name":"Offshore Custom Software Product Development Outsourcing Company India Mobile Application Development Services Dallas Texas Alexa AI IoT Developers - ISHIR","article_modified_time":"2018-11-16T06:16:13+00:00","twitter_card":"summary_large_image","twitter_misc":{"Est. reading time":"1 minute"},"schema":{"@context":"https:\/\/schema.org","@graph":[{"@type":"WebPage","@id":"https:\/\/www.ishir.com\/es\/servicios-de-gestion-de-bases-de-datos.htm","url":"https:\/\/www.ishir.com\/es\/servicios-de-gestion-de-bases-de-datos.htm","name":"Servicios de gesti\u00f3n de bases de datos | Recuperaci\u00f3n de Base de Datos, Dise\u00f1o, Migraci\u00f3n -ISHIR","isPartOf":{"@id":"https:\/\/www.ishir.com\/es\/#website"},"datePublished":"2018-08-06T10:50:02+00:00","dateModified":"2018-11-16T06:16:13+00:00","description":"Si encuentra el socio adecuado para todas sus soluciones de administraci\u00f3n de bases de datos que administrar\u00e1, monitorear\u00e1, optimizar\u00e1 y brindar\u00e1 seguridad para su base de datos, puede aprovechar al m\u00e1ximo sus datos. Ll\u00e1menos hoy para servicios de gesti\u00f3n de bases de datos offshore.","breadcrumb":{"@id":"https:\/\/www.ishir.com\/es\/servicios-de-gestion-de-bases-de-datos.htm#breadcrumb"},"inLanguage":"en-US","potentialAction":[{"@type":"ReadAction","target":["https:\/\/www.ishir.com\/es\/servicios-de-gestion-de-bases-de-datos.htm"]}]},{"@type":"BreadcrumbList","@id":"https:\/\/www.ishir.com\/es\/servicios-de-gestion-de-bases-de-datos.htm#breadcrumb","itemListElement":[{"@type":"ListItem","position":1,"name":"Home","item":"https:\/\/www.ishir.com\/es\/"},{"@type":"ListItem","position":2,"name":"BASE DE DATOS"}]},{"@type":"WebSite","@id":"https:\/\/www.ishir.com\/es\/#website","url":"https:\/\/www.ishir.com\/es\/","name":"Offshore Custom Software Product Development Outsourcing Company India Mobile Application Development Services Dallas Texas Alexa AI IoT Developers - ISHIR","description":"Just another WordPress site","potentialAction":[{"@type":"SearchAction","target":{"@type":"EntryPoint","urlTemplate":"https:\/\/www.ishir.com\/es\/?s={search_term_string}"},"query-input":{"@type":"PropertyValueSpecification","valueRequired":true,"valueName":"search_term_string"}}],"inLanguage":"en-US"}]}},"_links":{"self":[{"href":"https:\/\/www.ishir.com\/es\/wp-json\/wp\/v2\/pages\/5615","targetHints":{"allow":["GET"]}}],"collection":[{"href":"https:\/\/www.ishir.com\/es\/wp-json\/wp\/v2\/pages"}],"about":[{"href":"https:\/\/www.ishir.com\/es\/wp-json\/wp\/v2\/types\/page"}],"author":[{"embeddable":true,"href":"https:\/\/www.ishir.com\/es\/wp-json\/wp\/v2\/users\/1"}],"replies":[{"embeddable":true,"href":"https:\/\/www.ishir.com\/es\/wp-json\/wp\/v2\/comments?post=5615"}],"version-history":[{"count":5,"href":"https:\/\/www.ishir.com\/es\/wp-json\/wp\/v2\/pages\/5615\/revisions"}],"predecessor-version":[{"id":6147,"href":"https:\/\/www.ishir.com\/es\/wp-json\/wp\/v2\/pages\/5615\/revisions\/6147"}],"wp:attachment":[{"href":"https:\/\/www.ishir.com\/es\/wp-json\/wp\/v2\/media?parent=5615"}],"curies":[{"name":"wp","href":"https:\/\/api.w.org\/{rel}","templated":true}]}}