{"id":5815,"date":"2018-08-07T10:05:43","date_gmt":"2018-08-07T10:05:43","guid":{"rendered":"https:\/\/www.ishir.com\/es\/?page_id=5815"},"modified":"2018-11-16T06:16:45","modified_gmt":"2018-11-16T06:16:45","slug":"desarrollo-de-aplicaciones-moviles-dallas","status":"publish","type":"page","link":"https:\/\/www.ishir.com\/es\/desarrollo-de-aplicaciones-moviles-dallas.htm","title":{"rendered":"MOVIL"},"content":{"rendered":"<div class=\"row\">\n<div class=\"col-lg-12 col-sm-12 col-xs-12\">\n<h3>Desarrollo de aplicaciones m\u00f3viles<\/h3>\n<p>ISHIR es una compa\u00f1\u00eda especializada en el desarrollo de aplicaciones m\u00f3viles donde creamos aplicaciones que tienen un alcance de millones de personas. Construimos aplicaciones m\u00f3viles que tienen usuarios de todas partes del mundo con nuestra interfaz de usuario interactiva, sostenible y con muchas caracter\u00edsticas y funciones atractivas. Nos hemos asociado con muchas nuevas empresas, agencias digitales\/TI y muchas empresas. En ISHIR, nuestra tarea no solo es desarrollar y dise\u00f1ar aplicaciones m\u00f3viles, sino tambi\u00e9n asegurar un lanzamiento adecuado, mantenimiento y soporte de nuestra parte.<\/p>\n<p>Puedes asociarte con nosotros para desbloquear un nuevo horizonte de oportunidades lleno con ricas caracter\u00edsticas creativas, aplicaciones m\u00f3viles a pedido a precios econ\u00f3micos, dependiendo de tus requisitos.<\/p>\n<\/div>\n<\/div>\n","protected":false},"excerpt":{"rendered":"<p>Desarrollo de aplicaciones m\u00f3viles ISHIR es una compa\u00f1\u00eda especializada en el desarrollo de aplicaciones m\u00f3viles donde creamos aplicaciones que tienen un alcance de millones de personas. Construimos aplicaciones m\u00f3viles que tienen usuarios de todas partes del mundo con nuestra interfaz de usuario interactiva, sostenible y con muchas caracter\u00edsticas y funciones atractivas. Nos hemos asociado con &hellip; <a href=\"https:\/\/www.ishir.com\/es\/desarrollo-de-aplicaciones-moviles-dallas.htm\" class=\"more-link\">Continue reading<span class=\"screen-reader-text\"> &#8220;MOVIL&#8221;<\/span><\/a><\/p>\n","protected":false},"author":1,"featured_media":0,"parent":0,"menu_order":0,"comment_status":"closed","ping_status":"closed","template":"layouts\/mobile-development.php","meta":{"_acf_changed":false,"footnotes":""},"class_list":["post-5815","page","type-page","status-publish","hentry"],"acf":[],"yoast_head":"<!-- This site is optimized with the Yoast SEO plugin v26.2 - https:\/\/yoast.com\/wordpress\/plugins\/seo\/ -->\n<title>Empresa de desarrollo de aplicaciones m\u00f3viles Dallas Texas | Desarrollo de aplicaciones m\u00f3viles offshore India<\/title>\n<meta name=\"description\" content=\"ISHIR es una empresa l\u00edder en el desarrollo de aplicaciones m\u00f3viles y web en alta mar que ofrece una soluci\u00f3n de TI completa para clientes de todo el mundo. Puede asociarse con nosotros y obtener aplicaciones m\u00f3viles a demanda a precios econ\u00f3micos, seg\u00fan sus necesidades.\" \/>\n<meta name=\"robots\" content=\"index, follow, max-snippet:-1, max-image-preview:large, max-video-preview:-1\" \/>\n<link rel=\"canonical\" href=\"https:\/\/www.ishir.com\/es\/desarrollo-de-aplicaciones-moviles-dallas.htm\" \/>\n<meta property=\"og:locale\" content=\"en_US\" \/>\n<meta property=\"og:type\" content=\"article\" \/>\n<meta property=\"og:title\" content=\"Empresa de desarrollo de aplicaciones m\u00f3viles Dallas Texas | Desarrollo de aplicaciones m\u00f3viles offshore India\" \/>\n<meta property=\"og:description\" content=\"ISHIR es una empresa l\u00edder en el desarrollo de aplicaciones m\u00f3viles y web en alta mar que ofrece una soluci\u00f3n de TI completa para clientes de todo el mundo. Puede asociarse con nosotros y obtener aplicaciones m\u00f3viles a demanda a precios econ\u00f3micos, seg\u00fan sus necesidades.\" \/>\n<meta property=\"og:url\" content=\"https:\/\/www.ishir.com\/es\/desarrollo-de-aplicaciones-moviles-dallas.htm\" \/>\n<meta property=\"og:site_name\" content=\"Offshore Custom Software Product Development Outsourcing Company India Mobile Application Development Services Dallas Texas Alexa AI IoT Developers - ISHIR\" \/>\n<meta property=\"article:modified_time\" content=\"2018-11-16T06:16:45+00:00\" \/>\n<meta name=\"twitter:card\" content=\"summary_large_image\" \/>\n<meta name=\"twitter:label1\" content=\"Est. reading time\" \/>\n\t<meta name=\"twitter:data1\" content=\"1 minute\" \/>\n<script type=\"application\/ld+json\" class=\"yoast-schema-graph\">{\"@context\":\"https:\/\/schema.org\",\"@graph\":[{\"@type\":\"WebPage\",\"@id\":\"https:\/\/www.ishir.com\/es\/desarrollo-de-aplicaciones-moviles-dallas.htm\",\"url\":\"https:\/\/www.ishir.com\/es\/desarrollo-de-aplicaciones-moviles-dallas.htm\",\"name\":\"Empresa de desarrollo de aplicaciones m\u00f3viles Dallas Texas | Desarrollo de aplicaciones m\u00f3viles offshore India\",\"isPartOf\":{\"@id\":\"https:\/\/www.ishir.com\/es\/#website\"},\"datePublished\":\"2018-08-07T10:05:43+00:00\",\"dateModified\":\"2018-11-16T06:16:45+00:00\",\"description\":\"ISHIR es una empresa l\u00edder en el desarrollo de aplicaciones m\u00f3viles y web en alta mar que ofrece una soluci\u00f3n de TI completa para clientes de todo el mundo. Puede asociarse con nosotros y obtener aplicaciones m\u00f3viles a demanda a precios econ\u00f3micos, seg\u00fan sus necesidades.\",\"breadcrumb\":{\"@id\":\"https:\/\/www.ishir.com\/es\/desarrollo-de-aplicaciones-moviles-dallas.htm#breadcrumb\"},\"inLanguage\":\"en-US\",\"potentialAction\":[{\"@type\":\"ReadAction\",\"target\":[\"https:\/\/www.ishir.com\/es\/desarrollo-de-aplicaciones-moviles-dallas.htm\"]}]},{\"@type\":\"BreadcrumbList\",\"@id\":\"https:\/\/www.ishir.com\/es\/desarrollo-de-aplicaciones-moviles-dallas.htm#breadcrumb\",\"itemListElement\":[{\"@type\":\"ListItem\",\"position\":1,\"name\":\"Home\",\"item\":\"https:\/\/www.ishir.com\/es\/\"},{\"@type\":\"ListItem\",\"position\":2,\"name\":\"MOVIL\"}]},{\"@type\":\"WebSite\",\"@id\":\"https:\/\/www.ishir.com\/es\/#website\",\"url\":\"https:\/\/www.ishir.com\/es\/\",\"name\":\"Offshore Custom Software Product Development Outsourcing Company India Mobile Application Development Services Dallas Texas Alexa AI IoT Developers - ISHIR\",\"description\":\"Just another WordPress site\",\"potentialAction\":[{\"@type\":\"SearchAction\",\"target\":{\"@type\":\"EntryPoint\",\"urlTemplate\":\"https:\/\/www.ishir.com\/es\/?s={search_term_string}\"},\"query-input\":{\"@type\":\"PropertyValueSpecification\",\"valueRequired\":true,\"valueName\":\"search_term_string\"}}],\"inLanguage\":\"en-US\"}]}<\/script>\n<!-- \/ Yoast SEO plugin. -->","yoast_head_json":{"title":"Empresa de desarrollo de aplicaciones m\u00f3viles Dallas Texas | Desarrollo de aplicaciones m\u00f3viles offshore India","description":"ISHIR es una empresa l\u00edder en el desarrollo de aplicaciones m\u00f3viles y web en alta mar que ofrece una soluci\u00f3n de TI completa para clientes de todo el mundo. Puede asociarse con nosotros y obtener aplicaciones m\u00f3viles a demanda a precios econ\u00f3micos, seg\u00fan sus necesidades.","robots":{"index":"index","follow":"follow","max-snippet":"max-snippet:-1","max-image-preview":"max-image-preview:large","max-video-preview":"max-video-preview:-1"},"canonical":"https:\/\/www.ishir.com\/es\/desarrollo-de-aplicaciones-moviles-dallas.htm","og_locale":"en_US","og_type":"article","og_title":"Empresa de desarrollo de aplicaciones m\u00f3viles Dallas Texas | Desarrollo de aplicaciones m\u00f3viles offshore India","og_description":"ISHIR es una empresa l\u00edder en el desarrollo de aplicaciones m\u00f3viles y web en alta mar que ofrece una soluci\u00f3n de TI completa para clientes de todo el mundo. Puede asociarse con nosotros y obtener aplicaciones m\u00f3viles a demanda a precios econ\u00f3micos, seg\u00fan sus necesidades.","og_url":"https:\/\/www.ishir.com\/es\/desarrollo-de-aplicaciones-moviles-dallas.htm","og_site_name":"Offshore Custom Software Product Development Outsourcing Company India Mobile Application Development Services Dallas Texas Alexa AI IoT Developers - ISHIR","article_modified_time":"2018-11-16T06:16:45+00:00","twitter_card":"summary_large_image","twitter_misc":{"Est. reading time":"1 minute"},"schema":{"@context":"https:\/\/schema.org","@graph":[{"@type":"WebPage","@id":"https:\/\/www.ishir.com\/es\/desarrollo-de-aplicaciones-moviles-dallas.htm","url":"https:\/\/www.ishir.com\/es\/desarrollo-de-aplicaciones-moviles-dallas.htm","name":"Empresa de desarrollo de aplicaciones m\u00f3viles Dallas Texas | Desarrollo de aplicaciones m\u00f3viles offshore India","isPartOf":{"@id":"https:\/\/www.ishir.com\/es\/#website"},"datePublished":"2018-08-07T10:05:43+00:00","dateModified":"2018-11-16T06:16:45+00:00","description":"ISHIR es una empresa l\u00edder en el desarrollo de aplicaciones m\u00f3viles y web en alta mar que ofrece una soluci\u00f3n de TI completa para clientes de todo el mundo. Puede asociarse con nosotros y obtener aplicaciones m\u00f3viles a demanda a precios econ\u00f3micos, seg\u00fan sus necesidades.","breadcrumb":{"@id":"https:\/\/www.ishir.com\/es\/desarrollo-de-aplicaciones-moviles-dallas.htm#breadcrumb"},"inLanguage":"en-US","potentialAction":[{"@type":"ReadAction","target":["https:\/\/www.ishir.com\/es\/desarrollo-de-aplicaciones-moviles-dallas.htm"]}]},{"@type":"BreadcrumbList","@id":"https:\/\/www.ishir.com\/es\/desarrollo-de-aplicaciones-moviles-dallas.htm#breadcrumb","itemListElement":[{"@type":"ListItem","position":1,"name":"Home","item":"https:\/\/www.ishir.com\/es\/"},{"@type":"ListItem","position":2,"name":"MOVIL"}]},{"@type":"WebSite","@id":"https:\/\/www.ishir.com\/es\/#website","url":"https:\/\/www.ishir.com\/es\/","name":"Offshore Custom Software Product Development Outsourcing Company India Mobile Application Development Services Dallas Texas Alexa AI IoT Developers - ISHIR","description":"Just another WordPress site","potentialAction":[{"@type":"SearchAction","target":{"@type":"EntryPoint","urlTemplate":"https:\/\/www.ishir.com\/es\/?s={search_term_string}"},"query-input":{"@type":"PropertyValueSpecification","valueRequired":true,"valueName":"search_term_string"}}],"inLanguage":"en-US"}]}},"_links":{"self":[{"href":"https:\/\/www.ishir.com\/es\/wp-json\/wp\/v2\/pages\/5815","targetHints":{"allow":["GET"]}}],"collection":[{"href":"https:\/\/www.ishir.com\/es\/wp-json\/wp\/v2\/pages"}],"about":[{"href":"https:\/\/www.ishir.com\/es\/wp-json\/wp\/v2\/types\/page"}],"author":[{"embeddable":true,"href":"https:\/\/www.ishir.com\/es\/wp-json\/wp\/v2\/users\/1"}],"replies":[{"embeddable":true,"href":"https:\/\/www.ishir.com\/es\/wp-json\/wp\/v2\/comments?post=5815"}],"version-history":[{"count":6,"href":"https:\/\/www.ishir.com\/es\/wp-json\/wp\/v2\/pages\/5815\/revisions"}],"predecessor-version":[{"id":6173,"href":"https:\/\/www.ishir.com\/es\/wp-json\/wp\/v2\/pages\/5815\/revisions\/6173"}],"wp:attachment":[{"href":"https:\/\/www.ishir.com\/es\/wp-json\/wp\/v2\/media?parent=5815"}],"curies":[{"name":"wp","href":"https:\/\/api.w.org\/{rel}","templated":true}]}}