{"id":6102,"date":"2018-08-20T11:13:43","date_gmt":"2018-08-20T11:13:43","guid":{"rendered":"https:\/\/www.ishir.com\/es\/?page_id=6102"},"modified":"2025-08-26T14:53:52","modified_gmt":"2025-08-26T14:53:52","slug":"privacy-policy","status":"publish","type":"page","link":"https:\/\/www.ishir.com\/es\/privacy-policy.htm","title":{"rendered":"pol\u00edtica de privacidad"},"content":{"rendered":"<h1>Privacy Policy<\/h1>\n<p>The website stores cookies on your device. The purpose of these cookies is to collect information related to the way you interact on the website and allow us to remember you. The input is critical for us to improve the browsing experience on the website. We have covered the details on cookie usage in our Privacy Policy.<\/p>\n<p>&nbsp;<\/p>\n<p><strong>Privacy Policy \u00a0 <\/strong><\/p>\n<p>This Privacy Policy governs the way in which ISHIR uses and divulges information related to their users. This information is collected on <a href=\"http:\/\/www.ishir.com\">www.ishir.com<\/a> (website). The Privacy Policy is applicable to the website and all its products and services.<\/p>\n<p>&nbsp;<\/p>\n<p><strong>Personal and non-personal identification information <\/strong><\/p>\n<p>There are different ways that we may employ to collect users\u2019 information. Some of the ways include a visit to our website, subscribing to our blogs and filling out the contact information. Users are usually asked to provide their name, email address, physical address and contact details. There is also an option for users to visit us anonymously and not submit their personal information. We only collect and retain their personal identification information if they voluntarily submit this information and\/or engage in some activities on the website.<\/p>\n<p>We may collect non-personal identification information related to users whenever they either visit or interact on our website. Non-personal information includes the IP, browser used, Operating System, device used and other such information.<\/p>\n<p><strong>How we use the collected information?<\/strong><\/p>\n<p>The sole purpose of collecting information is to establish communication with our users. The communication can be in the form of emails, newsletters, surveys, updates or to share some collateral.\u00a0 There is a possibility that we may contact you for our promotional offers but we always give you the option of opting out. You can send us a mail at <a href=\"mailto:marketing@ishir.com\">marketing@ishir.com<\/a> if you wish us to delete or change your personal identification information.<\/p>\n<p><strong>Web Cookies <\/strong><\/p>\n<p>The web browser stores the cookies on the users\u2019 hard drive to track information about them. The purpose of using cookies is to improve user experience. \u00a0In case the users do not want their activity to be tracked via cookies, they can refuse cookies (in which case some features of the website may not function properly).<\/p>\n<p><strong>We protect your information <\/strong><\/p>\n<p>We confirm that we employ appropriate ways to collect, store and process your information. There are security measures that we use to protect your information to ensure that there is no unauthorized access. We assure you that we do not access or store information related to any transactions, passwords or encrypted information on the website.<\/p>\n<p>We assure that you that we do not trade or sell the personal identification of our users. The only information that we may share is related to generic aggregated demographic related information with third party service providers given that we have your permission.<\/p>\n<p><strong>Third Party Websites <\/strong><\/p>\n<p>If there are websites that advertise our services or have a link to our website, browsing and interaction with any such website will depend on their terms and policies and completely beyond our control.<\/p>\n<p><strong>Privacy Policy Update<\/strong><\/p>\n<p>ISHIR has the right to update the privacy policy at any time. We encourage our users to check this privacy policy often to check for updates and be assured that we take every possible measure to protect our users.<\/p>\n<p><strong>Acceptance of this Privacy Policy<\/strong><\/p>\n<p>By using this website, you agree to this privacy policy. In case you do not agree with this privacy policy, you are suggested to refrain from the use of our website.<\/p>\n<p style=\"margin-bottom:50px;\">If you wish to suggest any changes or have any questions related to our Privacy Policy, you can drop us an email at <a href=\"mailto:marketing@ishir.com\">marketing@ishir.com<\/a>.<\/p>\n","protected":false},"excerpt":{"rendered":"<p>Privacy Policy The website stores cookies on your device. The purpose of these cookies is to collect information related to the way you interact on the website and allow us to remember you. The input is critical for us to improve the browsing experience on the website. We have covered the details on cookie usage &hellip; <a href=\"https:\/\/www.ishir.com\/es\/privacy-policy.htm\" class=\"more-link\">Continue reading<span class=\"screen-reader-text\"> &#8220;pol\u00edtica de privacidad&#8221;<\/span><\/a><\/p>\n","protected":false},"author":1,"featured_media":0,"parent":0,"menu_order":0,"comment_status":"closed","ping_status":"closed","template":"privacy-policy.php","meta":{"_acf_changed":false,"footnotes":""},"class_list":["post-6102","page","type-page","status-publish","hentry"],"acf":[],"yoast_head":"<!-- This site is optimized with the Yoast SEO plugin v26.2 - https:\/\/yoast.com\/wordpress\/plugins\/seo\/ -->\n<title>Pol\u00edtica de privacidad | T\u00e9rminos y condiciones Dallas Texas, Nueva Delhi India | ISHIR<\/title>\n<meta name=\"description\" content=\"Esta Pol\u00edtica de Privacidad rige la forma en que ISHIR utiliza y divulga la informaci\u00f3n relacionada con sus usuarios. No somos responsables de la seguridad o privacidad de cualquier informaci\u00f3n recopilada por terceros. Debe revisar las declaraciones de privacidad o las pol\u00edticas aplicables a los servicios de terceros a los que se conecta, utiliza o accede.\" \/>\n<meta name=\"robots\" content=\"index, follow, max-snippet:-1, max-image-preview:large, max-video-preview:-1\" \/>\n<link rel=\"canonical\" href=\"https:\/\/www.ishir.com\/es\/privacy-policy.htm\" \/>\n<meta property=\"og:locale\" content=\"en_US\" \/>\n<meta property=\"og:type\" content=\"article\" \/>\n<meta property=\"og:title\" content=\"Pol\u00edtica de privacidad | T\u00e9rminos y condiciones Dallas Texas, Nueva Delhi India | ISHIR\" \/>\n<meta property=\"og:description\" content=\"Esta Pol\u00edtica de Privacidad rige la forma en que ISHIR utiliza y divulga la informaci\u00f3n relacionada con sus usuarios. No somos responsables de la seguridad o privacidad de cualquier informaci\u00f3n recopilada por terceros. Debe revisar las declaraciones de privacidad o las pol\u00edticas aplicables a los servicios de terceros a los que se conecta, utiliza o accede.\" \/>\n<meta property=\"og:url\" content=\"https:\/\/www.ishir.com\/es\/privacy-policy.htm\" \/>\n<meta property=\"og:site_name\" content=\"Offshore Custom Software Product Development Outsourcing Company India Mobile Application Development Services Dallas Texas Alexa AI IoT Developers - ISHIR\" \/>\n<meta property=\"article:modified_time\" content=\"2025-08-26T14:53:52+00:00\" \/>\n<meta name=\"twitter:card\" content=\"summary_large_image\" \/>\n<meta name=\"twitter:label1\" content=\"Est. reading time\" \/>\n\t<meta name=\"twitter:data1\" content=\"3 minutes\" \/>\n<script type=\"application\/ld+json\" class=\"yoast-schema-graph\">{\"@context\":\"https:\/\/schema.org\",\"@graph\":[{\"@type\":\"WebPage\",\"@id\":\"https:\/\/www.ishir.com\/es\/privacy-policy.htm\",\"url\":\"https:\/\/www.ishir.com\/es\/privacy-policy.htm\",\"name\":\"Pol\u00edtica de privacidad | T\u00e9rminos y condiciones Dallas Texas, Nueva Delhi India | ISHIR\",\"isPartOf\":{\"@id\":\"https:\/\/www.ishir.com\/es\/#website\"},\"datePublished\":\"2018-08-20T11:13:43+00:00\",\"dateModified\":\"2025-08-26T14:53:52+00:00\",\"description\":\"Esta Pol\u00edtica de Privacidad rige la forma en que ISHIR utiliza y divulga la informaci\u00f3n relacionada con sus usuarios. No somos responsables de la seguridad o privacidad de cualquier informaci\u00f3n recopilada por terceros. Debe revisar las declaraciones de privacidad o las pol\u00edticas aplicables a los servicios de terceros a los que se conecta, utiliza o accede.\",\"breadcrumb\":{\"@id\":\"https:\/\/www.ishir.com\/es\/privacy-policy.htm#breadcrumb\"},\"inLanguage\":\"en-US\",\"potentialAction\":[{\"@type\":\"ReadAction\",\"target\":[\"https:\/\/www.ishir.com\/es\/privacy-policy.htm\"]}]},{\"@type\":\"BreadcrumbList\",\"@id\":\"https:\/\/www.ishir.com\/es\/privacy-policy.htm#breadcrumb\",\"itemListElement\":[{\"@type\":\"ListItem\",\"position\":1,\"name\":\"Home\",\"item\":\"https:\/\/www.ishir.com\/es\/\"},{\"@type\":\"ListItem\",\"position\":2,\"name\":\"pol\u00edtica de privacidad\"}]},{\"@type\":\"WebSite\",\"@id\":\"https:\/\/www.ishir.com\/es\/#website\",\"url\":\"https:\/\/www.ishir.com\/es\/\",\"name\":\"Offshore Custom Software Product Development Outsourcing Company India Mobile Application Development Services Dallas Texas Alexa AI IoT Developers - ISHIR\",\"description\":\"Just another WordPress site\",\"potentialAction\":[{\"@type\":\"SearchAction\",\"target\":{\"@type\":\"EntryPoint\",\"urlTemplate\":\"https:\/\/www.ishir.com\/es\/?s={search_term_string}\"},\"query-input\":{\"@type\":\"PropertyValueSpecification\",\"valueRequired\":true,\"valueName\":\"search_term_string\"}}],\"inLanguage\":\"en-US\"}]}<\/script>\n<!-- \/ Yoast SEO plugin. -->","yoast_head_json":{"title":"Pol\u00edtica de privacidad | T\u00e9rminos y condiciones Dallas Texas, Nueva Delhi India | ISHIR","description":"Esta Pol\u00edtica de Privacidad rige la forma en que ISHIR utiliza y divulga la informaci\u00f3n relacionada con sus usuarios. No somos responsables de la seguridad o privacidad de cualquier informaci\u00f3n recopilada por terceros. Debe revisar las declaraciones de privacidad o las pol\u00edticas aplicables a los servicios de terceros a los que se conecta, utiliza o accede.","robots":{"index":"index","follow":"follow","max-snippet":"max-snippet:-1","max-image-preview":"max-image-preview:large","max-video-preview":"max-video-preview:-1"},"canonical":"https:\/\/www.ishir.com\/es\/privacy-policy.htm","og_locale":"en_US","og_type":"article","og_title":"Pol\u00edtica de privacidad | T\u00e9rminos y condiciones Dallas Texas, Nueva Delhi India | ISHIR","og_description":"Esta Pol\u00edtica de Privacidad rige la forma en que ISHIR utiliza y divulga la informaci\u00f3n relacionada con sus usuarios. No somos responsables de la seguridad o privacidad de cualquier informaci\u00f3n recopilada por terceros. Debe revisar las declaraciones de privacidad o las pol\u00edticas aplicables a los servicios de terceros a los que se conecta, utiliza o accede.","og_url":"https:\/\/www.ishir.com\/es\/privacy-policy.htm","og_site_name":"Offshore Custom Software Product Development Outsourcing Company India Mobile Application Development Services Dallas Texas Alexa AI IoT Developers - ISHIR","article_modified_time":"2025-08-26T14:53:52+00:00","twitter_card":"summary_large_image","twitter_misc":{"Est. reading time":"3 minutes"},"schema":{"@context":"https:\/\/schema.org","@graph":[{"@type":"WebPage","@id":"https:\/\/www.ishir.com\/es\/privacy-policy.htm","url":"https:\/\/www.ishir.com\/es\/privacy-policy.htm","name":"Pol\u00edtica de privacidad | T\u00e9rminos y condiciones Dallas Texas, Nueva Delhi India | ISHIR","isPartOf":{"@id":"https:\/\/www.ishir.com\/es\/#website"},"datePublished":"2018-08-20T11:13:43+00:00","dateModified":"2025-08-26T14:53:52+00:00","description":"Esta Pol\u00edtica de Privacidad rige la forma en que ISHIR utiliza y divulga la informaci\u00f3n relacionada con sus usuarios. No somos responsables de la seguridad o privacidad de cualquier informaci\u00f3n recopilada por terceros. Debe revisar las declaraciones de privacidad o las pol\u00edticas aplicables a los servicios de terceros a los que se conecta, utiliza o accede.","breadcrumb":{"@id":"https:\/\/www.ishir.com\/es\/privacy-policy.htm#breadcrumb"},"inLanguage":"en-US","potentialAction":[{"@type":"ReadAction","target":["https:\/\/www.ishir.com\/es\/privacy-policy.htm"]}]},{"@type":"BreadcrumbList","@id":"https:\/\/www.ishir.com\/es\/privacy-policy.htm#breadcrumb","itemListElement":[{"@type":"ListItem","position":1,"name":"Home","item":"https:\/\/www.ishir.com\/es\/"},{"@type":"ListItem","position":2,"name":"pol\u00edtica de privacidad"}]},{"@type":"WebSite","@id":"https:\/\/www.ishir.com\/es\/#website","url":"https:\/\/www.ishir.com\/es\/","name":"Offshore Custom Software Product Development Outsourcing Company India Mobile Application Development Services Dallas Texas Alexa AI IoT Developers - ISHIR","description":"Just another WordPress site","potentialAction":[{"@type":"SearchAction","target":{"@type":"EntryPoint","urlTemplate":"https:\/\/www.ishir.com\/es\/?s={search_term_string}"},"query-input":{"@type":"PropertyValueSpecification","valueRequired":true,"valueName":"search_term_string"}}],"inLanguage":"en-US"}]}},"_links":{"self":[{"href":"https:\/\/www.ishir.com\/es\/wp-json\/wp\/v2\/pages\/6102","targetHints":{"allow":["GET"]}}],"collection":[{"href":"https:\/\/www.ishir.com\/es\/wp-json\/wp\/v2\/pages"}],"about":[{"href":"https:\/\/www.ishir.com\/es\/wp-json\/wp\/v2\/types\/page"}],"author":[{"embeddable":true,"href":"https:\/\/www.ishir.com\/es\/wp-json\/wp\/v2\/users\/1"}],"replies":[{"embeddable":true,"href":"https:\/\/www.ishir.com\/es\/wp-json\/wp\/v2\/comments?post=6102"}],"version-history":[{"count":4,"href":"https:\/\/www.ishir.com\/es\/wp-json\/wp\/v2\/pages\/6102\/revisions"}],"predecessor-version":[{"id":6218,"href":"https:\/\/www.ishir.com\/es\/wp-json\/wp\/v2\/pages\/6102\/revisions\/6218"}],"wp:attachment":[{"href":"https:\/\/www.ishir.com\/es\/wp-json\/wp\/v2\/media?parent=6102"}],"curies":[{"name":"wp","href":"https:\/\/api.w.org\/{rel}","templated":true}]}}